{"id":50637,"date":"2023-02-22T16:19:53","date_gmt":"2023-02-22T15:20:00","guid":{"rendered":"https:\/\/www.secumar.com\/?post_type=product&#038;p=50637"},"modified":"2023-09-11T08:34:03","modified_gmt":"2023-09-11T06:34:03","slug":"alpha-275-3d-nouveau","status":"publish","type":"product","link":"https:\/\/www.secumar.com\/fr\/produit\/alpha-275-3d-nouveau\/","title":{"rendered":"Alpha 275 3D &#8211; NOUVEAU"},"content":{"rendered":"<p>En effet, les poches d&rsquo;air qui se forment dans les v\u00eatements de travail lourds ou combinaisons \u00e9tanches causent souvant des probl\u00e8mes losqu&rsquo;il s&rsquo;agit de retourner une personne dans l&rsquo;eau de la position ventrale vers une position dorsale. C&rsquo;est ainsi que les ing\u00e9nieurs de chez SECUMAR ont d\u00e9velopp\u00e9 une enveloppe gonflable avec un actucieux design et r\u00e9alis\u00e9 le gilet de sauvetage SECUMAR Alpha 275 3D. Le secret du succ\u00e8s de ce gilet de sauvetage \u00e0 usage commercial r\u00e9side dans la forme de l&rsquo;enveloppe gonflable.<\/p>\n","protected":false},"excerpt":{"rendered":"<p>Gilet de sauvetage professionnel conforme \u00e0 la norme ISO 12402-2 (marquage CE) pour une utilisation avec des v\u00eatements de travail lourds ou combinaisons \u00e9tanches. La s\u00e9curit\u00e9 est accrue gr\u00e2ce \u00e0 une nouvelle forme innovante de l&rsquo;enveloppe gonflable. Apr\u00e8s gonflage, deux coussins triangulaire suppl\u00e9mentaires se forment sur l&rsquo;enveloppe gonflable, ce qui permet un meilleur retournement de la position ventrale vers la position dorsale, t\u00eate hors de l&rsquo;eau.<\/p>\n<p>&nbsp;<\/p>\n<p>&nbsp;<\/p>\n","protected":false},"featured_media":51622,"comment_status":"closed","ping_status":"closed","template":"","meta":{"_acf_changed":false,"_searchwp_excluded":"","editor_plus_copied_stylings":"{}","footnotes":"","_links_to":"","_links_to_target":""},"product_brand":[],"product_cat":[735,739,740,744,2362],"product_tag":[],"class_list":{"0":"post-50637","1":"product","2":"type-product","3":"status-publish","4":"has-post-thumbnail","6":"product_cat-police-fr","7":"product_cat-epi-usage-professionnel","8":"product_cat-autorites-maritimes-portuaires","9":"product_cat-gilets-de-sauvetage-gonflables-industrie-fr","10":"product_cat-catalogue","11":"pa_auftrieb-290-n-fr","12":"pa_auftriebsklasse-ce-275-n-fr","13":"pa_bergegurt-oui","14":"pa_ce-ce-fr-2","15":"pa_co2-patrone-60-g-co2-dock-fr","16":"pa_fenster-oui","17":"pa_harness-non","18":"pa_notlicht-optional-fr","19":"pa_schrittgurt-en-option","20":"pa_sk-form-3d-fr-2","21":"pa_spraycap-optionnel","22":"pa_verschluss-boucle-de-fermeture-frontale-click","24":"first","25":"outofstock","26":"featured","27":"product-type-variable"},"acf":[],"yoast_head":"<!-- This site is optimized with the Yoast SEO plugin v24.6 - https:\/\/yoast.com\/wordpress\/plugins\/seo\/ -->\n<title>Alpha 275 3D - NOUVEAU - SECUMAR<\/title>\n<meta name=\"description\" content=\"Gilet de sauvetage professionnel pour une utilisation avec des v\u00eatements de travail lourds ou combinaisons \u00e9tanches. La s\u00e9curit\u00e9 est accrue gr\u00e2ce \u00e0 une nouvelle forme innovante de l&#039;enveloppe gonflable.\" \/>\n<meta name=\"robots\" content=\"index, follow, max-snippet:-1, max-image-preview:large, max-video-preview:-1\" \/>\n<link rel=\"canonical\" href=\"https:\/\/www.secumar.com\/fr\/produit\/alpha-275-3d-nouveau\/\" \/>\n<meta property=\"og:locale\" content=\"fr_FR\" \/>\n<meta property=\"og:type\" content=\"article\" \/>\n<meta property=\"og:title\" content=\"Alpha 275 3D - NOUVEAU - SECUMAR\" \/>\n<meta property=\"og:description\" content=\"Gilet de sauvetage professionnel pour une utilisation avec des v\u00eatements de travail lourds ou combinaisons \u00e9tanches. La s\u00e9curit\u00e9 est accrue gr\u00e2ce \u00e0 une nouvelle forme innovante de l&#039;enveloppe gonflable.\" \/>\n<meta property=\"og:url\" content=\"https:\/\/www.secumar.com\/fr\/produit\/alpha-275-3d-nouveau\/\" \/>\n<meta property=\"og:site_name\" content=\"SECUMAR\" \/>\n<meta property=\"article:publisher\" content=\"https:\/\/www.facebook.com\/Secumar\/\" \/>\n<meta property=\"article:modified_time\" content=\"2023-09-11T06:34:03+00:00\" \/>\n<meta property=\"og:image\" content=\"https:\/\/www.secumar.com\/wp-content\/uploads\/2023\/02\/ALPHA-275-2023.jpg\" \/>\n\t<meta property=\"og:image:width\" content=\"900\" \/>\n\t<meta property=\"og:image:height\" content=\"900\" \/>\n\t<meta property=\"og:image:type\" content=\"image\/jpeg\" \/>\n<meta name=\"twitter:card\" content=\"summary_large_image\" \/>\n<meta name=\"twitter:label1\" content=\"Dur\u00e9e de lecture estim\u00e9e\" \/>\n\t<meta name=\"twitter:data1\" content=\"1 minute\" \/>\n<script type=\"application\/ld+json\" class=\"yoast-schema-graph\">{\"@context\":\"https:\/\/schema.org\",\"@graph\":[{\"@type\":\"WebPage\",\"@id\":\"https:\/\/www.secumar.com\/fr\/produit\/alpha-275-3d-nouveau\/\",\"url\":\"https:\/\/www.secumar.com\/fr\/produit\/alpha-275-3d-nouveau\/\",\"name\":\"Alpha 275 3D - NOUVEAU - SECUMAR\",\"isPartOf\":{\"@id\":\"https:\/\/www.secumar.com\/#website\"},\"primaryImageOfPage\":{\"@id\":\"https:\/\/www.secumar.com\/fr\/produit\/alpha-275-3d-nouveau\/#primaryimage\"},\"image\":{\"@id\":\"https:\/\/www.secumar.com\/fr\/produit\/alpha-275-3d-nouveau\/#primaryimage\"},\"thumbnailUrl\":\"https:\/\/www.secumar.com\/wp-content\/uploads\/2023\/02\/ALPHA-275-2023.jpg\",\"datePublished\":\"2023-02-22T15:20:00+00:00\",\"dateModified\":\"2023-09-11T06:34:03+00:00\",\"description\":\"Gilet de sauvetage professionnel pour une utilisation avec des v\u00eatements de travail lourds ou combinaisons \u00e9tanches. La s\u00e9curit\u00e9 est accrue gr\u00e2ce \u00e0 une nouvelle forme innovante de l'enveloppe gonflable.\",\"breadcrumb\":{\"@id\":\"https:\/\/www.secumar.com\/fr\/produit\/alpha-275-3d-nouveau\/#breadcrumb\"},\"inLanguage\":\"fr-FR\",\"potentialAction\":[{\"@type\":\"ReadAction\",\"target\":[\"https:\/\/www.secumar.com\/fr\/produit\/alpha-275-3d-nouveau\/\"]}]},{\"@type\":\"ImageObject\",\"inLanguage\":\"fr-FR\",\"@id\":\"https:\/\/www.secumar.com\/fr\/produit\/alpha-275-3d-nouveau\/#primaryimage\",\"url\":\"https:\/\/www.secumar.com\/wp-content\/uploads\/2023\/02\/ALPHA-275-2023.jpg\",\"contentUrl\":\"https:\/\/www.secumar.com\/wp-content\/uploads\/2023\/02\/ALPHA-275-2023.jpg\",\"width\":900,\"height\":900},{\"@type\":\"BreadcrumbList\",\"@id\":\"https:\/\/www.secumar.com\/fr\/produit\/alpha-275-3d-nouveau\/#breadcrumb\",\"itemListElement\":[{\"@type\":\"ListItem\",\"position\":1,\"name\":\"Startseite\",\"item\":\"https:\/\/www.secumar.com\/fr\/\"},{\"@type\":\"ListItem\",\"position\":2,\"name\":\"Tous Les Articles\",\"item\":\"https:\/\/www.secumar.com\/fr\/boutique\/\"},{\"@type\":\"ListItem\",\"position\":3,\"name\":\"Alpha 275 3D &#8211; NOUVEAU\"}]},{\"@type\":\"WebSite\",\"@id\":\"https:\/\/www.secumar.com\/#website\",\"url\":\"https:\/\/www.secumar.com\/\",\"name\":\"SECUMAR\",\"description\":\"Gilets de sauvetage\",\"publisher\":{\"@id\":\"https:\/\/www.secumar.com\/#organization\"},\"potentialAction\":[{\"@type\":\"SearchAction\",\"target\":{\"@type\":\"EntryPoint\",\"urlTemplate\":\"https:\/\/www.secumar.com\/?s={search_term_string}\"},\"query-input\":{\"@type\":\"PropertyValueSpecification\",\"valueRequired\":true,\"valueName\":\"search_term_string\"}}],\"inLanguage\":\"fr-FR\"},{\"@type\":\"Organization\",\"@id\":\"https:\/\/www.secumar.com\/#organization\",\"name\":\"Bernhardt Apparatebau GmbH u. Co.\",\"url\":\"https:\/\/www.secumar.com\/\",\"logo\":{\"@type\":\"ImageObject\",\"inLanguage\":\"fr-FR\",\"@id\":\"https:\/\/www.secumar.com\/#\/schema\/logo\/image\/\",\"url\":\"https:\/\/www.secumar.com\/wp-content\/uploads\/2016\/09\/S-Logo_150px-3.jpg\",\"contentUrl\":\"https:\/\/www.secumar.com\/wp-content\/uploads\/2016\/09\/S-Logo_150px-3.jpg\",\"width\":150,\"height\":150,\"caption\":\"Bernhardt Apparatebau GmbH u. Co.\"},\"image\":{\"@id\":\"https:\/\/www.secumar.com\/#\/schema\/logo\/image\/\"},\"sameAs\":[\"https:\/\/www.facebook.com\/Secumar\/\",\"https:\/\/www.instagram.com\/secumar\/\",\"https:\/\/www.linkedin.com\/company-beta\/8684519\/\",\"https:\/\/www.youtube.com\/user\/BernhardtApparatebau\",\"https:\/\/de.wikipedia.org\/wiki\/Secumar\"]}]}<\/script>\n<!-- \/ Yoast SEO plugin. -->","yoast_head_json":{"title":"Alpha 275 3D - NOUVEAU - SECUMAR","description":"Gilet de sauvetage professionnel pour une utilisation avec des v\u00eatements de travail lourds ou combinaisons \u00e9tanches. La s\u00e9curit\u00e9 est accrue gr\u00e2ce \u00e0 une nouvelle forme innovante de l'enveloppe gonflable.","robots":{"index":"index","follow":"follow","max-snippet":"max-snippet:-1","max-image-preview":"max-image-preview:large","max-video-preview":"max-video-preview:-1"},"canonical":"https:\/\/www.secumar.com\/fr\/produit\/alpha-275-3d-nouveau\/","og_locale":"fr_FR","og_type":"article","og_title":"Alpha 275 3D - NOUVEAU - SECUMAR","og_description":"Gilet de sauvetage professionnel pour une utilisation avec des v\u00eatements de travail lourds ou combinaisons \u00e9tanches. La s\u00e9curit\u00e9 est accrue gr\u00e2ce \u00e0 une nouvelle forme innovante de l'enveloppe gonflable.","og_url":"https:\/\/www.secumar.com\/fr\/produit\/alpha-275-3d-nouveau\/","og_site_name":"SECUMAR","article_publisher":"https:\/\/www.facebook.com\/Secumar\/","article_modified_time":"2023-09-11T06:34:03+00:00","og_image":[{"width":900,"height":900,"url":"https:\/\/www.secumar.com\/wp-content\/uploads\/2023\/02\/ALPHA-275-2023.jpg","type":"image\/jpeg"}],"twitter_card":"summary_large_image","twitter_misc":{"Dur\u00e9e de lecture estim\u00e9e":"1 minute"},"schema":{"@context":"https:\/\/schema.org","@graph":[{"@type":"WebPage","@id":"https:\/\/www.secumar.com\/fr\/produit\/alpha-275-3d-nouveau\/","url":"https:\/\/www.secumar.com\/fr\/produit\/alpha-275-3d-nouveau\/","name":"Alpha 275 3D - NOUVEAU - SECUMAR","isPartOf":{"@id":"https:\/\/www.secumar.com\/#website"},"primaryImageOfPage":{"@id":"https:\/\/www.secumar.com\/fr\/produit\/alpha-275-3d-nouveau\/#primaryimage"},"image":{"@id":"https:\/\/www.secumar.com\/fr\/produit\/alpha-275-3d-nouveau\/#primaryimage"},"thumbnailUrl":"https:\/\/www.secumar.com\/wp-content\/uploads\/2023\/02\/ALPHA-275-2023.jpg","datePublished":"2023-02-22T15:20:00+00:00","dateModified":"2023-09-11T06:34:03+00:00","description":"Gilet de sauvetage professionnel pour une utilisation avec des v\u00eatements de travail lourds ou combinaisons \u00e9tanches. La s\u00e9curit\u00e9 est accrue gr\u00e2ce \u00e0 une nouvelle forme innovante de l'enveloppe gonflable.","breadcrumb":{"@id":"https:\/\/www.secumar.com\/fr\/produit\/alpha-275-3d-nouveau\/#breadcrumb"},"inLanguage":"fr-FR","potentialAction":[{"@type":"ReadAction","target":["https:\/\/www.secumar.com\/fr\/produit\/alpha-275-3d-nouveau\/"]}]},{"@type":"ImageObject","inLanguage":"fr-FR","@id":"https:\/\/www.secumar.com\/fr\/produit\/alpha-275-3d-nouveau\/#primaryimage","url":"https:\/\/www.secumar.com\/wp-content\/uploads\/2023\/02\/ALPHA-275-2023.jpg","contentUrl":"https:\/\/www.secumar.com\/wp-content\/uploads\/2023\/02\/ALPHA-275-2023.jpg","width":900,"height":900},{"@type":"BreadcrumbList","@id":"https:\/\/www.secumar.com\/fr\/produit\/alpha-275-3d-nouveau\/#breadcrumb","itemListElement":[{"@type":"ListItem","position":1,"name":"Startseite","item":"https:\/\/www.secumar.com\/fr\/"},{"@type":"ListItem","position":2,"name":"Tous Les Articles","item":"https:\/\/www.secumar.com\/fr\/boutique\/"},{"@type":"ListItem","position":3,"name":"Alpha 275 3D &#8211; NOUVEAU"}]},{"@type":"WebSite","@id":"https:\/\/www.secumar.com\/#website","url":"https:\/\/www.secumar.com\/","name":"SECUMAR","description":"Gilets de sauvetage","publisher":{"@id":"https:\/\/www.secumar.com\/#organization"},"potentialAction":[{"@type":"SearchAction","target":{"@type":"EntryPoint","urlTemplate":"https:\/\/www.secumar.com\/?s={search_term_string}"},"query-input":{"@type":"PropertyValueSpecification","valueRequired":true,"valueName":"search_term_string"}}],"inLanguage":"fr-FR"},{"@type":"Organization","@id":"https:\/\/www.secumar.com\/#organization","name":"Bernhardt Apparatebau GmbH u. Co.","url":"https:\/\/www.secumar.com\/","logo":{"@type":"ImageObject","inLanguage":"fr-FR","@id":"https:\/\/www.secumar.com\/#\/schema\/logo\/image\/","url":"https:\/\/www.secumar.com\/wp-content\/uploads\/2016\/09\/S-Logo_150px-3.jpg","contentUrl":"https:\/\/www.secumar.com\/wp-content\/uploads\/2016\/09\/S-Logo_150px-3.jpg","width":150,"height":150,"caption":"Bernhardt Apparatebau GmbH u. Co."},"image":{"@id":"https:\/\/www.secumar.com\/#\/schema\/logo\/image\/"},"sameAs":["https:\/\/www.facebook.com\/Secumar\/","https:\/\/www.instagram.com\/secumar\/","https:\/\/www.linkedin.com\/company-beta\/8684519\/","https:\/\/www.youtube.com\/user\/BernhardtApparatebau","https:\/\/de.wikipedia.org\/wiki\/Secumar"]}]}},"_links":{"self":[{"href":"https:\/\/www.secumar.com\/fr\/wp-json\/wp\/v2\/product\/50637","targetHints":{"allow":["GET"]}}],"collection":[{"href":"https:\/\/www.secumar.com\/fr\/wp-json\/wp\/v2\/product"}],"about":[{"href":"https:\/\/www.secumar.com\/fr\/wp-json\/wp\/v2\/types\/product"}],"replies":[{"embeddable":true,"href":"https:\/\/www.secumar.com\/fr\/wp-json\/wp\/v2\/comments?post=50637"}],"version-history":[{"count":4,"href":"https:\/\/www.secumar.com\/fr\/wp-json\/wp\/v2\/product\/50637\/revisions"}],"predecessor-version":[{"id":52236,"href":"https:\/\/www.secumar.com\/fr\/wp-json\/wp\/v2\/product\/50637\/revisions\/52236"}],"wp:featuredmedia":[{"embeddable":true,"href":"https:\/\/www.secumar.com\/fr\/wp-json\/wp\/v2\/media\/51622"}],"wp:attachment":[{"href":"https:\/\/www.secumar.com\/fr\/wp-json\/wp\/v2\/media?parent=50637"}],"wp:term":[{"taxonomy":"product_brand","embeddable":true,"href":"https:\/\/www.secumar.com\/fr\/wp-json\/wp\/v2\/product_brand?post=50637"},{"taxonomy":"product_cat","embeddable":true,"href":"https:\/\/www.secumar.com\/fr\/wp-json\/wp\/v2\/product_cat?post=50637"},{"taxonomy":"product_tag","embeddable":true,"href":"https:\/\/www.secumar.com\/fr\/wp-json\/wp\/v2\/product_tag?post=50637"}],"curies":[{"name":"wp","href":"https:\/\/api.w.org\/{rel}","templated":true}]}}