{"id":49706,"date":"2022-11-22T14:35:05","date_gmt":"2022-11-22T13:35:05","guid":{"rendered":"https:\/\/www.secumar.com\/?post_type=product&#038;p=49706"},"modified":"2026-03-24T19:34:48","modified_gmt":"2026-03-24T18:34:48","slug":"seculux-led-ii","status":"publish","type":"product","link":"https:\/\/www.secumar.com\/fr\/produit\/seculux-led-ii\/","title":{"rendered":"SECULUX LED-II"},"content":{"rendered":"<p>Compatible avec tous les gilets de sauvetage gonflables et brassi\u00e8res SECUMAR. Le feu de d\u00e9tresse SECULUX LED-II \u00e0 \u00e9clats s\u2019active automatiquement au contact de l\u2019eau. Peu importe s\u2019il s\u2019agit d\u2019eau sal\u00e9e ou d\u2019eau douce et \u00e0 des temp\u00e9ratures tr\u00e8s basses. Il est possible de d\u00e9sactiver le feu manuellement.<\/p>\n<p><strong>Comment installer le SECULUX LED-II?<\/strong> Dans nos <a href=\"https:\/\/www.secumar.com\/fr\/instructions-dinstallation-du-seculux-led-ii\/\">tutoriels vid\u00e9o<\/a>, nous vous montrons \u00e9tape par \u00e9tape comment installer correctement ce luminaire sur les mod\u00e8les courants.<\/p>\n","protected":false},"excerpt":{"rendered":"<p>Feu individuel de d\u00e9tresse pour brassi\u00e8res et gilets de sauvetage gonflables, homologu\u00e9 SOLAS, pour 10,5 heures de fonctionnement min. \u00e0 1,5 cd.<\/p>\n<p>&nbsp;<\/p>\n","protected":false},"featured_media":49742,"comment_status":"closed","ping_status":"closed","template":"","meta":{"_acf_changed":false,"_searchwp_excluded":"","editor_plus_copied_stylings":"{}","footnotes":"","_links_to":"","_links_to_target":""},"product_brand":[],"product_cat":[755,1742,2531,2362],"product_tag":[],"class_list":{"0":"post-49706","1":"product","2":"type-product","3":"status-publish","4":"has-post-thumbnail","6":"product_cat-accessoires","7":"product_cat-categorie-de-produits-industrie-fr","8":"product_cat-accessoires-fr","9":"product_cat-catalogue","10":"pa_ce-solas-fr","11":"pa_ce-us-coast-guard-fr-2","13":"first","14":"instock","15":"taxable","16":"shipping-taxable","17":"purchasable","18":"product-type-simple"},"acf":[],"yoast_head":"<!-- This site is optimized with the Yoast SEO plugin v24.6 - https:\/\/yoast.com\/wordpress\/plugins\/seo\/ -->\n<title>SECULUX LED-II - SECUMAR<\/title>\n<meta name=\"robots\" content=\"index, follow, max-snippet:-1, max-image-preview:large, max-video-preview:-1\" \/>\n<link rel=\"canonical\" href=\"https:\/\/www.secumar.com\/fr\/produit\/seculux-led-ii\/\" \/>\n<meta property=\"og:locale\" content=\"fr_FR\" \/>\n<meta property=\"og:type\" content=\"article\" \/>\n<meta property=\"og:title\" content=\"SECULUX LED-II - SECUMAR\" \/>\n<meta property=\"og:description\" content=\"Feu individuel de d\u00e9tresse pour brassi\u00e8res et gilets de sauvetage gonflables, homologu\u00e9 SOLAS, pour 10,5 heures de fonctionnement min. \u00e0 1,5 cd.  &nbsp;\" \/>\n<meta property=\"og:url\" content=\"https:\/\/www.secumar.com\/fr\/produit\/seculux-led-ii\/\" \/>\n<meta property=\"og:site_name\" content=\"SECUMAR\" \/>\n<meta property=\"article:publisher\" content=\"https:\/\/www.facebook.com\/Secumar\/\" \/>\n<meta property=\"article:modified_time\" content=\"2026-03-24T18:34:48+00:00\" \/>\n<meta property=\"og:image\" content=\"https:\/\/www.secumar.com\/wp-content\/uploads\/2022\/11\/SECULUX-LED-II_900x900.jpg\" \/>\n\t<meta property=\"og:image:width\" content=\"900\" \/>\n\t<meta property=\"og:image:height\" content=\"900\" \/>\n\t<meta property=\"og:image:type\" content=\"image\/jpeg\" \/>\n<meta name=\"twitter:card\" content=\"summary_large_image\" \/>\n<meta name=\"twitter:label1\" content=\"Dur\u00e9e de lecture estim\u00e9e\" \/>\n\t<meta name=\"twitter:data1\" content=\"1 minute\" \/>\n<script type=\"application\/ld+json\" class=\"yoast-schema-graph\">{\"@context\":\"https:\/\/schema.org\",\"@graph\":[{\"@type\":\"WebPage\",\"@id\":\"https:\/\/www.secumar.com\/fr\/produit\/seculux-led-ii\/\",\"url\":\"https:\/\/www.secumar.com\/fr\/produit\/seculux-led-ii\/\",\"name\":\"SECULUX LED-II - SECUMAR\",\"isPartOf\":{\"@id\":\"https:\/\/www.secumar.com\/#website\"},\"primaryImageOfPage\":{\"@id\":\"https:\/\/www.secumar.com\/fr\/produit\/seculux-led-ii\/#primaryimage\"},\"image\":{\"@id\":\"https:\/\/www.secumar.com\/fr\/produit\/seculux-led-ii\/#primaryimage\"},\"thumbnailUrl\":\"https:\/\/www.secumar.com\/wp-content\/uploads\/2022\/11\/SECULUX-LED-II_900x900.jpg\",\"datePublished\":\"2022-11-22T13:35:05+00:00\",\"dateModified\":\"2026-03-24T18:34:48+00:00\",\"breadcrumb\":{\"@id\":\"https:\/\/www.secumar.com\/fr\/produit\/seculux-led-ii\/#breadcrumb\"},\"inLanguage\":\"fr-FR\",\"potentialAction\":[{\"@type\":\"ReadAction\",\"target\":[\"https:\/\/www.secumar.com\/fr\/produit\/seculux-led-ii\/\"]}]},{\"@type\":\"ImageObject\",\"inLanguage\":\"fr-FR\",\"@id\":\"https:\/\/www.secumar.com\/fr\/produit\/seculux-led-ii\/#primaryimage\",\"url\":\"https:\/\/www.secumar.com\/wp-content\/uploads\/2022\/11\/SECULUX-LED-II_900x900.jpg\",\"contentUrl\":\"https:\/\/www.secumar.com\/wp-content\/uploads\/2022\/11\/SECULUX-LED-II_900x900.jpg\",\"width\":900,\"height\":900},{\"@type\":\"BreadcrumbList\",\"@id\":\"https:\/\/www.secumar.com\/fr\/produit\/seculux-led-ii\/#breadcrumb\",\"itemListElement\":[{\"@type\":\"ListItem\",\"position\":1,\"name\":\"Startseite\",\"item\":\"https:\/\/www.secumar.com\/fr\/\"},{\"@type\":\"ListItem\",\"position\":2,\"name\":\"Tous Les Articles\",\"item\":\"https:\/\/www.secumar.com\/fr\/boutique\/\"},{\"@type\":\"ListItem\",\"position\":3,\"name\":\"SECULUX LED-II\"}]},{\"@type\":\"WebSite\",\"@id\":\"https:\/\/www.secumar.com\/#website\",\"url\":\"https:\/\/www.secumar.com\/\",\"name\":\"SECUMAR\",\"description\":\"Gilets de sauvetage\",\"publisher\":{\"@id\":\"https:\/\/www.secumar.com\/#organization\"},\"potentialAction\":[{\"@type\":\"SearchAction\",\"target\":{\"@type\":\"EntryPoint\",\"urlTemplate\":\"https:\/\/www.secumar.com\/?s={search_term_string}\"},\"query-input\":{\"@type\":\"PropertyValueSpecification\",\"valueRequired\":true,\"valueName\":\"search_term_string\"}}],\"inLanguage\":\"fr-FR\"},{\"@type\":\"Organization\",\"@id\":\"https:\/\/www.secumar.com\/#organization\",\"name\":\"Bernhardt Apparatebau GmbH u. Co.\",\"url\":\"https:\/\/www.secumar.com\/\",\"logo\":{\"@type\":\"ImageObject\",\"inLanguage\":\"fr-FR\",\"@id\":\"https:\/\/www.secumar.com\/#\/schema\/logo\/image\/\",\"url\":\"https:\/\/www.secumar.com\/wp-content\/uploads\/2016\/09\/S-Logo_150px-3.jpg\",\"contentUrl\":\"https:\/\/www.secumar.com\/wp-content\/uploads\/2016\/09\/S-Logo_150px-3.jpg\",\"width\":150,\"height\":150,\"caption\":\"Bernhardt Apparatebau GmbH u. Co.\"},\"image\":{\"@id\":\"https:\/\/www.secumar.com\/#\/schema\/logo\/image\/\"},\"sameAs\":[\"https:\/\/www.facebook.com\/Secumar\/\",\"https:\/\/www.instagram.com\/secumar\/\",\"https:\/\/www.linkedin.com\/company-beta\/8684519\/\",\"https:\/\/www.youtube.com\/user\/BernhardtApparatebau\",\"https:\/\/de.wikipedia.org\/wiki\/Secumar\"]}]}<\/script>\n<!-- \/ Yoast SEO plugin. -->","yoast_head_json":{"title":"SECULUX LED-II - SECUMAR","robots":{"index":"index","follow":"follow","max-snippet":"max-snippet:-1","max-image-preview":"max-image-preview:large","max-video-preview":"max-video-preview:-1"},"canonical":"https:\/\/www.secumar.com\/fr\/produit\/seculux-led-ii\/","og_locale":"fr_FR","og_type":"article","og_title":"SECULUX LED-II - SECUMAR","og_description":"Feu individuel de d\u00e9tresse pour brassi\u00e8res et gilets de sauvetage gonflables, homologu\u00e9 SOLAS, pour 10,5 heures de fonctionnement min. \u00e0 1,5 cd.  &nbsp;","og_url":"https:\/\/www.secumar.com\/fr\/produit\/seculux-led-ii\/","og_site_name":"SECUMAR","article_publisher":"https:\/\/www.facebook.com\/Secumar\/","article_modified_time":"2026-03-24T18:34:48+00:00","og_image":[{"width":900,"height":900,"url":"https:\/\/www.secumar.com\/wp-content\/uploads\/2022\/11\/SECULUX-LED-II_900x900.jpg","type":"image\/jpeg"}],"twitter_card":"summary_large_image","twitter_misc":{"Dur\u00e9e de lecture estim\u00e9e":"1 minute"},"schema":{"@context":"https:\/\/schema.org","@graph":[{"@type":"WebPage","@id":"https:\/\/www.secumar.com\/fr\/produit\/seculux-led-ii\/","url":"https:\/\/www.secumar.com\/fr\/produit\/seculux-led-ii\/","name":"SECULUX LED-II - SECUMAR","isPartOf":{"@id":"https:\/\/www.secumar.com\/#website"},"primaryImageOfPage":{"@id":"https:\/\/www.secumar.com\/fr\/produit\/seculux-led-ii\/#primaryimage"},"image":{"@id":"https:\/\/www.secumar.com\/fr\/produit\/seculux-led-ii\/#primaryimage"},"thumbnailUrl":"https:\/\/www.secumar.com\/wp-content\/uploads\/2022\/11\/SECULUX-LED-II_900x900.jpg","datePublished":"2022-11-22T13:35:05+00:00","dateModified":"2026-03-24T18:34:48+00:00","breadcrumb":{"@id":"https:\/\/www.secumar.com\/fr\/produit\/seculux-led-ii\/#breadcrumb"},"inLanguage":"fr-FR","potentialAction":[{"@type":"ReadAction","target":["https:\/\/www.secumar.com\/fr\/produit\/seculux-led-ii\/"]}]},{"@type":"ImageObject","inLanguage":"fr-FR","@id":"https:\/\/www.secumar.com\/fr\/produit\/seculux-led-ii\/#primaryimage","url":"https:\/\/www.secumar.com\/wp-content\/uploads\/2022\/11\/SECULUX-LED-II_900x900.jpg","contentUrl":"https:\/\/www.secumar.com\/wp-content\/uploads\/2022\/11\/SECULUX-LED-II_900x900.jpg","width":900,"height":900},{"@type":"BreadcrumbList","@id":"https:\/\/www.secumar.com\/fr\/produit\/seculux-led-ii\/#breadcrumb","itemListElement":[{"@type":"ListItem","position":1,"name":"Startseite","item":"https:\/\/www.secumar.com\/fr\/"},{"@type":"ListItem","position":2,"name":"Tous Les Articles","item":"https:\/\/www.secumar.com\/fr\/boutique\/"},{"@type":"ListItem","position":3,"name":"SECULUX LED-II"}]},{"@type":"WebSite","@id":"https:\/\/www.secumar.com\/#website","url":"https:\/\/www.secumar.com\/","name":"SECUMAR","description":"Gilets de sauvetage","publisher":{"@id":"https:\/\/www.secumar.com\/#organization"},"potentialAction":[{"@type":"SearchAction","target":{"@type":"EntryPoint","urlTemplate":"https:\/\/www.secumar.com\/?s={search_term_string}"},"query-input":{"@type":"PropertyValueSpecification","valueRequired":true,"valueName":"search_term_string"}}],"inLanguage":"fr-FR"},{"@type":"Organization","@id":"https:\/\/www.secumar.com\/#organization","name":"Bernhardt Apparatebau GmbH u. Co.","url":"https:\/\/www.secumar.com\/","logo":{"@type":"ImageObject","inLanguage":"fr-FR","@id":"https:\/\/www.secumar.com\/#\/schema\/logo\/image\/","url":"https:\/\/www.secumar.com\/wp-content\/uploads\/2016\/09\/S-Logo_150px-3.jpg","contentUrl":"https:\/\/www.secumar.com\/wp-content\/uploads\/2016\/09\/S-Logo_150px-3.jpg","width":150,"height":150,"caption":"Bernhardt Apparatebau GmbH u. Co."},"image":{"@id":"https:\/\/www.secumar.com\/#\/schema\/logo\/image\/"},"sameAs":["https:\/\/www.facebook.com\/Secumar\/","https:\/\/www.instagram.com\/secumar\/","https:\/\/www.linkedin.com\/company-beta\/8684519\/","https:\/\/www.youtube.com\/user\/BernhardtApparatebau","https:\/\/de.wikipedia.org\/wiki\/Secumar"]}]}},"_links":{"self":[{"href":"https:\/\/www.secumar.com\/fr\/wp-json\/wp\/v2\/product\/49706","targetHints":{"allow":["GET"]}}],"collection":[{"href":"https:\/\/www.secumar.com\/fr\/wp-json\/wp\/v2\/product"}],"about":[{"href":"https:\/\/www.secumar.com\/fr\/wp-json\/wp\/v2\/types\/product"}],"replies":[{"embeddable":true,"href":"https:\/\/www.secumar.com\/fr\/wp-json\/wp\/v2\/comments?post=49706"}],"version-history":[{"count":7,"href":"https:\/\/www.secumar.com\/fr\/wp-json\/wp\/v2\/product\/49706\/revisions"}],"predecessor-version":[{"id":60287,"href":"https:\/\/www.secumar.com\/fr\/wp-json\/wp\/v2\/product\/49706\/revisions\/60287"}],"wp:featuredmedia":[{"embeddable":true,"href":"https:\/\/www.secumar.com\/fr\/wp-json\/wp\/v2\/media\/49742"}],"wp:attachment":[{"href":"https:\/\/www.secumar.com\/fr\/wp-json\/wp\/v2\/media?parent=49706"}],"wp:term":[{"taxonomy":"product_brand","embeddable":true,"href":"https:\/\/www.secumar.com\/fr\/wp-json\/wp\/v2\/product_brand?post=49706"},{"taxonomy":"product_cat","embeddable":true,"href":"https:\/\/www.secumar.com\/fr\/wp-json\/wp\/v2\/product_cat?post=49706"},{"taxonomy":"product_tag","embeddable":true,"href":"https:\/\/www.secumar.com\/fr\/wp-json\/wp\/v2\/product_tag?post=49706"}],"curies":[{"name":"wp","href":"https:\/\/api.w.org\/{rel}","templated":true}]}}