{"id":48504,"date":"2022-04-25T11:00:34","date_gmt":"2022-04-25T09:00:40","guid":{"rendered":"https:\/\/www.secumar.com\/?post_type=product&#038;p=48504"},"modified":"2024-02-14T11:59:19","modified_gmt":"2024-02-14T10:59:19","slug":"furio","status":"publish","type":"product","link":"https:\/\/www.secumar.com\/fr\/produit\/furio\/","title":{"rendered":"FURIO"},"content":{"rendered":"<p>Le FURIO a \u00e9t\u00e9 con\u00e7u en particulier pour les <strong> kitesurfeurs, les navigateurs de foils et de skiffs, de d\u00e9riveurs ou de SUP<\/strong>.<\/p>\n<p>Il n&rsquo;est pas rare que les kitesurfeurs sous-estiment <strong>la force du vent, des vagues et des mar\u00e9es <\/strong> et ne soient plus en mesure de rejoindre la terre ferme. Ou qu&rsquo;apr\u00e8s le troisi\u00e8me chavirage en foil ou en skiff, des probl\u00e8mes apparaissent soudainement, par exemple sous la forme d&rsquo;une <strong>crampe ou d\u2019une baisse d\u2019\u00e9nergie <\/strong>. Le nouveau FURIO est le compagnon id\u00e9al pour de telles situations.<\/p>\n<p>Le FURIO est homologu\u00e9 selon la classe <strong>100N en tant que gilet de sauvetage gonflable \u00e0 d\u00e9clenchement manuel<\/strong>. Lorsqu&rsquo;il n&rsquo;est pas gonfl\u00e9, il offre une <strong> protection contre les chocs et une aide \u00e0 la flottabilit\u00e9 de 50N <\/strong> tandis que <strong> l\u2019enveloppe gonflable \u00e0 d\u00e9clenchement manuel permet d\u2019obtenir une flottabilit\u00e9 suppl\u00e9mentaire d&rsquo;environ 110N <\/strong>. D\u00e8s que le d\u00e9clenchement manuel est activ\u00e9 et que l\u2019enveloppe gonflable se d\u00e9ploie, l&rsquo;ensemble du gilet atteint alors une <strong>flottabilit\u00e9 totale r\u00e9elle de 160N<\/strong>.<\/p>\n<p>Le FURIO est disponible en <strong>quatre tailles<\/strong>:<\/p>\n<ul>\n<li>Taille S &#8211; 60-80 kg, tour de poitrine 88-100 cm (TN 17214)<\/li>\n<li>Taille M &#8211; 70-90 kg, tour de poitrine 95-105 cm (TN 17215)<\/li>\n<li>Taille L &#8211; 80-100 kg, tour de poitrine 100-115 cm (TN 17216)<\/li>\n<li>Taille XL &#8211; 90-115 kg, tour de poitrine 110-125 cm (TN 17217)<\/li>\n<\/ul>\n<p>&nbsp;<\/p>\n","protected":false},"excerpt":{"rendered":"<p>Gilet gonflable impact hybride \u00e0 d\u00e9clenchement manuel avec une flottabilit\u00e9 totale de 160N particuli\u00e8rement adapt\u00e9 \u00e0 la pratique du kite-surf et de la voile d\u00e9riveur, en particulier la voile skiff et foiling et le SUP.<\/p>\n","protected":false},"featured_media":49776,"comment_status":"closed","ping_status":"closed","template":"","meta":{"_acf_changed":false,"_searchwp_excluded":"","editor_plus_copied_stylings":"{}","footnotes":"","_links_to":"","_links_to_target":""},"product_brand":[],"product_cat":[3875,3650,710,2629,2294,1209],"product_tag":[],"class_list":{"0":"post-48504","1":"product","2":"type-product","3":"status-publish","4":"has-post-thumbnail","6":"product_cat-promo-seculux-fr","7":"product_cat-kitesurf","8":"product_cat-voile-legere","9":"product_cat-stand-up-paddle-nage","10":"product_cat-gilets-de-sauvetage-gonflables","11":"product_cat-brassieres-loisir-fr","12":"pa_auftrieb-160-n-fr","13":"pa_auftriebsklasse-ce-100-n-fr","14":"pa_ce-ce-fr-2","15":"pa_notlicht-non","17":"first","18":"instock","19":"taxable","20":"shipping-taxable","21":"purchasable","22":"product-type-variable"},"acf":[],"yoast_head":"<!-- This site is optimized with the Yoast SEO plugin v24.6 - https:\/\/yoast.com\/wordpress\/plugins\/seo\/ -->\n<title>FURIO - SECUMAR<\/title>\n<meta name=\"robots\" content=\"index, follow, max-snippet:-1, max-image-preview:large, max-video-preview:-1\" \/>\n<link rel=\"canonical\" href=\"https:\/\/www.secumar.com\/fr\/produit\/furio\/\" \/>\n<meta property=\"og:locale\" content=\"fr_FR\" \/>\n<meta property=\"og:type\" content=\"article\" \/>\n<meta property=\"og:title\" content=\"FURIO - SECUMAR\" \/>\n<meta property=\"og:description\" content=\"Gilet gonflable impact hybride \u00e0 d\u00e9clenchement manuel avec une flottabilit\u00e9 totale de 160N particuli\u00e8rement adapt\u00e9 \u00e0 la pratique du kite-surf et de la voile d\u00e9riveur, en particulier la voile skiff et foiling et le SUP.\" \/>\n<meta property=\"og:url\" content=\"https:\/\/www.secumar.com\/fr\/produit\/furio\/\" \/>\n<meta property=\"og:site_name\" content=\"SECUMAR\" \/>\n<meta property=\"article:publisher\" content=\"https:\/\/www.facebook.com\/Secumar\/\" \/>\n<meta property=\"article:modified_time\" content=\"2024-02-14T10:59:19+00:00\" \/>\n<meta property=\"og:image\" content=\"https:\/\/www.secumar.com\/wp-content\/uploads\/2022\/11\/Still-FURIO.jpg\" \/>\n\t<meta property=\"og:image:width\" content=\"960\" \/>\n\t<meta property=\"og:image:height\" content=\"960\" \/>\n\t<meta property=\"og:image:type\" content=\"image\/jpeg\" \/>\n<meta name=\"twitter:card\" content=\"summary_large_image\" \/>\n<meta name=\"twitter:label1\" content=\"Dur\u00e9e de lecture estim\u00e9e\" \/>\n\t<meta name=\"twitter:data1\" content=\"2 minutes\" \/>\n<script type=\"application\/ld+json\" class=\"yoast-schema-graph\">{\"@context\":\"https:\/\/schema.org\",\"@graph\":[{\"@type\":\"WebPage\",\"@id\":\"https:\/\/www.secumar.com\/fr\/produit\/furio\/\",\"url\":\"https:\/\/www.secumar.com\/fr\/produit\/furio\/\",\"name\":\"FURIO - SECUMAR\",\"isPartOf\":{\"@id\":\"https:\/\/www.secumar.com\/#website\"},\"primaryImageOfPage\":{\"@id\":\"https:\/\/www.secumar.com\/fr\/produit\/furio\/#primaryimage\"},\"image\":{\"@id\":\"https:\/\/www.secumar.com\/fr\/produit\/furio\/#primaryimage\"},\"thumbnailUrl\":\"https:\/\/www.secumar.com\/wp-content\/uploads\/2022\/11\/Still-FURIO.jpg\",\"datePublished\":\"2022-04-25T09:00:40+00:00\",\"dateModified\":\"2024-02-14T10:59:19+00:00\",\"breadcrumb\":{\"@id\":\"https:\/\/www.secumar.com\/fr\/produit\/furio\/#breadcrumb\"},\"inLanguage\":\"fr-FR\",\"potentialAction\":[{\"@type\":\"ReadAction\",\"target\":[\"https:\/\/www.secumar.com\/fr\/produit\/furio\/\"]}]},{\"@type\":\"ImageObject\",\"inLanguage\":\"fr-FR\",\"@id\":\"https:\/\/www.secumar.com\/fr\/produit\/furio\/#primaryimage\",\"url\":\"https:\/\/www.secumar.com\/wp-content\/uploads\/2022\/11\/Still-FURIO.jpg\",\"contentUrl\":\"https:\/\/www.secumar.com\/wp-content\/uploads\/2022\/11\/Still-FURIO.jpg\",\"width\":960,\"height\":960},{\"@type\":\"BreadcrumbList\",\"@id\":\"https:\/\/www.secumar.com\/fr\/produit\/furio\/#breadcrumb\",\"itemListElement\":[{\"@type\":\"ListItem\",\"position\":1,\"name\":\"Startseite\",\"item\":\"https:\/\/www.secumar.com\/fr\/\"},{\"@type\":\"ListItem\",\"position\":2,\"name\":\"Tous Les Articles\",\"item\":\"https:\/\/www.secumar.com\/fr\/boutique\/\"},{\"@type\":\"ListItem\",\"position\":3,\"name\":\"FURIO\"}]},{\"@type\":\"WebSite\",\"@id\":\"https:\/\/www.secumar.com\/#website\",\"url\":\"https:\/\/www.secumar.com\/\",\"name\":\"SECUMAR\",\"description\":\"Gilets de sauvetage\",\"publisher\":{\"@id\":\"https:\/\/www.secumar.com\/#organization\"},\"potentialAction\":[{\"@type\":\"SearchAction\",\"target\":{\"@type\":\"EntryPoint\",\"urlTemplate\":\"https:\/\/www.secumar.com\/?s={search_term_string}\"},\"query-input\":{\"@type\":\"PropertyValueSpecification\",\"valueRequired\":true,\"valueName\":\"search_term_string\"}}],\"inLanguage\":\"fr-FR\"},{\"@type\":\"Organization\",\"@id\":\"https:\/\/www.secumar.com\/#organization\",\"name\":\"Bernhardt Apparatebau GmbH u. Co.\",\"url\":\"https:\/\/www.secumar.com\/\",\"logo\":{\"@type\":\"ImageObject\",\"inLanguage\":\"fr-FR\",\"@id\":\"https:\/\/www.secumar.com\/#\/schema\/logo\/image\/\",\"url\":\"https:\/\/www.secumar.com\/wp-content\/uploads\/2016\/09\/S-Logo_150px-3.jpg\",\"contentUrl\":\"https:\/\/www.secumar.com\/wp-content\/uploads\/2016\/09\/S-Logo_150px-3.jpg\",\"width\":150,\"height\":150,\"caption\":\"Bernhardt Apparatebau GmbH u. Co.\"},\"image\":{\"@id\":\"https:\/\/www.secumar.com\/#\/schema\/logo\/image\/\"},\"sameAs\":[\"https:\/\/www.facebook.com\/Secumar\/\",\"https:\/\/www.instagram.com\/secumar\/\",\"https:\/\/www.linkedin.com\/company-beta\/8684519\/\",\"https:\/\/www.youtube.com\/user\/BernhardtApparatebau\",\"https:\/\/de.wikipedia.org\/wiki\/Secumar\"]}]}<\/script>\n<!-- \/ Yoast SEO plugin. -->","yoast_head_json":{"title":"FURIO - SECUMAR","robots":{"index":"index","follow":"follow","max-snippet":"max-snippet:-1","max-image-preview":"max-image-preview:large","max-video-preview":"max-video-preview:-1"},"canonical":"https:\/\/www.secumar.com\/fr\/produit\/furio\/","og_locale":"fr_FR","og_type":"article","og_title":"FURIO - SECUMAR","og_description":"Gilet gonflable impact hybride \u00e0 d\u00e9clenchement manuel avec une flottabilit\u00e9 totale de 160N particuli\u00e8rement adapt\u00e9 \u00e0 la pratique du kite-surf et de la voile d\u00e9riveur, en particulier la voile skiff et foiling et le SUP.","og_url":"https:\/\/www.secumar.com\/fr\/produit\/furio\/","og_site_name":"SECUMAR","article_publisher":"https:\/\/www.facebook.com\/Secumar\/","article_modified_time":"2024-02-14T10:59:19+00:00","og_image":[{"width":960,"height":960,"url":"https:\/\/www.secumar.com\/wp-content\/uploads\/2022\/11\/Still-FURIO.jpg","type":"image\/jpeg"}],"twitter_card":"summary_large_image","twitter_misc":{"Dur\u00e9e de lecture estim\u00e9e":"2 minutes"},"schema":{"@context":"https:\/\/schema.org","@graph":[{"@type":"WebPage","@id":"https:\/\/www.secumar.com\/fr\/produit\/furio\/","url":"https:\/\/www.secumar.com\/fr\/produit\/furio\/","name":"FURIO - SECUMAR","isPartOf":{"@id":"https:\/\/www.secumar.com\/#website"},"primaryImageOfPage":{"@id":"https:\/\/www.secumar.com\/fr\/produit\/furio\/#primaryimage"},"image":{"@id":"https:\/\/www.secumar.com\/fr\/produit\/furio\/#primaryimage"},"thumbnailUrl":"https:\/\/www.secumar.com\/wp-content\/uploads\/2022\/11\/Still-FURIO.jpg","datePublished":"2022-04-25T09:00:40+00:00","dateModified":"2024-02-14T10:59:19+00:00","breadcrumb":{"@id":"https:\/\/www.secumar.com\/fr\/produit\/furio\/#breadcrumb"},"inLanguage":"fr-FR","potentialAction":[{"@type":"ReadAction","target":["https:\/\/www.secumar.com\/fr\/produit\/furio\/"]}]},{"@type":"ImageObject","inLanguage":"fr-FR","@id":"https:\/\/www.secumar.com\/fr\/produit\/furio\/#primaryimage","url":"https:\/\/www.secumar.com\/wp-content\/uploads\/2022\/11\/Still-FURIO.jpg","contentUrl":"https:\/\/www.secumar.com\/wp-content\/uploads\/2022\/11\/Still-FURIO.jpg","width":960,"height":960},{"@type":"BreadcrumbList","@id":"https:\/\/www.secumar.com\/fr\/produit\/furio\/#breadcrumb","itemListElement":[{"@type":"ListItem","position":1,"name":"Startseite","item":"https:\/\/www.secumar.com\/fr\/"},{"@type":"ListItem","position":2,"name":"Tous Les Articles","item":"https:\/\/www.secumar.com\/fr\/boutique\/"},{"@type":"ListItem","position":3,"name":"FURIO"}]},{"@type":"WebSite","@id":"https:\/\/www.secumar.com\/#website","url":"https:\/\/www.secumar.com\/","name":"SECUMAR","description":"Gilets de sauvetage","publisher":{"@id":"https:\/\/www.secumar.com\/#organization"},"potentialAction":[{"@type":"SearchAction","target":{"@type":"EntryPoint","urlTemplate":"https:\/\/www.secumar.com\/?s={search_term_string}"},"query-input":{"@type":"PropertyValueSpecification","valueRequired":true,"valueName":"search_term_string"}}],"inLanguage":"fr-FR"},{"@type":"Organization","@id":"https:\/\/www.secumar.com\/#organization","name":"Bernhardt Apparatebau GmbH u. Co.","url":"https:\/\/www.secumar.com\/","logo":{"@type":"ImageObject","inLanguage":"fr-FR","@id":"https:\/\/www.secumar.com\/#\/schema\/logo\/image\/","url":"https:\/\/www.secumar.com\/wp-content\/uploads\/2016\/09\/S-Logo_150px-3.jpg","contentUrl":"https:\/\/www.secumar.com\/wp-content\/uploads\/2016\/09\/S-Logo_150px-3.jpg","width":150,"height":150,"caption":"Bernhardt Apparatebau GmbH u. Co."},"image":{"@id":"https:\/\/www.secumar.com\/#\/schema\/logo\/image\/"},"sameAs":["https:\/\/www.facebook.com\/Secumar\/","https:\/\/www.instagram.com\/secumar\/","https:\/\/www.linkedin.com\/company-beta\/8684519\/","https:\/\/www.youtube.com\/user\/BernhardtApparatebau","https:\/\/de.wikipedia.org\/wiki\/Secumar"]}]}},"_links":{"self":[{"href":"https:\/\/www.secumar.com\/fr\/wp-json\/wp\/v2\/product\/48504","targetHints":{"allow":["GET"]}}],"collection":[{"href":"https:\/\/www.secumar.com\/fr\/wp-json\/wp\/v2\/product"}],"about":[{"href":"https:\/\/www.secumar.com\/fr\/wp-json\/wp\/v2\/types\/product"}],"replies":[{"embeddable":true,"href":"https:\/\/www.secumar.com\/fr\/wp-json\/wp\/v2\/comments?post=48504"}],"version-history":[{"count":11,"href":"https:\/\/www.secumar.com\/fr\/wp-json\/wp\/v2\/product\/48504\/revisions"}],"predecessor-version":[{"id":53086,"href":"https:\/\/www.secumar.com\/fr\/wp-json\/wp\/v2\/product\/48504\/revisions\/53086"}],"wp:featuredmedia":[{"embeddable":true,"href":"https:\/\/www.secumar.com\/fr\/wp-json\/wp\/v2\/media\/49776"}],"wp:attachment":[{"href":"https:\/\/www.secumar.com\/fr\/wp-json\/wp\/v2\/media?parent=48504"}],"wp:term":[{"taxonomy":"product_brand","embeddable":true,"href":"https:\/\/www.secumar.com\/fr\/wp-json\/wp\/v2\/product_brand?post=48504"},{"taxonomy":"product_cat","embeddable":true,"href":"https:\/\/www.secumar.com\/fr\/wp-json\/wp\/v2\/product_cat?post=48504"},{"taxonomy":"product_tag","embeddable":true,"href":"https:\/\/www.secumar.com\/fr\/wp-json\/wp\/v2\/product_tag?post=48504"}],"curies":[{"name":"wp","href":"https:\/\/api.w.org\/{rel}","templated":true}]}}