{"id":43458,"date":"2015-08-12T11:48:34","date_gmt":"2021-02-23T13:54:18","guid":{"rendered":"https:\/\/www.secumar.com\/?post_type=product&#038;p=43458"},"modified":"2023-07-17T11:37:36","modified_gmt":"2023-07-17T09:37:36","slug":"alpha-275-as","status":"publish","type":"product","link":"https:\/\/www.secumar.com\/fr\/produit\/alpha-275-as\/","title":{"rendered":"ALPHA 275 AS"},"content":{"rendered":"<p>Le Secumar ALPHA 275 AS est un gilet professionel compatible avec un harnais de s\u00e9curit\u00e9: dans la partie interne de l&rsquo;enveloppe de protection, un passant pour le harnais est pr\u00e9vu \u00e0 cet effet . Par ailleurs, le gilet est muni d&rsquo;une sangle dorsale renforc\u00e9e et s\u00e9parable ainsi que d&rsquo;une boucle de fermeture \u00ab\u00a0Clic\u00a0\u00bb extr\u00eamement robuste et r\u00e9glable qui fait de lui un \u00e9quipement de protection individuel s\u00fbr.<\/p>\n<p>En particulier d\u00e9velopp\u00e9 pour un usage professionel sur des parcs Offshore-\u00c9oliens ou pour les secours en hauteur, la forme compacte de ce gilet est particuli\u00e8rement un atout offrant une libert\u00e9 de mouvement n\u00e9cessaire pour les travaux en hauteur.<\/p>\n<p>Tous les points d&rsquo;ancrage du dispositif antichute sont alors accessibles rapidement et en toute s\u00e9curit\u00e9 en cas de chute. Un \u00e9metteur de d\u00e9tresse int\u00e9gr\u00e9 est bien visible de l&rsquo;ext\u00e9rieur gr\u00e2ce \u00e0 une fen\u00eatre de contr\u00f4le et, en cas d&rsquo;urgence, il est plac\u00e9 \u00e0 l&rsquo;endroit le plus \u00e9lev\u00e9 possible gr\u00e2ce au flotteur 3D afin de permettre une puissance d&rsquo;\u00e9mission optimale.<\/p>\n<p>Le tissu enduit de l&rsquo;enveloppe de protection ext\u00e9rieure est particuli\u00e8rement r\u00e9sistant \u00e0 la d\u00e9chirure et \u00e0 l&rsquo;abrasion, ce qui le rend adapt\u00e9 aux conditions de travail difficiles.<\/p>\n<p>Tour de poitrine jusqu&rsquo;\u00e0 175 cm.<\/p>\n","protected":false},"excerpt":{"rendered":"<p>Gilet de sauvetage 275N-SOLAS de haute technologie avec double homologation selon SOLAS (MED) et DIN EN ISO 12402-2 (marquage CE).<\/p>\n<p>Le mod\u00e8le sp\u00e9cial pour le travail en hauteur!! Ce gilet de sauvetage particuli\u00e8rement r\u00e9sistant offre, en combinaison avec le dispositif antichute et la balise de d\u00e9tresse, un syst\u00e8me d&rsquo;EPI coordonn\u00e9, test\u00e9 et certifi\u00e9.<\/p>\n","protected":false},"featured_media":18855,"comment_status":"closed","ping_status":"closed","template":"","meta":{"_acf_changed":false,"_searchwp_excluded":"","editor_plus_copied_stylings":"{}","footnotes":"","_links_to":"","_links_to_target":""},"product_brand":[],"product_cat":[734,738,744,2362],"product_tag":[],"class_list":{"0":"post-43458","1":"product","2":"type-product","3":"status-publish","4":"has-post-thumbnail","6":"product_cat-sauvetage-hauteur-eolienne-offshore-fr","7":"product_cat-navigation-maritime-solas","8":"product_cat-gilets-de-sauvetage-gonflables-industrie-fr","9":"product_cat-catalogue","10":"pa_auftrieb-290-n-fr","11":"pa_auftriebsklasse-ce-275-n-fr","12":"pa_bergegurt-oui","13":"pa_ce-ce-fr-2","14":"pa_ce-solas-fr","15":"pa_co2-patrone-60-g-co2-dock-fr","16":"pa_fenster-oui","17":"pa_harness-non","18":"pa_notlicht-oui","19":"pa_schrittgurt-en-option","20":"pa_sendervorbereitung-easyrescue-fr","21":"pa_sk-form-3d-fr-2","22":"pa_spraycap-oui","23":"pa_verschluss-boucle-de-fermeture-frontale-click","25":"first","26":"outofstock","27":"product-type-simple"},"acf":[],"yoast_head":"<!-- This site is optimized with the Yoast SEO plugin v24.6 - https:\/\/yoast.com\/wordpress\/plugins\/seo\/ -->\n<title>ALPHA 275 AS - SECUMAR<\/title>\n<meta name=\"robots\" content=\"index, follow, max-snippet:-1, max-image-preview:large, max-video-preview:-1\" \/>\n<link rel=\"canonical\" href=\"https:\/\/www.secumar.com\/fr\/produit\/alpha-275-as\/\" \/>\n<meta property=\"og:locale\" content=\"fr_FR\" \/>\n<meta property=\"og:type\" content=\"article\" \/>\n<meta property=\"og:title\" content=\"ALPHA 275 AS - SECUMAR\" \/>\n<meta property=\"og:description\" content=\"Gilet de sauvetage 275N-SOLAS de haute technologie avec double homologation selon SOLAS (MED) et DIN EN ISO 12402-2 (marquage CE).  Le mod\u00e8le sp\u00e9cial pour le travail en hauteur!! Ce gilet de sauvetage particuli\u00e8rement r\u00e9sistant offre, en combinaison avec le dispositif antichute et la balise de d\u00e9tresse, un syst\u00e8me d&#039;EPI coordonn\u00e9, test\u00e9 et certifi\u00e9.\" \/>\n<meta property=\"og:url\" content=\"https:\/\/www.secumar.com\/fr\/produit\/alpha-275-as\/\" \/>\n<meta property=\"og:site_name\" content=\"SECUMAR\" \/>\n<meta property=\"article:publisher\" content=\"https:\/\/www.facebook.com\/Secumar\/\" \/>\n<meta property=\"article:modified_time\" content=\"2023-07-17T09:37:36+00:00\" \/>\n<meta property=\"og:image\" content=\"https:\/\/www.secumar.com\/wp-content\/uploads\/2015\/08\/Alpha-275-AS.jpg\" \/>\n\t<meta property=\"og:image:width\" content=\"900\" \/>\n\t<meta property=\"og:image:height\" content=\"900\" \/>\n\t<meta property=\"og:image:type\" content=\"image\/jpeg\" \/>\n<meta name=\"twitter:card\" content=\"summary_large_image\" \/>\n<meta name=\"twitter:label1\" content=\"Dur\u00e9e de lecture estim\u00e9e\" \/>\n\t<meta name=\"twitter:data1\" content=\"2 minutes\" \/>\n<script type=\"application\/ld+json\" class=\"yoast-schema-graph\">{\"@context\":\"https:\/\/schema.org\",\"@graph\":[{\"@type\":\"WebPage\",\"@id\":\"https:\/\/www.secumar.com\/fr\/produit\/alpha-275-as\/\",\"url\":\"https:\/\/www.secumar.com\/fr\/produit\/alpha-275-as\/\",\"name\":\"ALPHA 275 AS - SECUMAR\",\"isPartOf\":{\"@id\":\"https:\/\/www.secumar.com\/#website\"},\"primaryImageOfPage\":{\"@id\":\"https:\/\/www.secumar.com\/fr\/produit\/alpha-275-as\/#primaryimage\"},\"image\":{\"@id\":\"https:\/\/www.secumar.com\/fr\/produit\/alpha-275-as\/#primaryimage\"},\"thumbnailUrl\":\"https:\/\/www.secumar.com\/wp-content\/uploads\/2015\/08\/Alpha-275-AS.jpg\",\"datePublished\":\"2021-02-23T13:54:18+00:00\",\"dateModified\":\"2023-07-17T09:37:36+00:00\",\"breadcrumb\":{\"@id\":\"https:\/\/www.secumar.com\/fr\/produit\/alpha-275-as\/#breadcrumb\"},\"inLanguage\":\"fr-FR\",\"potentialAction\":[{\"@type\":\"ReadAction\",\"target\":[\"https:\/\/www.secumar.com\/fr\/produit\/alpha-275-as\/\"]}]},{\"@type\":\"ImageObject\",\"inLanguage\":\"fr-FR\",\"@id\":\"https:\/\/www.secumar.com\/fr\/produit\/alpha-275-as\/#primaryimage\",\"url\":\"https:\/\/www.secumar.com\/wp-content\/uploads\/2015\/08\/Alpha-275-AS.jpg\",\"contentUrl\":\"https:\/\/www.secumar.com\/wp-content\/uploads\/2015\/08\/Alpha-275-AS.jpg\",\"width\":900,\"height\":900,\"caption\":\"Alpha 275 AS SOLAS\"},{\"@type\":\"BreadcrumbList\",\"@id\":\"https:\/\/www.secumar.com\/fr\/produit\/alpha-275-as\/#breadcrumb\",\"itemListElement\":[{\"@type\":\"ListItem\",\"position\":1,\"name\":\"Startseite\",\"item\":\"https:\/\/www.secumar.com\/fr\/\"},{\"@type\":\"ListItem\",\"position\":2,\"name\":\"Tous Les Articles\",\"item\":\"https:\/\/www.secumar.com\/fr\/boutique\/\"},{\"@type\":\"ListItem\",\"position\":3,\"name\":\"ALPHA 275 AS\"}]},{\"@type\":\"WebSite\",\"@id\":\"https:\/\/www.secumar.com\/#website\",\"url\":\"https:\/\/www.secumar.com\/\",\"name\":\"SECUMAR\",\"description\":\"Gilets de sauvetage\",\"publisher\":{\"@id\":\"https:\/\/www.secumar.com\/#organization\"},\"potentialAction\":[{\"@type\":\"SearchAction\",\"target\":{\"@type\":\"EntryPoint\",\"urlTemplate\":\"https:\/\/www.secumar.com\/?s={search_term_string}\"},\"query-input\":{\"@type\":\"PropertyValueSpecification\",\"valueRequired\":true,\"valueName\":\"search_term_string\"}}],\"inLanguage\":\"fr-FR\"},{\"@type\":\"Organization\",\"@id\":\"https:\/\/www.secumar.com\/#organization\",\"name\":\"Bernhardt Apparatebau GmbH u. Co.\",\"url\":\"https:\/\/www.secumar.com\/\",\"logo\":{\"@type\":\"ImageObject\",\"inLanguage\":\"fr-FR\",\"@id\":\"https:\/\/www.secumar.com\/#\/schema\/logo\/image\/\",\"url\":\"https:\/\/www.secumar.com\/wp-content\/uploads\/2016\/09\/S-Logo_150px-3.jpg\",\"contentUrl\":\"https:\/\/www.secumar.com\/wp-content\/uploads\/2016\/09\/S-Logo_150px-3.jpg\",\"width\":150,\"height\":150,\"caption\":\"Bernhardt Apparatebau GmbH u. Co.\"},\"image\":{\"@id\":\"https:\/\/www.secumar.com\/#\/schema\/logo\/image\/\"},\"sameAs\":[\"https:\/\/www.facebook.com\/Secumar\/\",\"https:\/\/www.instagram.com\/secumar\/\",\"https:\/\/www.linkedin.com\/company-beta\/8684519\/\",\"https:\/\/www.youtube.com\/user\/BernhardtApparatebau\",\"https:\/\/de.wikipedia.org\/wiki\/Secumar\"]}]}<\/script>\n<!-- \/ Yoast SEO plugin. -->","yoast_head_json":{"title":"ALPHA 275 AS - SECUMAR","robots":{"index":"index","follow":"follow","max-snippet":"max-snippet:-1","max-image-preview":"max-image-preview:large","max-video-preview":"max-video-preview:-1"},"canonical":"https:\/\/www.secumar.com\/fr\/produit\/alpha-275-as\/","og_locale":"fr_FR","og_type":"article","og_title":"ALPHA 275 AS - SECUMAR","og_description":"Gilet de sauvetage 275N-SOLAS de haute technologie avec double homologation selon SOLAS (MED) et DIN EN ISO 12402-2 (marquage CE).  Le mod\u00e8le sp\u00e9cial pour le travail en hauteur!! Ce gilet de sauvetage particuli\u00e8rement r\u00e9sistant offre, en combinaison avec le dispositif antichute et la balise de d\u00e9tresse, un syst\u00e8me d'EPI coordonn\u00e9, test\u00e9 et certifi\u00e9.","og_url":"https:\/\/www.secumar.com\/fr\/produit\/alpha-275-as\/","og_site_name":"SECUMAR","article_publisher":"https:\/\/www.facebook.com\/Secumar\/","article_modified_time":"2023-07-17T09:37:36+00:00","og_image":[{"width":900,"height":900,"url":"https:\/\/www.secumar.com\/wp-content\/uploads\/2015\/08\/Alpha-275-AS.jpg","type":"image\/jpeg"}],"twitter_card":"summary_large_image","twitter_misc":{"Dur\u00e9e de lecture estim\u00e9e":"2 minutes"},"schema":{"@context":"https:\/\/schema.org","@graph":[{"@type":"WebPage","@id":"https:\/\/www.secumar.com\/fr\/produit\/alpha-275-as\/","url":"https:\/\/www.secumar.com\/fr\/produit\/alpha-275-as\/","name":"ALPHA 275 AS - SECUMAR","isPartOf":{"@id":"https:\/\/www.secumar.com\/#website"},"primaryImageOfPage":{"@id":"https:\/\/www.secumar.com\/fr\/produit\/alpha-275-as\/#primaryimage"},"image":{"@id":"https:\/\/www.secumar.com\/fr\/produit\/alpha-275-as\/#primaryimage"},"thumbnailUrl":"https:\/\/www.secumar.com\/wp-content\/uploads\/2015\/08\/Alpha-275-AS.jpg","datePublished":"2021-02-23T13:54:18+00:00","dateModified":"2023-07-17T09:37:36+00:00","breadcrumb":{"@id":"https:\/\/www.secumar.com\/fr\/produit\/alpha-275-as\/#breadcrumb"},"inLanguage":"fr-FR","potentialAction":[{"@type":"ReadAction","target":["https:\/\/www.secumar.com\/fr\/produit\/alpha-275-as\/"]}]},{"@type":"ImageObject","inLanguage":"fr-FR","@id":"https:\/\/www.secumar.com\/fr\/produit\/alpha-275-as\/#primaryimage","url":"https:\/\/www.secumar.com\/wp-content\/uploads\/2015\/08\/Alpha-275-AS.jpg","contentUrl":"https:\/\/www.secumar.com\/wp-content\/uploads\/2015\/08\/Alpha-275-AS.jpg","width":900,"height":900,"caption":"Alpha 275 AS SOLAS"},{"@type":"BreadcrumbList","@id":"https:\/\/www.secumar.com\/fr\/produit\/alpha-275-as\/#breadcrumb","itemListElement":[{"@type":"ListItem","position":1,"name":"Startseite","item":"https:\/\/www.secumar.com\/fr\/"},{"@type":"ListItem","position":2,"name":"Tous Les Articles","item":"https:\/\/www.secumar.com\/fr\/boutique\/"},{"@type":"ListItem","position":3,"name":"ALPHA 275 AS"}]},{"@type":"WebSite","@id":"https:\/\/www.secumar.com\/#website","url":"https:\/\/www.secumar.com\/","name":"SECUMAR","description":"Gilets de sauvetage","publisher":{"@id":"https:\/\/www.secumar.com\/#organization"},"potentialAction":[{"@type":"SearchAction","target":{"@type":"EntryPoint","urlTemplate":"https:\/\/www.secumar.com\/?s={search_term_string}"},"query-input":{"@type":"PropertyValueSpecification","valueRequired":true,"valueName":"search_term_string"}}],"inLanguage":"fr-FR"},{"@type":"Organization","@id":"https:\/\/www.secumar.com\/#organization","name":"Bernhardt Apparatebau GmbH u. Co.","url":"https:\/\/www.secumar.com\/","logo":{"@type":"ImageObject","inLanguage":"fr-FR","@id":"https:\/\/www.secumar.com\/#\/schema\/logo\/image\/","url":"https:\/\/www.secumar.com\/wp-content\/uploads\/2016\/09\/S-Logo_150px-3.jpg","contentUrl":"https:\/\/www.secumar.com\/wp-content\/uploads\/2016\/09\/S-Logo_150px-3.jpg","width":150,"height":150,"caption":"Bernhardt Apparatebau GmbH u. Co."},"image":{"@id":"https:\/\/www.secumar.com\/#\/schema\/logo\/image\/"},"sameAs":["https:\/\/www.facebook.com\/Secumar\/","https:\/\/www.instagram.com\/secumar\/","https:\/\/www.linkedin.com\/company-beta\/8684519\/","https:\/\/www.youtube.com\/user\/BernhardtApparatebau","https:\/\/de.wikipedia.org\/wiki\/Secumar"]}]}},"_links":{"self":[{"href":"https:\/\/www.secumar.com\/fr\/wp-json\/wp\/v2\/product\/43458","targetHints":{"allow":["GET"]}}],"collection":[{"href":"https:\/\/www.secumar.com\/fr\/wp-json\/wp\/v2\/product"}],"about":[{"href":"https:\/\/www.secumar.com\/fr\/wp-json\/wp\/v2\/types\/product"}],"replies":[{"embeddable":true,"href":"https:\/\/www.secumar.com\/fr\/wp-json\/wp\/v2\/comments?post=43458"}],"version-history":[{"count":11,"href":"https:\/\/www.secumar.com\/fr\/wp-json\/wp\/v2\/product\/43458\/revisions"}],"predecessor-version":[{"id":51861,"href":"https:\/\/www.secumar.com\/fr\/wp-json\/wp\/v2\/product\/43458\/revisions\/51861"}],"wp:featuredmedia":[{"embeddable":true,"href":"https:\/\/www.secumar.com\/fr\/wp-json\/wp\/v2\/media\/18855"}],"wp:attachment":[{"href":"https:\/\/www.secumar.com\/fr\/wp-json\/wp\/v2\/media?parent=43458"}],"wp:term":[{"taxonomy":"product_brand","embeddable":true,"href":"https:\/\/www.secumar.com\/fr\/wp-json\/wp\/v2\/product_brand?post=43458"},{"taxonomy":"product_cat","embeddable":true,"href":"https:\/\/www.secumar.com\/fr\/wp-json\/wp\/v2\/product_cat?post=43458"},{"taxonomy":"product_tag","embeddable":true,"href":"https:\/\/www.secumar.com\/fr\/wp-json\/wp\/v2\/product_tag?post=43458"}],"curies":[{"name":"wp","href":"https:\/\/api.w.org\/{rel}","templated":true}]}}