{"id":42464,"date":"2019-12-05T17:05:54","date_gmt":"2020-09-22T09:43:47","guid":{"rendered":"https:\/\/www.secumar.com\/?post_type=product&#038;p=42464"},"modified":"2020-09-22T11:43:54","modified_gmt":"2020-09-22T09:43:54","slug":"balise-de-detresse-ais-et-asn-easyrescue-pro-3","status":"publish","type":"product","link":"https:\/\/www.secumar.com\/fr\/produit\/balise-de-detresse-ais-et-asn-easyrescue-pro-3\/","title":{"rendered":"Balise de d\u00e9tresse AIS- et ASN easyRESCUE-PRO 3"},"content":{"rendered":"<div class=\"sec_single_product_information_description\">\n<p>La nouvelle\u00a0balise de d\u00e9tresse\u00a0AIS et DSC easyRESCUE-3 a \u00e9t\u00e9 d\u00e9velopp\u00e9e et perfectionn\u00e9e\u00a0sur la base de la balise \u00a0<a href=\"https:\/\/www.secumar.com\/produit\/easyrescue-a040-bw-com\/\">easyRESCUE (AIS S.A.R.T.)<\/a> certifi\u00e9e SOLAS\u00a0 pour le sauvage\u00a0en mer. En Effet, celle-ci poss\u00e8de en plus\u00a0le module Bluetooth ainsi qu&rsquo;un syst\u00e8me d&rsquo;alarme DSC\u00a0\u201edistress call\u201c (MOB).<\/p>\n<p>Der AIS- und DSC-Seenotsender easyRESCUE-PRO 3 ist eine Weiterentwicklung aus dem f\u00fcr die Seenotrettung zugelassenen und nach SOLAS zertifiziertem <a href=\"https:\/\/www.secumar.com\/produkt\/easyrescue-pro-a040-pro\/\">easyRESCUE-PRO (BT) (AIS S.A.R.T.)<\/a>. Der easyRESCUE-PRO 3 verf\u00fcgt jedoch neben einem Bluetooth-Modul sowie \u00fcber die Alarmierungs-Technologie DSC \u201edistress call\u201c (MOB) noch \u00fcber eine 121,5 MHz-Homing-Funktion (Peilsender).<\/p>\n<p>Durch die verwendete DSC-Funktionalit\u00e4t ist es somit auch f\u00fcr Schiffe, die lediglich einen DSC-Controller an Bord haben, m\u00f6glich, das Notsignal eines Verungl\u00fcckten zu empfangen und dessen augenblickliche Position zu erfahren. Hierdurch wird die Anzahl von potentiellen Ersthelfern f\u00fcr das \u201eMensch-\u00fcber-Bord\u201c-Opfer deutlich erh\u00f6ht und damit nat\u00fcrlich auch seine \u00dcberlebenschance.<\/p>\n<p>Zus\u00e4tzlich zu AIS und DSC erfolgt die Aussendung eines 121.5 MHz-Signals. Dieses Homing-Signal kann von den offiziellen Rettungsorganisationen empfangen und angepeilt werden.<\/p>\n<p>Der easyRESCUE-PRO 3 verf\u00fcgt \u00fcber ein integriertes Bluetooth \u2013 LE Modul. Dies erm\u00f6glicht eine einfache und schnelle Programmierung der bis zu 8 verschiedenen MMSI-Nummern in den Rettungssender.<\/p>\n<p>&nbsp;<\/p>\n<h3>Zulassung<\/h3>\n<p>Der easyRESCUE (AIS S.A.R.T.) ist zugelassen durch das BSH (Bundesamt f\u00fcr Seefahrt und Hydrographie), gem\u00e4\u00df den internationalen Bestimmungen f\u00fcr die Berufsschifffahrt (SOLAS), von der US Zulassungsbeh\u00f6rde FCC und von der United States Coast Guard. Mit diesen Zertifizierungen\u00a0 ist der easyRESCUE als AIS S.A.R.T. in dieser Bauform weltweit einzigartig. Der im easyRESCUE-PRO enthaltende DSC-Sender und Empf\u00e4nger erf\u00fcllt die Norm EN 301 025 (Class D) und entspricht der RTCM 11901.1. Er ist damit auch Teil des <a href=\"https:\/\/de.wikipedia.org\/wiki\/Global_Maritime_Distress_and_Safety_System\" target=\"_blank\" rel=\"noopener noreferrer\">GMDSS<\/a>.<\/p>\n<p>&nbsp;<\/p>\n<h3>Kompatibilit\u00e4t<\/h3>\n<p>Der Seenotsender easyRESCUE-PRO 3 kann in folgende SECUMAR Rettungswesten integriert werden:<\/p>\n<ul>\n<li><a href=\"https:\/\/www.secumar.com\/produkt\/scout-275-3d\/\">Scout 275 3D<\/a>,<\/li>\n<li><a href=\"https:\/\/www.secumar.com\/produkt\/survival-275-duo-protect\/\">Survival 275 Duo Protect<\/a>,<\/li>\n<li><a href=\"https:\/\/www.secumar.com\/produkt\/survival-275\/\">Survival 275<\/a>,<\/li>\n<li><a href=\"https:\/\/www.secumar.com\/produkt\/survival-220\/\">Survival 220<\/a>,<\/li>\n<li><a href=\"https:\/\/www.secumar.com\/produkt\/alpha-275-x\/\">ALPHA 275 X<\/a>,<\/li>\n<li><a href=\"https:\/\/www.secumar.com\/produkt\/alpha-275-as\/\">ALPHA AS<\/a>,<\/li>\n<li><a href=\"https:\/\/www.secumar.com\/produkt\/alpha-275-3d-twz-twin\/\">ALPHA 275 3D SOLAS<\/a>.<\/li>\n<\/ul>\n<\/div>\n","protected":false},"excerpt":{"rendered":"<p>Seenotsender easyRESCUE-PRO 3 mit AIS-, DSC- und 121.5 MHz-Homing-Funktion sowie Bluetooth-Modul. Integrierbar in die Scout 3D, die Survival-Serie sowie in verschiedene Modelle der ALPHA 275 3D Familie.<\/p>\n","protected":false},"featured_media":41498,"comment_status":"closed","ping_status":"closed","template":"","meta":{"_acf_changed":false,"_searchwp_excluded":"","editor_plus_copied_stylings":"{}","footnotes":"","_links_to":"","_links_to_target":""},"product_brand":[],"product_cat":[755,2531],"product_tag":[],"class_list":{"0":"post-42464","1":"product","2":"type-product","3":"status-publish","4":"has-post-thumbnail","6":"product_cat-accessoires","7":"product_cat-accessoires-fr","8":"pa_ce-ce-fr-2","9":"pa_ce-rtte-fr","10":"pa_ce-solas-fr","11":"pa_temperaturspanne-20-c-a-55-c","13":"first","14":"instock","15":"taxable","16":"shipping-taxable","17":"purchasable","18":"product-type-simple"},"acf":[],"yoast_head":"<!-- This site is optimized with the Yoast SEO plugin v24.6 - https:\/\/yoast.com\/wordpress\/plugins\/seo\/ -->\n<title>Balise de d\u00e9tresse AIS- et ASN easyRESCUE-PRO 3 - SECUMAR<\/title>\n<meta name=\"robots\" content=\"index, follow, max-snippet:-1, max-image-preview:large, max-video-preview:-1\" \/>\n<link rel=\"canonical\" href=\"https:\/\/www.secumar.com\/fr\/produit\/balise-de-detresse-ais-et-asn-easyrescue-pro-3\/\" \/>\n<meta property=\"og:locale\" content=\"fr_FR\" \/>\n<meta property=\"og:type\" content=\"article\" \/>\n<meta property=\"og:title\" content=\"Balise de d\u00e9tresse AIS- et ASN easyRESCUE-PRO 3 - SECUMAR\" \/>\n<meta property=\"og:description\" content=\"Seenotsender easyRESCUE-PRO 3 mit AIS-, DSC- und 121.5 MHz-Homing-Funktion sowie Bluetooth-Modul. Integrierbar in die Scout 3D, die Survival-Serie sowie in verschiedene Modelle der ALPHA 275 3D Familie.\" \/>\n<meta property=\"og:url\" content=\"https:\/\/www.secumar.com\/fr\/produit\/balise-de-detresse-ais-et-asn-easyrescue-pro-3\/\" \/>\n<meta property=\"og:site_name\" content=\"SECUMAR\" \/>\n<meta property=\"article:publisher\" content=\"https:\/\/www.facebook.com\/Secumar\/\" \/>\n<meta property=\"article:modified_time\" content=\"2020-09-22T09:43:54+00:00\" \/>\n<meta property=\"og:image\" content=\"https:\/\/www.secumar.com\/wp-content\/uploads\/2019\/12\/easyRESCUE-PRO3.jpg\" \/>\n\t<meta property=\"og:image:width\" content=\"900\" \/>\n\t<meta property=\"og:image:height\" content=\"900\" \/>\n\t<meta property=\"og:image:type\" content=\"image\/jpeg\" \/>\n<meta name=\"twitter:card\" content=\"summary_large_image\" \/>\n<meta name=\"twitter:label1\" content=\"Dur\u00e9e de lecture estim\u00e9e\" \/>\n\t<meta name=\"twitter:data1\" content=\"2 minutes\" \/>\n<script type=\"application\/ld+json\" class=\"yoast-schema-graph\">{\"@context\":\"https:\/\/schema.org\",\"@graph\":[{\"@type\":\"WebPage\",\"@id\":\"https:\/\/www.secumar.com\/fr\/produit\/balise-de-detresse-ais-et-asn-easyrescue-pro-3\/\",\"url\":\"https:\/\/www.secumar.com\/fr\/produit\/balise-de-detresse-ais-et-asn-easyrescue-pro-3\/\",\"name\":\"Balise de d\u00e9tresse AIS- et ASN easyRESCUE-PRO 3 - SECUMAR\",\"isPartOf\":{\"@id\":\"https:\/\/www.secumar.com\/#website\"},\"primaryImageOfPage\":{\"@id\":\"https:\/\/www.secumar.com\/fr\/produit\/balise-de-detresse-ais-et-asn-easyrescue-pro-3\/#primaryimage\"},\"image\":{\"@id\":\"https:\/\/www.secumar.com\/fr\/produit\/balise-de-detresse-ais-et-asn-easyrescue-pro-3\/#primaryimage\"},\"thumbnailUrl\":\"https:\/\/www.secumar.com\/wp-content\/uploads\/2019\/12\/easyRESCUE-PRO3.jpg\",\"datePublished\":\"2020-09-22T09:43:47+00:00\",\"dateModified\":\"2020-09-22T09:43:54+00:00\",\"breadcrumb\":{\"@id\":\"https:\/\/www.secumar.com\/fr\/produit\/balise-de-detresse-ais-et-asn-easyrescue-pro-3\/#breadcrumb\"},\"inLanguage\":\"fr-FR\",\"potentialAction\":[{\"@type\":\"ReadAction\",\"target\":[\"https:\/\/www.secumar.com\/fr\/produit\/balise-de-detresse-ais-et-asn-easyrescue-pro-3\/\"]}]},{\"@type\":\"ImageObject\",\"inLanguage\":\"fr-FR\",\"@id\":\"https:\/\/www.secumar.com\/fr\/produit\/balise-de-detresse-ais-et-asn-easyrescue-pro-3\/#primaryimage\",\"url\":\"https:\/\/www.secumar.com\/wp-content\/uploads\/2019\/12\/easyRESCUE-PRO3.jpg\",\"contentUrl\":\"https:\/\/www.secumar.com\/wp-content\/uploads\/2019\/12\/easyRESCUE-PRO3.jpg\",\"width\":900,\"height\":900,\"caption\":\"AIS-, DSC- und Peil-Seenotsender\"},{\"@type\":\"BreadcrumbList\",\"@id\":\"https:\/\/www.secumar.com\/fr\/produit\/balise-de-detresse-ais-et-asn-easyrescue-pro-3\/#breadcrumb\",\"itemListElement\":[{\"@type\":\"ListItem\",\"position\":1,\"name\":\"Startseite\",\"item\":\"https:\/\/www.secumar.com\/fr\/\"},{\"@type\":\"ListItem\",\"position\":2,\"name\":\"Tous Les Articles\",\"item\":\"https:\/\/www.secumar.com\/fr\/boutique\/\"},{\"@type\":\"ListItem\",\"position\":3,\"name\":\"Balise de d\u00e9tresse AIS- et ASN easyRESCUE-PRO 3\"}]},{\"@type\":\"WebSite\",\"@id\":\"https:\/\/www.secumar.com\/#website\",\"url\":\"https:\/\/www.secumar.com\/\",\"name\":\"SECUMAR\",\"description\":\"Gilets de sauvetage\",\"publisher\":{\"@id\":\"https:\/\/www.secumar.com\/#organization\"},\"potentialAction\":[{\"@type\":\"SearchAction\",\"target\":{\"@type\":\"EntryPoint\",\"urlTemplate\":\"https:\/\/www.secumar.com\/?s={search_term_string}\"},\"query-input\":{\"@type\":\"PropertyValueSpecification\",\"valueRequired\":true,\"valueName\":\"search_term_string\"}}],\"inLanguage\":\"fr-FR\"},{\"@type\":\"Organization\",\"@id\":\"https:\/\/www.secumar.com\/#organization\",\"name\":\"Bernhardt Apparatebau GmbH u. Co.\",\"url\":\"https:\/\/www.secumar.com\/\",\"logo\":{\"@type\":\"ImageObject\",\"inLanguage\":\"fr-FR\",\"@id\":\"https:\/\/www.secumar.com\/#\/schema\/logo\/image\/\",\"url\":\"https:\/\/www.secumar.com\/wp-content\/uploads\/2016\/09\/S-Logo_150px-3.jpg\",\"contentUrl\":\"https:\/\/www.secumar.com\/wp-content\/uploads\/2016\/09\/S-Logo_150px-3.jpg\",\"width\":150,\"height\":150,\"caption\":\"Bernhardt Apparatebau GmbH u. Co.\"},\"image\":{\"@id\":\"https:\/\/www.secumar.com\/#\/schema\/logo\/image\/\"},\"sameAs\":[\"https:\/\/www.facebook.com\/Secumar\/\",\"https:\/\/www.instagram.com\/secumar\/\",\"https:\/\/www.linkedin.com\/company-beta\/8684519\/\",\"https:\/\/www.youtube.com\/user\/BernhardtApparatebau\",\"https:\/\/de.wikipedia.org\/wiki\/Secumar\"]}]}<\/script>\n<!-- \/ Yoast SEO plugin. -->","yoast_head_json":{"title":"Balise de d\u00e9tresse AIS- et ASN easyRESCUE-PRO 3 - SECUMAR","robots":{"index":"index","follow":"follow","max-snippet":"max-snippet:-1","max-image-preview":"max-image-preview:large","max-video-preview":"max-video-preview:-1"},"canonical":"https:\/\/www.secumar.com\/fr\/produit\/balise-de-detresse-ais-et-asn-easyrescue-pro-3\/","og_locale":"fr_FR","og_type":"article","og_title":"Balise de d\u00e9tresse AIS- et ASN easyRESCUE-PRO 3 - SECUMAR","og_description":"Seenotsender easyRESCUE-PRO 3 mit AIS-, DSC- und 121.5 MHz-Homing-Funktion sowie Bluetooth-Modul. Integrierbar in die Scout 3D, die Survival-Serie sowie in verschiedene Modelle der ALPHA 275 3D Familie.","og_url":"https:\/\/www.secumar.com\/fr\/produit\/balise-de-detresse-ais-et-asn-easyrescue-pro-3\/","og_site_name":"SECUMAR","article_publisher":"https:\/\/www.facebook.com\/Secumar\/","article_modified_time":"2020-09-22T09:43:54+00:00","og_image":[{"width":900,"height":900,"url":"https:\/\/www.secumar.com\/wp-content\/uploads\/2019\/12\/easyRESCUE-PRO3.jpg","type":"image\/jpeg"}],"twitter_card":"summary_large_image","twitter_misc":{"Dur\u00e9e de lecture estim\u00e9e":"2 minutes"},"schema":{"@context":"https:\/\/schema.org","@graph":[{"@type":"WebPage","@id":"https:\/\/www.secumar.com\/fr\/produit\/balise-de-detresse-ais-et-asn-easyrescue-pro-3\/","url":"https:\/\/www.secumar.com\/fr\/produit\/balise-de-detresse-ais-et-asn-easyrescue-pro-3\/","name":"Balise de d\u00e9tresse AIS- et ASN easyRESCUE-PRO 3 - SECUMAR","isPartOf":{"@id":"https:\/\/www.secumar.com\/#website"},"primaryImageOfPage":{"@id":"https:\/\/www.secumar.com\/fr\/produit\/balise-de-detresse-ais-et-asn-easyrescue-pro-3\/#primaryimage"},"image":{"@id":"https:\/\/www.secumar.com\/fr\/produit\/balise-de-detresse-ais-et-asn-easyrescue-pro-3\/#primaryimage"},"thumbnailUrl":"https:\/\/www.secumar.com\/wp-content\/uploads\/2019\/12\/easyRESCUE-PRO3.jpg","datePublished":"2020-09-22T09:43:47+00:00","dateModified":"2020-09-22T09:43:54+00:00","breadcrumb":{"@id":"https:\/\/www.secumar.com\/fr\/produit\/balise-de-detresse-ais-et-asn-easyrescue-pro-3\/#breadcrumb"},"inLanguage":"fr-FR","potentialAction":[{"@type":"ReadAction","target":["https:\/\/www.secumar.com\/fr\/produit\/balise-de-detresse-ais-et-asn-easyrescue-pro-3\/"]}]},{"@type":"ImageObject","inLanguage":"fr-FR","@id":"https:\/\/www.secumar.com\/fr\/produit\/balise-de-detresse-ais-et-asn-easyrescue-pro-3\/#primaryimage","url":"https:\/\/www.secumar.com\/wp-content\/uploads\/2019\/12\/easyRESCUE-PRO3.jpg","contentUrl":"https:\/\/www.secumar.com\/wp-content\/uploads\/2019\/12\/easyRESCUE-PRO3.jpg","width":900,"height":900,"caption":"AIS-, DSC- und Peil-Seenotsender"},{"@type":"BreadcrumbList","@id":"https:\/\/www.secumar.com\/fr\/produit\/balise-de-detresse-ais-et-asn-easyrescue-pro-3\/#breadcrumb","itemListElement":[{"@type":"ListItem","position":1,"name":"Startseite","item":"https:\/\/www.secumar.com\/fr\/"},{"@type":"ListItem","position":2,"name":"Tous Les Articles","item":"https:\/\/www.secumar.com\/fr\/boutique\/"},{"@type":"ListItem","position":3,"name":"Balise de d\u00e9tresse AIS- et ASN easyRESCUE-PRO 3"}]},{"@type":"WebSite","@id":"https:\/\/www.secumar.com\/#website","url":"https:\/\/www.secumar.com\/","name":"SECUMAR","description":"Gilets de sauvetage","publisher":{"@id":"https:\/\/www.secumar.com\/#organization"},"potentialAction":[{"@type":"SearchAction","target":{"@type":"EntryPoint","urlTemplate":"https:\/\/www.secumar.com\/?s={search_term_string}"},"query-input":{"@type":"PropertyValueSpecification","valueRequired":true,"valueName":"search_term_string"}}],"inLanguage":"fr-FR"},{"@type":"Organization","@id":"https:\/\/www.secumar.com\/#organization","name":"Bernhardt Apparatebau GmbH u. Co.","url":"https:\/\/www.secumar.com\/","logo":{"@type":"ImageObject","inLanguage":"fr-FR","@id":"https:\/\/www.secumar.com\/#\/schema\/logo\/image\/","url":"https:\/\/www.secumar.com\/wp-content\/uploads\/2016\/09\/S-Logo_150px-3.jpg","contentUrl":"https:\/\/www.secumar.com\/wp-content\/uploads\/2016\/09\/S-Logo_150px-3.jpg","width":150,"height":150,"caption":"Bernhardt Apparatebau GmbH u. Co."},"image":{"@id":"https:\/\/www.secumar.com\/#\/schema\/logo\/image\/"},"sameAs":["https:\/\/www.facebook.com\/Secumar\/","https:\/\/www.instagram.com\/secumar\/","https:\/\/www.linkedin.com\/company-beta\/8684519\/","https:\/\/www.youtube.com\/user\/BernhardtApparatebau","https:\/\/de.wikipedia.org\/wiki\/Secumar"]}]}},"_links":{"self":[{"href":"https:\/\/www.secumar.com\/fr\/wp-json\/wp\/v2\/product\/42464","targetHints":{"allow":["GET"]}}],"collection":[{"href":"https:\/\/www.secumar.com\/fr\/wp-json\/wp\/v2\/product"}],"about":[{"href":"https:\/\/www.secumar.com\/fr\/wp-json\/wp\/v2\/types\/product"}],"replies":[{"embeddable":true,"href":"https:\/\/www.secumar.com\/fr\/wp-json\/wp\/v2\/comments?post=42464"}],"version-history":[{"count":1,"href":"https:\/\/www.secumar.com\/fr\/wp-json\/wp\/v2\/product\/42464\/revisions"}],"predecessor-version":[{"id":42465,"href":"https:\/\/www.secumar.com\/fr\/wp-json\/wp\/v2\/product\/42464\/revisions\/42465"}],"wp:featuredmedia":[{"embeddable":true,"href":"https:\/\/www.secumar.com\/fr\/wp-json\/wp\/v2\/media\/41498"}],"wp:attachment":[{"href":"https:\/\/www.secumar.com\/fr\/wp-json\/wp\/v2\/media?parent=42464"}],"wp:term":[{"taxonomy":"product_brand","embeddable":true,"href":"https:\/\/www.secumar.com\/fr\/wp-json\/wp\/v2\/product_brand?post=42464"},{"taxonomy":"product_cat","embeddable":true,"href":"https:\/\/www.secumar.com\/fr\/wp-json\/wp\/v2\/product_cat?post=42464"},{"taxonomy":"product_tag","embeddable":true,"href":"https:\/\/www.secumar.com\/fr\/wp-json\/wp\/v2\/product_tag?post=42464"}],"curies":[{"name":"wp","href":"https:\/\/api.w.org\/{rel}","templated":true}]}}