{"id":38218,"date":"2015-03-04T23:23:35","date_gmt":"2019-09-19T09:35:45","guid":{"rendered":"https:\/\/www.secumar.com\/?post_type=product&#038;p=38218"},"modified":"2019-09-19T11:35:47","modified_gmt":"2019-09-19T09:35:47","slug":"balise-de-detresse-ais-easyrescue-a040-bw-com","status":"publish","type":"product","link":"https:\/\/www.secumar.com\/fr\/produit\/balise-de-detresse-ais-easyrescue-a040-bw-com\/","title":{"rendered":"Balise de d\u00e9tresse AIS easyRESCUE-A040-BW-COM"},"content":{"rendered":"<p>En comparaison avec les mod\u00e8les de construction identique tels que easyRESCUE et easyRESCUE-A se d\u00e9clenchant de mani\u00e8re automatique au contact de l\u2019eau, la balise de d\u00e9tresse easyRESCUE-A040-BW-COM est pourvue d\u2019un troisi\u00e8me type de d\u00e9clenchement\u00a0: un interrupteur magn\u00e9tique li\u00e9 \u00e0 un cordon de traction.<\/p>\n<p>Si le cordon se d\u00e9croche de la balise en cas d\u2019urgence, l\u2019easyRESCUE envoie un signal de d\u00e9tresse r\u00e9p\u00e9titif en permanence avec les positions GPS actuelles.<\/p>\n<p>En plus de la fonction d\u2019activation automatique au contact de l\u2019eau, la balise est pourvue d\u2019une fonction d\u2019activation manuelle en appuyant sur le bouton \u00ab\u00a0ON\u00a0\u00bb.<\/p>\n<p>La balise AIS easyRESCUE-A040-BW-COM ne n\u00e9cessite aucun appareil suppl\u00e9mentaire pour son utilisation. Afin de d\u00e9terminer la position d\u2019une personne en situation de d\u00e9tresse, un r\u00e9cepteur AIS ou un transpondeur AIS connect\u00e9 \u00e0 un PC ou \u00e0 un traceur est indispensable.<\/p>\n<p>De m\u00eame, un enregistrement pour l\u2019utilisation de l\u2019easyRESCUE-A040-BW-COM n\u2019est pas n\u00e9cessaire.<\/p>\n<h3>Donn\u00e9es techniques<\/h3>\n<ul>\n<li style=\"list-style-type: none;\">\n<ul>\n<li style=\"list-style-type: none;\">\n<ul>\n<li>Approbation de BSH: BSH \/ 4615 \/ 4361565 \/ 10 (pour easyRESCUE)<\/li>\n<li>Int\u00e9gr\u00e9, le plus rapide sur le march\u00e9 des r\u00e9cepteurs GPS disponibles.<\/li>\n<li>Auto-test simple pour la v\u00e9rification du fonctionnement<\/li>\n<li>Longue dur\u00e9e de vie de la batterie = longue p\u00e9riodicit\u00e9 d\u2019entretien<\/li>\n<li>Entretien n\u00e9cessaire apr\u00e8s utilisation ou apr\u00e8s 5 ans.<\/li>\n<li>Dur\u00e9e de vie de 5 ans pour la batterie (si elle n\u2019est pas utilis\u00e9e, except\u00e9 pour les auto-tests).<\/li>\n<li>\u00c9tanche profondeur de 10m (IP 68)<\/li>\n<li>Temp\u00e9rature de fonctionnement : -20\u00b0C \u00e0 65\u00b0C<\/li>\n<li>Dimensions compactes (L x l x H): 128 mm x 76 mm x 32 mm<\/li>\n<li>Poids : env. 350 grammes<\/li>\n<\/ul>\n<\/li>\n<\/ul>\n<\/li>\n<\/ul>\n<h3>Versions disponibles<\/h3>\n<p>L&rsquo;easyRESCUE est \u00e9galement disponible dans la version <a href=\"https:\/\/www.secumar.com\/fr\/produit\/balise-de-detresse-ais-et-asn-easyrescue-pro-bt\/\">easyRESCUE-PRO (BT)<\/a> qui poss\u00e8de en plus la fonction ASN et qui peut \u00eatre programm\u00e9e via Bluetooth.<\/p>\n<h3>Compatibilit\u00e9<\/h3>\n<p>La balise <span style=\"display: inline !important; float: none; background-color: #ffffff; color: #333333; cursor: text; font-family: Georgia,'Times New Roman','Bitstream Charter',Times,serif; font-size: 16px; font-style: normal; font-variant: normal; font-weight: 400; letter-spacing: normal; orphans: 2; text-align: left; text-decoration: none; text-indent: 0px; text-transform: none; -webkit-text-stroke-width: 0px; white-space: normal; word-spacing: 0px;\">easyRESCUE-A040-BW-COM<\/span> peut \u00eatre int\u00e9gr\u00e9e dans les gilets de sauvetage suivants:<\/p>\n<ul>\n<li><a href=\"https:\/\/www.secumar.com\/fr\/produit\/scout-275-3d-2\/\">Scout 275<\/a><\/li>\n<li>\u00a0<a href=\"https:\/\/www.secumar.com\/fr\/produit\/survival-275-duo-protect\/\">Survival 275 Duo Protect<\/a><\/li>\n<li><a href=\"https:\/\/www.secumar.com\/fr\/produit\/survival-275\/\">\u00a0Survival 275<\/a><\/li>\n<li><a href=\"https:\/\/www.secumar.com\/fr\/produit\/survival-220\/\">\u00a0Survival 220<\/a><\/li>\n<li>\u00a0<a href=\"https:\/\/www.secumar.com\/fr\/produit\/alpha-275-x\/\">Alpha 275 X<\/a><\/li>\n<li>\u00a0Alpha AS<\/li>\n<li>\u00a0Alpha 275 3D Solas<\/li>\n<\/ul>\n","protected":false},"excerpt":{"rendered":"<p>L\u2019AIS-SART easyRESCUE-A040-BW-COM est une balise agr\u00e9\u00e9e pour le sauvetage en mer, elle transmet la position d\u2019un radeau\/canot de sauvetage en d\u00e9tresse directement \u00e0 tous les r\u00e9cepteurs AIS \u00e0 port\u00e9e (classe A et classe B).<\/p>\n<p>Int\u00e9grable dans le gilet\u00a0SCOUT 3D, les gilets de la s\u00e9rie SURVIVAL ainsi que dans divers mod\u00e8les\u00a0de la famille ALPHA 275 3D.<\/p>\n","protected":false},"featured_media":19135,"comment_status":"closed","ping_status":"closed","template":"","meta":{"_acf_changed":false,"_searchwp_excluded":"","editor_plus_copied_stylings":"{}","footnotes":"","_links_to":"","_links_to_target":""},"product_brand":[],"product_cat":[755,2531],"product_tag":[],"class_list":{"0":"post-38218","1":"product","2":"type-product","3":"status-publish","4":"has-post-thumbnail","6":"product_cat-accessoires","7":"product_cat-accessoires-fr","8":"pa_ce-solas-fr","9":"pa_temperaturspanne-20-c-a-65-c","11":"first","12":"instock","13":"taxable","14":"shipping-taxable","15":"purchasable","16":"product-type-simple"},"acf":[],"yoast_head":"<!-- This site is optimized with the Yoast SEO plugin v24.6 - https:\/\/yoast.com\/wordpress\/plugins\/seo\/ -->\n<title>Balise de d\u00e9tresse AIS easyRESCUE-A040-BW-COM - SECUMAR<\/title>\n<meta name=\"robots\" content=\"index, follow, max-snippet:-1, max-image-preview:large, max-video-preview:-1\" \/>\n<link rel=\"canonical\" href=\"https:\/\/www.secumar.com\/fr\/produit\/balise-de-detresse-ais-easyrescue-a040-bw-com\/\" \/>\n<meta property=\"og:locale\" content=\"fr_FR\" \/>\n<meta property=\"og:type\" content=\"article\" \/>\n<meta property=\"og:title\" content=\"Balise de d\u00e9tresse AIS easyRESCUE-A040-BW-COM - SECUMAR\" \/>\n<meta property=\"og:description\" content=\"L\u2019AIS-SART easyRESCUE-A040-BW-COM est une balise agr\u00e9\u00e9e pour le sauvetage en mer, elle transmet la position d\u2019un radeau\/canot de sauvetage en d\u00e9tresse directement \u00e0 tous les r\u00e9cepteurs AIS \u00e0 port\u00e9e (classe A et classe B).  Int\u00e9grable dans le gilet\u00a0SCOUT 3D, les gilets de la s\u00e9rie SURVIVAL ainsi que dans divers mod\u00e8les\u00a0de la famille ALPHA 275 3D.\" \/>\n<meta property=\"og:url\" content=\"https:\/\/www.secumar.com\/fr\/produit\/balise-de-detresse-ais-easyrescue-a040-bw-com\/\" \/>\n<meta property=\"og:site_name\" content=\"SECUMAR\" \/>\n<meta property=\"article:publisher\" content=\"https:\/\/www.facebook.com\/Secumar\/\" \/>\n<meta property=\"article:modified_time\" content=\"2019-09-19T09:35:47+00:00\" \/>\n<meta property=\"og:image\" content=\"https:\/\/www.secumar.com\/wp-content\/uploads\/2016\/04\/Seenotsender-A040-\u2013-easyRESCUE-BW-COM.jpg\" \/>\n\t<meta property=\"og:image:width\" content=\"900\" \/>\n\t<meta property=\"og:image:height\" content=\"900\" \/>\n\t<meta property=\"og:image:type\" content=\"image\/jpeg\" \/>\n<meta name=\"twitter:card\" content=\"summary_large_image\" \/>\n<meta name=\"twitter:label1\" content=\"Dur\u00e9e de lecture estim\u00e9e\" \/>\n\t<meta name=\"twitter:data1\" content=\"2 minutes\" \/>\n<script type=\"application\/ld+json\" class=\"yoast-schema-graph\">{\"@context\":\"https:\/\/schema.org\",\"@graph\":[{\"@type\":\"WebPage\",\"@id\":\"https:\/\/www.secumar.com\/fr\/produit\/balise-de-detresse-ais-easyrescue-a040-bw-com\/\",\"url\":\"https:\/\/www.secumar.com\/fr\/produit\/balise-de-detresse-ais-easyrescue-a040-bw-com\/\",\"name\":\"Balise de d\u00e9tresse AIS easyRESCUE-A040-BW-COM - SECUMAR\",\"isPartOf\":{\"@id\":\"https:\/\/www.secumar.com\/#website\"},\"primaryImageOfPage\":{\"@id\":\"https:\/\/www.secumar.com\/fr\/produit\/balise-de-detresse-ais-easyrescue-a040-bw-com\/#primaryimage\"},\"image\":{\"@id\":\"https:\/\/www.secumar.com\/fr\/produit\/balise-de-detresse-ais-easyrescue-a040-bw-com\/#primaryimage\"},\"thumbnailUrl\":\"https:\/\/www.secumar.com\/wp-content\/uploads\/2016\/04\/Seenotsender-A040-\u2013-easyRESCUE-BW-COM.jpg\",\"datePublished\":\"2019-09-19T09:35:45+00:00\",\"dateModified\":\"2019-09-19T09:35:47+00:00\",\"breadcrumb\":{\"@id\":\"https:\/\/www.secumar.com\/fr\/produit\/balise-de-detresse-ais-easyrescue-a040-bw-com\/#breadcrumb\"},\"inLanguage\":\"fr-FR\",\"potentialAction\":[{\"@type\":\"ReadAction\",\"target\":[\"https:\/\/www.secumar.com\/fr\/produit\/balise-de-detresse-ais-easyrescue-a040-bw-com\/\"]}]},{\"@type\":\"ImageObject\",\"inLanguage\":\"fr-FR\",\"@id\":\"https:\/\/www.secumar.com\/fr\/produit\/balise-de-detresse-ais-easyrescue-a040-bw-com\/#primaryimage\",\"url\":\"https:\/\/www.secumar.com\/wp-content\/uploads\/2016\/04\/Seenotsender-A040-\u2013-easyRESCUE-BW-COM.jpg\",\"contentUrl\":\"https:\/\/www.secumar.com\/wp-content\/uploads\/2016\/04\/Seenotsender-A040-\u2013-easyRESCUE-BW-COM.jpg\",\"width\":900,\"height\":900,\"caption\":\"Seenotsender A040 \u2013 easyRESCUE-BW-COM\"},{\"@type\":\"BreadcrumbList\",\"@id\":\"https:\/\/www.secumar.com\/fr\/produit\/balise-de-detresse-ais-easyrescue-a040-bw-com\/#breadcrumb\",\"itemListElement\":[{\"@type\":\"ListItem\",\"position\":1,\"name\":\"Startseite\",\"item\":\"https:\/\/www.secumar.com\/fr\/\"},{\"@type\":\"ListItem\",\"position\":2,\"name\":\"Tous Les Articles\",\"item\":\"https:\/\/www.secumar.com\/fr\/boutique\/\"},{\"@type\":\"ListItem\",\"position\":3,\"name\":\"Balise de d\u00e9tresse AIS easyRESCUE-A040-BW-COM\"}]},{\"@type\":\"WebSite\",\"@id\":\"https:\/\/www.secumar.com\/#website\",\"url\":\"https:\/\/www.secumar.com\/\",\"name\":\"SECUMAR\",\"description\":\"Gilets de sauvetage\",\"publisher\":{\"@id\":\"https:\/\/www.secumar.com\/#organization\"},\"potentialAction\":[{\"@type\":\"SearchAction\",\"target\":{\"@type\":\"EntryPoint\",\"urlTemplate\":\"https:\/\/www.secumar.com\/?s={search_term_string}\"},\"query-input\":{\"@type\":\"PropertyValueSpecification\",\"valueRequired\":true,\"valueName\":\"search_term_string\"}}],\"inLanguage\":\"fr-FR\"},{\"@type\":\"Organization\",\"@id\":\"https:\/\/www.secumar.com\/#organization\",\"name\":\"Bernhardt Apparatebau GmbH u. Co.\",\"url\":\"https:\/\/www.secumar.com\/\",\"logo\":{\"@type\":\"ImageObject\",\"inLanguage\":\"fr-FR\",\"@id\":\"https:\/\/www.secumar.com\/#\/schema\/logo\/image\/\",\"url\":\"https:\/\/www.secumar.com\/wp-content\/uploads\/2016\/09\/S-Logo_150px-3.jpg\",\"contentUrl\":\"https:\/\/www.secumar.com\/wp-content\/uploads\/2016\/09\/S-Logo_150px-3.jpg\",\"width\":150,\"height\":150,\"caption\":\"Bernhardt Apparatebau GmbH u. Co.\"},\"image\":{\"@id\":\"https:\/\/www.secumar.com\/#\/schema\/logo\/image\/\"},\"sameAs\":[\"https:\/\/www.facebook.com\/Secumar\/\",\"https:\/\/www.instagram.com\/secumar\/\",\"https:\/\/www.linkedin.com\/company-beta\/8684519\/\",\"https:\/\/www.youtube.com\/user\/BernhardtApparatebau\",\"https:\/\/de.wikipedia.org\/wiki\/Secumar\"]}]}<\/script>\n<!-- \/ Yoast SEO plugin. -->","yoast_head_json":{"title":"Balise de d\u00e9tresse AIS easyRESCUE-A040-BW-COM - SECUMAR","robots":{"index":"index","follow":"follow","max-snippet":"max-snippet:-1","max-image-preview":"max-image-preview:large","max-video-preview":"max-video-preview:-1"},"canonical":"https:\/\/www.secumar.com\/fr\/produit\/balise-de-detresse-ais-easyrescue-a040-bw-com\/","og_locale":"fr_FR","og_type":"article","og_title":"Balise de d\u00e9tresse AIS easyRESCUE-A040-BW-COM - SECUMAR","og_description":"L\u2019AIS-SART easyRESCUE-A040-BW-COM est une balise agr\u00e9\u00e9e pour le sauvetage en mer, elle transmet la position d\u2019un radeau\/canot de sauvetage en d\u00e9tresse directement \u00e0 tous les r\u00e9cepteurs AIS \u00e0 port\u00e9e (classe A et classe B).  Int\u00e9grable dans le gilet\u00a0SCOUT 3D, les gilets de la s\u00e9rie SURVIVAL ainsi que dans divers mod\u00e8les\u00a0de la famille ALPHA 275 3D.","og_url":"https:\/\/www.secumar.com\/fr\/produit\/balise-de-detresse-ais-easyrescue-a040-bw-com\/","og_site_name":"SECUMAR","article_publisher":"https:\/\/www.facebook.com\/Secumar\/","article_modified_time":"2019-09-19T09:35:47+00:00","og_image":[{"width":900,"height":900,"url":"https:\/\/www.secumar.com\/wp-content\/uploads\/2016\/04\/Seenotsender-A040-\u2013-easyRESCUE-BW-COM.jpg","type":"image\/jpeg"}],"twitter_card":"summary_large_image","twitter_misc":{"Dur\u00e9e de lecture estim\u00e9e":"2 minutes"},"schema":{"@context":"https:\/\/schema.org","@graph":[{"@type":"WebPage","@id":"https:\/\/www.secumar.com\/fr\/produit\/balise-de-detresse-ais-easyrescue-a040-bw-com\/","url":"https:\/\/www.secumar.com\/fr\/produit\/balise-de-detresse-ais-easyrescue-a040-bw-com\/","name":"Balise de d\u00e9tresse AIS easyRESCUE-A040-BW-COM - SECUMAR","isPartOf":{"@id":"https:\/\/www.secumar.com\/#website"},"primaryImageOfPage":{"@id":"https:\/\/www.secumar.com\/fr\/produit\/balise-de-detresse-ais-easyrescue-a040-bw-com\/#primaryimage"},"image":{"@id":"https:\/\/www.secumar.com\/fr\/produit\/balise-de-detresse-ais-easyrescue-a040-bw-com\/#primaryimage"},"thumbnailUrl":"https:\/\/www.secumar.com\/wp-content\/uploads\/2016\/04\/Seenotsender-A040-\u2013-easyRESCUE-BW-COM.jpg","datePublished":"2019-09-19T09:35:45+00:00","dateModified":"2019-09-19T09:35:47+00:00","breadcrumb":{"@id":"https:\/\/www.secumar.com\/fr\/produit\/balise-de-detresse-ais-easyrescue-a040-bw-com\/#breadcrumb"},"inLanguage":"fr-FR","potentialAction":[{"@type":"ReadAction","target":["https:\/\/www.secumar.com\/fr\/produit\/balise-de-detresse-ais-easyrescue-a040-bw-com\/"]}]},{"@type":"ImageObject","inLanguage":"fr-FR","@id":"https:\/\/www.secumar.com\/fr\/produit\/balise-de-detresse-ais-easyrescue-a040-bw-com\/#primaryimage","url":"https:\/\/www.secumar.com\/wp-content\/uploads\/2016\/04\/Seenotsender-A040-\u2013-easyRESCUE-BW-COM.jpg","contentUrl":"https:\/\/www.secumar.com\/wp-content\/uploads\/2016\/04\/Seenotsender-A040-\u2013-easyRESCUE-BW-COM.jpg","width":900,"height":900,"caption":"Seenotsender A040 \u2013 easyRESCUE-BW-COM"},{"@type":"BreadcrumbList","@id":"https:\/\/www.secumar.com\/fr\/produit\/balise-de-detresse-ais-easyrescue-a040-bw-com\/#breadcrumb","itemListElement":[{"@type":"ListItem","position":1,"name":"Startseite","item":"https:\/\/www.secumar.com\/fr\/"},{"@type":"ListItem","position":2,"name":"Tous Les Articles","item":"https:\/\/www.secumar.com\/fr\/boutique\/"},{"@type":"ListItem","position":3,"name":"Balise de d\u00e9tresse AIS easyRESCUE-A040-BW-COM"}]},{"@type":"WebSite","@id":"https:\/\/www.secumar.com\/#website","url":"https:\/\/www.secumar.com\/","name":"SECUMAR","description":"Gilets de sauvetage","publisher":{"@id":"https:\/\/www.secumar.com\/#organization"},"potentialAction":[{"@type":"SearchAction","target":{"@type":"EntryPoint","urlTemplate":"https:\/\/www.secumar.com\/?s={search_term_string}"},"query-input":{"@type":"PropertyValueSpecification","valueRequired":true,"valueName":"search_term_string"}}],"inLanguage":"fr-FR"},{"@type":"Organization","@id":"https:\/\/www.secumar.com\/#organization","name":"Bernhardt Apparatebau GmbH u. Co.","url":"https:\/\/www.secumar.com\/","logo":{"@type":"ImageObject","inLanguage":"fr-FR","@id":"https:\/\/www.secumar.com\/#\/schema\/logo\/image\/","url":"https:\/\/www.secumar.com\/wp-content\/uploads\/2016\/09\/S-Logo_150px-3.jpg","contentUrl":"https:\/\/www.secumar.com\/wp-content\/uploads\/2016\/09\/S-Logo_150px-3.jpg","width":150,"height":150,"caption":"Bernhardt Apparatebau GmbH u. Co."},"image":{"@id":"https:\/\/www.secumar.com\/#\/schema\/logo\/image\/"},"sameAs":["https:\/\/www.facebook.com\/Secumar\/","https:\/\/www.instagram.com\/secumar\/","https:\/\/www.linkedin.com\/company-beta\/8684519\/","https:\/\/www.youtube.com\/user\/BernhardtApparatebau","https:\/\/de.wikipedia.org\/wiki\/Secumar"]}]}},"_links":{"self":[{"href":"https:\/\/www.secumar.com\/fr\/wp-json\/wp\/v2\/product\/38218","targetHints":{"allow":["GET"]}}],"collection":[{"href":"https:\/\/www.secumar.com\/fr\/wp-json\/wp\/v2\/product"}],"about":[{"href":"https:\/\/www.secumar.com\/fr\/wp-json\/wp\/v2\/types\/product"}],"replies":[{"embeddable":true,"href":"https:\/\/www.secumar.com\/fr\/wp-json\/wp\/v2\/comments?post=38218"}],"version-history":[{"count":5,"href":"https:\/\/www.secumar.com\/fr\/wp-json\/wp\/v2\/product\/38218\/revisions"}],"predecessor-version":[{"id":40284,"href":"https:\/\/www.secumar.com\/fr\/wp-json\/wp\/v2\/product\/38218\/revisions\/40284"}],"wp:featuredmedia":[{"embeddable":true,"href":"https:\/\/www.secumar.com\/fr\/wp-json\/wp\/v2\/media\/19135"}],"wp:attachment":[{"href":"https:\/\/www.secumar.com\/fr\/wp-json\/wp\/v2\/media?parent=38218"}],"wp:term":[{"taxonomy":"product_brand","embeddable":true,"href":"https:\/\/www.secumar.com\/fr\/wp-json\/wp\/v2\/product_brand?post=38218"},{"taxonomy":"product_cat","embeddable":true,"href":"https:\/\/www.secumar.com\/fr\/wp-json\/wp\/v2\/product_cat?post=38218"},{"taxonomy":"product_tag","embeddable":true,"href":"https:\/\/www.secumar.com\/fr\/wp-json\/wp\/v2\/product_tag?post=38218"}],"curies":[{"name":"wp","href":"https:\/\/api.w.org\/{rel}","templated":true}]}}