{"id":38180,"date":"2018-10-16T20:03:37","date_gmt":"2018-12-05T09:20:44","guid":{"rendered":"https:\/\/www.secumar.com\/?post_type=product&#038;p=38180"},"modified":"2023-02-09T10:09:58","modified_gmt":"2023-02-09T09:09:58","slug":"alpha-275-x","status":"publish","type":"product","link":"https:\/\/www.secumar.com\/fr\/produit\/alpha-275-x\/","title":{"rendered":"ALPHA 275 X"},"content":{"rendered":"<p>Les sauveteurs en mer et SECUMAR ont d\u00e9velopp\u00e9 en commun\u00a0le gilet de sauvetage ALPHA 275 X\u00a0r\u00e9sistant aux conditions les plus extr\u00eames. Ce gilet r\u00e9pond aux besoins sp\u00e9cifiques des sauveteurs en mer sans les g\u00eaner dans leurs mouvements. Il a \u00e9t\u00e9 soumis \u00e0 des\u00a0tests pratiques approfondis en mer et dans des centres de formation\u00a0et a\u00a0prouv\u00e9 ainsi\u00a0son adaptation\u00a0pour une utilisation quotidienne. Gr\u00e2ce \u00e0 sa nouvelle structure ergonomique, l&rsquo;ALPHA 275 X \u00e9tablit de nouveaux standards<strong>:<\/strong> le syst\u00e8me\u00a0SECUMAR HOVER permet\u00a0une r\u00e9partition homog\u00e8ne\u00a0du poids sur les \u00e9paules, le dos et la poitrine ainsi qu&rsquo;une meilleure circulation de l&rsquo;air entre le corps et le gilet, procurant ainsi un confort de port tr\u00e8s \u00e9lev\u00e9 et faisant de lui\u00a0le<span lang=\"fr\"> compagnon id\u00e9al pour une utilisation quotidienne mais \u00e9galement pour une utilisation soumise \u00e0 d&rsquo;extr\u00eames conditions\u00a0bien connues par\u00a0les sauveteurs en mer.<\/span><\/p>\n<p>&nbsp;<\/p>\n<p>L&rsquo;enveloppe gonflable 3D\u00a0brevet\u00e9e et\u00a0dot\u00e9e d&rsquo;un tr\u00e8s grand volume de flottabilit\u00e9 au niveau de la poitrine permet un retournement encore plus rapide sur le dos. Cet atout est particuli\u00e8rement important \u00a0surtout lorsque la personne porte des v\u00eatements de protection contre les intemp\u00e9ries ou bien une combinaison de survie. En effet\u00a0ces v\u00eatements ont une flottabilit\u00e9 propre qui peut influencer la flottabilit\u00e9 des gilets de sauvetage de mani\u00e8re n\u00e9gative et donc de\u00a0les limiter dans leur\u00a0capacit\u00e9\u00a0\u00e0 retourner\u00a0la personne sur\u00a0le dos.<\/p>\n<p>&nbsp;<\/p>\n<p>Du fait de son enveloppe gonflable en 3D, le gilet ALPHA 275 X d\u00e9passe d&rsquo;environ 20 centim\u00e8tres de plus la surface de l&rsquo;eau par rapport \u00e0 un gilet de sauvetage conventionnel. Par cons\u00e9quent il est possible d&rsquo;installer le feu de survie SECULUX LED-II ainsi que la balise de d\u00e9tresse \u00e0 un endroit plus \u00e9lev\u00e9 sur l&rsquo;enveloppe gonflable. Des sangles sur la partie avant de l&rsquo;enveloppe gonflable ainsi que des c\u00e2bles sp\u00e9ciaux sont pr\u00e9vus pour l&rsquo;installation des dispositifs de la VHF. La double sangle sous-cutale solidement cousue au gilet assure un ajustement impeccable du gilet de sauvetage.<\/p>\n<p>&nbsp;<\/p>\n<p>&nbsp;<\/p>\n<p>&nbsp;<\/p>\n<p>&nbsp;<\/p>\n","protected":false},"excerpt":{"rendered":"<p>Une flottabilit\u00e9 \u00e9lev\u00e9e, une rapidit\u00e9 de retournement sur le dos maximale ainsi que des accessoires de s\u00e9curit\u00e9 adapt\u00e9s aux besoins des sauveteurs en mer, le tout combin\u00e9 par un confort de port exceptionnel, voici les caract\u00e9ristiques principales du gilet de sauvetage nouvelle g\u00e9n\u00e9ration des sauveteurs en mer.<\/p>\n","protected":false},"featured_media":37316,"comment_status":"closed","ping_status":"closed","template":"","meta":{"_acf_changed":false,"_searchwp_excluded":"","editor_plus_copied_stylings":"{}","footnotes":"","_links_to":"","_links_to_target":""},"product_brand":[],"product_cat":[736,744,2362],"product_tag":[],"class_list":{"0":"post-38180","1":"product","2":"type-product","3":"status-publish","4":"has-post-thumbnail","6":"product_cat-secours","7":"product_cat-gilets-de-sauvetage-gonflables-industrie-fr","8":"product_cat-catalogue","9":"pa_auftrieb-290-n-fr","10":"pa_auftriebsklasse-ce-275-n-fr","11":"pa_bergegurt-oui","12":"pa_ce-ce-fr-2","13":"pa_co2-patrone-60-g-co2-dock-fr","14":"pa_fenster-oui","15":"pa_harness-ja-fr","16":"pa_notlicht-oui","17":"pa_schrittgurt-ja-fr","18":"pa_sendervorbereitung-easyrescue-fr","19":"pa_sk-form-3d-fr-2","20":"pa_spraycap-gore-arid-lite-fr","21":"pa_verschluss-boucle-de-fermeture-frontale-click","23":"first","24":"outofstock","25":"taxable","26":"shipping-taxable","27":"product-type-simple"},"acf":[],"yoast_head":"<!-- This site is optimized with the Yoast SEO plugin v24.6 - https:\/\/yoast.com\/wordpress\/plugins\/seo\/ -->\n<title>ALPHA 275 X - SECUMAR<\/title>\n<meta name=\"description\" content=\"Gilet de sauvetage 275 N haut de gamme \u00e0 flottabilit\u00e9 \u00e9lev\u00e9e pour un retournement plus rapide en position dorsale, \u00e9quip\u00e9 d&#039;\u00e9l\u00e9ments pour une s\u00e9curit\u00e9 r\u00e9pondant aux besoins des Sauveteurs en Mer, le tout compl\u00e9t\u00e9 par un confort au porter exceptionnel.\" \/>\n<meta name=\"robots\" content=\"index, follow, max-snippet:-1, max-image-preview:large, max-video-preview:-1\" \/>\n<link rel=\"canonical\" href=\"https:\/\/www.secumar.com\/fr\/produit\/alpha-275-x\/\" \/>\n<meta property=\"og:locale\" content=\"fr_FR\" \/>\n<meta property=\"og:type\" content=\"article\" \/>\n<meta property=\"og:title\" content=\"ALPHA 275 X - SECUMAR\" \/>\n<meta property=\"og:description\" content=\"Gilet de sauvetage 275 N haut de gamme \u00e0 flottabilit\u00e9 \u00e9lev\u00e9e pour un retournement plus rapide en position dorsale, \u00e9quip\u00e9 d&#039;\u00e9l\u00e9ments pour une s\u00e9curit\u00e9 r\u00e9pondant aux besoins des Sauveteurs en Mer, le tout compl\u00e9t\u00e9 par un confort au porter exceptionnel.\" \/>\n<meta property=\"og:url\" content=\"https:\/\/www.secumar.com\/fr\/produit\/alpha-275-x\/\" \/>\n<meta property=\"og:site_name\" content=\"SECUMAR\" \/>\n<meta property=\"article:publisher\" content=\"https:\/\/www.facebook.com\/Secumar\/\" \/>\n<meta property=\"article:modified_time\" content=\"2023-02-09T09:09:58+00:00\" \/>\n<meta property=\"og:image\" content=\"https:\/\/www.secumar.com\/wp-content\/uploads\/2018\/08\/Alpha-275-X-DGzRS-Front.jpg\" \/>\n\t<meta property=\"og:image:width\" content=\"900\" \/>\n\t<meta property=\"og:image:height\" content=\"900\" \/>\n\t<meta property=\"og:image:type\" content=\"image\/jpeg\" \/>\n<meta name=\"twitter:card\" content=\"summary_large_image\" \/>\n<meta name=\"twitter:label1\" content=\"Dur\u00e9e de lecture estim\u00e9e\" \/>\n\t<meta name=\"twitter:data1\" content=\"2 minutes\" \/>\n<script type=\"application\/ld+json\" class=\"yoast-schema-graph\">{\"@context\":\"https:\/\/schema.org\",\"@graph\":[{\"@type\":\"WebPage\",\"@id\":\"https:\/\/www.secumar.com\/fr\/produit\/alpha-275-x\/\",\"url\":\"https:\/\/www.secumar.com\/fr\/produit\/alpha-275-x\/\",\"name\":\"ALPHA 275 X - SECUMAR\",\"isPartOf\":{\"@id\":\"https:\/\/www.secumar.com\/#website\"},\"primaryImageOfPage\":{\"@id\":\"https:\/\/www.secumar.com\/fr\/produit\/alpha-275-x\/#primaryimage\"},\"image\":{\"@id\":\"https:\/\/www.secumar.com\/fr\/produit\/alpha-275-x\/#primaryimage\"},\"thumbnailUrl\":\"https:\/\/www.secumar.com\/wp-content\/uploads\/2018\/08\/Alpha-275-X-DGzRS-Front.jpg\",\"datePublished\":\"2018-12-05T09:20:44+00:00\",\"dateModified\":\"2023-02-09T09:09:58+00:00\",\"description\":\"Gilet de sauvetage 275 N haut de gamme \u00e0 flottabilit\u00e9 \u00e9lev\u00e9e pour un retournement plus rapide en position dorsale, \u00e9quip\u00e9 d'\u00e9l\u00e9ments pour une s\u00e9curit\u00e9 r\u00e9pondant aux besoins des Sauveteurs en Mer, le tout compl\u00e9t\u00e9 par un confort au porter exceptionnel.\",\"breadcrumb\":{\"@id\":\"https:\/\/www.secumar.com\/fr\/produit\/alpha-275-x\/#breadcrumb\"},\"inLanguage\":\"fr-FR\",\"potentialAction\":[{\"@type\":\"ReadAction\",\"target\":[\"https:\/\/www.secumar.com\/fr\/produit\/alpha-275-x\/\"]}]},{\"@type\":\"ImageObject\",\"inLanguage\":\"fr-FR\",\"@id\":\"https:\/\/www.secumar.com\/fr\/produit\/alpha-275-x\/#primaryimage\",\"url\":\"https:\/\/www.secumar.com\/wp-content\/uploads\/2018\/08\/Alpha-275-X-DGzRS-Front.jpg\",\"contentUrl\":\"https:\/\/www.secumar.com\/wp-content\/uploads\/2018\/08\/Alpha-275-X-DGzRS-Front.jpg\",\"width\":900,\"height\":900,\"caption\":\"Alpha 275 X DGzRS - Front\"},{\"@type\":\"BreadcrumbList\",\"@id\":\"https:\/\/www.secumar.com\/fr\/produit\/alpha-275-x\/#breadcrumb\",\"itemListElement\":[{\"@type\":\"ListItem\",\"position\":1,\"name\":\"Startseite\",\"item\":\"https:\/\/www.secumar.com\/fr\/\"},{\"@type\":\"ListItem\",\"position\":2,\"name\":\"Tous Les Articles\",\"item\":\"https:\/\/www.secumar.com\/fr\/boutique\/\"},{\"@type\":\"ListItem\",\"position\":3,\"name\":\"ALPHA 275 X\"}]},{\"@type\":\"WebSite\",\"@id\":\"https:\/\/www.secumar.com\/#website\",\"url\":\"https:\/\/www.secumar.com\/\",\"name\":\"SECUMAR\",\"description\":\"Gilets de sauvetage\",\"publisher\":{\"@id\":\"https:\/\/www.secumar.com\/#organization\"},\"potentialAction\":[{\"@type\":\"SearchAction\",\"target\":{\"@type\":\"EntryPoint\",\"urlTemplate\":\"https:\/\/www.secumar.com\/?s={search_term_string}\"},\"query-input\":{\"@type\":\"PropertyValueSpecification\",\"valueRequired\":true,\"valueName\":\"search_term_string\"}}],\"inLanguage\":\"fr-FR\"},{\"@type\":\"Organization\",\"@id\":\"https:\/\/www.secumar.com\/#organization\",\"name\":\"Bernhardt Apparatebau GmbH u. Co.\",\"url\":\"https:\/\/www.secumar.com\/\",\"logo\":{\"@type\":\"ImageObject\",\"inLanguage\":\"fr-FR\",\"@id\":\"https:\/\/www.secumar.com\/#\/schema\/logo\/image\/\",\"url\":\"https:\/\/www.secumar.com\/wp-content\/uploads\/2016\/09\/S-Logo_150px-3.jpg\",\"contentUrl\":\"https:\/\/www.secumar.com\/wp-content\/uploads\/2016\/09\/S-Logo_150px-3.jpg\",\"width\":150,\"height\":150,\"caption\":\"Bernhardt Apparatebau GmbH u. Co.\"},\"image\":{\"@id\":\"https:\/\/www.secumar.com\/#\/schema\/logo\/image\/\"},\"sameAs\":[\"https:\/\/www.facebook.com\/Secumar\/\",\"https:\/\/www.instagram.com\/secumar\/\",\"https:\/\/www.linkedin.com\/company-beta\/8684519\/\",\"https:\/\/www.youtube.com\/user\/BernhardtApparatebau\",\"https:\/\/de.wikipedia.org\/wiki\/Secumar\"]}]}<\/script>\n<!-- \/ Yoast SEO plugin. -->","yoast_head_json":{"title":"ALPHA 275 X - SECUMAR","description":"Gilet de sauvetage 275 N haut de gamme \u00e0 flottabilit\u00e9 \u00e9lev\u00e9e pour un retournement plus rapide en position dorsale, \u00e9quip\u00e9 d'\u00e9l\u00e9ments pour une s\u00e9curit\u00e9 r\u00e9pondant aux besoins des Sauveteurs en Mer, le tout compl\u00e9t\u00e9 par un confort au porter exceptionnel.","robots":{"index":"index","follow":"follow","max-snippet":"max-snippet:-1","max-image-preview":"max-image-preview:large","max-video-preview":"max-video-preview:-1"},"canonical":"https:\/\/www.secumar.com\/fr\/produit\/alpha-275-x\/","og_locale":"fr_FR","og_type":"article","og_title":"ALPHA 275 X - SECUMAR","og_description":"Gilet de sauvetage 275 N haut de gamme \u00e0 flottabilit\u00e9 \u00e9lev\u00e9e pour un retournement plus rapide en position dorsale, \u00e9quip\u00e9 d'\u00e9l\u00e9ments pour une s\u00e9curit\u00e9 r\u00e9pondant aux besoins des Sauveteurs en Mer, le tout compl\u00e9t\u00e9 par un confort au porter exceptionnel.","og_url":"https:\/\/www.secumar.com\/fr\/produit\/alpha-275-x\/","og_site_name":"SECUMAR","article_publisher":"https:\/\/www.facebook.com\/Secumar\/","article_modified_time":"2023-02-09T09:09:58+00:00","og_image":[{"width":900,"height":900,"url":"https:\/\/www.secumar.com\/wp-content\/uploads\/2018\/08\/Alpha-275-X-DGzRS-Front.jpg","type":"image\/jpeg"}],"twitter_card":"summary_large_image","twitter_misc":{"Dur\u00e9e de lecture estim\u00e9e":"2 minutes"},"schema":{"@context":"https:\/\/schema.org","@graph":[{"@type":"WebPage","@id":"https:\/\/www.secumar.com\/fr\/produit\/alpha-275-x\/","url":"https:\/\/www.secumar.com\/fr\/produit\/alpha-275-x\/","name":"ALPHA 275 X - SECUMAR","isPartOf":{"@id":"https:\/\/www.secumar.com\/#website"},"primaryImageOfPage":{"@id":"https:\/\/www.secumar.com\/fr\/produit\/alpha-275-x\/#primaryimage"},"image":{"@id":"https:\/\/www.secumar.com\/fr\/produit\/alpha-275-x\/#primaryimage"},"thumbnailUrl":"https:\/\/www.secumar.com\/wp-content\/uploads\/2018\/08\/Alpha-275-X-DGzRS-Front.jpg","datePublished":"2018-12-05T09:20:44+00:00","dateModified":"2023-02-09T09:09:58+00:00","description":"Gilet de sauvetage 275 N haut de gamme \u00e0 flottabilit\u00e9 \u00e9lev\u00e9e pour un retournement plus rapide en position dorsale, \u00e9quip\u00e9 d'\u00e9l\u00e9ments pour une s\u00e9curit\u00e9 r\u00e9pondant aux besoins des Sauveteurs en Mer, le tout compl\u00e9t\u00e9 par un confort au porter exceptionnel.","breadcrumb":{"@id":"https:\/\/www.secumar.com\/fr\/produit\/alpha-275-x\/#breadcrumb"},"inLanguage":"fr-FR","potentialAction":[{"@type":"ReadAction","target":["https:\/\/www.secumar.com\/fr\/produit\/alpha-275-x\/"]}]},{"@type":"ImageObject","inLanguage":"fr-FR","@id":"https:\/\/www.secumar.com\/fr\/produit\/alpha-275-x\/#primaryimage","url":"https:\/\/www.secumar.com\/wp-content\/uploads\/2018\/08\/Alpha-275-X-DGzRS-Front.jpg","contentUrl":"https:\/\/www.secumar.com\/wp-content\/uploads\/2018\/08\/Alpha-275-X-DGzRS-Front.jpg","width":900,"height":900,"caption":"Alpha 275 X DGzRS - Front"},{"@type":"BreadcrumbList","@id":"https:\/\/www.secumar.com\/fr\/produit\/alpha-275-x\/#breadcrumb","itemListElement":[{"@type":"ListItem","position":1,"name":"Startseite","item":"https:\/\/www.secumar.com\/fr\/"},{"@type":"ListItem","position":2,"name":"Tous Les Articles","item":"https:\/\/www.secumar.com\/fr\/boutique\/"},{"@type":"ListItem","position":3,"name":"ALPHA 275 X"}]},{"@type":"WebSite","@id":"https:\/\/www.secumar.com\/#website","url":"https:\/\/www.secumar.com\/","name":"SECUMAR","description":"Gilets de sauvetage","publisher":{"@id":"https:\/\/www.secumar.com\/#organization"},"potentialAction":[{"@type":"SearchAction","target":{"@type":"EntryPoint","urlTemplate":"https:\/\/www.secumar.com\/?s={search_term_string}"},"query-input":{"@type":"PropertyValueSpecification","valueRequired":true,"valueName":"search_term_string"}}],"inLanguage":"fr-FR"},{"@type":"Organization","@id":"https:\/\/www.secumar.com\/#organization","name":"Bernhardt Apparatebau GmbH u. Co.","url":"https:\/\/www.secumar.com\/","logo":{"@type":"ImageObject","inLanguage":"fr-FR","@id":"https:\/\/www.secumar.com\/#\/schema\/logo\/image\/","url":"https:\/\/www.secumar.com\/wp-content\/uploads\/2016\/09\/S-Logo_150px-3.jpg","contentUrl":"https:\/\/www.secumar.com\/wp-content\/uploads\/2016\/09\/S-Logo_150px-3.jpg","width":150,"height":150,"caption":"Bernhardt Apparatebau GmbH u. Co."},"image":{"@id":"https:\/\/www.secumar.com\/#\/schema\/logo\/image\/"},"sameAs":["https:\/\/www.facebook.com\/Secumar\/","https:\/\/www.instagram.com\/secumar\/","https:\/\/www.linkedin.com\/company-beta\/8684519\/","https:\/\/www.youtube.com\/user\/BernhardtApparatebau","https:\/\/de.wikipedia.org\/wiki\/Secumar"]}]}},"_links":{"self":[{"href":"https:\/\/www.secumar.com\/fr\/wp-json\/wp\/v2\/product\/38180","targetHints":{"allow":["GET"]}}],"collection":[{"href":"https:\/\/www.secumar.com\/fr\/wp-json\/wp\/v2\/product"}],"about":[{"href":"https:\/\/www.secumar.com\/fr\/wp-json\/wp\/v2\/types\/product"}],"replies":[{"embeddable":true,"href":"https:\/\/www.secumar.com\/fr\/wp-json\/wp\/v2\/comments?post=38180"}],"version-history":[{"count":20,"href":"https:\/\/www.secumar.com\/fr\/wp-json\/wp\/v2\/product\/38180\/revisions"}],"predecessor-version":[{"id":50562,"href":"https:\/\/www.secumar.com\/fr\/wp-json\/wp\/v2\/product\/38180\/revisions\/50562"}],"wp:featuredmedia":[{"embeddable":true,"href":"https:\/\/www.secumar.com\/fr\/wp-json\/wp\/v2\/media\/37316"}],"wp:attachment":[{"href":"https:\/\/www.secumar.com\/fr\/wp-json\/wp\/v2\/media?parent=38180"}],"wp:term":[{"taxonomy":"product_brand","embeddable":true,"href":"https:\/\/www.secumar.com\/fr\/wp-json\/wp\/v2\/product_brand?post=38180"},{"taxonomy":"product_cat","embeddable":true,"href":"https:\/\/www.secumar.com\/fr\/wp-json\/wp\/v2\/product_cat?post=38180"},{"taxonomy":"product_tag","embeddable":true,"href":"https:\/\/www.secumar.com\/fr\/wp-json\/wp\/v2\/product_tag?post=38180"}],"curies":[{"name":"wp","href":"https:\/\/api.w.org\/{rel}","templated":true}]}}