{"id":34863,"date":"2017-04-13T11:23:15","date_gmt":"2017-06-26T09:41:48","guid":{"rendered":"https:\/\/www.secumar.com\/?post_type=product&#038;p=34863\/"},"modified":"2021-08-19T17:59:43","modified_gmt":"2021-08-19T15:59:43","slug":"kit-de-recharge-cartouche-de-co2","status":"publish","type":"product","link":"https:\/\/www.secumar.com\/fr\/produit\/kit-de-recharge-cartouche-de-co2\/","title":{"rendered":"Kit de recharge cartouche de CO\u2082"},"content":{"rendered":"<p>Veuillez noter que cinq types de percuteurs et deux types de cartouches de CO<sub>2\u00a0<\/sub>sont utilis\u00e9s sur les produits SECUMAR :<\/p>\n<ul>\n<li><strong>SECUMATIC 4001S :<\/strong>\u00a0percuteur \u00e0 d\u00e9clenchement automatique avec cartouche de CO<sub>2\u00a0<\/sub>munie d&rsquo;un syst\u00e8me de fixation \u00e0 <strong>baionette\u00a0<\/strong>(CO<sub>2<\/sub>-Dock).<\/li>\n<li><strong>SECUMATIC 3001S :<\/strong> percuteur \u00e0 d\u00e9clenchement automatique avec cartouche de CO<sub>2\u00a0<\/sub>munie d&rsquo;un <strong>pas de vis<\/strong>.<\/li>\n<li><strong>SECU 401S :<\/strong>\u00a0percuteur \u00e0 d\u00e9clenchement manuel avec cartouche de CO<sub>2\u00a0<\/sub>munie d&rsquo;un syst\u00e8me de fixation \u00e0 <strong>baionette\u00a0<\/strong>(CO<sub>2<\/sub>-Dock). Pour\u00a0<a href=\"https:\/\/www.secumar.com\/fr\/categorie-produit\/industrie-usage-professionnel\/domaines-dutilisation-industrie-fr-3\/navigation-maritime-solas\/\">gilets SOLAS<\/a>.<\/li>\n<li><strong>SECU 301SM :<\/strong> percuteur \u00e0 d\u00e9clenchement manuel avec cartouche de CO<sub>2\u00a0<\/sub>munie d&rsquo;un\u00a0<strong>pas de vis<\/strong>. Pour\u00a0<a href=\"https:\/\/www.secumar.com\/fr\/produit\/vivo-100\/\">VIVO 100<\/a>\u00a0et gilets <a href=\"https:\/\/www.secumar.com\/fr\/categorie-produit\/industrie-usage-professionnel\/domaines-dutilisation-industrie-fr-3\/navigation-maritime-solas\/\">SOLAS<\/a>.<\/li>\n<li><strong>S31 :<\/strong> percuteur \u00e0 d\u00e9clenchement manuel avec cartouche de CO<sub>2\u00a0<\/sub>munie d&rsquo;un\u00a0<strong>pas de vis<\/strong>. Pour\u00a0<a href=\"https:\/\/www.secumar.com\/fr\/produit\/secumar-free-100\/\">FREE 100<\/a>.<\/li>\n<\/ul>\n<p>C&rsquo;est en ouvant la poche d&rsquo;acc\u00e9s au percuteur ou en ouvrant le velcro de la housse de protection du gilet, que vous pourrez reconnaitre quel est le syst\u00e8me de d\u00e9clenchement utilis\u00e9. D\u00e9monstration par la vid\u00e9o :<\/p>\n<div class=\"brlbs-cmpnt-container brlbs-cmpnt-content-blocker brlbs-cmpnt-with-individual-styles\" data-borlabs-cookie-content-blocker-id=\"default\" data-borlabs-cookie-content=\"PGRpdiBjbGFzcz0idmlkZW8td3JhcHBlZCB2aWRlby13cmFwcGVkLXZpZGVvIHZpZGVvLXdyYXBwZWQteXQiIHN0eWxlPSJ3aWR0aDogNTAwcHg7IG1pbi1oZWlnaHQ6IDI4MXB4OyBiYWNrZ3JvdW5kLWltYWdlOiB1cmwoJ2h0dHBzOi8vd3d3LnNlY3VtYXIuY29tL3dwLWNvbnRlbnQvcGx1Z2lucy93cC12aWRlby1lbWJlZC1wcml2YWN5L3ByZXZpZXcveXQvMjhsYTFiYk5RamcuanBnP3M9NmZhOGQ4MmQ2Y2NkMmU3MTkzZmVmZGNiM2Y2MDA0NTkyYzlmYTVjZDI0MzI3OGFjMzFmNmY4NTk3OTQ1MzcyZCcpIiBkYXRhLWVtYmVkLWZyYW1lPSImbHQ7aWZyYW1lIHRpdGxlPSZxdW90O0F1c2zDtnNldm9ycmljaHR1bmcgZXJrZW5uZW4mcXVvdDsgd2lkdGg9JnF1b3Q7NTAwJnF1b3Q7IGhlaWdodD0mcXVvdDsyODEmcXVvdDsgc3JjPSZxdW90O2h0dHBzOi8vd3d3LnlvdXR1YmUtbm9jb29raWUuY29tL2VtYmVkLzI4bGExYmJOUWpnP2ZlYXR1cmU9b2VtYmVkJmFtcDtyZWw9MCZxdW90OyBmcmFtZWJvcmRlcj0mcXVvdDswJnF1b3Q7IGFsbG93PSZxdW90O2FjY2VsZXJvbWV0ZXI7IGF1dG9wbGF5OyBjbGlwYm9hcmQtd3JpdGU7IGVuY3J5cHRlZC1tZWRpYTsgZ3lyb3Njb3BlOyBwaWN0dXJlLWluLXBpY3R1cmU7IHdlYi1zaGFyZSZxdW90OyByZWZlcnJlcnBvbGljeT0mcXVvdDtzdHJpY3Qtb3JpZ2luLXdoZW4tY3Jvc3Mtb3JpZ2luJnF1b3Q7IGFsbG93ZnVsbHNjcmVlbiZndDsmbHQ7L2lmcmFtZSZndDsiIGRhdGEtZW1iZWQtcGxheT0iJmx0O3NwYW4mZ3Q7TGlyZSBsYSB2aWQmYW1wO2VhY3V0ZTtvLiZsdDsvc3BhbiZndDsmbHQ7ZGl2IGNsYXNzPSZxdW90O3NtYWxsJnF1b3Q7Jmd0OyZsdDtzcGFuJmd0O0NldHRlIHZpZCZhbXA7ZWFjdXRlO28gZXN0IGludCZhbXA7ZWFjdXRlO2dyJmFtcDtlYWN1dGU7ZSBwYXIgWW91VHViZS4gTGEgcG9saXRpcXVlIGRlICZsdDthIGhyZWY9JnF1b3Q7aHR0cHM6Ly9wb2xpY2llcy5nb29nbGUuY29tL3ByaXZhY3k\/aGw9ZnImcXVvdDsgdGFyZ2V0PSZxdW90O19ibGFuayZxdW90OyZndDtjb25maWRlbnRpYWxpdCZhbXA7ZWFjdXRlOyBkZSBHb29nbGUmbHQ7L2EmZ3Q7IGVzdCBlbiB2aWd1ZXVyLiZsdDsvc3BhbiZndDsmbHQ7L2RpdiZndDsiPjxkaXYgY2xhc3M9InZpZGVvLXdyYXBwZWQtbm9qcyI+PHNwYW4+QWt0aXZpZXJlbiBTaWUgSmF2YVNjcmlwdCB1bSBkYXMgVmlkZW8genUgc2VoZW4uPGJyLz5WaWRlby1MaW5rOiA8YSBocmVmPSJodHRwczovL3lvdXR1YmUuY29tL3dhdGNoP3Y9MjhsYTFiYk5RamciPmh0dHBzOi8veW91dHViZS5jb20vd2F0Y2g\/dj0yOGxhMWJiTlFqZzwvYT48L3NwYW4+PC9kaXY+PC9kaXY+\">\n<div class=\"brlbs-cmpnt-cb-preset-a\">\n<p class=\"brlbs-cmpnt-cb-description\">Vous \u00eates actuellement en train de consulter le contenu d&rsquo;un espace r\u00e9serv\u00e9 de <strong>Par d\u00e9faut<\/strong>. Pour acc\u00e9der au contenu r\u00e9el, cliquez sur le bouton ci-dessous. Veuillez noter que ce faisant, des donn\u00e9es seront partag\u00e9es avec des providers tiers.<\/p>\n<div class=\"brlbs-cmpnt-cb-buttons\"> <a class=\"brlbs-cmpnt-cb-btn\" href=\"#\" data-borlabs-cookie-unblock role=\"button\">D\u00e9bloquer le contenu<\/a> <a class=\"brlbs-cmpnt-cb-btn\" href=\"#\" data-borlabs-cookie-accept-service role=\"button\" style=\"display: none\">Accepter le service requis et d\u00e9bloquer les contenus<\/a> <\/div>\n<p> <a class=\"brlbs-cmpnt-cb-provider-toggle\" href=\"#\" data-borlabs-cookie-show-provider-information role=\"button\">Plus d&rsquo;informations<\/a> <\/div>\n<\/div>\n<h3>Quelle est la cartouche de CO<sub>2 <\/sub>correspondant \u00e0 mon gilet de sauvetage?<\/h3>\n<p>Veuillez consulter la notice d&rsquo;utilisation de votre gilet de sauvetage pour trouver la cartouche de CO<sub>2\u00a0<\/sub>correspondante. \u00a0La taille (en g) de la cartouche de CO<sub>2\u00a0<\/sub>\u00a0requise est tamponn\u00e9e directement sur l&rsquo;enveloppe gonflable (\u00e0 l&rsquo;int\u00e9rieur de la housse de protection). De plus, la d\u00e9signation du type de percuteur est \u00e9galement indiqu\u00e9e sur une \u00e9tiquette cousue \u00e0 l&rsquo;enveloppe gonflable.<\/p>\n<p>Liste non-exhaustive des tailles de cartouches de CO<sub>2<\/sub>\u00a0et leurs produits correspondants :<\/p>\n<ul>\n<li>16 g \u2013 Mini, Survival Mini Duo Protect<\/li>\n<li>20 g \u2013 Survival Junior Duo Protect (fabriqu\u00e9 jusqu&rsquo;en 2015)<\/li>\n<li>22 g \u2013 Midi, Junior (fabriqu\u00e9 \u00e0 partir de 2015)<\/li>\n<li>32 g \u2013 Gilet de sauvetage 150 N<\/li>\n<li>38 g \u2013 Flotteur gonflable anti-d\u00e9ssalage KSK 20 (petit)<\/li>\n<li>43 g \u2013 Gilet de sauvetage 220 N<\/li>\n<li>56 g \u2013 Gilet de sauvetage 275 N<\/li>\n<li>60 g \u2013 Gilet de sauvetage 275 N<\/li>\n<li>75 g \u2013 Flotteur gonflable anti-d\u00e9ssalage KSK 40 (grand)<\/li>\n<\/ul>\n<div class=\"sec_single_product_information_advantages\">\n<div class=\"sec_single_product_advantages\">\n<div class=\"container\">\n<h3 class=\"sec_headline\">Remarques importantes<\/h3>\n<div class=\"sec_text\">\n<p>Remplacer les cartouches de CO<sub>2\u00a0<\/sub>lorsque celles-ci sont vides ou corrod\u00e9es\/oxyd\u00e9es par des cartouches de CO<sub>2 <\/sub>neuves SECUMAR .<\/p>\n<ul>\n<li>Si vous d\u00e9couvrez lors d&rsquo;un contr\u00f4le du gilet un d\u00e9faut, veuillez imp\u00e9rativement faire r\u00e9viser votre gilet par une station de r\u00e9vision agr\u00e9e SECUMAR ou directement par le fabricant.<\/li>\n<li>Lors d&rsquo;un contr\u00f4le du gilet, pensez d&rsquo;abord \u00e0 toujours d\u00e9visser la cartouche de CO<sub>2<\/sub>, avant de manipuler le levier du percuteur. Sinon, vous risquez de percuter le gilet de sauvetage.<\/li>\n<li>Toutes les cartouches de CO<sub>2<\/sub>\u00a0SECUMAR font l&rsquo;objet d&rsquo;un contr\u00f4le continu et sont pes\u00e9es \u00e0 100%. Le gaz de dioxyde de carbone tr\u00e8s pur (99,95% de puret\u00e9) emp\u00eache le givrage et la d\u00e9c\u00e9l\u00e9ration de l&rsquo;expansion du gaz au cours du processus de gonflage.<\/li>\n<\/ul>\n<\/div>\n<\/div>\n<\/div>\n<\/div>\n","protected":false},"excerpt":{"rendered":"<p>Un kit de recharge de cartouche CO<sub>2\u00a0<\/sub>SECUMAR comprend : une bouteille de CO<sub>2<\/sub>\u00a0, 2 pastilles et le cas \u00e9ch\u00e9ant des goupilles de s\u00fbret\u00e9. Les cartouches de CO<sub>2 <\/sub>SECUMAR existent en deux versions :<\/p>\n<ul>\n<li>cartouche de CO<sub>2\u00a0<\/sub>munie d&rsquo;un syst\u00e8me de fixation \u00e0 <strong>baionette\u00a0<\/strong>(CO<sub>2<\/sub>-Dock).<\/li>\n<li>cartouche de CO<sub>2\u00a0<\/sub>munie d&rsquo;un <strong>pas de vis<\/strong>.<\/li>\n<\/ul>\n<p>Les cartouches de CO<sub>2\u00a0<\/sub>munies d&rsquo;un syst\u00e8me de fixation \u00e0 <strong>baionette<\/strong>\u00a0sont utilis\u00e9es dans les percuteurs SECUMATIC 4001S et\u00a0SECU 401S. Le nom de la cartouche est suivi par le suffixe\u00a0\u00ab\u00a0Dock\u00a0\u00bb.<\/p>\n<p>Les cartouches de CO<sub>2\u00a0<\/sub>munie d&rsquo;un <strong>pas de vis\u00a0<\/strong>sont utilis\u00e9es dans les percuteurs SECUMATIC 3001S, SECU 301SM et\u00a0SECU S31.<\/p>\n<p>De plus,<span lang=\"fr\">\u00a0le contenu en CO<sub>2\u00a0<\/sub>des cartouches de rechange est \u00e9galement tr\u00e8s important. Celui-ci est exprim\u00e9 en grammes (g) et est d\u00e9termin\u00e9e par la taille de l&rsquo;enveloppe gonflable de votre gilet de sauvetage.<\/span><\/p>\n","protected":false},"featured_media":45287,"comment_status":"closed","ping_status":"closed","template":"","meta":{"_acf_changed":false,"_searchwp_excluded":"","editor_plus_copied_stylings":"{}","footnotes":"","_links_to":"","_links_to_target":""},"product_brand":[],"product_cat":[755,2531],"product_tag":[],"class_list":{"0":"post-34863","1":"product","2":"type-product","3":"status-publish","4":"has-post-thumbnail","6":"product_cat-accessoires","7":"product_cat-accessoires-fr","8":"pa_co2-patrone-16-g-fr-2","9":"pa_co2-patrone-2-x-32-g-fr-2","10":"pa_co2-patrone-2-x-56-g-fr-2","11":"pa_co2-patrone-2-x-60-g-co2-dock-fr-2","12":"pa_co2-patrone-20-g-fr-2-903","13":"pa_co2-patrone-22-g-fr-2","14":"pa_co2-patrone-22-g-free-100-fr","15":"pa_co2-patrone-22-g-hand-924-fr","16":"pa_co2-patrone-32-g-fr-2","17":"pa_co2-patrone-32-g-co2-dock-fr","18":"pa_co2-patrone-38-g-fr","19":"pa_co2-patrone-43-g-fr","20":"pa_co2-patrone-43-g-co2-dock-fr","21":"pa_co2-patrone-56-g-fr-2","22":"pa_co2-patrone-56-g-co2-dock-fr","23":"pa_co2-patrone-60-g-fr-2","24":"pa_co2-patrone-60-g-co2-dock-fr","25":"pa_co2-patrone-75-g-fr-2","27":"first","28":"instock","29":"taxable","30":"shipping-taxable","31":"purchasable","32":"product-type-variable"},"acf":[],"yoast_head":"<!-- This site is optimized with the Yoast SEO plugin v24.6 - https:\/\/yoast.com\/wordpress\/plugins\/seo\/ -->\n<title>Kit de recharge cartouche de CO\u2082 - SECUMAR<\/title>\n<meta name=\"robots\" content=\"index, follow, max-snippet:-1, max-image-preview:large, max-video-preview:-1\" \/>\n<link rel=\"canonical\" href=\"https:\/\/www.secumar.com\/fr\/produit\/kit-de-recharge-cartouche-de-co2\/\" \/>\n<meta property=\"og:locale\" content=\"fr_FR\" \/>\n<meta property=\"og:type\" content=\"article\" \/>\n<meta property=\"og:title\" content=\"Kit de recharge cartouche de CO\u2082 - SECUMAR\" \/>\n<meta property=\"og:description\" content=\"Un kit de recharge de cartouche CO2\u00a0SECUMAR comprend : une bouteille de CO2\u00a0, 2 pastilles et le cas \u00e9ch\u00e9ant des goupilles de s\u00fbret\u00e9. Les cartouches de CO2 SECUMAR existent en deux versions :   cartouche de CO2\u00a0munie d&#039;un syst\u00e8me de fixation \u00e0 baionette\u00a0(CO2-Dock).  cartouche de CO2\u00a0munie d&#039;un pas de vis.  Les cartouches de CO2\u00a0munies d&#039;un syst\u00e8me de fixation \u00e0 baionette\u00a0sont utilis\u00e9es dans les percuteurs SECUMATIC 4001S et\u00a0SECU 401S. Le nom de la cartouche est suivi par le suffixe\u00a0&quot;Dock&quot;.  Les cartouches de CO2\u00a0munie d&#039;un pas de vis\u00a0sont utilis\u00e9es dans les percuteurs SECUMATIC 3001S, SECU 301SM et\u00a0SECU S31.  De plus,\u00a0le contenu en CO2\u00a0des cartouches de rechange est \u00e9galement tr\u00e8s important. Celui-ci est exprim\u00e9 en grammes (g) et est d\u00e9termin\u00e9e par la taille de l&#039;enveloppe gonflable de votre gilet de sauvetage.\" \/>\n<meta property=\"og:url\" content=\"https:\/\/www.secumar.com\/fr\/produit\/kit-de-recharge-cartouche-de-co2\/\" \/>\n<meta property=\"og:site_name\" content=\"SECUMAR\" \/>\n<meta property=\"article:publisher\" content=\"https:\/\/www.facebook.com\/Secumar\/\" \/>\n<meta property=\"article:modified_time\" content=\"2021-08-19T15:59:43+00:00\" \/>\n<meta property=\"og:image\" content=\"https:\/\/www.secumar.com\/wp-content\/uploads\/2021\/07\/Blister_Patrone002.jpg\" \/>\n\t<meta property=\"og:image:width\" content=\"900\" \/>\n\t<meta property=\"og:image:height\" content=\"900\" \/>\n\t<meta property=\"og:image:type\" content=\"image\/jpeg\" \/>\n<meta name=\"twitter:card\" content=\"summary_large_image\" \/>\n<meta name=\"twitter:label1\" content=\"Dur\u00e9e de lecture estim\u00e9e\" \/>\n\t<meta name=\"twitter:data1\" content=\"2 minutes\" \/>\n<script type=\"application\/ld+json\" class=\"yoast-schema-graph\">{\"@context\":\"https:\/\/schema.org\",\"@graph\":[{\"@type\":\"WebPage\",\"@id\":\"https:\/\/www.secumar.com\/fr\/produit\/kit-de-recharge-cartouche-de-co2\/\",\"url\":\"https:\/\/www.secumar.com\/fr\/produit\/kit-de-recharge-cartouche-de-co2\/\",\"name\":\"Kit de recharge cartouche de CO\u2082 - SECUMAR\",\"isPartOf\":{\"@id\":\"https:\/\/www.secumar.com\/#website\"},\"primaryImageOfPage\":{\"@id\":\"https:\/\/www.secumar.com\/fr\/produit\/kit-de-recharge-cartouche-de-co2\/#primaryimage\"},\"image\":{\"@id\":\"https:\/\/www.secumar.com\/fr\/produit\/kit-de-recharge-cartouche-de-co2\/#primaryimage\"},\"thumbnailUrl\":\"https:\/\/www.secumar.com\/wp-content\/uploads\/2021\/07\/Blister_Patrone002.jpg\",\"datePublished\":\"2017-06-26T09:41:48+00:00\",\"dateModified\":\"2021-08-19T15:59:43+00:00\",\"breadcrumb\":{\"@id\":\"https:\/\/www.secumar.com\/fr\/produit\/kit-de-recharge-cartouche-de-co2\/#breadcrumb\"},\"inLanguage\":\"fr-FR\",\"potentialAction\":[{\"@type\":\"ReadAction\",\"target\":[\"https:\/\/www.secumar.com\/fr\/produit\/kit-de-recharge-cartouche-de-co2\/\"]}]},{\"@type\":\"ImageObject\",\"inLanguage\":\"fr-FR\",\"@id\":\"https:\/\/www.secumar.com\/fr\/produit\/kit-de-recharge-cartouche-de-co2\/#primaryimage\",\"url\":\"https:\/\/www.secumar.com\/wp-content\/uploads\/2021\/07\/Blister_Patrone002.jpg\",\"contentUrl\":\"https:\/\/www.secumar.com\/wp-content\/uploads\/2021\/07\/Blister_Patrone002.jpg\",\"width\":900,\"height\":900},{\"@type\":\"BreadcrumbList\",\"@id\":\"https:\/\/www.secumar.com\/fr\/produit\/kit-de-recharge-cartouche-de-co2\/#breadcrumb\",\"itemListElement\":[{\"@type\":\"ListItem\",\"position\":1,\"name\":\"Startseite\",\"item\":\"https:\/\/www.secumar.com\/fr\/\"},{\"@type\":\"ListItem\",\"position\":2,\"name\":\"Tous Les Articles\",\"item\":\"https:\/\/www.secumar.com\/fr\/boutique\/\"},{\"@type\":\"ListItem\",\"position\":3,\"name\":\"Kit de recharge cartouche de CO\u2082\"}]},{\"@type\":\"WebSite\",\"@id\":\"https:\/\/www.secumar.com\/#website\",\"url\":\"https:\/\/www.secumar.com\/\",\"name\":\"SECUMAR\",\"description\":\"Gilets de sauvetage\",\"publisher\":{\"@id\":\"https:\/\/www.secumar.com\/#organization\"},\"potentialAction\":[{\"@type\":\"SearchAction\",\"target\":{\"@type\":\"EntryPoint\",\"urlTemplate\":\"https:\/\/www.secumar.com\/?s={search_term_string}\"},\"query-input\":{\"@type\":\"PropertyValueSpecification\",\"valueRequired\":true,\"valueName\":\"search_term_string\"}}],\"inLanguage\":\"fr-FR\"},{\"@type\":\"Organization\",\"@id\":\"https:\/\/www.secumar.com\/#organization\",\"name\":\"Bernhardt Apparatebau GmbH u. Co.\",\"url\":\"https:\/\/www.secumar.com\/\",\"logo\":{\"@type\":\"ImageObject\",\"inLanguage\":\"fr-FR\",\"@id\":\"https:\/\/www.secumar.com\/#\/schema\/logo\/image\/\",\"url\":\"https:\/\/www.secumar.com\/wp-content\/uploads\/2016\/09\/S-Logo_150px-3.jpg\",\"contentUrl\":\"https:\/\/www.secumar.com\/wp-content\/uploads\/2016\/09\/S-Logo_150px-3.jpg\",\"width\":150,\"height\":150,\"caption\":\"Bernhardt Apparatebau GmbH u. Co.\"},\"image\":{\"@id\":\"https:\/\/www.secumar.com\/#\/schema\/logo\/image\/\"},\"sameAs\":[\"https:\/\/www.facebook.com\/Secumar\/\",\"https:\/\/www.instagram.com\/secumar\/\",\"https:\/\/www.linkedin.com\/company-beta\/8684519\/\",\"https:\/\/www.youtube.com\/user\/BernhardtApparatebau\",\"https:\/\/de.wikipedia.org\/wiki\/Secumar\"]}]}<\/script>\n<!-- \/ Yoast SEO plugin. -->","yoast_head_json":{"title":"Kit de recharge cartouche de CO\u2082 - SECUMAR","robots":{"index":"index","follow":"follow","max-snippet":"max-snippet:-1","max-image-preview":"max-image-preview:large","max-video-preview":"max-video-preview:-1"},"canonical":"https:\/\/www.secumar.com\/fr\/produit\/kit-de-recharge-cartouche-de-co2\/","og_locale":"fr_FR","og_type":"article","og_title":"Kit de recharge cartouche de CO\u2082 - SECUMAR","og_description":"Un kit de recharge de cartouche CO2\u00a0SECUMAR comprend : une bouteille de CO2\u00a0, 2 pastilles et le cas \u00e9ch\u00e9ant des goupilles de s\u00fbret\u00e9. Les cartouches de CO2 SECUMAR existent en deux versions :   cartouche de CO2\u00a0munie d'un syst\u00e8me de fixation \u00e0 baionette\u00a0(CO2-Dock).  cartouche de CO2\u00a0munie d'un pas de vis.  Les cartouches de CO2\u00a0munies d'un syst\u00e8me de fixation \u00e0 baionette\u00a0sont utilis\u00e9es dans les percuteurs SECUMATIC 4001S et\u00a0SECU 401S. Le nom de la cartouche est suivi par le suffixe\u00a0\"Dock\".  Les cartouches de CO2\u00a0munie d'un pas de vis\u00a0sont utilis\u00e9es dans les percuteurs SECUMATIC 3001S, SECU 301SM et\u00a0SECU S31.  De plus,\u00a0le contenu en CO2\u00a0des cartouches de rechange est \u00e9galement tr\u00e8s important. Celui-ci est exprim\u00e9 en grammes (g) et est d\u00e9termin\u00e9e par la taille de l'enveloppe gonflable de votre gilet de sauvetage.","og_url":"https:\/\/www.secumar.com\/fr\/produit\/kit-de-recharge-cartouche-de-co2\/","og_site_name":"SECUMAR","article_publisher":"https:\/\/www.facebook.com\/Secumar\/","article_modified_time":"2021-08-19T15:59:43+00:00","og_image":[{"width":900,"height":900,"url":"https:\/\/www.secumar.com\/wp-content\/uploads\/2021\/07\/Blister_Patrone002.jpg","type":"image\/jpeg"}],"twitter_card":"summary_large_image","twitter_misc":{"Dur\u00e9e de lecture estim\u00e9e":"2 minutes"},"schema":{"@context":"https:\/\/schema.org","@graph":[{"@type":"WebPage","@id":"https:\/\/www.secumar.com\/fr\/produit\/kit-de-recharge-cartouche-de-co2\/","url":"https:\/\/www.secumar.com\/fr\/produit\/kit-de-recharge-cartouche-de-co2\/","name":"Kit de recharge cartouche de CO\u2082 - SECUMAR","isPartOf":{"@id":"https:\/\/www.secumar.com\/#website"},"primaryImageOfPage":{"@id":"https:\/\/www.secumar.com\/fr\/produit\/kit-de-recharge-cartouche-de-co2\/#primaryimage"},"image":{"@id":"https:\/\/www.secumar.com\/fr\/produit\/kit-de-recharge-cartouche-de-co2\/#primaryimage"},"thumbnailUrl":"https:\/\/www.secumar.com\/wp-content\/uploads\/2021\/07\/Blister_Patrone002.jpg","datePublished":"2017-06-26T09:41:48+00:00","dateModified":"2021-08-19T15:59:43+00:00","breadcrumb":{"@id":"https:\/\/www.secumar.com\/fr\/produit\/kit-de-recharge-cartouche-de-co2\/#breadcrumb"},"inLanguage":"fr-FR","potentialAction":[{"@type":"ReadAction","target":["https:\/\/www.secumar.com\/fr\/produit\/kit-de-recharge-cartouche-de-co2\/"]}]},{"@type":"ImageObject","inLanguage":"fr-FR","@id":"https:\/\/www.secumar.com\/fr\/produit\/kit-de-recharge-cartouche-de-co2\/#primaryimage","url":"https:\/\/www.secumar.com\/wp-content\/uploads\/2021\/07\/Blister_Patrone002.jpg","contentUrl":"https:\/\/www.secumar.com\/wp-content\/uploads\/2021\/07\/Blister_Patrone002.jpg","width":900,"height":900},{"@type":"BreadcrumbList","@id":"https:\/\/www.secumar.com\/fr\/produit\/kit-de-recharge-cartouche-de-co2\/#breadcrumb","itemListElement":[{"@type":"ListItem","position":1,"name":"Startseite","item":"https:\/\/www.secumar.com\/fr\/"},{"@type":"ListItem","position":2,"name":"Tous Les Articles","item":"https:\/\/www.secumar.com\/fr\/boutique\/"},{"@type":"ListItem","position":3,"name":"Kit de recharge cartouche de CO\u2082"}]},{"@type":"WebSite","@id":"https:\/\/www.secumar.com\/#website","url":"https:\/\/www.secumar.com\/","name":"SECUMAR","description":"Gilets de sauvetage","publisher":{"@id":"https:\/\/www.secumar.com\/#organization"},"potentialAction":[{"@type":"SearchAction","target":{"@type":"EntryPoint","urlTemplate":"https:\/\/www.secumar.com\/?s={search_term_string}"},"query-input":{"@type":"PropertyValueSpecification","valueRequired":true,"valueName":"search_term_string"}}],"inLanguage":"fr-FR"},{"@type":"Organization","@id":"https:\/\/www.secumar.com\/#organization","name":"Bernhardt Apparatebau GmbH u. Co.","url":"https:\/\/www.secumar.com\/","logo":{"@type":"ImageObject","inLanguage":"fr-FR","@id":"https:\/\/www.secumar.com\/#\/schema\/logo\/image\/","url":"https:\/\/www.secumar.com\/wp-content\/uploads\/2016\/09\/S-Logo_150px-3.jpg","contentUrl":"https:\/\/www.secumar.com\/wp-content\/uploads\/2016\/09\/S-Logo_150px-3.jpg","width":150,"height":150,"caption":"Bernhardt Apparatebau GmbH u. Co."},"image":{"@id":"https:\/\/www.secumar.com\/#\/schema\/logo\/image\/"},"sameAs":["https:\/\/www.facebook.com\/Secumar\/","https:\/\/www.instagram.com\/secumar\/","https:\/\/www.linkedin.com\/company-beta\/8684519\/","https:\/\/www.youtube.com\/user\/BernhardtApparatebau","https:\/\/de.wikipedia.org\/wiki\/Secumar"]}]}},"_links":{"self":[{"href":"https:\/\/www.secumar.com\/fr\/wp-json\/wp\/v2\/product\/34863","targetHints":{"allow":["GET"]}}],"collection":[{"href":"https:\/\/www.secumar.com\/fr\/wp-json\/wp\/v2\/product"}],"about":[{"href":"https:\/\/www.secumar.com\/fr\/wp-json\/wp\/v2\/types\/product"}],"replies":[{"embeddable":true,"href":"https:\/\/www.secumar.com\/fr\/wp-json\/wp\/v2\/comments?post=34863"}],"version-history":[{"count":3,"href":"https:\/\/www.secumar.com\/fr\/wp-json\/wp\/v2\/product\/34863\/revisions"}],"predecessor-version":[{"id":38688,"href":"https:\/\/www.secumar.com\/fr\/wp-json\/wp\/v2\/product\/34863\/revisions\/38688"}],"wp:featuredmedia":[{"embeddable":true,"href":"https:\/\/www.secumar.com\/fr\/wp-json\/wp\/v2\/media\/45287"}],"wp:attachment":[{"href":"https:\/\/www.secumar.com\/fr\/wp-json\/wp\/v2\/media?parent=34863"}],"wp:term":[{"taxonomy":"product_brand","embeddable":true,"href":"https:\/\/www.secumar.com\/fr\/wp-json\/wp\/v2\/product_brand?post=34863"},{"taxonomy":"product_cat","embeddable":true,"href":"https:\/\/www.secumar.com\/fr\/wp-json\/wp\/v2\/product_cat?post=34863"},{"taxonomy":"product_tag","embeddable":true,"href":"https:\/\/www.secumar.com\/fr\/wp-json\/wp\/v2\/product_tag?post=34863"}],"curies":[{"name":"wp","href":"https:\/\/api.w.org\/{rel}","templated":true}]}}