{"id":33780,"date":"2015-03-04T23:23:34","date_gmt":"2017-02-08T16:50:25","guid":{"rendered":"https:\/\/www.secumar.com\/?post_type=product&#038;p=33780\/"},"modified":"2017-02-08T18:03:25","modified_gmt":"2017-02-08T17:03:25","slug":"revision-des-gilets-de-sauvetage-secumar","status":"publish","type":"product","link":"https:\/\/www.secumar.com\/fr\/produit\/revision-des-gilets-de-sauvetage-secumar\/","title":{"rendered":"R\u00e9vision des gilets de sauvetage SECUMAR"},"content":{"rendered":"<ul>\n<li>un test d\u2019\u00e9tanch\u00e9it\u00e9 du flotteur gonfl\u00e9 pendant une dur\u00e9e de 16 heures.<\/li>\n<li>un test du d\u00e9clencheur automatique lors d\u2019une activation apr\u00e8s immersion dans l\u2019eau.<\/li>\n<li>un examen du d\u00e9clencheur automatique lors d\u2019une activation manuelle.<\/li>\n<li>un examen de l\u2019embout buccal.<\/li>\n<li>l\u2019insertion d&rsquo;une nouvelle pastille de cellulose.<\/li>\n<li>le changement syst\u00e9matique des joints d\u2019\u00e9tanch\u00e9it\u00e9.<\/li>\n<li>l\u2019examen des coutures et du syst\u00e8me de fermeture frontale.<\/li>\n<li>contr\u00f4le visuel et pes\u00e9e de la cartouche de CO2.<\/li>\n<li>montage du d\u00e9clencheur automatique avec contr\u00f4le \u00e9lectronique du couple de serrage.<\/li>\n<li>renouvellement de la vignette de r\u00e9vision et d&#8217;emballage.<\/li>\n<li>documentation et contr\u00f4le final selon le syst\u00e8me de management de la qualit\u00e9 (ISO 9001).<\/li>\n<\/ul>\n<p>&nbsp;<\/p>\n<p>&nbsp;<\/p>\n<div id=\"attachment_17039\" style=\"width: 310px\" class=\"wp-caption alignleft left\"><a href=\"https:\/\/www.secumar.com\/wp-content\/uploads\/2015\/03\/Wartung-02.jpg\"><img decoding=\"async\" aria-describedby=\"caption-attachment-17039\" class=\"wp-image-17039 size-thumbnail\" src=\"https:\/\/www.secumar.com\/wp-content\/uploads\/2015\/03\/Wartung-02-300x300.jpg\" alt=\"Wartung von SECUMAR Rettungswesten\" width=\"300\" height=\"300\" srcset=\"https:\/\/www.secumar.com\/wp-content\/uploads\/2015\/03\/Wartung-02-300x300.jpg 300w, https:\/\/www.secumar.com\/wp-content\/uploads\/2015\/03\/Wartung-02-100x100.jpg 100w\" sizes=\"(max-width: 300px) 100vw, 300px\" \/><\/a><p id=\"caption-attachment-17039\" class=\"wp-caption-text\">R\u00e9vision des gilets de sauvetage<\/p><\/div>\n<div id=\"attachment_17038\" style=\"width: 310px\" class=\"wp-caption alignleft left\"><a href=\"https:\/\/www.secumar.com\/wp-content\/uploads\/2015\/03\/Wartung-01.jpg\"><img decoding=\"async\" aria-describedby=\"caption-attachment-17038\" class=\"wp-image-17038 size-thumbnail\" src=\"https:\/\/www.secumar.com\/wp-content\/uploads\/2015\/03\/Wartung-01-300x300.jpg\" alt=\"Wartung von SECUMAR Rettungswesten\" width=\"300\" height=\"300\" srcset=\"https:\/\/www.secumar.com\/wp-content\/uploads\/2015\/03\/Wartung-01-300x300.jpg 300w, https:\/\/www.secumar.com\/wp-content\/uploads\/2015\/03\/Wartung-01-100x100.jpg 100w\" sizes=\"(max-width: 300px) 100vw, 300px\" \/><\/a><p id=\"caption-attachment-17038\" class=\"wp-caption-text\">R\u00e9vision des gilets de sauvetage<\/p><\/div>\n<div id=\"attachment_17037\" style=\"width: 310px\" class=\"wp-caption alignleft left\"><a href=\"https:\/\/www.secumar.com\/wp-content\/uploads\/2015\/03\/Wartung-03.jpg\"><img decoding=\"async\" aria-describedby=\"caption-attachment-17037\" class=\"wp-image-17037 size-thumbnail\" src=\"https:\/\/www.secumar.com\/wp-content\/uploads\/2015\/03\/Wartung-03-300x300.jpg\" alt=\"Wartung von SECUMAR Rettungswesten\" width=\"300\" height=\"300\" srcset=\"https:\/\/www.secumar.com\/wp-content\/uploads\/2015\/03\/Wartung-03-300x300.jpg 300w, https:\/\/www.secumar.com\/wp-content\/uploads\/2015\/03\/Wartung-03-100x100.jpg 100w\" sizes=\"(max-width: 300px) 100vw, 300px\" \/><\/a><p id=\"caption-attachment-17037\" class=\"wp-caption-text\">R\u00e9vision des gilets de sauvetage<\/p><\/div>\n<hr \/>\n<p>Les r\u00e9parations n\u00e9cessaires sont effectu\u00e9es lors de la r\u00e9vision. Les accessoires optionnels tels que feu de survie et capuche prot\u00e8ge-t\u00eate peuvent \u00eatre mont\u00e9s \u00e0 votre demande ainsi que le changement du col en polaire. La r\u00e9vision r\u00e9ussie de votre gilet automatique est attest\u00e9e par une vignette de couleur apr\u00e8s l\u2019assemblage complet du gilet de sauvetage (suivi par un syst\u00e8me informatique): <a href=\"https:\/\/www.secumar.com\/fr\/maintenance-et-durabilite-des-gilets-de-sauvetage\/\">Maintenance et durabilit\u00e9 des gilets de sauvetage<\/a>.<\/p>\n","protected":false},"excerpt":{"rendered":"<p>Le contr\u00f4le technique de votre v\u00e9hicule est une chose tout \u00e0 fait normale, qui ne fait plus l\u2019objet de longues discussions. La r\u00e9vision de votre gilet de sauvetage devrait \u00eatre tout aussi \u00e9vidente. C&rsquo;est-\u00e0-dire une r\u00e9vision compl\u00e8te au minimum tous les deux ans.<\/p>\n","protected":false},"featured_media":19260,"comment_status":"closed","ping_status":"closed","template":"","meta":{"_acf_changed":false,"_searchwp_excluded":"","editor_plus_copied_stylings":"{}","footnotes":"","_links_to":"","_links_to_target":""},"product_brand":[],"product_cat":[2362,748],"product_tag":[],"class_list":{"0":"post-33780","1":"product","2":"type-product","3":"status-publish","4":"has-post-thumbnail","6":"product_cat-catalogue","7":"product_cat-services-fr","9":"first","10":"instock","11":"taxable","12":"shipping-taxable","13":"purchasable","14":"product-type-variable"},"acf":[],"yoast_head":"<!-- This site is optimized with the Yoast SEO plugin v24.6 - https:\/\/yoast.com\/wordpress\/plugins\/seo\/ -->\n<title>R\u00e9vision des gilets de sauvetage SECUMAR - SECUMAR<\/title>\n<meta name=\"robots\" content=\"index, follow, max-snippet:-1, max-image-preview:large, max-video-preview:-1\" \/>\n<link rel=\"canonical\" href=\"https:\/\/www.secumar.com\/fr\/produit\/revision-des-gilets-de-sauvetage-secumar\/\" \/>\n<meta property=\"og:locale\" content=\"fr_FR\" \/>\n<meta property=\"og:type\" content=\"article\" \/>\n<meta property=\"og:title\" content=\"R\u00e9vision des gilets de sauvetage SECUMAR - SECUMAR\" \/>\n<meta property=\"og:description\" content=\"Le contr\u00f4le technique de votre v\u00e9hicule est une chose tout \u00e0 fait normale, qui ne fait plus l\u2019objet de longues discussions. La r\u00e9vision de votre gilet de sauvetage devrait \u00eatre tout aussi \u00e9vidente. C&#039;est-\u00e0-dire une r\u00e9vision compl\u00e8te au minimum tous les deux ans.\" \/>\n<meta property=\"og:url\" content=\"https:\/\/www.secumar.com\/fr\/produit\/revision-des-gilets-de-sauvetage-secumar\/\" \/>\n<meta property=\"og:site_name\" content=\"SECUMAR\" \/>\n<meta property=\"article:publisher\" content=\"https:\/\/www.facebook.com\/Secumar\/\" \/>\n<meta property=\"article:modified_time\" content=\"2017-02-08T17:03:25+00:00\" \/>\n<meta property=\"og:image\" content=\"https:\/\/www.secumar.com\/wp-content\/uploads\/2015\/03\/Wartung-04.jpg\" \/>\n\t<meta property=\"og:image:width\" content=\"350\" \/>\n\t<meta property=\"og:image:height\" content=\"350\" \/>\n\t<meta property=\"og:image:type\" content=\"image\/jpeg\" \/>\n<meta name=\"twitter:card\" content=\"summary_large_image\" \/>\n<meta name=\"twitter:label1\" content=\"Dur\u00e9e de lecture estim\u00e9e\" \/>\n\t<meta name=\"twitter:data1\" content=\"1 minute\" \/>\n<script type=\"application\/ld+json\" class=\"yoast-schema-graph\">{\"@context\":\"https:\/\/schema.org\",\"@graph\":[{\"@type\":\"WebPage\",\"@id\":\"https:\/\/www.secumar.com\/fr\/produit\/revision-des-gilets-de-sauvetage-secumar\/\",\"url\":\"https:\/\/www.secumar.com\/fr\/produit\/revision-des-gilets-de-sauvetage-secumar\/\",\"name\":\"R\u00e9vision des gilets de sauvetage SECUMAR - SECUMAR\",\"isPartOf\":{\"@id\":\"https:\/\/www.secumar.com\/#website\"},\"primaryImageOfPage\":{\"@id\":\"https:\/\/www.secumar.com\/fr\/produit\/revision-des-gilets-de-sauvetage-secumar\/#primaryimage\"},\"image\":{\"@id\":\"https:\/\/www.secumar.com\/fr\/produit\/revision-des-gilets-de-sauvetage-secumar\/#primaryimage\"},\"thumbnailUrl\":\"https:\/\/www.secumar.com\/wp-content\/uploads\/2015\/03\/Wartung-04.jpg\",\"datePublished\":\"2017-02-08T16:50:25+00:00\",\"dateModified\":\"2017-02-08T17:03:25+00:00\",\"breadcrumb\":{\"@id\":\"https:\/\/www.secumar.com\/fr\/produit\/revision-des-gilets-de-sauvetage-secumar\/#breadcrumb\"},\"inLanguage\":\"fr-FR\",\"potentialAction\":[{\"@type\":\"ReadAction\",\"target\":[\"https:\/\/www.secumar.com\/fr\/produit\/revision-des-gilets-de-sauvetage-secumar\/\"]}]},{\"@type\":\"ImageObject\",\"inLanguage\":\"fr-FR\",\"@id\":\"https:\/\/www.secumar.com\/fr\/produit\/revision-des-gilets-de-sauvetage-secumar\/#primaryimage\",\"url\":\"https:\/\/www.secumar.com\/wp-content\/uploads\/2015\/03\/Wartung-04.jpg\",\"contentUrl\":\"https:\/\/www.secumar.com\/wp-content\/uploads\/2015\/03\/Wartung-04.jpg\",\"width\":350,\"height\":350},{\"@type\":\"BreadcrumbList\",\"@id\":\"https:\/\/www.secumar.com\/fr\/produit\/revision-des-gilets-de-sauvetage-secumar\/#breadcrumb\",\"itemListElement\":[{\"@type\":\"ListItem\",\"position\":1,\"name\":\"Startseite\",\"item\":\"https:\/\/www.secumar.com\/fr\/\"},{\"@type\":\"ListItem\",\"position\":2,\"name\":\"Tous Les Articles\",\"item\":\"https:\/\/www.secumar.com\/fr\/boutique\/\"},{\"@type\":\"ListItem\",\"position\":3,\"name\":\"R\u00e9vision des gilets de sauvetage SECUMAR\"}]},{\"@type\":\"WebSite\",\"@id\":\"https:\/\/www.secumar.com\/#website\",\"url\":\"https:\/\/www.secumar.com\/\",\"name\":\"SECUMAR\",\"description\":\"Gilets de sauvetage\",\"publisher\":{\"@id\":\"https:\/\/www.secumar.com\/#organization\"},\"potentialAction\":[{\"@type\":\"SearchAction\",\"target\":{\"@type\":\"EntryPoint\",\"urlTemplate\":\"https:\/\/www.secumar.com\/?s={search_term_string}\"},\"query-input\":{\"@type\":\"PropertyValueSpecification\",\"valueRequired\":true,\"valueName\":\"search_term_string\"}}],\"inLanguage\":\"fr-FR\"},{\"@type\":\"Organization\",\"@id\":\"https:\/\/www.secumar.com\/#organization\",\"name\":\"Bernhardt Apparatebau GmbH u. Co.\",\"url\":\"https:\/\/www.secumar.com\/\",\"logo\":{\"@type\":\"ImageObject\",\"inLanguage\":\"fr-FR\",\"@id\":\"https:\/\/www.secumar.com\/#\/schema\/logo\/image\/\",\"url\":\"https:\/\/www.secumar.com\/wp-content\/uploads\/2016\/09\/S-Logo_150px-3.jpg\",\"contentUrl\":\"https:\/\/www.secumar.com\/wp-content\/uploads\/2016\/09\/S-Logo_150px-3.jpg\",\"width\":150,\"height\":150,\"caption\":\"Bernhardt Apparatebau GmbH u. Co.\"},\"image\":{\"@id\":\"https:\/\/www.secumar.com\/#\/schema\/logo\/image\/\"},\"sameAs\":[\"https:\/\/www.facebook.com\/Secumar\/\",\"https:\/\/www.instagram.com\/secumar\/\",\"https:\/\/www.linkedin.com\/company-beta\/8684519\/\",\"https:\/\/www.youtube.com\/user\/BernhardtApparatebau\",\"https:\/\/de.wikipedia.org\/wiki\/Secumar\"]}]}<\/script>\n<!-- \/ Yoast SEO plugin. -->","yoast_head_json":{"title":"R\u00e9vision des gilets de sauvetage SECUMAR - SECUMAR","robots":{"index":"index","follow":"follow","max-snippet":"max-snippet:-1","max-image-preview":"max-image-preview:large","max-video-preview":"max-video-preview:-1"},"canonical":"https:\/\/www.secumar.com\/fr\/produit\/revision-des-gilets-de-sauvetage-secumar\/","og_locale":"fr_FR","og_type":"article","og_title":"R\u00e9vision des gilets de sauvetage SECUMAR - SECUMAR","og_description":"Le contr\u00f4le technique de votre v\u00e9hicule est une chose tout \u00e0 fait normale, qui ne fait plus l\u2019objet de longues discussions. La r\u00e9vision de votre gilet de sauvetage devrait \u00eatre tout aussi \u00e9vidente. C'est-\u00e0-dire une r\u00e9vision compl\u00e8te au minimum tous les deux ans.","og_url":"https:\/\/www.secumar.com\/fr\/produit\/revision-des-gilets-de-sauvetage-secumar\/","og_site_name":"SECUMAR","article_publisher":"https:\/\/www.facebook.com\/Secumar\/","article_modified_time":"2017-02-08T17:03:25+00:00","og_image":[{"width":350,"height":350,"url":"https:\/\/www.secumar.com\/wp-content\/uploads\/2015\/03\/Wartung-04.jpg","type":"image\/jpeg"}],"twitter_card":"summary_large_image","twitter_misc":{"Dur\u00e9e de lecture estim\u00e9e":"1 minute"},"schema":{"@context":"https:\/\/schema.org","@graph":[{"@type":"WebPage","@id":"https:\/\/www.secumar.com\/fr\/produit\/revision-des-gilets-de-sauvetage-secumar\/","url":"https:\/\/www.secumar.com\/fr\/produit\/revision-des-gilets-de-sauvetage-secumar\/","name":"R\u00e9vision des gilets de sauvetage SECUMAR - SECUMAR","isPartOf":{"@id":"https:\/\/www.secumar.com\/#website"},"primaryImageOfPage":{"@id":"https:\/\/www.secumar.com\/fr\/produit\/revision-des-gilets-de-sauvetage-secumar\/#primaryimage"},"image":{"@id":"https:\/\/www.secumar.com\/fr\/produit\/revision-des-gilets-de-sauvetage-secumar\/#primaryimage"},"thumbnailUrl":"https:\/\/www.secumar.com\/wp-content\/uploads\/2015\/03\/Wartung-04.jpg","datePublished":"2017-02-08T16:50:25+00:00","dateModified":"2017-02-08T17:03:25+00:00","breadcrumb":{"@id":"https:\/\/www.secumar.com\/fr\/produit\/revision-des-gilets-de-sauvetage-secumar\/#breadcrumb"},"inLanguage":"fr-FR","potentialAction":[{"@type":"ReadAction","target":["https:\/\/www.secumar.com\/fr\/produit\/revision-des-gilets-de-sauvetage-secumar\/"]}]},{"@type":"ImageObject","inLanguage":"fr-FR","@id":"https:\/\/www.secumar.com\/fr\/produit\/revision-des-gilets-de-sauvetage-secumar\/#primaryimage","url":"https:\/\/www.secumar.com\/wp-content\/uploads\/2015\/03\/Wartung-04.jpg","contentUrl":"https:\/\/www.secumar.com\/wp-content\/uploads\/2015\/03\/Wartung-04.jpg","width":350,"height":350},{"@type":"BreadcrumbList","@id":"https:\/\/www.secumar.com\/fr\/produit\/revision-des-gilets-de-sauvetage-secumar\/#breadcrumb","itemListElement":[{"@type":"ListItem","position":1,"name":"Startseite","item":"https:\/\/www.secumar.com\/fr\/"},{"@type":"ListItem","position":2,"name":"Tous Les Articles","item":"https:\/\/www.secumar.com\/fr\/boutique\/"},{"@type":"ListItem","position":3,"name":"R\u00e9vision des gilets de sauvetage SECUMAR"}]},{"@type":"WebSite","@id":"https:\/\/www.secumar.com\/#website","url":"https:\/\/www.secumar.com\/","name":"SECUMAR","description":"Gilets de sauvetage","publisher":{"@id":"https:\/\/www.secumar.com\/#organization"},"potentialAction":[{"@type":"SearchAction","target":{"@type":"EntryPoint","urlTemplate":"https:\/\/www.secumar.com\/?s={search_term_string}"},"query-input":{"@type":"PropertyValueSpecification","valueRequired":true,"valueName":"search_term_string"}}],"inLanguage":"fr-FR"},{"@type":"Organization","@id":"https:\/\/www.secumar.com\/#organization","name":"Bernhardt Apparatebau GmbH u. Co.","url":"https:\/\/www.secumar.com\/","logo":{"@type":"ImageObject","inLanguage":"fr-FR","@id":"https:\/\/www.secumar.com\/#\/schema\/logo\/image\/","url":"https:\/\/www.secumar.com\/wp-content\/uploads\/2016\/09\/S-Logo_150px-3.jpg","contentUrl":"https:\/\/www.secumar.com\/wp-content\/uploads\/2016\/09\/S-Logo_150px-3.jpg","width":150,"height":150,"caption":"Bernhardt Apparatebau GmbH u. Co."},"image":{"@id":"https:\/\/www.secumar.com\/#\/schema\/logo\/image\/"},"sameAs":["https:\/\/www.facebook.com\/Secumar\/","https:\/\/www.instagram.com\/secumar\/","https:\/\/www.linkedin.com\/company-beta\/8684519\/","https:\/\/www.youtube.com\/user\/BernhardtApparatebau","https:\/\/de.wikipedia.org\/wiki\/Secumar"]}]}},"_links":{"self":[{"href":"https:\/\/www.secumar.com\/fr\/wp-json\/wp\/v2\/product\/33780","targetHints":{"allow":["GET"]}}],"collection":[{"href":"https:\/\/www.secumar.com\/fr\/wp-json\/wp\/v2\/product"}],"about":[{"href":"https:\/\/www.secumar.com\/fr\/wp-json\/wp\/v2\/types\/product"}],"replies":[{"embeddable":true,"href":"https:\/\/www.secumar.com\/fr\/wp-json\/wp\/v2\/comments?post=33780"}],"version-history":[{"count":0,"href":"https:\/\/www.secumar.com\/fr\/wp-json\/wp\/v2\/product\/33780\/revisions"}],"wp:featuredmedia":[{"embeddable":true,"href":"https:\/\/www.secumar.com\/fr\/wp-json\/wp\/v2\/media\/19260"}],"wp:attachment":[{"href":"https:\/\/www.secumar.com\/fr\/wp-json\/wp\/v2\/media?parent=33780"}],"wp:term":[{"taxonomy":"product_brand","embeddable":true,"href":"https:\/\/www.secumar.com\/fr\/wp-json\/wp\/v2\/product_brand?post=33780"},{"taxonomy":"product_cat","embeddable":true,"href":"https:\/\/www.secumar.com\/fr\/wp-json\/wp\/v2\/product_cat?post=33780"},{"taxonomy":"product_tag","embeddable":true,"href":"https:\/\/www.secumar.com\/fr\/wp-json\/wp\/v2\/product_tag?post=33780"}],"curies":[{"name":"wp","href":"https:\/\/api.w.org\/{rel}","templated":true}]}}