{"id":30015,"date":"2014-06-05T23:39:25","date_gmt":"2016-10-07T08:49:09","guid":{"rendered":"https:\/\/www.secumar.com\/fr\/?post_type=product&#038;p=30015&#038;lang=fr"},"modified":"2016-10-07T10:49:09","modified_gmt":"2016-10-07T08:49:09","slug":"aide-a-la-recuperation-seculift-lws25","status":"publish","type":"product","link":"https:\/\/www.secumar.com\/fr\/produit\/aide-a-la-recuperation-seculift-lws25\/","title":{"rendered":"Aide \u00e0 la r\u00e9cup\u00e9ration SECULIFT LWS25"},"content":{"rendered":"<p>Le tout lov\u00e9 dans un sac pr\u00e9vue pour la lanc\u00e9e. Le syst\u00e8me SECULIFT LWS25 permet de reprendre contact avec le naufrag\u00e9. La ligne de jet de 25m se prolonge par un solide bout de 5m et se termine par la ceinture r\u00e9glable. Le naufrag\u00e9 peut alors \u00eatre hiss\u00e9 \u00e0 bord \u00e0 l\u2018aide d\u2018une drisse ou bien en passant le bout autour d\u2018un winch. Simple et efficace pour la r\u00e9cup\u00e9ration d\u2018un naufrag\u00e9 par l\u2018\u00e9quipage.<\/p>\n","protected":false},"excerpt":{"rendered":"<p>Syst\u00e8me d\u2018aide \u00e0 la r\u00e9cup\u00e9ration d\u2018homme \u00e0 la mer compos\u00e9 d\u2018une ceinture (taille r\u00e9glable) et d\u2018une ligne de jet flottante de 30 m dont 5 m d\u2018un plus gros diam\u00e8tre.<\/p>\n","protected":false},"featured_media":18675,"comment_status":"closed","ping_status":"closed","template":"","meta":{"_acf_changed":false,"_searchwp_excluded":"","editor_plus_copied_stylings":"{}","footnotes":"","_links_to":"","_links_to_target":""},"product_brand":[],"product_cat":[755,714,2531],"product_tag":[],"class_list":{"0":"post-30015","1":"product","2":"type-product","3":"status-publish","4":"has-post-thumbnail","6":"product_cat-accessoires","7":"product_cat-homme-a-la-mer-fr","8":"product_cat-accessoires-fr","10":"first","11":"instock","12":"taxable","13":"shipping-taxable","14":"purchasable","15":"product-type-simple"},"acf":[],"yoast_head":"<!-- This site is optimized with the Yoast SEO plugin v24.6 - https:\/\/yoast.com\/wordpress\/plugins\/seo\/ -->\n<title>Aide \u00e0 la r\u00e9cup\u00e9ration SECULIFT LWS25 - SECUMAR<\/title>\n<meta name=\"robots\" content=\"index, follow, max-snippet:-1, max-image-preview:large, max-video-preview:-1\" \/>\n<link rel=\"canonical\" href=\"https:\/\/www.secumar.com\/fr\/produit\/aide-a-la-recuperation-seculift-lws25\/\" \/>\n<meta property=\"og:locale\" content=\"fr_FR\" \/>\n<meta property=\"og:type\" content=\"article\" \/>\n<meta property=\"og:title\" content=\"Aide \u00e0 la r\u00e9cup\u00e9ration SECULIFT LWS25 - SECUMAR\" \/>\n<meta property=\"og:description\" content=\"Syst\u00e8me d\u2018aide \u00e0 la r\u00e9cup\u00e9ration d\u2018homme \u00e0 la mer compos\u00e9 d\u2018une ceinture (taille r\u00e9glable) et d\u2018une ligne de jet flottante de 30 m dont 5 m d\u2018un plus gros diam\u00e8tre.\" \/>\n<meta property=\"og:url\" content=\"https:\/\/www.secumar.com\/fr\/produit\/aide-a-la-recuperation-seculift-lws25\/\" \/>\n<meta property=\"og:site_name\" content=\"SECUMAR\" \/>\n<meta property=\"article:publisher\" content=\"https:\/\/www.facebook.com\/Secumar\/\" \/>\n<meta property=\"og:image\" content=\"https:\/\/www.secumar.com\/wp-content\/uploads\/2016\/06\/Bergesystem-LWS25.jpg\" \/>\n\t<meta property=\"og:image:width\" content=\"1024\" \/>\n\t<meta property=\"og:image:height\" content=\"1024\" \/>\n\t<meta property=\"og:image:type\" content=\"image\/jpeg\" \/>\n<meta name=\"twitter:card\" content=\"summary_large_image\" \/>\n<script type=\"application\/ld+json\" class=\"yoast-schema-graph\">{\"@context\":\"https:\/\/schema.org\",\"@graph\":[{\"@type\":\"WebPage\",\"@id\":\"https:\/\/www.secumar.com\/fr\/produit\/aide-a-la-recuperation-seculift-lws25\/\",\"url\":\"https:\/\/www.secumar.com\/fr\/produit\/aide-a-la-recuperation-seculift-lws25\/\",\"name\":\"Aide \u00e0 la r\u00e9cup\u00e9ration SECULIFT LWS25 - SECUMAR\",\"isPartOf\":{\"@id\":\"https:\/\/www.secumar.com\/#website\"},\"primaryImageOfPage\":{\"@id\":\"https:\/\/www.secumar.com\/fr\/produit\/aide-a-la-recuperation-seculift-lws25\/#primaryimage\"},\"image\":{\"@id\":\"https:\/\/www.secumar.com\/fr\/produit\/aide-a-la-recuperation-seculift-lws25\/#primaryimage\"},\"thumbnailUrl\":\"https:\/\/www.secumar.com\/wp-content\/uploads\/2016\/06\/Bergesystem-LWS25.jpg\",\"datePublished\":\"2016-10-07T08:49:09+00:00\",\"breadcrumb\":{\"@id\":\"https:\/\/www.secumar.com\/fr\/produit\/aide-a-la-recuperation-seculift-lws25\/#breadcrumb\"},\"inLanguage\":\"fr-FR\",\"potentialAction\":[{\"@type\":\"ReadAction\",\"target\":[\"https:\/\/www.secumar.com\/fr\/produit\/aide-a-la-recuperation-seculift-lws25\/\"]}]},{\"@type\":\"ImageObject\",\"inLanguage\":\"fr-FR\",\"@id\":\"https:\/\/www.secumar.com\/fr\/produit\/aide-a-la-recuperation-seculift-lws25\/#primaryimage\",\"url\":\"https:\/\/www.secumar.com\/wp-content\/uploads\/2016\/06\/Bergesystem-LWS25.jpg\",\"contentUrl\":\"https:\/\/www.secumar.com\/wp-content\/uploads\/2016\/06\/Bergesystem-LWS25.jpg\",\"width\":1024,\"height\":1024,\"caption\":\"Bergesystem LWS25\"},{\"@type\":\"BreadcrumbList\",\"@id\":\"https:\/\/www.secumar.com\/fr\/produit\/aide-a-la-recuperation-seculift-lws25\/#breadcrumb\",\"itemListElement\":[{\"@type\":\"ListItem\",\"position\":1,\"name\":\"Startseite\",\"item\":\"https:\/\/www.secumar.com\/fr\/\"},{\"@type\":\"ListItem\",\"position\":2,\"name\":\"Tous Les Articles\",\"item\":\"https:\/\/www.secumar.com\/fr\/boutique\/\"},{\"@type\":\"ListItem\",\"position\":3,\"name\":\"Aide \u00e0 la r\u00e9cup\u00e9ration SECULIFT LWS25\"}]},{\"@type\":\"WebSite\",\"@id\":\"https:\/\/www.secumar.com\/#website\",\"url\":\"https:\/\/www.secumar.com\/\",\"name\":\"SECUMAR\",\"description\":\"Gilets de sauvetage\",\"publisher\":{\"@id\":\"https:\/\/www.secumar.com\/#organization\"},\"potentialAction\":[{\"@type\":\"SearchAction\",\"target\":{\"@type\":\"EntryPoint\",\"urlTemplate\":\"https:\/\/www.secumar.com\/?s={search_term_string}\"},\"query-input\":{\"@type\":\"PropertyValueSpecification\",\"valueRequired\":true,\"valueName\":\"search_term_string\"}}],\"inLanguage\":\"fr-FR\"},{\"@type\":\"Organization\",\"@id\":\"https:\/\/www.secumar.com\/#organization\",\"name\":\"Bernhardt Apparatebau GmbH u. Co.\",\"url\":\"https:\/\/www.secumar.com\/\",\"logo\":{\"@type\":\"ImageObject\",\"inLanguage\":\"fr-FR\",\"@id\":\"https:\/\/www.secumar.com\/#\/schema\/logo\/image\/\",\"url\":\"https:\/\/www.secumar.com\/wp-content\/uploads\/2016\/09\/S-Logo_150px-3.jpg\",\"contentUrl\":\"https:\/\/www.secumar.com\/wp-content\/uploads\/2016\/09\/S-Logo_150px-3.jpg\",\"width\":150,\"height\":150,\"caption\":\"Bernhardt Apparatebau GmbH u. Co.\"},\"image\":{\"@id\":\"https:\/\/www.secumar.com\/#\/schema\/logo\/image\/\"},\"sameAs\":[\"https:\/\/www.facebook.com\/Secumar\/\",\"https:\/\/www.instagram.com\/secumar\/\",\"https:\/\/www.linkedin.com\/company-beta\/8684519\/\",\"https:\/\/www.youtube.com\/user\/BernhardtApparatebau\",\"https:\/\/de.wikipedia.org\/wiki\/Secumar\"]}]}<\/script>\n<!-- \/ Yoast SEO plugin. -->","yoast_head_json":{"title":"Aide \u00e0 la r\u00e9cup\u00e9ration SECULIFT LWS25 - SECUMAR","robots":{"index":"index","follow":"follow","max-snippet":"max-snippet:-1","max-image-preview":"max-image-preview:large","max-video-preview":"max-video-preview:-1"},"canonical":"https:\/\/www.secumar.com\/fr\/produit\/aide-a-la-recuperation-seculift-lws25\/","og_locale":"fr_FR","og_type":"article","og_title":"Aide \u00e0 la r\u00e9cup\u00e9ration SECULIFT LWS25 - SECUMAR","og_description":"Syst\u00e8me d\u2018aide \u00e0 la r\u00e9cup\u00e9ration d\u2018homme \u00e0 la mer compos\u00e9 d\u2018une ceinture (taille r\u00e9glable) et d\u2018une ligne de jet flottante de 30 m dont 5 m d\u2018un plus gros diam\u00e8tre.","og_url":"https:\/\/www.secumar.com\/fr\/produit\/aide-a-la-recuperation-seculift-lws25\/","og_site_name":"SECUMAR","article_publisher":"https:\/\/www.facebook.com\/Secumar\/","og_image":[{"width":1024,"height":1024,"url":"https:\/\/www.secumar.com\/wp-content\/uploads\/2016\/06\/Bergesystem-LWS25.jpg","type":"image\/jpeg"}],"twitter_card":"summary_large_image","schema":{"@context":"https:\/\/schema.org","@graph":[{"@type":"WebPage","@id":"https:\/\/www.secumar.com\/fr\/produit\/aide-a-la-recuperation-seculift-lws25\/","url":"https:\/\/www.secumar.com\/fr\/produit\/aide-a-la-recuperation-seculift-lws25\/","name":"Aide \u00e0 la r\u00e9cup\u00e9ration SECULIFT LWS25 - SECUMAR","isPartOf":{"@id":"https:\/\/www.secumar.com\/#website"},"primaryImageOfPage":{"@id":"https:\/\/www.secumar.com\/fr\/produit\/aide-a-la-recuperation-seculift-lws25\/#primaryimage"},"image":{"@id":"https:\/\/www.secumar.com\/fr\/produit\/aide-a-la-recuperation-seculift-lws25\/#primaryimage"},"thumbnailUrl":"https:\/\/www.secumar.com\/wp-content\/uploads\/2016\/06\/Bergesystem-LWS25.jpg","datePublished":"2016-10-07T08:49:09+00:00","breadcrumb":{"@id":"https:\/\/www.secumar.com\/fr\/produit\/aide-a-la-recuperation-seculift-lws25\/#breadcrumb"},"inLanguage":"fr-FR","potentialAction":[{"@type":"ReadAction","target":["https:\/\/www.secumar.com\/fr\/produit\/aide-a-la-recuperation-seculift-lws25\/"]}]},{"@type":"ImageObject","inLanguage":"fr-FR","@id":"https:\/\/www.secumar.com\/fr\/produit\/aide-a-la-recuperation-seculift-lws25\/#primaryimage","url":"https:\/\/www.secumar.com\/wp-content\/uploads\/2016\/06\/Bergesystem-LWS25.jpg","contentUrl":"https:\/\/www.secumar.com\/wp-content\/uploads\/2016\/06\/Bergesystem-LWS25.jpg","width":1024,"height":1024,"caption":"Bergesystem LWS25"},{"@type":"BreadcrumbList","@id":"https:\/\/www.secumar.com\/fr\/produit\/aide-a-la-recuperation-seculift-lws25\/#breadcrumb","itemListElement":[{"@type":"ListItem","position":1,"name":"Startseite","item":"https:\/\/www.secumar.com\/fr\/"},{"@type":"ListItem","position":2,"name":"Tous Les Articles","item":"https:\/\/www.secumar.com\/fr\/boutique\/"},{"@type":"ListItem","position":3,"name":"Aide \u00e0 la r\u00e9cup\u00e9ration SECULIFT LWS25"}]},{"@type":"WebSite","@id":"https:\/\/www.secumar.com\/#website","url":"https:\/\/www.secumar.com\/","name":"SECUMAR","description":"Gilets de sauvetage","publisher":{"@id":"https:\/\/www.secumar.com\/#organization"},"potentialAction":[{"@type":"SearchAction","target":{"@type":"EntryPoint","urlTemplate":"https:\/\/www.secumar.com\/?s={search_term_string}"},"query-input":{"@type":"PropertyValueSpecification","valueRequired":true,"valueName":"search_term_string"}}],"inLanguage":"fr-FR"},{"@type":"Organization","@id":"https:\/\/www.secumar.com\/#organization","name":"Bernhardt Apparatebau GmbH u. Co.","url":"https:\/\/www.secumar.com\/","logo":{"@type":"ImageObject","inLanguage":"fr-FR","@id":"https:\/\/www.secumar.com\/#\/schema\/logo\/image\/","url":"https:\/\/www.secumar.com\/wp-content\/uploads\/2016\/09\/S-Logo_150px-3.jpg","contentUrl":"https:\/\/www.secumar.com\/wp-content\/uploads\/2016\/09\/S-Logo_150px-3.jpg","width":150,"height":150,"caption":"Bernhardt Apparatebau GmbH u. Co."},"image":{"@id":"https:\/\/www.secumar.com\/#\/schema\/logo\/image\/"},"sameAs":["https:\/\/www.facebook.com\/Secumar\/","https:\/\/www.instagram.com\/secumar\/","https:\/\/www.linkedin.com\/company-beta\/8684519\/","https:\/\/www.youtube.com\/user\/BernhardtApparatebau","https:\/\/de.wikipedia.org\/wiki\/Secumar"]}]}},"_links":{"self":[{"href":"https:\/\/www.secumar.com\/fr\/wp-json\/wp\/v2\/product\/30015","targetHints":{"allow":["GET"]}}],"collection":[{"href":"https:\/\/www.secumar.com\/fr\/wp-json\/wp\/v2\/product"}],"about":[{"href":"https:\/\/www.secumar.com\/fr\/wp-json\/wp\/v2\/types\/product"}],"replies":[{"embeddable":true,"href":"https:\/\/www.secumar.com\/fr\/wp-json\/wp\/v2\/comments?post=30015"}],"version-history":[{"count":0,"href":"https:\/\/www.secumar.com\/fr\/wp-json\/wp\/v2\/product\/30015\/revisions"}],"wp:featuredmedia":[{"embeddable":true,"href":"https:\/\/www.secumar.com\/fr\/wp-json\/wp\/v2\/media\/18675"}],"wp:attachment":[{"href":"https:\/\/www.secumar.com\/fr\/wp-json\/wp\/v2\/media?parent=30015"}],"wp:term":[{"taxonomy":"product_brand","embeddable":true,"href":"https:\/\/www.secumar.com\/fr\/wp-json\/wp\/v2\/product_brand?post=30015"},{"taxonomy":"product_cat","embeddable":true,"href":"https:\/\/www.secumar.com\/fr\/wp-json\/wp\/v2\/product_cat?post=30015"},{"taxonomy":"product_tag","embeddable":true,"href":"https:\/\/www.secumar.com\/fr\/wp-json\/wp\/v2\/product_tag?post=30015"}],"curies":[{"name":"wp","href":"https:\/\/api.w.org\/{rel}","templated":true}]}}