{"id":30000,"date":"2015-03-04T23:23:09","date_gmt":"2016-10-07T08:14:13","guid":{"rendered":"https:\/\/www.secumar.com\/fr\/?post_type=product&#038;p=30000&#038;lang=fr"},"modified":"2023-07-17T12:43:22","modified_gmt":"2023-07-17T10:43:22","slug":"jump-pro","status":"publish","type":"product","link":"https:\/\/www.secumar.com\/fr\/produit\/jump-pro\/","title":{"rendered":"Jump Pro"},"content":{"rendered":"<ul>\n<li>Bandes r\u00e9fl\u00e9chissantes et tissu jaune fluo pour \u00eatre vu \u00e0 dis tance.<\/li>\n<li>Poche ventrale avec fermeture \u00e9clair.<\/li>\n<li>Ajustage pr\u00e8s du corps gr\u00e2ce aux sangles lat\u00e9rales en velcro.<\/li>\n<li>Disponible en quatre tailles<\/li>\n<\/ul>\n","protected":false},"excerpt":{"rendered":"<p>Gilet mousse de 50N homologu\u00e9 DIN EN ISO 12402-5, sp\u00e9cialement concue pour la pratique de la voile sportive en r\u00e9gate ou en initiation.<\/p>\n","protected":false},"featured_media":18606,"comment_status":"closed","ping_status":"closed","template":"","meta":{"_acf_changed":false,"_searchwp_excluded":"","editor_plus_copied_stylings":"{}","footnotes":"","_links_to":"","_links_to_target":""},"product_brand":[],"product_cat":[710,711,1209],"product_tag":[],"class_list":{"0":"post-30000","1":"product","2":"type-product","3":"status-publish","4":"has-post-thumbnail","6":"product_cat-voile-legere","7":"product_cat-canoe-kayak-fr","8":"product_cat-brassieres-loisir-fr","9":"pa_auftrieb-30-40-kg-35-n-fr","10":"pa_auftrieb-40-70-kg-45-n-fr","11":"pa_auftrieb-70-90-kg-50-n-fr","12":"pa_auftrieb-90-120-kg-50-n-fr","13":"pa_auftriebsklasse-ce-50-n-fr","14":"pa_bergegurt-non","15":"pa_ce-ce-fr-2","16":"pa_fenster-non","17":"pa_harness-non","18":"pa_notlicht-non","19":"pa_schrittgurt-non","20":"pa_sendervorbereitung-nein-fr","21":"pa_spraycap-non","22":"pa_verschluss-double-fermeture-velcro-a-lavant","24":"first","25":"instock","26":"taxable","27":"shipping-taxable","28":"purchasable","29":"product-type-variable"},"acf":[],"yoast_head":"<!-- This site is optimized with the Yoast SEO plugin v24.6 - https:\/\/yoast.com\/wordpress\/plugins\/seo\/ -->\n<title>Jump Pro - SECUMAR<\/title>\n<meta name=\"robots\" content=\"index, follow, max-snippet:-1, max-image-preview:large, max-video-preview:-1\" \/>\n<link rel=\"canonical\" href=\"https:\/\/www.secumar.com\/fr\/produit\/jump-pro\/\" \/>\n<meta property=\"og:locale\" content=\"fr_FR\" \/>\n<meta property=\"og:type\" content=\"article\" \/>\n<meta property=\"og:title\" content=\"Jump Pro - SECUMAR\" \/>\n<meta property=\"og:description\" content=\"Gilet mousse de 50N homologu\u00e9 DIN EN ISO 12402-5, sp\u00e9cialement concue pour la pratique de la voile sportive en r\u00e9gate ou en initiation.\" \/>\n<meta property=\"og:url\" content=\"https:\/\/www.secumar.com\/fr\/produit\/jump-pro\/\" \/>\n<meta property=\"og:site_name\" content=\"SECUMAR\" \/>\n<meta property=\"article:publisher\" content=\"https:\/\/www.facebook.com\/Secumar\/\" \/>\n<meta property=\"article:modified_time\" content=\"2023-07-17T10:43:22+00:00\" \/>\n<meta property=\"og:image\" content=\"https:\/\/www.secumar.com\/wp-content\/uploads\/2016\/06\/Jump-Pro.jpg\" \/>\n\t<meta property=\"og:image:width\" content=\"1024\" \/>\n\t<meta property=\"og:image:height\" content=\"1024\" \/>\n\t<meta property=\"og:image:type\" content=\"image\/jpeg\" \/>\n<meta name=\"twitter:card\" content=\"summary_large_image\" \/>\n<meta name=\"twitter:label1\" content=\"Dur\u00e9e de lecture estim\u00e9e\" \/>\n\t<meta name=\"twitter:data1\" content=\"1 minute\" \/>\n<script type=\"application\/ld+json\" class=\"yoast-schema-graph\">{\"@context\":\"https:\/\/schema.org\",\"@graph\":[{\"@type\":\"WebPage\",\"@id\":\"https:\/\/www.secumar.com\/fr\/produit\/jump-pro\/\",\"url\":\"https:\/\/www.secumar.com\/fr\/produit\/jump-pro\/\",\"name\":\"Jump Pro - SECUMAR\",\"isPartOf\":{\"@id\":\"https:\/\/www.secumar.com\/#website\"},\"primaryImageOfPage\":{\"@id\":\"https:\/\/www.secumar.com\/fr\/produit\/jump-pro\/#primaryimage\"},\"image\":{\"@id\":\"https:\/\/www.secumar.com\/fr\/produit\/jump-pro\/#primaryimage\"},\"thumbnailUrl\":\"https:\/\/www.secumar.com\/wp-content\/uploads\/2016\/06\/Jump-Pro.jpg\",\"datePublished\":\"2016-10-07T08:14:13+00:00\",\"dateModified\":\"2023-07-17T10:43:22+00:00\",\"breadcrumb\":{\"@id\":\"https:\/\/www.secumar.com\/fr\/produit\/jump-pro\/#breadcrumb\"},\"inLanguage\":\"fr-FR\",\"potentialAction\":[{\"@type\":\"ReadAction\",\"target\":[\"https:\/\/www.secumar.com\/fr\/produit\/jump-pro\/\"]}]},{\"@type\":\"ImageObject\",\"inLanguage\":\"fr-FR\",\"@id\":\"https:\/\/www.secumar.com\/fr\/produit\/jump-pro\/#primaryimage\",\"url\":\"https:\/\/www.secumar.com\/wp-content\/uploads\/2016\/06\/Jump-Pro.jpg\",\"contentUrl\":\"https:\/\/www.secumar.com\/wp-content\/uploads\/2016\/06\/Jump-Pro.jpg\",\"width\":1024,\"height\":1024,\"caption\":\"Jump Pro Schwimmhilfe 50 N\"},{\"@type\":\"BreadcrumbList\",\"@id\":\"https:\/\/www.secumar.com\/fr\/produit\/jump-pro\/#breadcrumb\",\"itemListElement\":[{\"@type\":\"ListItem\",\"position\":1,\"name\":\"Startseite\",\"item\":\"https:\/\/www.secumar.com\/fr\/\"},{\"@type\":\"ListItem\",\"position\":2,\"name\":\"Tous Les Articles\",\"item\":\"https:\/\/www.secumar.com\/fr\/boutique\/\"},{\"@type\":\"ListItem\",\"position\":3,\"name\":\"Jump Pro\"}]},{\"@type\":\"WebSite\",\"@id\":\"https:\/\/www.secumar.com\/#website\",\"url\":\"https:\/\/www.secumar.com\/\",\"name\":\"SECUMAR\",\"description\":\"Gilets de sauvetage\",\"publisher\":{\"@id\":\"https:\/\/www.secumar.com\/#organization\"},\"potentialAction\":[{\"@type\":\"SearchAction\",\"target\":{\"@type\":\"EntryPoint\",\"urlTemplate\":\"https:\/\/www.secumar.com\/?s={search_term_string}\"},\"query-input\":{\"@type\":\"PropertyValueSpecification\",\"valueRequired\":true,\"valueName\":\"search_term_string\"}}],\"inLanguage\":\"fr-FR\"},{\"@type\":\"Organization\",\"@id\":\"https:\/\/www.secumar.com\/#organization\",\"name\":\"Bernhardt Apparatebau GmbH u. Co.\",\"url\":\"https:\/\/www.secumar.com\/\",\"logo\":{\"@type\":\"ImageObject\",\"inLanguage\":\"fr-FR\",\"@id\":\"https:\/\/www.secumar.com\/#\/schema\/logo\/image\/\",\"url\":\"https:\/\/www.secumar.com\/wp-content\/uploads\/2016\/09\/S-Logo_150px-3.jpg\",\"contentUrl\":\"https:\/\/www.secumar.com\/wp-content\/uploads\/2016\/09\/S-Logo_150px-3.jpg\",\"width\":150,\"height\":150,\"caption\":\"Bernhardt Apparatebau GmbH u. Co.\"},\"image\":{\"@id\":\"https:\/\/www.secumar.com\/#\/schema\/logo\/image\/\"},\"sameAs\":[\"https:\/\/www.facebook.com\/Secumar\/\",\"https:\/\/www.instagram.com\/secumar\/\",\"https:\/\/www.linkedin.com\/company-beta\/8684519\/\",\"https:\/\/www.youtube.com\/user\/BernhardtApparatebau\",\"https:\/\/de.wikipedia.org\/wiki\/Secumar\"]}]}<\/script>\n<!-- \/ Yoast SEO plugin. -->","yoast_head_json":{"title":"Jump Pro - SECUMAR","robots":{"index":"index","follow":"follow","max-snippet":"max-snippet:-1","max-image-preview":"max-image-preview:large","max-video-preview":"max-video-preview:-1"},"canonical":"https:\/\/www.secumar.com\/fr\/produit\/jump-pro\/","og_locale":"fr_FR","og_type":"article","og_title":"Jump Pro - SECUMAR","og_description":"Gilet mousse de 50N homologu\u00e9 DIN EN ISO 12402-5, sp\u00e9cialement concue pour la pratique de la voile sportive en r\u00e9gate ou en initiation.","og_url":"https:\/\/www.secumar.com\/fr\/produit\/jump-pro\/","og_site_name":"SECUMAR","article_publisher":"https:\/\/www.facebook.com\/Secumar\/","article_modified_time":"2023-07-17T10:43:22+00:00","og_image":[{"width":1024,"height":1024,"url":"https:\/\/www.secumar.com\/wp-content\/uploads\/2016\/06\/Jump-Pro.jpg","type":"image\/jpeg"}],"twitter_card":"summary_large_image","twitter_misc":{"Dur\u00e9e de lecture estim\u00e9e":"1 minute"},"schema":{"@context":"https:\/\/schema.org","@graph":[{"@type":"WebPage","@id":"https:\/\/www.secumar.com\/fr\/produit\/jump-pro\/","url":"https:\/\/www.secumar.com\/fr\/produit\/jump-pro\/","name":"Jump Pro - SECUMAR","isPartOf":{"@id":"https:\/\/www.secumar.com\/#website"},"primaryImageOfPage":{"@id":"https:\/\/www.secumar.com\/fr\/produit\/jump-pro\/#primaryimage"},"image":{"@id":"https:\/\/www.secumar.com\/fr\/produit\/jump-pro\/#primaryimage"},"thumbnailUrl":"https:\/\/www.secumar.com\/wp-content\/uploads\/2016\/06\/Jump-Pro.jpg","datePublished":"2016-10-07T08:14:13+00:00","dateModified":"2023-07-17T10:43:22+00:00","breadcrumb":{"@id":"https:\/\/www.secumar.com\/fr\/produit\/jump-pro\/#breadcrumb"},"inLanguage":"fr-FR","potentialAction":[{"@type":"ReadAction","target":["https:\/\/www.secumar.com\/fr\/produit\/jump-pro\/"]}]},{"@type":"ImageObject","inLanguage":"fr-FR","@id":"https:\/\/www.secumar.com\/fr\/produit\/jump-pro\/#primaryimage","url":"https:\/\/www.secumar.com\/wp-content\/uploads\/2016\/06\/Jump-Pro.jpg","contentUrl":"https:\/\/www.secumar.com\/wp-content\/uploads\/2016\/06\/Jump-Pro.jpg","width":1024,"height":1024,"caption":"Jump Pro Schwimmhilfe 50 N"},{"@type":"BreadcrumbList","@id":"https:\/\/www.secumar.com\/fr\/produit\/jump-pro\/#breadcrumb","itemListElement":[{"@type":"ListItem","position":1,"name":"Startseite","item":"https:\/\/www.secumar.com\/fr\/"},{"@type":"ListItem","position":2,"name":"Tous Les Articles","item":"https:\/\/www.secumar.com\/fr\/boutique\/"},{"@type":"ListItem","position":3,"name":"Jump Pro"}]},{"@type":"WebSite","@id":"https:\/\/www.secumar.com\/#website","url":"https:\/\/www.secumar.com\/","name":"SECUMAR","description":"Gilets de sauvetage","publisher":{"@id":"https:\/\/www.secumar.com\/#organization"},"potentialAction":[{"@type":"SearchAction","target":{"@type":"EntryPoint","urlTemplate":"https:\/\/www.secumar.com\/?s={search_term_string}"},"query-input":{"@type":"PropertyValueSpecification","valueRequired":true,"valueName":"search_term_string"}}],"inLanguage":"fr-FR"},{"@type":"Organization","@id":"https:\/\/www.secumar.com\/#organization","name":"Bernhardt Apparatebau GmbH u. Co.","url":"https:\/\/www.secumar.com\/","logo":{"@type":"ImageObject","inLanguage":"fr-FR","@id":"https:\/\/www.secumar.com\/#\/schema\/logo\/image\/","url":"https:\/\/www.secumar.com\/wp-content\/uploads\/2016\/09\/S-Logo_150px-3.jpg","contentUrl":"https:\/\/www.secumar.com\/wp-content\/uploads\/2016\/09\/S-Logo_150px-3.jpg","width":150,"height":150,"caption":"Bernhardt Apparatebau GmbH u. Co."},"image":{"@id":"https:\/\/www.secumar.com\/#\/schema\/logo\/image\/"},"sameAs":["https:\/\/www.facebook.com\/Secumar\/","https:\/\/www.instagram.com\/secumar\/","https:\/\/www.linkedin.com\/company-beta\/8684519\/","https:\/\/www.youtube.com\/user\/BernhardtApparatebau","https:\/\/de.wikipedia.org\/wiki\/Secumar"]}]}},"_links":{"self":[{"href":"https:\/\/www.secumar.com\/fr\/wp-json\/wp\/v2\/product\/30000","targetHints":{"allow":["GET"]}}],"collection":[{"href":"https:\/\/www.secumar.com\/fr\/wp-json\/wp\/v2\/product"}],"about":[{"href":"https:\/\/www.secumar.com\/fr\/wp-json\/wp\/v2\/types\/product"}],"replies":[{"embeddable":true,"href":"https:\/\/www.secumar.com\/fr\/wp-json\/wp\/v2\/comments?post=30000"}],"version-history":[{"count":2,"href":"https:\/\/www.secumar.com\/fr\/wp-json\/wp\/v2\/product\/30000\/revisions"}],"predecessor-version":[{"id":51904,"href":"https:\/\/www.secumar.com\/fr\/wp-json\/wp\/v2\/product\/30000\/revisions\/51904"}],"wp:featuredmedia":[{"embeddable":true,"href":"https:\/\/www.secumar.com\/fr\/wp-json\/wp\/v2\/media\/18606"}],"wp:attachment":[{"href":"https:\/\/www.secumar.com\/fr\/wp-json\/wp\/v2\/media?parent=30000"}],"wp:term":[{"taxonomy":"product_brand","embeddable":true,"href":"https:\/\/www.secumar.com\/fr\/wp-json\/wp\/v2\/product_brand?post=30000"},{"taxonomy":"product_cat","embeddable":true,"href":"https:\/\/www.secumar.com\/fr\/wp-json\/wp\/v2\/product_cat?post=30000"},{"taxonomy":"product_tag","embeddable":true,"href":"https:\/\/www.secumar.com\/fr\/wp-json\/wp\/v2\/product_tag?post=30000"}],"curies":[{"name":"wp","href":"https:\/\/api.w.org\/{rel}","templated":true}]}}