{"id":29977,"date":"2015-03-04T23:23:08","date_gmt":"2015-03-04T22:23:08","guid":{"rendered":"https:\/\/www.secumar.com\/fr\/?post_type=product&#038;p=29977&#038;lang=fr"},"modified":"2023-07-04T12:54:41","modified_gmt":"2023-07-04T10:54:41","slug":"bravo","status":"publish","type":"product","link":"https:\/\/www.secumar.com\/fr\/produit\/bravo\/","title":{"rendered":"Bravo"},"content":{"rendered":"<p><b>La flottabilit\u00e9 accessibles \u00e0 tous et \u00e0 tout moment<\/b><\/p>\n<p>Les gilets de sauvetages et les aides \u00e0 la flottabilit\u00e9 en mousse ont un avantage: la flottabilit\u00e9 existe en permanence. Il n\u2018y a donc pas de gonflage involontaire au contact de l\u2018eau.<br \/>\nC\u2018est pourquoi, les mod\u00e8les en mousse conviennent \u00e0 toutes les utilisations en milieu aquatique, par exemple pour la navigation \u00e0 la voile, la pratique du kitesurf ou de la planche \u00e0 voile. Les gilets en mousse SECUMAR se caract\u00e9risent par leur coupe agr\u00e9able, leurs mati\u00e8res chauffantes et prot\u00e9geant le corps.<\/p>\n<p>* Pour les quatre plus petites tailles, la flottabilit\u00e9 a \u00e9t\u00e9 optimis\u00e9e gr\u00e2ce \u00e0 une r\u00e9partition de la mousse adapt\u00e9 aux gabarits des enfants. Test\u00e9 sur mannequin BAMBI.<\/p>\n","protected":false},"excerpt":{"rendered":"<p>La superposition de multiples couches de mousse SECU-Foam ainsi que la d\u00e9coupe ergonomique de celle-ci attribuent \u00e0 ce gilet de couleur vive un confort maximum.<\/p>\n","protected":false},"featured_media":56193,"comment_status":"closed","ping_status":"closed","template":"","meta":{"_acf_changed":false,"_searchwp_excluded":"","editor_plus_copied_stylings":"{}","footnotes":"","_links_to":"","_links_to_target":""},"product_brand":[],"product_cat":[706,713,1209,720,736,2297],"product_tag":[],"class_list":{"0":"post-29977","1":"product","2":"type-product","3":"status-publish","4":"has-post-thumbnail","6":"product_cat-peche","7":"product_cat-bateau-a-moteur","8":"product_cat-brassieres-loisir-fr","9":"product_cat-gilets-de-sauvetage-enfants-fr","10":"product_cat-secours","11":"product_cat-brassieres-fr","12":"pa_auftrieb-10-15-kg-30-n-fr","13":"pa_auftrieb-15-20-kg-40-n-fr","14":"pa_auftrieb-20-30-kg-40-n-fr","15":"pa_auftrieb-30-40-kg-50-n-fr","16":"pa_auftrieb-40-50-kg-60-n-fr","17":"pa_auftrieb-50-70-kg-80-n-fr","18":"pa_auftrieb-70-80-kg-100-n-fr","19":"pa_auftrieb-80-120-kg-100-n-fr","20":"pa_auftriebsklasse-ce-100-n-fr","21":"pa_bergegurt-non","22":"pa_ce-ce-fr-2","23":"pa_fenster-non","24":"pa_harness-non","25":"pa_notlicht-non","26":"pa_schrittgurt-ja-fr","27":"pa_sendervorbereitung-nein-fr","28":"pa_spraycap-non","30":"first","31":"instock","32":"taxable","33":"shipping-taxable","34":"purchasable","35":"product-type-variable"},"acf":[],"yoast_head":"<!-- This site is optimized with the Yoast SEO plugin v24.6 - https:\/\/yoast.com\/wordpress\/plugins\/seo\/ -->\n<title>Bravo - SECUMAR<\/title>\n<meta name=\"robots\" content=\"index, follow, max-snippet:-1, max-image-preview:large, max-video-preview:-1\" \/>\n<link rel=\"canonical\" href=\"https:\/\/www.secumar.com\/fr\/produit\/bravo\/\" \/>\n<meta property=\"og:locale\" content=\"fr_FR\" \/>\n<meta property=\"og:type\" content=\"article\" \/>\n<meta property=\"og:title\" content=\"Bravo - SECUMAR\" \/>\n<meta property=\"og:description\" content=\"La superposition de multiples couches de mousse SECU-Foam ainsi que la d\u00e9coupe ergonomique de celle-ci attribuent \u00e0 ce gilet de couleur vive un confort maximum.\" \/>\n<meta property=\"og:url\" content=\"https:\/\/www.secumar.com\/fr\/produit\/bravo\/\" \/>\n<meta property=\"og:site_name\" content=\"SECUMAR\" \/>\n<meta property=\"article:publisher\" content=\"https:\/\/www.facebook.com\/Secumar\/\" \/>\n<meta property=\"article:modified_time\" content=\"2023-07-04T10:54:41+00:00\" \/>\n<meta property=\"og:image\" content=\"https:\/\/www.secumar.com\/wp-content\/uploads\/2015\/03\/BRAVO.png\" \/>\n\t<meta property=\"og:image:width\" content=\"900\" \/>\n\t<meta property=\"og:image:height\" content=\"900\" \/>\n\t<meta property=\"og:image:type\" content=\"image\/png\" \/>\n<meta name=\"twitter:card\" content=\"summary_large_image\" \/>\n<meta name=\"twitter:label1\" content=\"Dur\u00e9e de lecture estim\u00e9e\" \/>\n\t<meta name=\"twitter:data1\" content=\"1 minute\" \/>\n<script type=\"application\/ld+json\" class=\"yoast-schema-graph\">{\"@context\":\"https:\/\/schema.org\",\"@graph\":[{\"@type\":\"WebPage\",\"@id\":\"https:\/\/www.secumar.com\/fr\/produit\/bravo\/\",\"url\":\"https:\/\/www.secumar.com\/fr\/produit\/bravo\/\",\"name\":\"Bravo - SECUMAR\",\"isPartOf\":{\"@id\":\"https:\/\/www.secumar.com\/#website\"},\"primaryImageOfPage\":{\"@id\":\"https:\/\/www.secumar.com\/fr\/produit\/bravo\/#primaryimage\"},\"image\":{\"@id\":\"https:\/\/www.secumar.com\/fr\/produit\/bravo\/#primaryimage\"},\"thumbnailUrl\":\"https:\/\/www.secumar.com\/wp-content\/uploads\/2015\/03\/BRAVO.png\",\"datePublished\":\"2015-03-04T22:23:08+00:00\",\"dateModified\":\"2023-07-04T10:54:41+00:00\",\"breadcrumb\":{\"@id\":\"https:\/\/www.secumar.com\/fr\/produit\/bravo\/#breadcrumb\"},\"inLanguage\":\"fr-FR\",\"potentialAction\":[{\"@type\":\"ReadAction\",\"target\":[\"https:\/\/www.secumar.com\/fr\/produit\/bravo\/\"]}]},{\"@type\":\"ImageObject\",\"inLanguage\":\"fr-FR\",\"@id\":\"https:\/\/www.secumar.com\/fr\/produit\/bravo\/#primaryimage\",\"url\":\"https:\/\/www.secumar.com\/wp-content\/uploads\/2015\/03\/BRAVO.png\",\"contentUrl\":\"https:\/\/www.secumar.com\/wp-content\/uploads\/2015\/03\/BRAVO.png\",\"width\":900,\"height\":900},{\"@type\":\"BreadcrumbList\",\"@id\":\"https:\/\/www.secumar.com\/fr\/produit\/bravo\/#breadcrumb\",\"itemListElement\":[{\"@type\":\"ListItem\",\"position\":1,\"name\":\"Startseite\",\"item\":\"https:\/\/www.secumar.com\/fr\/\"},{\"@type\":\"ListItem\",\"position\":2,\"name\":\"Tous Les Articles\",\"item\":\"https:\/\/www.secumar.com\/fr\/boutique\/\"},{\"@type\":\"ListItem\",\"position\":3,\"name\":\"Bravo\"}]},{\"@type\":\"WebSite\",\"@id\":\"https:\/\/www.secumar.com\/#website\",\"url\":\"https:\/\/www.secumar.com\/\",\"name\":\"SECUMAR\",\"description\":\"Gilets de sauvetage\",\"publisher\":{\"@id\":\"https:\/\/www.secumar.com\/#organization\"},\"potentialAction\":[{\"@type\":\"SearchAction\",\"target\":{\"@type\":\"EntryPoint\",\"urlTemplate\":\"https:\/\/www.secumar.com\/?s={search_term_string}\"},\"query-input\":{\"@type\":\"PropertyValueSpecification\",\"valueRequired\":true,\"valueName\":\"search_term_string\"}}],\"inLanguage\":\"fr-FR\"},{\"@type\":\"Organization\",\"@id\":\"https:\/\/www.secumar.com\/#organization\",\"name\":\"Bernhardt Apparatebau GmbH u. Co.\",\"url\":\"https:\/\/www.secumar.com\/\",\"logo\":{\"@type\":\"ImageObject\",\"inLanguage\":\"fr-FR\",\"@id\":\"https:\/\/www.secumar.com\/#\/schema\/logo\/image\/\",\"url\":\"https:\/\/www.secumar.com\/wp-content\/uploads\/2016\/09\/S-Logo_150px-3.jpg\",\"contentUrl\":\"https:\/\/www.secumar.com\/wp-content\/uploads\/2016\/09\/S-Logo_150px-3.jpg\",\"width\":150,\"height\":150,\"caption\":\"Bernhardt Apparatebau GmbH u. Co.\"},\"image\":{\"@id\":\"https:\/\/www.secumar.com\/#\/schema\/logo\/image\/\"},\"sameAs\":[\"https:\/\/www.facebook.com\/Secumar\/\",\"https:\/\/www.instagram.com\/secumar\/\",\"https:\/\/www.linkedin.com\/company-beta\/8684519\/\",\"https:\/\/www.youtube.com\/user\/BernhardtApparatebau\",\"https:\/\/de.wikipedia.org\/wiki\/Secumar\"]}]}<\/script>\n<!-- \/ Yoast SEO plugin. -->","yoast_head_json":{"title":"Bravo - SECUMAR","robots":{"index":"index","follow":"follow","max-snippet":"max-snippet:-1","max-image-preview":"max-image-preview:large","max-video-preview":"max-video-preview:-1"},"canonical":"https:\/\/www.secumar.com\/fr\/produit\/bravo\/","og_locale":"fr_FR","og_type":"article","og_title":"Bravo - SECUMAR","og_description":"La superposition de multiples couches de mousse SECU-Foam ainsi que la d\u00e9coupe ergonomique de celle-ci attribuent \u00e0 ce gilet de couleur vive un confort maximum.","og_url":"https:\/\/www.secumar.com\/fr\/produit\/bravo\/","og_site_name":"SECUMAR","article_publisher":"https:\/\/www.facebook.com\/Secumar\/","article_modified_time":"2023-07-04T10:54:41+00:00","og_image":[{"width":900,"height":900,"url":"https:\/\/www.secumar.com\/wp-content\/uploads\/2015\/03\/BRAVO.png","type":"image\/png"}],"twitter_card":"summary_large_image","twitter_misc":{"Dur\u00e9e de lecture estim\u00e9e":"1 minute"},"schema":{"@context":"https:\/\/schema.org","@graph":[{"@type":"WebPage","@id":"https:\/\/www.secumar.com\/fr\/produit\/bravo\/","url":"https:\/\/www.secumar.com\/fr\/produit\/bravo\/","name":"Bravo - SECUMAR","isPartOf":{"@id":"https:\/\/www.secumar.com\/#website"},"primaryImageOfPage":{"@id":"https:\/\/www.secumar.com\/fr\/produit\/bravo\/#primaryimage"},"image":{"@id":"https:\/\/www.secumar.com\/fr\/produit\/bravo\/#primaryimage"},"thumbnailUrl":"https:\/\/www.secumar.com\/wp-content\/uploads\/2015\/03\/BRAVO.png","datePublished":"2015-03-04T22:23:08+00:00","dateModified":"2023-07-04T10:54:41+00:00","breadcrumb":{"@id":"https:\/\/www.secumar.com\/fr\/produit\/bravo\/#breadcrumb"},"inLanguage":"fr-FR","potentialAction":[{"@type":"ReadAction","target":["https:\/\/www.secumar.com\/fr\/produit\/bravo\/"]}]},{"@type":"ImageObject","inLanguage":"fr-FR","@id":"https:\/\/www.secumar.com\/fr\/produit\/bravo\/#primaryimage","url":"https:\/\/www.secumar.com\/wp-content\/uploads\/2015\/03\/BRAVO.png","contentUrl":"https:\/\/www.secumar.com\/wp-content\/uploads\/2015\/03\/BRAVO.png","width":900,"height":900},{"@type":"BreadcrumbList","@id":"https:\/\/www.secumar.com\/fr\/produit\/bravo\/#breadcrumb","itemListElement":[{"@type":"ListItem","position":1,"name":"Startseite","item":"https:\/\/www.secumar.com\/fr\/"},{"@type":"ListItem","position":2,"name":"Tous Les Articles","item":"https:\/\/www.secumar.com\/fr\/boutique\/"},{"@type":"ListItem","position":3,"name":"Bravo"}]},{"@type":"WebSite","@id":"https:\/\/www.secumar.com\/#website","url":"https:\/\/www.secumar.com\/","name":"SECUMAR","description":"Gilets de sauvetage","publisher":{"@id":"https:\/\/www.secumar.com\/#organization"},"potentialAction":[{"@type":"SearchAction","target":{"@type":"EntryPoint","urlTemplate":"https:\/\/www.secumar.com\/?s={search_term_string}"},"query-input":{"@type":"PropertyValueSpecification","valueRequired":true,"valueName":"search_term_string"}}],"inLanguage":"fr-FR"},{"@type":"Organization","@id":"https:\/\/www.secumar.com\/#organization","name":"Bernhardt Apparatebau GmbH u. Co.","url":"https:\/\/www.secumar.com\/","logo":{"@type":"ImageObject","inLanguage":"fr-FR","@id":"https:\/\/www.secumar.com\/#\/schema\/logo\/image\/","url":"https:\/\/www.secumar.com\/wp-content\/uploads\/2016\/09\/S-Logo_150px-3.jpg","contentUrl":"https:\/\/www.secumar.com\/wp-content\/uploads\/2016\/09\/S-Logo_150px-3.jpg","width":150,"height":150,"caption":"Bernhardt Apparatebau GmbH u. Co."},"image":{"@id":"https:\/\/www.secumar.com\/#\/schema\/logo\/image\/"},"sameAs":["https:\/\/www.facebook.com\/Secumar\/","https:\/\/www.instagram.com\/secumar\/","https:\/\/www.linkedin.com\/company-beta\/8684519\/","https:\/\/www.youtube.com\/user\/BernhardtApparatebau","https:\/\/de.wikipedia.org\/wiki\/Secumar"]}]}},"_links":{"self":[{"href":"https:\/\/www.secumar.com\/fr\/wp-json\/wp\/v2\/product\/29977","targetHints":{"allow":["GET"]}}],"collection":[{"href":"https:\/\/www.secumar.com\/fr\/wp-json\/wp\/v2\/product"}],"about":[{"href":"https:\/\/www.secumar.com\/fr\/wp-json\/wp\/v2\/types\/product"}],"replies":[{"embeddable":true,"href":"https:\/\/www.secumar.com\/fr\/wp-json\/wp\/v2\/comments?post=29977"}],"version-history":[{"count":2,"href":"https:\/\/www.secumar.com\/fr\/wp-json\/wp\/v2\/product\/29977\/revisions"}],"predecessor-version":[{"id":51693,"href":"https:\/\/www.secumar.com\/fr\/wp-json\/wp\/v2\/product\/29977\/revisions\/51693"}],"wp:featuredmedia":[{"embeddable":true,"href":"https:\/\/www.secumar.com\/fr\/wp-json\/wp\/v2\/media\/56193"}],"wp:attachment":[{"href":"https:\/\/www.secumar.com\/fr\/wp-json\/wp\/v2\/media?parent=29977"}],"wp:term":[{"taxonomy":"product_brand","embeddable":true,"href":"https:\/\/www.secumar.com\/fr\/wp-json\/wp\/v2\/product_brand?post=29977"},{"taxonomy":"product_cat","embeddable":true,"href":"https:\/\/www.secumar.com\/fr\/wp-json\/wp\/v2\/product_cat?post=29977"},{"taxonomy":"product_tag","embeddable":true,"href":"https:\/\/www.secumar.com\/fr\/wp-json\/wp\/v2\/product_tag?post=29977"}],"curies":[{"name":"wp","href":"https:\/\/api.w.org\/{rel}","templated":true}]}}