{"id":29976,"date":"2016-08-16T15:26:44","date_gmt":"2016-10-07T07:00:16","guid":{"rendered":"https:\/\/www.secumar.com\/fr\/?post_type=product&#038;p=29976&#038;lang=fr"},"modified":"2024-10-07T11:52:32","modified_gmt":"2024-10-07T09:52:32","slug":"secumar-free-100","status":"publish","type":"product","link":"https:\/\/www.secumar.com\/fr\/produit\/secumar-free-100\/","title":{"rendered":"FREE 100"},"content":{"rendered":"<p>En eau libre, les nageurs, surfeurs et pratiquants de stand up paddle peuvent rencontrer des difficult\u00e9s\u00a0: crampes, fatigues, etc. D\u00e9sormais le SECUMAR FREE 100 avec sa flottabilit\u00e9 de 110N vous s\u00e9curisera. Port\u00e9e \u00e0 la ceinture, cette poche renferme une enveloppe gonflable minutieusement pli\u00e9e. Elle est peu perceptible lors de la nage ou du sport pratiqu\u00e9.<\/p>\n<p>En cas de situation d&rsquo;urgence, il suffit de sortir l\u2019enveloppe gonflable hors de la poche au-devant du torse et de l\u2019enfiler ensuite facilement par-dessus la t\u00eate. La cartouche de CO2 est activ\u00e9e par d\u00e9clenchement manuel et permet de gonfler rapidement l\u2018enveloppe gonflable. La flottabilit\u00e9 g\u00e9n\u00e9r\u00e9e permet de stabiliser la personne en difficult\u00e9, sa t\u00eate maintenue au-dessus de la surface de\u00a0l\u2019eau.<\/p>\n<p>Disponible en magasin, ce syst\u00e8me est d\u00e9j\u00e0 extr\u00eamement populaire de l&rsquo;autre c\u00f4t\u00e9 de l&rsquo;Atlantique et est le produit le plus utilis\u00e9 aux Etats-Unis. Bien que les cat\u00e9gories de flottabilit\u00e9 150N et 275N soient plus appropri\u00e9es pour la majorit\u00e9 des activit\u00e9s de sport nautique, le SECUMAR FREE 100 est un excellent syst\u00e8me de sauvetage pour les activit\u00e9s de nages en eau libre et pour les sports de glisse nautique tels que le stand-up paddle (planche \u00e0 pagaie) et le surf.<\/p>\n<p>&nbsp;<\/p>\n","protected":false},"excerpt":{"rendered":"<p>Nouvelle aide \u00e0 la flottabilit\u00e9 pour nageurs et stand up paddle.<\/p>\n","protected":false},"featured_media":44053,"comment_status":"closed","ping_status":"closed","template":"","meta":{"_acf_changed":false,"_searchwp_excluded":"","editor_plus_copied_stylings":"{}","footnotes":"","_links_to":"","_links_to_target":""},"product_brand":[],"product_cat":[3875,711,730,2629,2294],"product_tag":[],"class_list":{"0":"post-29976","1":"product","2":"type-product","3":"status-publish","4":"has-post-thumbnail","6":"product_cat-promo-seculux-fr","7":"product_cat-canoe-kayak-fr","8":"product_cat-aviron","9":"product_cat-stand-up-paddle-nage","10":"product_cat-gilets-de-sauvetage-gonflables","11":"pa_auftrieb-100-n-fr","12":"pa_auftriebsklasse-ce-50-n-fr","13":"pa_ce-ce-fr-2","14":"pa_co2-patrone-22-g-free-100-fr","15":"pa_sk-form-classic-fr","17":"first","18":"instock","19":"taxable","20":"shipping-taxable","21":"purchasable","22":"product-type-simple"},"acf":[],"yoast_head":"<!-- This site is optimized with the Yoast SEO plugin v24.6 - https:\/\/yoast.com\/wordpress\/plugins\/seo\/ -->\n<title>SECUMAR FREE 100: syst\u00e8me d&#039;aide \u00e0 la flottabilit\u00e9 homologu\u00e9 50N<\/title>\n<meta name=\"description\" content=\"SECUMAR FREE 100 est un syst\u00e8me de sauvetage pour nageurs, surfeurs et pratiquants de stand up paddle. Homologu\u00e9 50N. Flottabilit\u00e9 r\u00e9elle 110N.\" \/>\n<meta name=\"robots\" content=\"index, follow, max-snippet:-1, max-image-preview:large, max-video-preview:-1\" \/>\n<link rel=\"canonical\" href=\"https:\/\/www.secumar.com\/fr\/produit\/secumar-free-100\/\" \/>\n<meta property=\"og:locale\" content=\"fr_FR\" \/>\n<meta property=\"og:type\" content=\"article\" \/>\n<meta property=\"og:title\" content=\"SECUMAR FREE 100: syst\u00e8me d&#039;aide \u00e0 la flottabilit\u00e9 homologu\u00e9 50N\" \/>\n<meta property=\"og:description\" content=\"SECUMAR FREE 100 est un syst\u00e8me de sauvetage pour nageurs, surfeurs et pratiquants de stand up paddle. Homologu\u00e9 50N. Flottabilit\u00e9 r\u00e9elle 110N.\" \/>\n<meta property=\"og:url\" content=\"https:\/\/www.secumar.com\/fr\/produit\/secumar-free-100\/\" \/>\n<meta property=\"og:site_name\" content=\"SECUMAR\" \/>\n<meta property=\"article:publisher\" content=\"https:\/\/www.facebook.com\/Secumar\/\" \/>\n<meta property=\"article:modified_time\" content=\"2024-10-07T09:52:32+00:00\" \/>\n<meta property=\"og:image\" content=\"https:\/\/www.secumar.com\/wp-content\/uploads\/2021\/01\/secumar_free100_1_900x900-e1631189648484.png\" \/>\n\t<meta property=\"og:image:width\" content=\"900\" \/>\n\t<meta property=\"og:image:height\" content=\"900\" \/>\n\t<meta property=\"og:image:type\" content=\"image\/png\" \/>\n<meta name=\"twitter:card\" content=\"summary_large_image\" \/>\n<meta name=\"twitter:label1\" content=\"Dur\u00e9e de lecture estim\u00e9e\" \/>\n\t<meta name=\"twitter:data1\" content=\"2 minutes\" \/>\n<script type=\"application\/ld+json\" class=\"yoast-schema-graph\">{\"@context\":\"https:\/\/schema.org\",\"@graph\":[{\"@type\":\"WebPage\",\"@id\":\"https:\/\/www.secumar.com\/fr\/produit\/secumar-free-100\/\",\"url\":\"https:\/\/www.secumar.com\/fr\/produit\/secumar-free-100\/\",\"name\":\"SECUMAR FREE 100: syst\u00e8me d'aide \u00e0 la flottabilit\u00e9 homologu\u00e9 50N\",\"isPartOf\":{\"@id\":\"https:\/\/www.secumar.com\/#website\"},\"primaryImageOfPage\":{\"@id\":\"https:\/\/www.secumar.com\/fr\/produit\/secumar-free-100\/#primaryimage\"},\"image\":{\"@id\":\"https:\/\/www.secumar.com\/fr\/produit\/secumar-free-100\/#primaryimage\"},\"thumbnailUrl\":\"https:\/\/www.secumar.com\/wp-content\/uploads\/2021\/01\/secumar_free100_1_900x900-e1631189648484.png\",\"datePublished\":\"2016-10-07T07:00:16+00:00\",\"dateModified\":\"2024-10-07T09:52:32+00:00\",\"description\":\"SECUMAR FREE 100 est un syst\u00e8me de sauvetage pour nageurs, surfeurs et pratiquants de stand up paddle. Homologu\u00e9 50N. Flottabilit\u00e9 r\u00e9elle 110N.\",\"breadcrumb\":{\"@id\":\"https:\/\/www.secumar.com\/fr\/produit\/secumar-free-100\/#breadcrumb\"},\"inLanguage\":\"fr-FR\",\"potentialAction\":[{\"@type\":\"ReadAction\",\"target\":[\"https:\/\/www.secumar.com\/fr\/produit\/secumar-free-100\/\"]}]},{\"@type\":\"ImageObject\",\"inLanguage\":\"fr-FR\",\"@id\":\"https:\/\/www.secumar.com\/fr\/produit\/secumar-free-100\/#primaryimage\",\"url\":\"https:\/\/www.secumar.com\/wp-content\/uploads\/2021\/01\/secumar_free100_1_900x900-e1631189648484.png\",\"contentUrl\":\"https:\/\/www.secumar.com\/wp-content\/uploads\/2021\/01\/secumar_free100_1_900x900-e1631189648484.png\",\"width\":900,\"height\":900,\"caption\":\"secumar_free100_1_900x900\"},{\"@type\":\"BreadcrumbList\",\"@id\":\"https:\/\/www.secumar.com\/fr\/produit\/secumar-free-100\/#breadcrumb\",\"itemListElement\":[{\"@type\":\"ListItem\",\"position\":1,\"name\":\"Startseite\",\"item\":\"https:\/\/www.secumar.com\/fr\/\"},{\"@type\":\"ListItem\",\"position\":2,\"name\":\"Tous Les Articles\",\"item\":\"https:\/\/www.secumar.com\/fr\/boutique\/\"},{\"@type\":\"ListItem\",\"position\":3,\"name\":\"FREE 100\"}]},{\"@type\":\"WebSite\",\"@id\":\"https:\/\/www.secumar.com\/#website\",\"url\":\"https:\/\/www.secumar.com\/\",\"name\":\"SECUMAR\",\"description\":\"Gilets de sauvetage\",\"publisher\":{\"@id\":\"https:\/\/www.secumar.com\/#organization\"},\"potentialAction\":[{\"@type\":\"SearchAction\",\"target\":{\"@type\":\"EntryPoint\",\"urlTemplate\":\"https:\/\/www.secumar.com\/?s={search_term_string}\"},\"query-input\":{\"@type\":\"PropertyValueSpecification\",\"valueRequired\":true,\"valueName\":\"search_term_string\"}}],\"inLanguage\":\"fr-FR\"},{\"@type\":\"Organization\",\"@id\":\"https:\/\/www.secumar.com\/#organization\",\"name\":\"Bernhardt Apparatebau GmbH u. Co.\",\"url\":\"https:\/\/www.secumar.com\/\",\"logo\":{\"@type\":\"ImageObject\",\"inLanguage\":\"fr-FR\",\"@id\":\"https:\/\/www.secumar.com\/#\/schema\/logo\/image\/\",\"url\":\"https:\/\/www.secumar.com\/wp-content\/uploads\/2016\/09\/S-Logo_150px-3.jpg\",\"contentUrl\":\"https:\/\/www.secumar.com\/wp-content\/uploads\/2016\/09\/S-Logo_150px-3.jpg\",\"width\":150,\"height\":150,\"caption\":\"Bernhardt Apparatebau GmbH u. Co.\"},\"image\":{\"@id\":\"https:\/\/www.secumar.com\/#\/schema\/logo\/image\/\"},\"sameAs\":[\"https:\/\/www.facebook.com\/Secumar\/\",\"https:\/\/www.instagram.com\/secumar\/\",\"https:\/\/www.linkedin.com\/company-beta\/8684519\/\",\"https:\/\/www.youtube.com\/user\/BernhardtApparatebau\",\"https:\/\/de.wikipedia.org\/wiki\/Secumar\"]}]}<\/script>\n<!-- \/ Yoast SEO plugin. -->","yoast_head_json":{"title":"SECUMAR FREE 100: syst\u00e8me d'aide \u00e0 la flottabilit\u00e9 homologu\u00e9 50N","description":"SECUMAR FREE 100 est un syst\u00e8me de sauvetage pour nageurs, surfeurs et pratiquants de stand up paddle. Homologu\u00e9 50N. Flottabilit\u00e9 r\u00e9elle 110N.","robots":{"index":"index","follow":"follow","max-snippet":"max-snippet:-1","max-image-preview":"max-image-preview:large","max-video-preview":"max-video-preview:-1"},"canonical":"https:\/\/www.secumar.com\/fr\/produit\/secumar-free-100\/","og_locale":"fr_FR","og_type":"article","og_title":"SECUMAR FREE 100: syst\u00e8me d'aide \u00e0 la flottabilit\u00e9 homologu\u00e9 50N","og_description":"SECUMAR FREE 100 est un syst\u00e8me de sauvetage pour nageurs, surfeurs et pratiquants de stand up paddle. Homologu\u00e9 50N. Flottabilit\u00e9 r\u00e9elle 110N.","og_url":"https:\/\/www.secumar.com\/fr\/produit\/secumar-free-100\/","og_site_name":"SECUMAR","article_publisher":"https:\/\/www.facebook.com\/Secumar\/","article_modified_time":"2024-10-07T09:52:32+00:00","og_image":[{"width":900,"height":900,"url":"https:\/\/www.secumar.com\/wp-content\/uploads\/2021\/01\/secumar_free100_1_900x900-e1631189648484.png","type":"image\/png"}],"twitter_card":"summary_large_image","twitter_misc":{"Dur\u00e9e de lecture estim\u00e9e":"2 minutes"},"schema":{"@context":"https:\/\/schema.org","@graph":[{"@type":"WebPage","@id":"https:\/\/www.secumar.com\/fr\/produit\/secumar-free-100\/","url":"https:\/\/www.secumar.com\/fr\/produit\/secumar-free-100\/","name":"SECUMAR FREE 100: syst\u00e8me d'aide \u00e0 la flottabilit\u00e9 homologu\u00e9 50N","isPartOf":{"@id":"https:\/\/www.secumar.com\/#website"},"primaryImageOfPage":{"@id":"https:\/\/www.secumar.com\/fr\/produit\/secumar-free-100\/#primaryimage"},"image":{"@id":"https:\/\/www.secumar.com\/fr\/produit\/secumar-free-100\/#primaryimage"},"thumbnailUrl":"https:\/\/www.secumar.com\/wp-content\/uploads\/2021\/01\/secumar_free100_1_900x900-e1631189648484.png","datePublished":"2016-10-07T07:00:16+00:00","dateModified":"2024-10-07T09:52:32+00:00","description":"SECUMAR FREE 100 est un syst\u00e8me de sauvetage pour nageurs, surfeurs et pratiquants de stand up paddle. Homologu\u00e9 50N. Flottabilit\u00e9 r\u00e9elle 110N.","breadcrumb":{"@id":"https:\/\/www.secumar.com\/fr\/produit\/secumar-free-100\/#breadcrumb"},"inLanguage":"fr-FR","potentialAction":[{"@type":"ReadAction","target":["https:\/\/www.secumar.com\/fr\/produit\/secumar-free-100\/"]}]},{"@type":"ImageObject","inLanguage":"fr-FR","@id":"https:\/\/www.secumar.com\/fr\/produit\/secumar-free-100\/#primaryimage","url":"https:\/\/www.secumar.com\/wp-content\/uploads\/2021\/01\/secumar_free100_1_900x900-e1631189648484.png","contentUrl":"https:\/\/www.secumar.com\/wp-content\/uploads\/2021\/01\/secumar_free100_1_900x900-e1631189648484.png","width":900,"height":900,"caption":"secumar_free100_1_900x900"},{"@type":"BreadcrumbList","@id":"https:\/\/www.secumar.com\/fr\/produit\/secumar-free-100\/#breadcrumb","itemListElement":[{"@type":"ListItem","position":1,"name":"Startseite","item":"https:\/\/www.secumar.com\/fr\/"},{"@type":"ListItem","position":2,"name":"Tous Les Articles","item":"https:\/\/www.secumar.com\/fr\/boutique\/"},{"@type":"ListItem","position":3,"name":"FREE 100"}]},{"@type":"WebSite","@id":"https:\/\/www.secumar.com\/#website","url":"https:\/\/www.secumar.com\/","name":"SECUMAR","description":"Gilets de sauvetage","publisher":{"@id":"https:\/\/www.secumar.com\/#organization"},"potentialAction":[{"@type":"SearchAction","target":{"@type":"EntryPoint","urlTemplate":"https:\/\/www.secumar.com\/?s={search_term_string}"},"query-input":{"@type":"PropertyValueSpecification","valueRequired":true,"valueName":"search_term_string"}}],"inLanguage":"fr-FR"},{"@type":"Organization","@id":"https:\/\/www.secumar.com\/#organization","name":"Bernhardt Apparatebau GmbH u. Co.","url":"https:\/\/www.secumar.com\/","logo":{"@type":"ImageObject","inLanguage":"fr-FR","@id":"https:\/\/www.secumar.com\/#\/schema\/logo\/image\/","url":"https:\/\/www.secumar.com\/wp-content\/uploads\/2016\/09\/S-Logo_150px-3.jpg","contentUrl":"https:\/\/www.secumar.com\/wp-content\/uploads\/2016\/09\/S-Logo_150px-3.jpg","width":150,"height":150,"caption":"Bernhardt Apparatebau GmbH u. Co."},"image":{"@id":"https:\/\/www.secumar.com\/#\/schema\/logo\/image\/"},"sameAs":["https:\/\/www.facebook.com\/Secumar\/","https:\/\/www.instagram.com\/secumar\/","https:\/\/www.linkedin.com\/company-beta\/8684519\/","https:\/\/www.youtube.com\/user\/BernhardtApparatebau","https:\/\/de.wikipedia.org\/wiki\/Secumar"]}]}},"_links":{"self":[{"href":"https:\/\/www.secumar.com\/fr\/wp-json\/wp\/v2\/product\/29976","targetHints":{"allow":["GET"]}}],"collection":[{"href":"https:\/\/www.secumar.com\/fr\/wp-json\/wp\/v2\/product"}],"about":[{"href":"https:\/\/www.secumar.com\/fr\/wp-json\/wp\/v2\/types\/product"}],"replies":[{"embeddable":true,"href":"https:\/\/www.secumar.com\/fr\/wp-json\/wp\/v2\/comments?post=29976"}],"version-history":[{"count":13,"href":"https:\/\/www.secumar.com\/fr\/wp-json\/wp\/v2\/product\/29976\/revisions"}],"predecessor-version":[{"id":55177,"href":"https:\/\/www.secumar.com\/fr\/wp-json\/wp\/v2\/product\/29976\/revisions\/55177"}],"wp:featuredmedia":[{"embeddable":true,"href":"https:\/\/www.secumar.com\/fr\/wp-json\/wp\/v2\/media\/44053"}],"wp:attachment":[{"href":"https:\/\/www.secumar.com\/fr\/wp-json\/wp\/v2\/media?parent=29976"}],"wp:term":[{"taxonomy":"product_brand","embeddable":true,"href":"https:\/\/www.secumar.com\/fr\/wp-json\/wp\/v2\/product_brand?post=29976"},{"taxonomy":"product_cat","embeddable":true,"href":"https:\/\/www.secumar.com\/fr\/wp-json\/wp\/v2\/product_cat?post=29976"},{"taxonomy":"product_tag","embeddable":true,"href":"https:\/\/www.secumar.com\/fr\/wp-json\/wp\/v2\/product_tag?post=29976"}],"curies":[{"name":"wp","href":"https:\/\/api.w.org\/{rel}","templated":true}]}}