{"id":29854,"date":"2015-03-04T23:23:35","date_gmt":"2016-10-06T07:51:36","guid":{"rendered":"https:\/\/www.secumar.com\/fr\/?post_type=product&#038;p=29854&#038;lang=fr"},"modified":"2023-07-13T15:46:34","modified_gmt":"2023-07-13T13:46:34","slug":"golf-275-fr-ac","status":"publish","type":"product","link":"https:\/\/www.secumar.com\/fr\/produit\/golf-275-fr-ac\/","title":{"rendered":"GOLF 275 FR AC"},"content":{"rendered":"<p>De forme compacte avec une housse de protection amovible, le gilet de sauvetage dispose d\u2019une enveloppe gonflable simple. Lorsque le gilet est gonfl\u00e9, la sangle dorsale s\u2019ajuste automatiquement pour un confort maximale. La ceinture ventrale permet d&rsquo;ajuster le gilet \u00e0 la taille de l\u2019utilisateur.<\/p>\n<p>Gr\u00e2ce \u00e0 l\u2019utilisation de mat\u00e9riaux antistatiques et ignifuges ainsi qu\u2019aux recouvrements des boucles de fermeture et d\u2019ajustements, le gilet de sauvetage GOLF 275 FR AC dispose de caract\u00e9ristiques antistatiques et ignifuges selon les normes DIN EN 1149-3 et DIN EN ISO 14116 Index 1. En compl\u00e9ment de v\u00eatements de protection homologu\u00e9s, les d\u00e9charges \u00e9lectrostatiques seront d\u00e9sormais exclues. Une housse de protection de couleur jaune s\u00e9curit\u00e9 avec bandes r\u00e9fl\u00e9chissantes am\u00e9liore la visibilit\u00e9 du porteur.<\/p>\n","protected":false},"excerpt":{"rendered":"<p>Gilet de sauvetage de la cat\u00e9gorie de 275N disposant de caract\u00e9ristiques ignifuges et antistatiques (DIN EN 1149-3 \/ DIN EN ISO 14116 Index 1) pour tout type d&rsquo;usage professionnel pr\u00e8s de l&rsquo;eau et sur le pont dans des zones \u00e0 risques d\u2019explosion tels que p\u00e9troliers, raffineries, citernes et entreprises p\u00e9trochimiques. Une housse de protection de couleur jaune s\u00e9curit\u00e9 avec bandes r\u00e9fl\u00e9chissantes am\u00e9liore la visibilit\u00e9.<\/p>\n","protected":false},"featured_media":18869,"comment_status":"closed","ping_status":"closed","template":"","meta":{"_acf_changed":false,"_searchwp_excluded":"","editor_plus_copied_stylings":"{}","footnotes":"","_links_to":"","_links_to_target":""},"product_brand":[],"product_cat":[739,740,744,2362],"product_tag":[],"class_list":{"0":"post-29854","1":"product","2":"type-product","3":"status-publish","4":"has-post-thumbnail","6":"product_cat-epi-usage-professionnel","7":"product_cat-autorites-maritimes-portuaires","8":"product_cat-gilets-de-sauvetage-gonflables-industrie-fr","9":"product_cat-catalogue","10":"pa_auftrieb-280-n-fr","11":"pa_auftriebsklasse-ce-275-n-fr","12":"pa_bergegurt-oui","13":"pa_ce-ce-fr-2","14":"pa_co2-patrone-56-g-fr-2","15":"pa_fenster-non","16":"pa_harness-non","17":"pa_notlicht-optional-fr","18":"pa_schrittgurt-en-option","19":"pa_sendervorbereitung-nein-fr","20":"pa_sk-form-classic-fr","21":"pa_spraycap-non","22":"pa_verschluss-boucle-de-fermeture-frontale-click","24":"first","25":"outofstock","26":"product-type-simple"},"acf":[],"yoast_head":"<!-- This site is optimized with the Yoast SEO plugin v24.6 - https:\/\/yoast.com\/wordpress\/plugins\/seo\/ -->\n<title>GOLF 275 FR AC - SECUMAR<\/title>\n<meta name=\"description\" content=\"Gilet de sauvetage de la cat\u00e9gorie de 275N disposant de caract\u00e9ristiques ignifuge et antistatique pour tous types d&#039;usages professionnel.\" \/>\n<meta name=\"robots\" content=\"index, follow, max-snippet:-1, max-image-preview:large, max-video-preview:-1\" \/>\n<link rel=\"canonical\" href=\"https:\/\/www.secumar.com\/fr\/produit\/golf-275-fr-ac\/\" \/>\n<meta property=\"og:locale\" content=\"fr_FR\" \/>\n<meta property=\"og:type\" content=\"article\" \/>\n<meta property=\"og:title\" content=\"GOLF 275 FR AC - SECUMAR\" \/>\n<meta property=\"og:description\" content=\"Gilet de sauvetage de la cat\u00e9gorie de 275N disposant de caract\u00e9ristiques ignifuge et antistatique pour tous types d&#039;usages professionnel.\" \/>\n<meta property=\"og:url\" content=\"https:\/\/www.secumar.com\/fr\/produit\/golf-275-fr-ac\/\" \/>\n<meta property=\"og:site_name\" content=\"SECUMAR\" \/>\n<meta property=\"article:publisher\" content=\"https:\/\/www.facebook.com\/Secumar\/\" \/>\n<meta property=\"article:modified_time\" content=\"2023-07-13T13:46:34+00:00\" \/>\n<meta property=\"og:image\" content=\"https:\/\/www.secumar.com\/wp-content\/uploads\/2015\/03\/Golf-275-FR-AC.jpg\" \/>\n\t<meta property=\"og:image:width\" content=\"900\" \/>\n\t<meta property=\"og:image:height\" content=\"900\" \/>\n\t<meta property=\"og:image:type\" content=\"image\/jpeg\" \/>\n<meta name=\"twitter:card\" content=\"summary_large_image\" \/>\n<meta name=\"twitter:label1\" content=\"Dur\u00e9e de lecture estim\u00e9e\" \/>\n\t<meta name=\"twitter:data1\" content=\"1 minute\" \/>\n<script type=\"application\/ld+json\" class=\"yoast-schema-graph\">{\"@context\":\"https:\/\/schema.org\",\"@graph\":[{\"@type\":\"WebPage\",\"@id\":\"https:\/\/www.secumar.com\/fr\/produit\/golf-275-fr-ac\/\",\"url\":\"https:\/\/www.secumar.com\/fr\/produit\/golf-275-fr-ac\/\",\"name\":\"GOLF 275 FR AC - SECUMAR\",\"isPartOf\":{\"@id\":\"https:\/\/www.secumar.com\/#website\"},\"primaryImageOfPage\":{\"@id\":\"https:\/\/www.secumar.com\/fr\/produit\/golf-275-fr-ac\/#primaryimage\"},\"image\":{\"@id\":\"https:\/\/www.secumar.com\/fr\/produit\/golf-275-fr-ac\/#primaryimage\"},\"thumbnailUrl\":\"https:\/\/www.secumar.com\/wp-content\/uploads\/2015\/03\/Golf-275-FR-AC.jpg\",\"datePublished\":\"2016-10-06T07:51:36+00:00\",\"dateModified\":\"2023-07-13T13:46:34+00:00\",\"description\":\"Gilet de sauvetage de la cat\u00e9gorie de 275N disposant de caract\u00e9ristiques ignifuge et antistatique pour tous types d'usages professionnel.\",\"breadcrumb\":{\"@id\":\"https:\/\/www.secumar.com\/fr\/produit\/golf-275-fr-ac\/#breadcrumb\"},\"inLanguage\":\"fr-FR\",\"potentialAction\":[{\"@type\":\"ReadAction\",\"target\":[\"https:\/\/www.secumar.com\/fr\/produit\/golf-275-fr-ac\/\"]}]},{\"@type\":\"ImageObject\",\"inLanguage\":\"fr-FR\",\"@id\":\"https:\/\/www.secumar.com\/fr\/produit\/golf-275-fr-ac\/#primaryimage\",\"url\":\"https:\/\/www.secumar.com\/wp-content\/uploads\/2015\/03\/Golf-275-FR-AC.jpg\",\"contentUrl\":\"https:\/\/www.secumar.com\/wp-content\/uploads\/2015\/03\/Golf-275-FR-AC.jpg\",\"width\":900,\"height\":900,\"caption\":\"Golf 275 FR-AC\"},{\"@type\":\"BreadcrumbList\",\"@id\":\"https:\/\/www.secumar.com\/fr\/produit\/golf-275-fr-ac\/#breadcrumb\",\"itemListElement\":[{\"@type\":\"ListItem\",\"position\":1,\"name\":\"Startseite\",\"item\":\"https:\/\/www.secumar.com\/fr\/\"},{\"@type\":\"ListItem\",\"position\":2,\"name\":\"Tous Les Articles\",\"item\":\"https:\/\/www.secumar.com\/fr\/boutique\/\"},{\"@type\":\"ListItem\",\"position\":3,\"name\":\"GOLF 275 FR AC\"}]},{\"@type\":\"WebSite\",\"@id\":\"https:\/\/www.secumar.com\/#website\",\"url\":\"https:\/\/www.secumar.com\/\",\"name\":\"SECUMAR\",\"description\":\"Gilets de sauvetage\",\"publisher\":{\"@id\":\"https:\/\/www.secumar.com\/#organization\"},\"potentialAction\":[{\"@type\":\"SearchAction\",\"target\":{\"@type\":\"EntryPoint\",\"urlTemplate\":\"https:\/\/www.secumar.com\/?s={search_term_string}\"},\"query-input\":{\"@type\":\"PropertyValueSpecification\",\"valueRequired\":true,\"valueName\":\"search_term_string\"}}],\"inLanguage\":\"fr-FR\"},{\"@type\":\"Organization\",\"@id\":\"https:\/\/www.secumar.com\/#organization\",\"name\":\"Bernhardt Apparatebau GmbH u. Co.\",\"url\":\"https:\/\/www.secumar.com\/\",\"logo\":{\"@type\":\"ImageObject\",\"inLanguage\":\"fr-FR\",\"@id\":\"https:\/\/www.secumar.com\/#\/schema\/logo\/image\/\",\"url\":\"https:\/\/www.secumar.com\/wp-content\/uploads\/2016\/09\/S-Logo_150px-3.jpg\",\"contentUrl\":\"https:\/\/www.secumar.com\/wp-content\/uploads\/2016\/09\/S-Logo_150px-3.jpg\",\"width\":150,\"height\":150,\"caption\":\"Bernhardt Apparatebau GmbH u. Co.\"},\"image\":{\"@id\":\"https:\/\/www.secumar.com\/#\/schema\/logo\/image\/\"},\"sameAs\":[\"https:\/\/www.facebook.com\/Secumar\/\",\"https:\/\/www.instagram.com\/secumar\/\",\"https:\/\/www.linkedin.com\/company-beta\/8684519\/\",\"https:\/\/www.youtube.com\/user\/BernhardtApparatebau\",\"https:\/\/de.wikipedia.org\/wiki\/Secumar\"]}]}<\/script>\n<!-- \/ Yoast SEO plugin. -->","yoast_head_json":{"title":"GOLF 275 FR AC - SECUMAR","description":"Gilet de sauvetage de la cat\u00e9gorie de 275N disposant de caract\u00e9ristiques ignifuge et antistatique pour tous types d'usages professionnel.","robots":{"index":"index","follow":"follow","max-snippet":"max-snippet:-1","max-image-preview":"max-image-preview:large","max-video-preview":"max-video-preview:-1"},"canonical":"https:\/\/www.secumar.com\/fr\/produit\/golf-275-fr-ac\/","og_locale":"fr_FR","og_type":"article","og_title":"GOLF 275 FR AC - SECUMAR","og_description":"Gilet de sauvetage de la cat\u00e9gorie de 275N disposant de caract\u00e9ristiques ignifuge et antistatique pour tous types d'usages professionnel.","og_url":"https:\/\/www.secumar.com\/fr\/produit\/golf-275-fr-ac\/","og_site_name":"SECUMAR","article_publisher":"https:\/\/www.facebook.com\/Secumar\/","article_modified_time":"2023-07-13T13:46:34+00:00","og_image":[{"width":900,"height":900,"url":"https:\/\/www.secumar.com\/wp-content\/uploads\/2015\/03\/Golf-275-FR-AC.jpg","type":"image\/jpeg"}],"twitter_card":"summary_large_image","twitter_misc":{"Dur\u00e9e de lecture estim\u00e9e":"1 minute"},"schema":{"@context":"https:\/\/schema.org","@graph":[{"@type":"WebPage","@id":"https:\/\/www.secumar.com\/fr\/produit\/golf-275-fr-ac\/","url":"https:\/\/www.secumar.com\/fr\/produit\/golf-275-fr-ac\/","name":"GOLF 275 FR AC - SECUMAR","isPartOf":{"@id":"https:\/\/www.secumar.com\/#website"},"primaryImageOfPage":{"@id":"https:\/\/www.secumar.com\/fr\/produit\/golf-275-fr-ac\/#primaryimage"},"image":{"@id":"https:\/\/www.secumar.com\/fr\/produit\/golf-275-fr-ac\/#primaryimage"},"thumbnailUrl":"https:\/\/www.secumar.com\/wp-content\/uploads\/2015\/03\/Golf-275-FR-AC.jpg","datePublished":"2016-10-06T07:51:36+00:00","dateModified":"2023-07-13T13:46:34+00:00","description":"Gilet de sauvetage de la cat\u00e9gorie de 275N disposant de caract\u00e9ristiques ignifuge et antistatique pour tous types d'usages professionnel.","breadcrumb":{"@id":"https:\/\/www.secumar.com\/fr\/produit\/golf-275-fr-ac\/#breadcrumb"},"inLanguage":"fr-FR","potentialAction":[{"@type":"ReadAction","target":["https:\/\/www.secumar.com\/fr\/produit\/golf-275-fr-ac\/"]}]},{"@type":"ImageObject","inLanguage":"fr-FR","@id":"https:\/\/www.secumar.com\/fr\/produit\/golf-275-fr-ac\/#primaryimage","url":"https:\/\/www.secumar.com\/wp-content\/uploads\/2015\/03\/Golf-275-FR-AC.jpg","contentUrl":"https:\/\/www.secumar.com\/wp-content\/uploads\/2015\/03\/Golf-275-FR-AC.jpg","width":900,"height":900,"caption":"Golf 275 FR-AC"},{"@type":"BreadcrumbList","@id":"https:\/\/www.secumar.com\/fr\/produit\/golf-275-fr-ac\/#breadcrumb","itemListElement":[{"@type":"ListItem","position":1,"name":"Startseite","item":"https:\/\/www.secumar.com\/fr\/"},{"@type":"ListItem","position":2,"name":"Tous Les Articles","item":"https:\/\/www.secumar.com\/fr\/boutique\/"},{"@type":"ListItem","position":3,"name":"GOLF 275 FR AC"}]},{"@type":"WebSite","@id":"https:\/\/www.secumar.com\/#website","url":"https:\/\/www.secumar.com\/","name":"SECUMAR","description":"Gilets de sauvetage","publisher":{"@id":"https:\/\/www.secumar.com\/#organization"},"potentialAction":[{"@type":"SearchAction","target":{"@type":"EntryPoint","urlTemplate":"https:\/\/www.secumar.com\/?s={search_term_string}"},"query-input":{"@type":"PropertyValueSpecification","valueRequired":true,"valueName":"search_term_string"}}],"inLanguage":"fr-FR"},{"@type":"Organization","@id":"https:\/\/www.secumar.com\/#organization","name":"Bernhardt Apparatebau GmbH u. Co.","url":"https:\/\/www.secumar.com\/","logo":{"@type":"ImageObject","inLanguage":"fr-FR","@id":"https:\/\/www.secumar.com\/#\/schema\/logo\/image\/","url":"https:\/\/www.secumar.com\/wp-content\/uploads\/2016\/09\/S-Logo_150px-3.jpg","contentUrl":"https:\/\/www.secumar.com\/wp-content\/uploads\/2016\/09\/S-Logo_150px-3.jpg","width":150,"height":150,"caption":"Bernhardt Apparatebau GmbH u. Co."},"image":{"@id":"https:\/\/www.secumar.com\/#\/schema\/logo\/image\/"},"sameAs":["https:\/\/www.facebook.com\/Secumar\/","https:\/\/www.instagram.com\/secumar\/","https:\/\/www.linkedin.com\/company-beta\/8684519\/","https:\/\/www.youtube.com\/user\/BernhardtApparatebau","https:\/\/de.wikipedia.org\/wiki\/Secumar"]}]}},"_links":{"self":[{"href":"https:\/\/www.secumar.com\/fr\/wp-json\/wp\/v2\/product\/29854","targetHints":{"allow":["GET"]}}],"collection":[{"href":"https:\/\/www.secumar.com\/fr\/wp-json\/wp\/v2\/product"}],"about":[{"href":"https:\/\/www.secumar.com\/fr\/wp-json\/wp\/v2\/types\/product"}],"replies":[{"embeddable":true,"href":"https:\/\/www.secumar.com\/fr\/wp-json\/wp\/v2\/comments?post=29854"}],"version-history":[{"count":6,"href":"https:\/\/www.secumar.com\/fr\/wp-json\/wp\/v2\/product\/29854\/revisions"}],"predecessor-version":[{"id":51849,"href":"https:\/\/www.secumar.com\/fr\/wp-json\/wp\/v2\/product\/29854\/revisions\/51849"}],"wp:featuredmedia":[{"embeddable":true,"href":"https:\/\/www.secumar.com\/fr\/wp-json\/wp\/v2\/media\/18869"}],"wp:attachment":[{"href":"https:\/\/www.secumar.com\/fr\/wp-json\/wp\/v2\/media?parent=29854"}],"wp:term":[{"taxonomy":"product_brand","embeddable":true,"href":"https:\/\/www.secumar.com\/fr\/wp-json\/wp\/v2\/product_brand?post=29854"},{"taxonomy":"product_cat","embeddable":true,"href":"https:\/\/www.secumar.com\/fr\/wp-json\/wp\/v2\/product_cat?post=29854"},{"taxonomy":"product_tag","embeddable":true,"href":"https:\/\/www.secumar.com\/fr\/wp-json\/wp\/v2\/product_tag?post=29854"}],"curies":[{"name":"wp","href":"https:\/\/api.w.org\/{rel}","templated":true}]}}