{"id":29847,"date":"2015-10-26T13:32:28","date_gmt":"2016-10-06T07:20:52","guid":{"rendered":"https:\/\/www.secumar.com\/fr\/?post_type=product&#038;p=29847&#038;lang=fr"},"modified":"2024-10-07T12:27:27","modified_gmt":"2024-10-07T10:27:27","slug":"survival-275-duo-protect","status":"publish","type":"product","link":"https:\/\/www.secumar.com\/fr\/produit\/survival-275-duo-protect\/","title":{"rendered":"Survival 275 Duo Protect"},"content":{"rendered":"<p>Gilet de sauvetage gonflable avec harnais int\u00e9gr\u00e9 disposant d&rsquo;une flottabilit\u00e9 de 275N. Boucle de harnais int\u00e9gr\u00e9 en textile. Un confort in\u00e9gal\u00e9 gr\u00e2ce \u00e0 une coupe ergonomique au niveau des \u00e9paules.<\/p>\n<ul>\n<li>Coupe ergonomique au niveau des \u00e9paules<\/li>\n<li>Libert\u00e9 de mouvement optimale<\/li>\n<li>Particuli\u00e8rement adapt\u00e9 aux longues navigations<\/li>\n<li>Flottabilit\u00e9 de 280 N<\/li>\n<li>Version courte parmi la s\u00e9rie SURVIVAL<\/li>\n<li>Retournement en position dorsale encore plus rapide<\/li>\n<li>Int\u00e9gration de balises de d\u00e9tresse possible<\/li>\n<li>Sangle dorsale matelass\u00e9e r\u00e9glable<\/li>\n<li>capuche prot\u00e8ge-t\u00eate de s\u00e9rie<\/li>\n<li>DUO PROTECT: Enveloppe gonflable \u00e0 double membrane, doublement s\u00e9curisant lors de dommagesm\u00e9caniques.<\/li>\n<\/ul>\n<p>La sous-cutale et la capuche prot\u00e8ge-t\u00eate sont de s\u00e9rie.<\/p>\n<p>Le SURVIVAL existe \u00e9galement dans une version avec 220 N (<a href=\"https:\/\/www.secumar.com\/fr\/produit\/survival-220\/\">SURVIVAL 220<\/a>) et une version avec une 275 N<a href=\"https:\/\/www.secumar.com\/fr\/produit\/survival-275\/\"> (SURVIVAL 275<\/a>).<\/p>\n","protected":false},"excerpt":{"rendered":"<p>Gilet de sauvetage gonflable avec harnais int\u00e9gr\u00e9 en textile disposant d&rsquo;une flottabilit\u00e9 de 275N. Homologu\u00e9 selon DIN EN ISO 12402-2. Recommand\u00e9 pour la navigation c\u00f4ti\u00e8re et hauturi\u00e8re. Enveloppe gonflable DUO PROTECT. Coupe ergonomique au niveau des \u00e9paules pour une libert\u00e9 de mouvement optimale.<\/p>\n","protected":false},"featured_media":37813,"comment_status":"closed","ping_status":"closed","template":"","meta":{"_acf_changed":false,"_searchwp_excluded":"","editor_plus_copied_stylings":"{}","footnotes":"","_links_to":"","_links_to_target":""},"product_brand":[],"product_cat":[3875,706,716,2294],"product_tag":[],"class_list":{"0":"post-29847","1":"product","2":"type-product","3":"status-publish","4":"has-post-thumbnail","6":"product_cat-promo-seculux-fr","7":"product_cat-peche","8":"product_cat-voilier","9":"product_cat-gilets-de-sauvetage-gonflables","10":"pa_auftrieb-280-n-fr","11":"pa_auftriebsklasse-ce-275-n-fr","12":"pa_bergegurt-oui","13":"pa_ce-ce-fr-2","14":"pa_co2-patrone-60-g-co2-dock-fr","15":"pa_fenster-oui","16":"pa_harness-ja-fr","17":"pa_notlicht-optional-fr","18":"pa_schrittgurt-ja-fr","19":"pa_schutzsystem-duo-protect-fr","20":"pa_sendervorbereitung-oui","21":"pa_sk-form-winglet-fr","22":"pa_spraycap-oui","23":"pa_verschluss-boucle-de-fermeture-frontale-click","25":"first","26":"instock","27":"featured","28":"taxable","29":"shipping-taxable","30":"purchasable","31":"product-type-simple"},"acf":[],"yoast_head":"<!-- This site is optimized with the Yoast SEO plugin v24.6 - https:\/\/yoast.com\/wordpress\/plugins\/seo\/ -->\n<title>Survival 275 Duo Protect - SECUMAR<\/title>\n<meta name=\"robots\" content=\"index, follow, max-snippet:-1, max-image-preview:large, max-video-preview:-1\" \/>\n<link rel=\"canonical\" href=\"https:\/\/www.secumar.com\/fr\/produit\/survival-275-duo-protect\/\" \/>\n<meta property=\"og:locale\" content=\"fr_FR\" \/>\n<meta property=\"og:type\" content=\"article\" \/>\n<meta property=\"og:title\" content=\"Survival 275 Duo Protect - SECUMAR\" \/>\n<meta property=\"og:description\" content=\"Gilet de sauvetage gonflable avec harnais int\u00e9gr\u00e9 en textile disposant d&#039;une flottabilit\u00e9 de 275N. Homologu\u00e9 selon DIN EN ISO 12402-2. Recommand\u00e9 pour la navigation c\u00f4ti\u00e8re et hauturi\u00e8re. Enveloppe gonflable DUO PROTECT. Coupe ergonomique au niveau des \u00e9paules pour une libert\u00e9 de mouvement optimale.\" \/>\n<meta property=\"og:url\" content=\"https:\/\/www.secumar.com\/fr\/produit\/survival-275-duo-protect\/\" \/>\n<meta property=\"og:site_name\" content=\"SECUMAR\" \/>\n<meta property=\"article:publisher\" content=\"https:\/\/www.facebook.com\/Secumar\/\" \/>\n<meta property=\"article:modified_time\" content=\"2024-10-07T10:27:27+00:00\" \/>\n<meta property=\"og:image\" content=\"https:\/\/www.secumar.com\/wp-content\/uploads\/2018\/11\/SURVIVAL-275-blue-left-PNR16689.jpg\" \/>\n\t<meta property=\"og:image:width\" content=\"900\" \/>\n\t<meta property=\"og:image:height\" content=\"900\" \/>\n\t<meta property=\"og:image:type\" content=\"image\/jpeg\" \/>\n<meta name=\"twitter:card\" content=\"summary_large_image\" \/>\n<meta name=\"twitter:label1\" content=\"Dur\u00e9e de lecture estim\u00e9e\" \/>\n\t<meta name=\"twitter:data1\" content=\"1 minute\" \/>\n<script type=\"application\/ld+json\" class=\"yoast-schema-graph\">{\"@context\":\"https:\/\/schema.org\",\"@graph\":[{\"@type\":\"WebPage\",\"@id\":\"https:\/\/www.secumar.com\/fr\/produit\/survival-275-duo-protect\/\",\"url\":\"https:\/\/www.secumar.com\/fr\/produit\/survival-275-duo-protect\/\",\"name\":\"Survival 275 Duo Protect - SECUMAR\",\"isPartOf\":{\"@id\":\"https:\/\/www.secumar.com\/#website\"},\"primaryImageOfPage\":{\"@id\":\"https:\/\/www.secumar.com\/fr\/produit\/survival-275-duo-protect\/#primaryimage\"},\"image\":{\"@id\":\"https:\/\/www.secumar.com\/fr\/produit\/survival-275-duo-protect\/#primaryimage\"},\"thumbnailUrl\":\"https:\/\/www.secumar.com\/wp-content\/uploads\/2018\/11\/SURVIVAL-275-blue-left-PNR16689.jpg\",\"datePublished\":\"2016-10-06T07:20:52+00:00\",\"dateModified\":\"2024-10-07T10:27:27+00:00\",\"breadcrumb\":{\"@id\":\"https:\/\/www.secumar.com\/fr\/produit\/survival-275-duo-protect\/#breadcrumb\"},\"inLanguage\":\"fr-FR\",\"potentialAction\":[{\"@type\":\"ReadAction\",\"target\":[\"https:\/\/www.secumar.com\/fr\/produit\/survival-275-duo-protect\/\"]}]},{\"@type\":\"ImageObject\",\"inLanguage\":\"fr-FR\",\"@id\":\"https:\/\/www.secumar.com\/fr\/produit\/survival-275-duo-protect\/#primaryimage\",\"url\":\"https:\/\/www.secumar.com\/wp-content\/uploads\/2018\/11\/SURVIVAL-275-blue-left-PNR16689.jpg\",\"contentUrl\":\"https:\/\/www.secumar.com\/wp-content\/uploads\/2018\/11\/SURVIVAL-275-blue-left-PNR16689.jpg\",\"width\":900,\"height\":900,\"caption\":\"SURVIVAL 275 blue left PNR16689\"},{\"@type\":\"BreadcrumbList\",\"@id\":\"https:\/\/www.secumar.com\/fr\/produit\/survival-275-duo-protect\/#breadcrumb\",\"itemListElement\":[{\"@type\":\"ListItem\",\"position\":1,\"name\":\"Startseite\",\"item\":\"https:\/\/www.secumar.com\/fr\/\"},{\"@type\":\"ListItem\",\"position\":2,\"name\":\"Tous Les Articles\",\"item\":\"https:\/\/www.secumar.com\/fr\/boutique\/\"},{\"@type\":\"ListItem\",\"position\":3,\"name\":\"Survival 275 Duo Protect\"}]},{\"@type\":\"WebSite\",\"@id\":\"https:\/\/www.secumar.com\/#website\",\"url\":\"https:\/\/www.secumar.com\/\",\"name\":\"SECUMAR\",\"description\":\"Gilets de sauvetage\",\"publisher\":{\"@id\":\"https:\/\/www.secumar.com\/#organization\"},\"potentialAction\":[{\"@type\":\"SearchAction\",\"target\":{\"@type\":\"EntryPoint\",\"urlTemplate\":\"https:\/\/www.secumar.com\/?s={search_term_string}\"},\"query-input\":{\"@type\":\"PropertyValueSpecification\",\"valueRequired\":true,\"valueName\":\"search_term_string\"}}],\"inLanguage\":\"fr-FR\"},{\"@type\":\"Organization\",\"@id\":\"https:\/\/www.secumar.com\/#organization\",\"name\":\"Bernhardt Apparatebau GmbH u. Co.\",\"url\":\"https:\/\/www.secumar.com\/\",\"logo\":{\"@type\":\"ImageObject\",\"inLanguage\":\"fr-FR\",\"@id\":\"https:\/\/www.secumar.com\/#\/schema\/logo\/image\/\",\"url\":\"https:\/\/www.secumar.com\/wp-content\/uploads\/2016\/09\/S-Logo_150px-3.jpg\",\"contentUrl\":\"https:\/\/www.secumar.com\/wp-content\/uploads\/2016\/09\/S-Logo_150px-3.jpg\",\"width\":150,\"height\":150,\"caption\":\"Bernhardt Apparatebau GmbH u. Co.\"},\"image\":{\"@id\":\"https:\/\/www.secumar.com\/#\/schema\/logo\/image\/\"},\"sameAs\":[\"https:\/\/www.facebook.com\/Secumar\/\",\"https:\/\/www.instagram.com\/secumar\/\",\"https:\/\/www.linkedin.com\/company-beta\/8684519\/\",\"https:\/\/www.youtube.com\/user\/BernhardtApparatebau\",\"https:\/\/de.wikipedia.org\/wiki\/Secumar\"]}]}<\/script>\n<!-- \/ Yoast SEO plugin. -->","yoast_head_json":{"title":"Survival 275 Duo Protect - SECUMAR","robots":{"index":"index","follow":"follow","max-snippet":"max-snippet:-1","max-image-preview":"max-image-preview:large","max-video-preview":"max-video-preview:-1"},"canonical":"https:\/\/www.secumar.com\/fr\/produit\/survival-275-duo-protect\/","og_locale":"fr_FR","og_type":"article","og_title":"Survival 275 Duo Protect - SECUMAR","og_description":"Gilet de sauvetage gonflable avec harnais int\u00e9gr\u00e9 en textile disposant d'une flottabilit\u00e9 de 275N. Homologu\u00e9 selon DIN EN ISO 12402-2. Recommand\u00e9 pour la navigation c\u00f4ti\u00e8re et hauturi\u00e8re. Enveloppe gonflable DUO PROTECT. Coupe ergonomique au niveau des \u00e9paules pour une libert\u00e9 de mouvement optimale.","og_url":"https:\/\/www.secumar.com\/fr\/produit\/survival-275-duo-protect\/","og_site_name":"SECUMAR","article_publisher":"https:\/\/www.facebook.com\/Secumar\/","article_modified_time":"2024-10-07T10:27:27+00:00","og_image":[{"width":900,"height":900,"url":"https:\/\/www.secumar.com\/wp-content\/uploads\/2018\/11\/SURVIVAL-275-blue-left-PNR16689.jpg","type":"image\/jpeg"}],"twitter_card":"summary_large_image","twitter_misc":{"Dur\u00e9e de lecture estim\u00e9e":"1 minute"},"schema":{"@context":"https:\/\/schema.org","@graph":[{"@type":"WebPage","@id":"https:\/\/www.secumar.com\/fr\/produit\/survival-275-duo-protect\/","url":"https:\/\/www.secumar.com\/fr\/produit\/survival-275-duo-protect\/","name":"Survival 275 Duo Protect - SECUMAR","isPartOf":{"@id":"https:\/\/www.secumar.com\/#website"},"primaryImageOfPage":{"@id":"https:\/\/www.secumar.com\/fr\/produit\/survival-275-duo-protect\/#primaryimage"},"image":{"@id":"https:\/\/www.secumar.com\/fr\/produit\/survival-275-duo-protect\/#primaryimage"},"thumbnailUrl":"https:\/\/www.secumar.com\/wp-content\/uploads\/2018\/11\/SURVIVAL-275-blue-left-PNR16689.jpg","datePublished":"2016-10-06T07:20:52+00:00","dateModified":"2024-10-07T10:27:27+00:00","breadcrumb":{"@id":"https:\/\/www.secumar.com\/fr\/produit\/survival-275-duo-protect\/#breadcrumb"},"inLanguage":"fr-FR","potentialAction":[{"@type":"ReadAction","target":["https:\/\/www.secumar.com\/fr\/produit\/survival-275-duo-protect\/"]}]},{"@type":"ImageObject","inLanguage":"fr-FR","@id":"https:\/\/www.secumar.com\/fr\/produit\/survival-275-duo-protect\/#primaryimage","url":"https:\/\/www.secumar.com\/wp-content\/uploads\/2018\/11\/SURVIVAL-275-blue-left-PNR16689.jpg","contentUrl":"https:\/\/www.secumar.com\/wp-content\/uploads\/2018\/11\/SURVIVAL-275-blue-left-PNR16689.jpg","width":900,"height":900,"caption":"SURVIVAL 275 blue left PNR16689"},{"@type":"BreadcrumbList","@id":"https:\/\/www.secumar.com\/fr\/produit\/survival-275-duo-protect\/#breadcrumb","itemListElement":[{"@type":"ListItem","position":1,"name":"Startseite","item":"https:\/\/www.secumar.com\/fr\/"},{"@type":"ListItem","position":2,"name":"Tous Les Articles","item":"https:\/\/www.secumar.com\/fr\/boutique\/"},{"@type":"ListItem","position":3,"name":"Survival 275 Duo Protect"}]},{"@type":"WebSite","@id":"https:\/\/www.secumar.com\/#website","url":"https:\/\/www.secumar.com\/","name":"SECUMAR","description":"Gilets de sauvetage","publisher":{"@id":"https:\/\/www.secumar.com\/#organization"},"potentialAction":[{"@type":"SearchAction","target":{"@type":"EntryPoint","urlTemplate":"https:\/\/www.secumar.com\/?s={search_term_string}"},"query-input":{"@type":"PropertyValueSpecification","valueRequired":true,"valueName":"search_term_string"}}],"inLanguage":"fr-FR"},{"@type":"Organization","@id":"https:\/\/www.secumar.com\/#organization","name":"Bernhardt Apparatebau GmbH u. Co.","url":"https:\/\/www.secumar.com\/","logo":{"@type":"ImageObject","inLanguage":"fr-FR","@id":"https:\/\/www.secumar.com\/#\/schema\/logo\/image\/","url":"https:\/\/www.secumar.com\/wp-content\/uploads\/2016\/09\/S-Logo_150px-3.jpg","contentUrl":"https:\/\/www.secumar.com\/wp-content\/uploads\/2016\/09\/S-Logo_150px-3.jpg","width":150,"height":150,"caption":"Bernhardt Apparatebau GmbH u. Co."},"image":{"@id":"https:\/\/www.secumar.com\/#\/schema\/logo\/image\/"},"sameAs":["https:\/\/www.facebook.com\/Secumar\/","https:\/\/www.instagram.com\/secumar\/","https:\/\/www.linkedin.com\/company-beta\/8684519\/","https:\/\/www.youtube.com\/user\/BernhardtApparatebau","https:\/\/de.wikipedia.org\/wiki\/Secumar"]}]}},"_links":{"self":[{"href":"https:\/\/www.secumar.com\/fr\/wp-json\/wp\/v2\/product\/29847","targetHints":{"allow":["GET"]}}],"collection":[{"href":"https:\/\/www.secumar.com\/fr\/wp-json\/wp\/v2\/product"}],"about":[{"href":"https:\/\/www.secumar.com\/fr\/wp-json\/wp\/v2\/types\/product"}],"replies":[{"embeddable":true,"href":"https:\/\/www.secumar.com\/fr\/wp-json\/wp\/v2\/comments?post=29847"}],"version-history":[{"count":11,"href":"https:\/\/www.secumar.com\/fr\/wp-json\/wp\/v2\/product\/29847\/revisions"}],"predecessor-version":[{"id":55260,"href":"https:\/\/www.secumar.com\/fr\/wp-json\/wp\/v2\/product\/29847\/revisions\/55260"}],"wp:featuredmedia":[{"embeddable":true,"href":"https:\/\/www.secumar.com\/fr\/wp-json\/wp\/v2\/media\/37813"}],"wp:attachment":[{"href":"https:\/\/www.secumar.com\/fr\/wp-json\/wp\/v2\/media?parent=29847"}],"wp:term":[{"taxonomy":"product_brand","embeddable":true,"href":"https:\/\/www.secumar.com\/fr\/wp-json\/wp\/v2\/product_brand?post=29847"},{"taxonomy":"product_cat","embeddable":true,"href":"https:\/\/www.secumar.com\/fr\/wp-json\/wp\/v2\/product_cat?post=29847"},{"taxonomy":"product_tag","embeddable":true,"href":"https:\/\/www.secumar.com\/fr\/wp-json\/wp\/v2\/product_tag?post=29847"}],"curies":[{"name":"wp","href":"https:\/\/api.w.org\/{rel}","templated":true}]}}