{"id":29826,"date":"2016-01-01T15:27:34","date_gmt":"2016-10-05T13:17:56","guid":{"rendered":"https:\/\/www.secumar.com\/fr\/?post_type=product&#038;p=29826&#038;lang=fr"},"modified":"2024-10-07T12:25:02","modified_gmt":"2024-10-07T10:25:02","slug":"secufit","status":"publish","type":"product","link":"https:\/\/www.secumar.com\/fr\/produit\/secufit\/","title":{"rendered":"Secufit"},"content":{"rendered":"<p>Le gilet <strong>SECUFIT<\/strong> est id\u00e9al pour les activit\u00e9s de p\u00eache \u00e0 la ligne, en eau douce ou en mer, permettant de garder une grande libert\u00e9 de mouvements lors du lancer. Les plaisanciers de bateaux \u00e0 moteur se r\u00e9jouiront \u00e9galement du grand confort et de la l\u00e9g\u00e8ret\u00e9 de ce gilet. La housse de protection du gilet de sauvetage a \u00e9t\u00e9 con\u00e7ue de fa\u00e7on \u00e0 ne pas exercer de pression au niveau de la nuque et du cou. De plus, l\u2019utilisation de mat\u00e9riaux tels que le Softshell ne fait qu\u2019accro\u00eetre l\u2019aisance au porter. Le r\u00e9glage de la sangle dorsale permet d\u2019ajuster individuellement le gilet de sauvetage \u00e0 la stature du porteur. La fermeture-\u00e9clair de l&rsquo;enveloppe de protection dispose d\u2019un point de rupture afin de permettre \u00e0 l\u2019enveloppe gonflable de se d\u00e9ployer de mani\u00e8re extr\u00eamement rapide, d\u00e8s lors que le percuteur automatique se trouve dans l\u2019eau. Le <strong>SECUFIT<\/strong> appartient \u00e0 la cat\u00e9gorie de flottabilit\u00e9 150 N. Les caract\u00e9ristiques de flottabilit\u00e9 exceptionnelles de son enveloppe gonflable \u00ab\u00a0WINGLET\u00a0\u00bb surpassent amplement la norme. L\u2019enveloppe gonflable g\u00e9n\u00e8re avec ses ailerons lat\u00e9raux un franc-bord particuli\u00e8rement \u00e9lev\u00e9 par rapport aux flotteurs conventionnels.<\/p>\n","protected":false},"excerpt":{"rendered":"<p>Le mod\u00e8le <strong>SECUFIT<\/strong> s\u2019enfile tout simplement par-dessus la t\u00eate. Court de par sa forme, il se positionne directement au-dessus de la poitrine et des \u00e9paules de fa\u00e7on \u00e0 ne pas interf\u00e9rer les mouvements de rames, pagaies et aviron.<\/p>\n","protected":false},"featured_media":42977,"comment_status":"closed","ping_status":"closed","template":"","meta":{"_acf_changed":false,"_searchwp_excluded":"","editor_plus_copied_stylings":"{}","footnotes":"","_links_to":"","_links_to_target":""},"product_brand":[],"product_cat":[3875,710,711,713,730,2294],"product_tag":[],"class_list":{"0":"post-29826","1":"product","2":"type-product","3":"status-publish","4":"has-post-thumbnail","6":"product_cat-promo-seculux-fr","7":"product_cat-voile-legere","8":"product_cat-canoe-kayak-fr","9":"product_cat-bateau-a-moteur","10":"product_cat-aviron","11":"product_cat-gilets-de-sauvetage-gonflables","12":"pa_auftrieb-160-n-fr","13":"pa_auftriebsklasse-ce-150-n-fr","14":"pa_bergegurt-oui","15":"pa_ce-ce-fr-2","16":"pa_co2-patrone-32-g-fr-2","17":"pa_fenster-non","18":"pa_harness-non","19":"pa_notlicht-optional-fr","20":"pa_schrittgurt-ja-fr","21":"pa_sendervorbereitung-nein-fr","22":"pa_sk-form-winglet-fr","23":"pa_spraycap-non","24":"pa_verschluss-boucle-de-fermeture-laterale-click","26":"first","27":"instock","28":"taxable","29":"shipping-taxable","30":"purchasable","31":"product-type-simple"},"acf":[],"yoast_head":"<!-- This site is optimized with the Yoast SEO plugin v24.6 - https:\/\/yoast.com\/wordpress\/plugins\/seo\/ -->\n<title>Secufit - SECUMAR<\/title>\n<meta name=\"description\" content=\"Le mod\u00e8le SECUFIT s\u2019enfile tout simplement par-dessus la t\u00eate. Court de par sa forme, il se positionne directement au-dessus de la poitrine et des \u00e9paules de fa\u00e7on \u00e0 ne pas interf\u00e9rer les mouvements de rames, pagaies et avirons.\" \/>\n<meta name=\"robots\" content=\"index, follow, max-snippet:-1, max-image-preview:large, max-video-preview:-1\" \/>\n<link rel=\"canonical\" href=\"https:\/\/www.secumar.com\/fr\/produit\/secufit\/\" \/>\n<meta property=\"og:locale\" content=\"fr_FR\" \/>\n<meta property=\"og:type\" content=\"article\" \/>\n<meta property=\"og:title\" content=\"Secufit - SECUMAR\" \/>\n<meta property=\"og:description\" content=\"Le mod\u00e8le SECUFIT s\u2019enfile tout simplement par-dessus la t\u00eate. Court de par sa forme, il se positionne directement au-dessus de la poitrine et des \u00e9paules de fa\u00e7on \u00e0 ne pas interf\u00e9rer les mouvements de rames, pagaies et avirons.\" \/>\n<meta property=\"og:url\" content=\"https:\/\/www.secumar.com\/fr\/produit\/secufit\/\" \/>\n<meta property=\"og:site_name\" content=\"SECUMAR\" \/>\n<meta property=\"article:publisher\" content=\"https:\/\/www.facebook.com\/Secumar\/\" \/>\n<meta property=\"article:modified_time\" content=\"2024-10-07T10:25:02+00:00\" \/>\n<meta property=\"og:image\" content=\"https:\/\/www.secumar.com\/wp-content\/uploads\/2020\/05\/SECUFIT_900x900x72.jpg\" \/>\n\t<meta property=\"og:image:width\" content=\"900\" \/>\n\t<meta property=\"og:image:height\" content=\"900\" \/>\n\t<meta property=\"og:image:type\" content=\"image\/jpeg\" \/>\n<meta name=\"twitter:card\" content=\"summary_large_image\" \/>\n<meta name=\"twitter:label1\" content=\"Dur\u00e9e de lecture estim\u00e9e\" \/>\n\t<meta name=\"twitter:data1\" content=\"2 minutes\" \/>\n<script type=\"application\/ld+json\" class=\"yoast-schema-graph\">{\"@context\":\"https:\/\/schema.org\",\"@graph\":[{\"@type\":\"WebPage\",\"@id\":\"https:\/\/www.secumar.com\/fr\/produit\/secufit\/\",\"url\":\"https:\/\/www.secumar.com\/fr\/produit\/secufit\/\",\"name\":\"Secufit - SECUMAR\",\"isPartOf\":{\"@id\":\"https:\/\/www.secumar.com\/#website\"},\"primaryImageOfPage\":{\"@id\":\"https:\/\/www.secumar.com\/fr\/produit\/secufit\/#primaryimage\"},\"image\":{\"@id\":\"https:\/\/www.secumar.com\/fr\/produit\/secufit\/#primaryimage\"},\"thumbnailUrl\":\"https:\/\/www.secumar.com\/wp-content\/uploads\/2020\/05\/SECUFIT_900x900x72.jpg\",\"datePublished\":\"2016-10-05T13:17:56+00:00\",\"dateModified\":\"2024-10-07T10:25:02+00:00\",\"description\":\"Le mod\u00e8le SECUFIT s\u2019enfile tout simplement par-dessus la t\u00eate. Court de par sa forme, il se positionne directement au-dessus de la poitrine et des \u00e9paules de fa\u00e7on \u00e0 ne pas interf\u00e9rer les mouvements de rames, pagaies et avirons.\",\"breadcrumb\":{\"@id\":\"https:\/\/www.secumar.com\/fr\/produit\/secufit\/#breadcrumb\"},\"inLanguage\":\"fr-FR\",\"potentialAction\":[{\"@type\":\"ReadAction\",\"target\":[\"https:\/\/www.secumar.com\/fr\/produit\/secufit\/\"]}]},{\"@type\":\"ImageObject\",\"inLanguage\":\"fr-FR\",\"@id\":\"https:\/\/www.secumar.com\/fr\/produit\/secufit\/#primaryimage\",\"url\":\"https:\/\/www.secumar.com\/wp-content\/uploads\/2020\/05\/SECUFIT_900x900x72.jpg\",\"contentUrl\":\"https:\/\/www.secumar.com\/wp-content\/uploads\/2020\/05\/SECUFIT_900x900x72.jpg\",\"width\":900,\"height\":900},{\"@type\":\"BreadcrumbList\",\"@id\":\"https:\/\/www.secumar.com\/fr\/produit\/secufit\/#breadcrumb\",\"itemListElement\":[{\"@type\":\"ListItem\",\"position\":1,\"name\":\"Startseite\",\"item\":\"https:\/\/www.secumar.com\/fr\/\"},{\"@type\":\"ListItem\",\"position\":2,\"name\":\"Tous Les Articles\",\"item\":\"https:\/\/www.secumar.com\/fr\/boutique\/\"},{\"@type\":\"ListItem\",\"position\":3,\"name\":\"Secufit\"}]},{\"@type\":\"WebSite\",\"@id\":\"https:\/\/www.secumar.com\/#website\",\"url\":\"https:\/\/www.secumar.com\/\",\"name\":\"SECUMAR\",\"description\":\"Gilets de sauvetage\",\"publisher\":{\"@id\":\"https:\/\/www.secumar.com\/#organization\"},\"potentialAction\":[{\"@type\":\"SearchAction\",\"target\":{\"@type\":\"EntryPoint\",\"urlTemplate\":\"https:\/\/www.secumar.com\/?s={search_term_string}\"},\"query-input\":{\"@type\":\"PropertyValueSpecification\",\"valueRequired\":true,\"valueName\":\"search_term_string\"}}],\"inLanguage\":\"fr-FR\"},{\"@type\":\"Organization\",\"@id\":\"https:\/\/www.secumar.com\/#organization\",\"name\":\"Bernhardt Apparatebau GmbH u. Co.\",\"url\":\"https:\/\/www.secumar.com\/\",\"logo\":{\"@type\":\"ImageObject\",\"inLanguage\":\"fr-FR\",\"@id\":\"https:\/\/www.secumar.com\/#\/schema\/logo\/image\/\",\"url\":\"https:\/\/www.secumar.com\/wp-content\/uploads\/2016\/09\/S-Logo_150px-3.jpg\",\"contentUrl\":\"https:\/\/www.secumar.com\/wp-content\/uploads\/2016\/09\/S-Logo_150px-3.jpg\",\"width\":150,\"height\":150,\"caption\":\"Bernhardt Apparatebau GmbH u. Co.\"},\"image\":{\"@id\":\"https:\/\/www.secumar.com\/#\/schema\/logo\/image\/\"},\"sameAs\":[\"https:\/\/www.facebook.com\/Secumar\/\",\"https:\/\/www.instagram.com\/secumar\/\",\"https:\/\/www.linkedin.com\/company-beta\/8684519\/\",\"https:\/\/www.youtube.com\/user\/BernhardtApparatebau\",\"https:\/\/de.wikipedia.org\/wiki\/Secumar\"]}]}<\/script>\n<!-- \/ Yoast SEO plugin. -->","yoast_head_json":{"title":"Secufit - SECUMAR","description":"Le mod\u00e8le SECUFIT s\u2019enfile tout simplement par-dessus la t\u00eate. Court de par sa forme, il se positionne directement au-dessus de la poitrine et des \u00e9paules de fa\u00e7on \u00e0 ne pas interf\u00e9rer les mouvements de rames, pagaies et avirons.","robots":{"index":"index","follow":"follow","max-snippet":"max-snippet:-1","max-image-preview":"max-image-preview:large","max-video-preview":"max-video-preview:-1"},"canonical":"https:\/\/www.secumar.com\/fr\/produit\/secufit\/","og_locale":"fr_FR","og_type":"article","og_title":"Secufit - SECUMAR","og_description":"Le mod\u00e8le SECUFIT s\u2019enfile tout simplement par-dessus la t\u00eate. Court de par sa forme, il se positionne directement au-dessus de la poitrine et des \u00e9paules de fa\u00e7on \u00e0 ne pas interf\u00e9rer les mouvements de rames, pagaies et avirons.","og_url":"https:\/\/www.secumar.com\/fr\/produit\/secufit\/","og_site_name":"SECUMAR","article_publisher":"https:\/\/www.facebook.com\/Secumar\/","article_modified_time":"2024-10-07T10:25:02+00:00","og_image":[{"width":900,"height":900,"url":"https:\/\/www.secumar.com\/wp-content\/uploads\/2020\/05\/SECUFIT_900x900x72.jpg","type":"image\/jpeg"}],"twitter_card":"summary_large_image","twitter_misc":{"Dur\u00e9e de lecture estim\u00e9e":"2 minutes"},"schema":{"@context":"https:\/\/schema.org","@graph":[{"@type":"WebPage","@id":"https:\/\/www.secumar.com\/fr\/produit\/secufit\/","url":"https:\/\/www.secumar.com\/fr\/produit\/secufit\/","name":"Secufit - SECUMAR","isPartOf":{"@id":"https:\/\/www.secumar.com\/#website"},"primaryImageOfPage":{"@id":"https:\/\/www.secumar.com\/fr\/produit\/secufit\/#primaryimage"},"image":{"@id":"https:\/\/www.secumar.com\/fr\/produit\/secufit\/#primaryimage"},"thumbnailUrl":"https:\/\/www.secumar.com\/wp-content\/uploads\/2020\/05\/SECUFIT_900x900x72.jpg","datePublished":"2016-10-05T13:17:56+00:00","dateModified":"2024-10-07T10:25:02+00:00","description":"Le mod\u00e8le SECUFIT s\u2019enfile tout simplement par-dessus la t\u00eate. Court de par sa forme, il se positionne directement au-dessus de la poitrine et des \u00e9paules de fa\u00e7on \u00e0 ne pas interf\u00e9rer les mouvements de rames, pagaies et avirons.","breadcrumb":{"@id":"https:\/\/www.secumar.com\/fr\/produit\/secufit\/#breadcrumb"},"inLanguage":"fr-FR","potentialAction":[{"@type":"ReadAction","target":["https:\/\/www.secumar.com\/fr\/produit\/secufit\/"]}]},{"@type":"ImageObject","inLanguage":"fr-FR","@id":"https:\/\/www.secumar.com\/fr\/produit\/secufit\/#primaryimage","url":"https:\/\/www.secumar.com\/wp-content\/uploads\/2020\/05\/SECUFIT_900x900x72.jpg","contentUrl":"https:\/\/www.secumar.com\/wp-content\/uploads\/2020\/05\/SECUFIT_900x900x72.jpg","width":900,"height":900},{"@type":"BreadcrumbList","@id":"https:\/\/www.secumar.com\/fr\/produit\/secufit\/#breadcrumb","itemListElement":[{"@type":"ListItem","position":1,"name":"Startseite","item":"https:\/\/www.secumar.com\/fr\/"},{"@type":"ListItem","position":2,"name":"Tous Les Articles","item":"https:\/\/www.secumar.com\/fr\/boutique\/"},{"@type":"ListItem","position":3,"name":"Secufit"}]},{"@type":"WebSite","@id":"https:\/\/www.secumar.com\/#website","url":"https:\/\/www.secumar.com\/","name":"SECUMAR","description":"Gilets de sauvetage","publisher":{"@id":"https:\/\/www.secumar.com\/#organization"},"potentialAction":[{"@type":"SearchAction","target":{"@type":"EntryPoint","urlTemplate":"https:\/\/www.secumar.com\/?s={search_term_string}"},"query-input":{"@type":"PropertyValueSpecification","valueRequired":true,"valueName":"search_term_string"}}],"inLanguage":"fr-FR"},{"@type":"Organization","@id":"https:\/\/www.secumar.com\/#organization","name":"Bernhardt Apparatebau GmbH u. Co.","url":"https:\/\/www.secumar.com\/","logo":{"@type":"ImageObject","inLanguage":"fr-FR","@id":"https:\/\/www.secumar.com\/#\/schema\/logo\/image\/","url":"https:\/\/www.secumar.com\/wp-content\/uploads\/2016\/09\/S-Logo_150px-3.jpg","contentUrl":"https:\/\/www.secumar.com\/wp-content\/uploads\/2016\/09\/S-Logo_150px-3.jpg","width":150,"height":150,"caption":"Bernhardt Apparatebau GmbH u. Co."},"image":{"@id":"https:\/\/www.secumar.com\/#\/schema\/logo\/image\/"},"sameAs":["https:\/\/www.facebook.com\/Secumar\/","https:\/\/www.instagram.com\/secumar\/","https:\/\/www.linkedin.com\/company-beta\/8684519\/","https:\/\/www.youtube.com\/user\/BernhardtApparatebau","https:\/\/de.wikipedia.org\/wiki\/Secumar"]}]}},"_links":{"self":[{"href":"https:\/\/www.secumar.com\/fr\/wp-json\/wp\/v2\/product\/29826","targetHints":{"allow":["GET"]}}],"collection":[{"href":"https:\/\/www.secumar.com\/fr\/wp-json\/wp\/v2\/product"}],"about":[{"href":"https:\/\/www.secumar.com\/fr\/wp-json\/wp\/v2\/types\/product"}],"replies":[{"embeddable":true,"href":"https:\/\/www.secumar.com\/fr\/wp-json\/wp\/v2\/comments?post=29826"}],"version-history":[{"count":12,"href":"https:\/\/www.secumar.com\/fr\/wp-json\/wp\/v2\/product\/29826\/revisions"}],"predecessor-version":[{"id":55251,"href":"https:\/\/www.secumar.com\/fr\/wp-json\/wp\/v2\/product\/29826\/revisions\/55251"}],"wp:featuredmedia":[{"embeddable":true,"href":"https:\/\/www.secumar.com\/fr\/wp-json\/wp\/v2\/media\/42977"}],"wp:attachment":[{"href":"https:\/\/www.secumar.com\/fr\/wp-json\/wp\/v2\/media?parent=29826"}],"wp:term":[{"taxonomy":"product_brand","embeddable":true,"href":"https:\/\/www.secumar.com\/fr\/wp-json\/wp\/v2\/product_brand?post=29826"},{"taxonomy":"product_cat","embeddable":true,"href":"https:\/\/www.secumar.com\/fr\/wp-json\/wp\/v2\/product_cat?post=29826"},{"taxonomy":"product_tag","embeddable":true,"href":"https:\/\/www.secumar.com\/fr\/wp-json\/wp\/v2\/product_tag?post=29826"}],"curies":[{"name":"wp","href":"https:\/\/api.w.org\/{rel}","templated":true}]}}