{"id":16405,"date":"2015-03-04T23:23:34","date_gmt":"2010-06-09T13:03:22","guid":{"rendered":"http:\/\/testumgebung.eureka-konzepte.de\/fr\/product\/40-sf-3\/"},"modified":"2023-07-04T12:29:13","modified_gmt":"2023-07-04T10:29:13","slug":"40-sf-3","status":"publish","type":"product","link":"https:\/\/www.secumar.com\/fr\/produit\/40-sf-3\/","title":{"rendered":"40 SF"},"content":{"rendered":"<h2><\/h2>\n<p>Le SECUMAR 40 SF a \u00e9t\u00e9 d\u00e9velopp\u00e9 en \u00e9troite collaboration avec les sapeurs-pompiers allemands et n\u00e9erlandais. Les observations des sapeurs-pompier de Dordrecht ont servi de base \u00e0 sa conception : Un pompier enti\u00e8rement \u00e9quip\u00e9 (v\u00eatements de protection contre le feu, bottes, casque, appareil respiratoir lourd) qui peut g\u00e9n\u00e9rer jusqu&rsquo;\u00e0 120 N de flottabilit\u00e9 n\u00e9gative dans l&rsquo;eau, n&rsquo;est pas tenu \u00e0 la surface de l&rsquo;eau par un flotteur conventionnel. Il a \u00e9galement \u00e9t\u00e9 constat\u00e9 que le casque int\u00e9gral et le masque glissent devant le visage lors du gonflage du gilet de sauvetage. C&rsquo;est en prenant en compte ces \u00e9l\u00e9ments que le gilet de sauvetage pour sapeurs-pompiers a \u00e9t\u00e9 d\u00e9velopp\u00e9.<\/p>\n<ul>\n<li>Dimension de l&rsquo;enveloppe gonflable: une flottabilit\u00e9 minimum de 30 litres a \u00e9t\u00e9 d\u00e9termin\u00e9e afin de permettre le retournement d&rsquo;une personne en position dorsale, t\u00eate hors de l&rsquo;eau. Celle-ci a \u00e9t\u00e9 dimensionn\u00e9e avec 36 litres en prenant en compte les diff\u00e9rents \u00e9quipements (flottabilit\u00e9 n\u00e9gative) et a \u00e9t\u00e9 con\u00e7ue avec suffisamment d&rsquo;espace au niveau du cou et de la gorge de fa\u00e7on \u00e0 ne pas \u00eatre g\u00ean\u00e9 par le port du casque, du foulard en cuir et d&rsquo;un masque respiratoire.<\/li>\n<li>Housse de protection: Le gilet de sauvetage r\u00e9siste \u00e0 une source de chaleur d&rsquo;une intensit\u00e9 de 8 kW \/ m\u00b2 pendant 3 minutes, sans que les composants de gilets de sauvetage soient endommag\u00e9s. Cela est particuli\u00e8rement vrai pour la cartouche de CO2 qui ne doit pas d\u00e9passer 70 \u00b0 &#8211; 90 \u00b0 Celsius.<\/li>\n<\/ul>\n<p>&nbsp;<\/p>\n<p>&nbsp;<\/p>\n","protected":false},"excerpt":{"rendered":"<p>Gilet de sauvetage avec une flottabilit\u00e9 extr\u00eame de 360 N. Usage pour le combat du feu avec appareil respiratoire lourd et casque de pompier. Le casque ne glisse pas sur le visage m\u00eame si le gilet est gonfl\u00e9. Le percuteur automatique SECUMATIC 3001S (version pompier) fonctionne m\u00eame dans des conditions extr\u00eames, par exemple lorsque le gilet de sauvetage est en contact pendant plusieurs minutes avec une barre de m\u00e9tal incandescente.<\/p>\n","protected":false},"featured_media":57424,"comment_status":"closed","ping_status":"closed","template":"","meta":{"_acf_changed":false,"_searchwp_excluded":"","editor_plus_copied_stylings":"{}","footnotes":"","_links_to":"","_links_to_target":""},"product_brand":[],"product_cat":[732,744,2362],"product_tag":[],"class_list":{"0":"post-16405","1":"product","2":"type-product","3":"status-publish","4":"has-post-thumbnail","6":"product_cat-pompiers-fr","7":"product_cat-gilets-de-sauvetage-gonflables-industrie-fr","8":"product_cat-catalogue","9":"pa_auftrieb-360-n-nl-fr","10":"pa_auftriebsklasse-ce-275-n-fr","11":"pa_bergegurt-oui","12":"pa_ce-ce-fr-2","13":"pa_co2-patrone-75-g-fr-2","14":"pa_fenster-non","15":"pa_harness-non","16":"pa_notlicht-optional-fr","17":"pa_schrittgurt-ja-fr","18":"pa_sendervorbereitung-nein-fr","19":"pa_sk-form-classic-fr","20":"pa_spraycap-non","21":"pa_verschluss-lateralement","23":"first","24":"outofstock","25":"product-type-simple"},"acf":[],"yoast_head":"<!-- This site is optimized with the Yoast SEO plugin v24.6 - https:\/\/yoast.com\/wordpress\/plugins\/seo\/ -->\n<title>40 SF - SECUMAR<\/title>\n<meta name=\"robots\" content=\"index, follow, max-snippet:-1, max-image-preview:large, max-video-preview:-1\" \/>\n<link rel=\"canonical\" href=\"https:\/\/www.secumar.com\/fr\/produit\/40-sf-3\/\" \/>\n<meta property=\"og:locale\" content=\"fr_FR\" \/>\n<meta property=\"og:type\" content=\"article\" \/>\n<meta property=\"og:title\" content=\"40 SF - SECUMAR\" \/>\n<meta property=\"og:description\" content=\"Gilet de sauvetage avec une flottabilit\u00e9 extr\u00eame de 360 N. Usage pour le combat du feu avec appareil respiratoire lourd et casque de pompier. Le casque ne glisse pas sur le visage m\u00eame si le gilet est gonfl\u00e9. Le percuteur automatique SECUMATIC 3001S (version pompier) fonctionne m\u00eame dans des conditions extr\u00eames, par exemple lorsque le gilet de sauvetage est en contact pendant plusieurs minutes avec une barre de m\u00e9tal incandescente.\" \/>\n<meta property=\"og:url\" content=\"https:\/\/www.secumar.com\/fr\/produit\/40-sf-3\/\" \/>\n<meta property=\"og:site_name\" content=\"SECUMAR\" \/>\n<meta property=\"article:publisher\" content=\"https:\/\/www.facebook.com\/Secumar\/\" \/>\n<meta property=\"article:modified_time\" content=\"2023-07-04T10:29:13+00:00\" \/>\n<meta property=\"og:image\" content=\"https:\/\/www.secumar.com\/wp-content\/uploads\/2015\/03\/40-SF.jpg\" \/>\n\t<meta property=\"og:image:width\" content=\"900\" \/>\n\t<meta property=\"og:image:height\" content=\"900\" \/>\n\t<meta property=\"og:image:type\" content=\"image\/jpeg\" \/>\n<meta name=\"twitter:card\" content=\"summary_large_image\" \/>\n<meta name=\"twitter:label1\" content=\"Dur\u00e9e de lecture estim\u00e9e\" \/>\n\t<meta name=\"twitter:data1\" content=\"2 minutes\" \/>\n<script type=\"application\/ld+json\" class=\"yoast-schema-graph\">{\"@context\":\"https:\/\/schema.org\",\"@graph\":[{\"@type\":\"WebPage\",\"@id\":\"https:\/\/www.secumar.com\/fr\/produit\/40-sf-3\/\",\"url\":\"https:\/\/www.secumar.com\/fr\/produit\/40-sf-3\/\",\"name\":\"40 SF - SECUMAR\",\"isPartOf\":{\"@id\":\"https:\/\/www.secumar.com\/#website\"},\"primaryImageOfPage\":{\"@id\":\"https:\/\/www.secumar.com\/fr\/produit\/40-sf-3\/#primaryimage\"},\"image\":{\"@id\":\"https:\/\/www.secumar.com\/fr\/produit\/40-sf-3\/#primaryimage\"},\"thumbnailUrl\":\"https:\/\/www.secumar.com\/wp-content\/uploads\/2015\/03\/40SF_front-820x820-1.png\",\"datePublished\":\"2010-06-09T13:03:22+00:00\",\"dateModified\":\"2023-07-04T10:29:13+00:00\",\"breadcrumb\":{\"@id\":\"https:\/\/www.secumar.com\/fr\/produit\/40-sf-3\/#breadcrumb\"},\"inLanguage\":\"fr-FR\",\"potentialAction\":[{\"@type\":\"ReadAction\",\"target\":[\"https:\/\/www.secumar.com\/fr\/produit\/40-sf-3\/\"]}]},{\"@type\":\"ImageObject\",\"inLanguage\":\"fr-FR\",\"@id\":\"https:\/\/www.secumar.com\/fr\/produit\/40-sf-3\/#primaryimage\",\"url\":\"https:\/\/www.secumar.com\/wp-content\/uploads\/2015\/03\/40SF_front-820x820-1.png\",\"contentUrl\":\"https:\/\/www.secumar.com\/wp-content\/uploads\/2015\/03\/40SF_front-820x820-1.png\",\"width\":820,\"height\":820},{\"@type\":\"BreadcrumbList\",\"@id\":\"https:\/\/www.secumar.com\/fr\/produit\/40-sf-3\/#breadcrumb\",\"itemListElement\":[{\"@type\":\"ListItem\",\"position\":1,\"name\":\"Startseite\",\"item\":\"https:\/\/www.secumar.com\/fr\/\"},{\"@type\":\"ListItem\",\"position\":2,\"name\":\"Tous Les Articles\",\"item\":\"https:\/\/www.secumar.com\/fr\/boutique\/\"},{\"@type\":\"ListItem\",\"position\":3,\"name\":\"40 SF\"}]},{\"@type\":\"WebSite\",\"@id\":\"https:\/\/www.secumar.com\/#website\",\"url\":\"https:\/\/www.secumar.com\/\",\"name\":\"SECUMAR\",\"description\":\"Gilets de sauvetage\",\"publisher\":{\"@id\":\"https:\/\/www.secumar.com\/#organization\"},\"potentialAction\":[{\"@type\":\"SearchAction\",\"target\":{\"@type\":\"EntryPoint\",\"urlTemplate\":\"https:\/\/www.secumar.com\/?s={search_term_string}\"},\"query-input\":{\"@type\":\"PropertyValueSpecification\",\"valueRequired\":true,\"valueName\":\"search_term_string\"}}],\"inLanguage\":\"fr-FR\"},{\"@type\":\"Organization\",\"@id\":\"https:\/\/www.secumar.com\/#organization\",\"name\":\"Bernhardt Apparatebau GmbH u. Co.\",\"url\":\"https:\/\/www.secumar.com\/\",\"logo\":{\"@type\":\"ImageObject\",\"inLanguage\":\"fr-FR\",\"@id\":\"https:\/\/www.secumar.com\/#\/schema\/logo\/image\/\",\"url\":\"https:\/\/www.secumar.com\/wp-content\/uploads\/2016\/09\/S-Logo_150px-3.jpg\",\"contentUrl\":\"https:\/\/www.secumar.com\/wp-content\/uploads\/2016\/09\/S-Logo_150px-3.jpg\",\"width\":150,\"height\":150,\"caption\":\"Bernhardt Apparatebau GmbH u. Co.\"},\"image\":{\"@id\":\"https:\/\/www.secumar.com\/#\/schema\/logo\/image\/\"},\"sameAs\":[\"https:\/\/www.facebook.com\/Secumar\/\",\"https:\/\/www.instagram.com\/secumar\/\",\"https:\/\/www.linkedin.com\/company-beta\/8684519\/\",\"https:\/\/www.youtube.com\/user\/BernhardtApparatebau\",\"https:\/\/de.wikipedia.org\/wiki\/Secumar\"]}]}<\/script>\n<!-- \/ Yoast SEO plugin. -->","yoast_head_json":{"title":"40 SF - SECUMAR","robots":{"index":"index","follow":"follow","max-snippet":"max-snippet:-1","max-image-preview":"max-image-preview:large","max-video-preview":"max-video-preview:-1"},"canonical":"https:\/\/www.secumar.com\/fr\/produit\/40-sf-3\/","og_locale":"fr_FR","og_type":"article","og_title":"40 SF - SECUMAR","og_description":"Gilet de sauvetage avec une flottabilit\u00e9 extr\u00eame de 360 N. Usage pour le combat du feu avec appareil respiratoire lourd et casque de pompier. Le casque ne glisse pas sur le visage m\u00eame si le gilet est gonfl\u00e9. Le percuteur automatique SECUMATIC 3001S (version pompier) fonctionne m\u00eame dans des conditions extr\u00eames, par exemple lorsque le gilet de sauvetage est en contact pendant plusieurs minutes avec une barre de m\u00e9tal incandescente.","og_url":"https:\/\/www.secumar.com\/fr\/produit\/40-sf-3\/","og_site_name":"SECUMAR","article_publisher":"https:\/\/www.facebook.com\/Secumar\/","article_modified_time":"2023-07-04T10:29:13+00:00","og_image":[{"width":900,"height":900,"url":"https:\/\/www.secumar.com\/wp-content\/uploads\/2015\/03\/40-SF.jpg","type":"image\/jpeg"}],"twitter_card":"summary_large_image","twitter_misc":{"Dur\u00e9e de lecture estim\u00e9e":"2 minutes"},"schema":{"@context":"https:\/\/schema.org","@graph":[{"@type":"WebPage","@id":"https:\/\/www.secumar.com\/fr\/produit\/40-sf-3\/","url":"https:\/\/www.secumar.com\/fr\/produit\/40-sf-3\/","name":"40 SF - SECUMAR","isPartOf":{"@id":"https:\/\/www.secumar.com\/#website"},"primaryImageOfPage":{"@id":"https:\/\/www.secumar.com\/fr\/produit\/40-sf-3\/#primaryimage"},"image":{"@id":"https:\/\/www.secumar.com\/fr\/produit\/40-sf-3\/#primaryimage"},"thumbnailUrl":"https:\/\/www.secumar.com\/wp-content\/uploads\/2015\/03\/40SF_front-820x820-1.png","datePublished":"2010-06-09T13:03:22+00:00","dateModified":"2023-07-04T10:29:13+00:00","breadcrumb":{"@id":"https:\/\/www.secumar.com\/fr\/produit\/40-sf-3\/#breadcrumb"},"inLanguage":"fr-FR","potentialAction":[{"@type":"ReadAction","target":["https:\/\/www.secumar.com\/fr\/produit\/40-sf-3\/"]}]},{"@type":"ImageObject","inLanguage":"fr-FR","@id":"https:\/\/www.secumar.com\/fr\/produit\/40-sf-3\/#primaryimage","url":"https:\/\/www.secumar.com\/wp-content\/uploads\/2015\/03\/40SF_front-820x820-1.png","contentUrl":"https:\/\/www.secumar.com\/wp-content\/uploads\/2015\/03\/40SF_front-820x820-1.png","width":820,"height":820},{"@type":"BreadcrumbList","@id":"https:\/\/www.secumar.com\/fr\/produit\/40-sf-3\/#breadcrumb","itemListElement":[{"@type":"ListItem","position":1,"name":"Startseite","item":"https:\/\/www.secumar.com\/fr\/"},{"@type":"ListItem","position":2,"name":"Tous Les Articles","item":"https:\/\/www.secumar.com\/fr\/boutique\/"},{"@type":"ListItem","position":3,"name":"40 SF"}]},{"@type":"WebSite","@id":"https:\/\/www.secumar.com\/#website","url":"https:\/\/www.secumar.com\/","name":"SECUMAR","description":"Gilets de sauvetage","publisher":{"@id":"https:\/\/www.secumar.com\/#organization"},"potentialAction":[{"@type":"SearchAction","target":{"@type":"EntryPoint","urlTemplate":"https:\/\/www.secumar.com\/?s={search_term_string}"},"query-input":{"@type":"PropertyValueSpecification","valueRequired":true,"valueName":"search_term_string"}}],"inLanguage":"fr-FR"},{"@type":"Organization","@id":"https:\/\/www.secumar.com\/#organization","name":"Bernhardt Apparatebau GmbH u. Co.","url":"https:\/\/www.secumar.com\/","logo":{"@type":"ImageObject","inLanguage":"fr-FR","@id":"https:\/\/www.secumar.com\/#\/schema\/logo\/image\/","url":"https:\/\/www.secumar.com\/wp-content\/uploads\/2016\/09\/S-Logo_150px-3.jpg","contentUrl":"https:\/\/www.secumar.com\/wp-content\/uploads\/2016\/09\/S-Logo_150px-3.jpg","width":150,"height":150,"caption":"Bernhardt Apparatebau GmbH u. Co."},"image":{"@id":"https:\/\/www.secumar.com\/#\/schema\/logo\/image\/"},"sameAs":["https:\/\/www.facebook.com\/Secumar\/","https:\/\/www.instagram.com\/secumar\/","https:\/\/www.linkedin.com\/company-beta\/8684519\/","https:\/\/www.youtube.com\/user\/BernhardtApparatebau","https:\/\/de.wikipedia.org\/wiki\/Secumar"]}]}},"_links":{"self":[{"href":"https:\/\/www.secumar.com\/fr\/wp-json\/wp\/v2\/product\/16405","targetHints":{"allow":["GET"]}}],"collection":[{"href":"https:\/\/www.secumar.com\/fr\/wp-json\/wp\/v2\/product"}],"about":[{"href":"https:\/\/www.secumar.com\/fr\/wp-json\/wp\/v2\/types\/product"}],"replies":[{"embeddable":true,"href":"https:\/\/www.secumar.com\/fr\/wp-json\/wp\/v2\/comments?post=16405"}],"version-history":[{"count":7,"href":"https:\/\/www.secumar.com\/fr\/wp-json\/wp\/v2\/product\/16405\/revisions"}],"predecessor-version":[{"id":51681,"href":"https:\/\/www.secumar.com\/fr\/wp-json\/wp\/v2\/product\/16405\/revisions\/51681"}],"wp:featuredmedia":[{"embeddable":true,"href":"https:\/\/www.secumar.com\/fr\/wp-json\/wp\/v2\/media\/57424"}],"wp:attachment":[{"href":"https:\/\/www.secumar.com\/fr\/wp-json\/wp\/v2\/media?parent=16405"}],"wp:term":[{"taxonomy":"product_brand","embeddable":true,"href":"https:\/\/www.secumar.com\/fr\/wp-json\/wp\/v2\/product_brand?post=16405"},{"taxonomy":"product_cat","embeddable":true,"href":"https:\/\/www.secumar.com\/fr\/wp-json\/wp\/v2\/product_cat?post=16405"},{"taxonomy":"product_tag","embeddable":true,"href":"https:\/\/www.secumar.com\/fr\/wp-json\/wp\/v2\/product_tag?post=16405"}],"curies":[{"name":"wp","href":"https:\/\/api.w.org\/{rel}","templated":true}]}}