{"id":16398,"date":"2015-03-04T23:23:34","date_gmt":"2010-06-09T13:03:32","guid":{"rendered":"http:\/\/testumgebung.eureka-konzepte.de\/fr\/product\/secu-17-homme-a-la-mer-3\/"},"modified":"2021-02-09T14:35:40","modified_gmt":"2021-02-09T13:35:40","slug":"secu-17-homme-a-la-mer-3","status":"publish","type":"product","link":"https:\/\/www.secumar.com\/fr\/produit\/secu-17-homme-a-la-mer-3\/","title":{"rendered":"SECU 17"},"content":{"rendered":"<p>SECU 17 est un mod\u00e8le \u00e9prouv\u00e9 et robuste qui remplace une bou\u00e9e \u00ab\u00a0fer \u00e0 cheval\u00a0\u00bb.<\/p>\n<p>Indispensable sur le balcon arri\u00e8re de tous bateaux, en tant que gilet de sauvetage de r\u00e9serve, combin\u00e9e d\u2018une ligne de jet.<\/p>\n<p>Bandes r\u00e9fl\u00e9chissantes 3M\u00ae, sangles ajustables traversant le flotteur, jaune vif, bloc de mousse PE, environ 150 N, \u00e0 partir de 45 kg.<\/p>\n<p>Equipements conseill\u00e9s: Fixation \u00e0 lani\u00e8re ou support en acier inoxydable, ancre flottante, filin flottant, feu de survie clignotant.<\/p>\n","protected":false},"excerpt":{"rendered":"<p>100N brassiere robuste qui remplace une bou\u00e9e \u00ab\u00a0fer \u00e0 cheval\u00a0\u00bb.<\/p>\n","protected":false},"featured_media":57553,"comment_status":"closed","ping_status":"closed","template":"","meta":{"_acf_changed":false,"_searchwp_excluded":"","editor_plus_copied_stylings":"{}","footnotes":"","_links_to":"","_links_to_target":""},"product_brand":[],"product_cat":[1209,714],"product_tag":[],"class_list":{"0":"post-16398","1":"product","2":"type-product","3":"status-publish","4":"has-post-thumbnail","6":"product_cat-brassieres-loisir-fr","7":"product_cat-homme-a-la-mer-fr","8":"pa_auftrieb-145-n-fr-2","9":"pa_bergegurt-non","10":"pa_harness-non","11":"pa_notlicht-optional-fr","12":"pa_schrittgurt-non","13":"pa_spraycap-non","14":"pa_verschluss-sangle-dajustage-solidaire-au-flotteur-peut-etre-ajuste-dans-leau","16":"first","17":"instock","18":"taxable","19":"shipping-taxable","20":"purchasable","21":"product-type-simple"},"acf":[],"yoast_head":"<!-- This site is optimized with the Yoast SEO plugin v24.6 - https:\/\/yoast.com\/wordpress\/plugins\/seo\/ -->\n<title>SECU 17 - SECUMAR<\/title>\n<meta name=\"description\" content=\"100N brassiere robuste qui remplace une bou\u00e9e &quot;fer \u00e0 cheval&quot;.\" \/>\n<meta name=\"robots\" content=\"index, follow, max-snippet:-1, max-image-preview:large, max-video-preview:-1\" \/>\n<link rel=\"canonical\" href=\"https:\/\/www.secumar.com\/fr\/produit\/secu-17-homme-a-la-mer-3\/\" \/>\n<meta property=\"og:locale\" content=\"fr_FR\" \/>\n<meta property=\"og:type\" content=\"article\" \/>\n<meta property=\"og:title\" content=\"SECU 17 - SECUMAR\" \/>\n<meta property=\"og:description\" content=\"100N brassiere robuste qui remplace une bou\u00e9e &quot;fer \u00e0 cheval&quot;.\" \/>\n<meta property=\"og:url\" content=\"https:\/\/www.secumar.com\/fr\/produit\/secu-17-homme-a-la-mer-3\/\" \/>\n<meta property=\"og:site_name\" content=\"SECUMAR\" \/>\n<meta property=\"article:publisher\" content=\"https:\/\/www.facebook.com\/Secumar\/\" \/>\n<meta property=\"article:modified_time\" content=\"2021-02-09T13:35:40+00:00\" \/>\n<meta property=\"og:image\" content=\"https:\/\/www.secumar.com\/wp-content\/uploads\/2015\/03\/SECU-17-850x-850.png\" \/>\n\t<meta property=\"og:image:width\" content=\"850\" \/>\n\t<meta property=\"og:image:height\" content=\"850\" \/>\n\t<meta property=\"og:image:type\" content=\"image\/png\" \/>\n<meta name=\"twitter:card\" content=\"summary_large_image\" \/>\n<script type=\"application\/ld+json\" class=\"yoast-schema-graph\">{\"@context\":\"https:\/\/schema.org\",\"@graph\":[{\"@type\":\"WebPage\",\"@id\":\"https:\/\/www.secumar.com\/fr\/produit\/secu-17-homme-a-la-mer-3\/\",\"url\":\"https:\/\/www.secumar.com\/fr\/produit\/secu-17-homme-a-la-mer-3\/\",\"name\":\"SECU 17 - SECUMAR\",\"isPartOf\":{\"@id\":\"https:\/\/www.secumar.com\/#website\"},\"primaryImageOfPage\":{\"@id\":\"https:\/\/www.secumar.com\/fr\/produit\/secu-17-homme-a-la-mer-3\/#primaryimage\"},\"image\":{\"@id\":\"https:\/\/www.secumar.com\/fr\/produit\/secu-17-homme-a-la-mer-3\/#primaryimage\"},\"thumbnailUrl\":\"https:\/\/www.secumar.com\/wp-content\/uploads\/2015\/03\/SECU-17-850x-850.png\",\"datePublished\":\"2010-06-09T13:03:32+00:00\",\"dateModified\":\"2021-02-09T13:35:40+00:00\",\"description\":\"100N brassiere robuste qui remplace une bou\u00e9e \\\"fer \u00e0 cheval\\\".\",\"breadcrumb\":{\"@id\":\"https:\/\/www.secumar.com\/fr\/produit\/secu-17-homme-a-la-mer-3\/#breadcrumb\"},\"inLanguage\":\"fr-FR\",\"potentialAction\":[{\"@type\":\"ReadAction\",\"target\":[\"https:\/\/www.secumar.com\/fr\/produit\/secu-17-homme-a-la-mer-3\/\"]}]},{\"@type\":\"ImageObject\",\"inLanguage\":\"fr-FR\",\"@id\":\"https:\/\/www.secumar.com\/fr\/produit\/secu-17-homme-a-la-mer-3\/#primaryimage\",\"url\":\"https:\/\/www.secumar.com\/wp-content\/uploads\/2015\/03\/SECU-17-850x-850.png\",\"contentUrl\":\"https:\/\/www.secumar.com\/wp-content\/uploads\/2015\/03\/SECU-17-850x-850.png\",\"width\":850,\"height\":850},{\"@type\":\"BreadcrumbList\",\"@id\":\"https:\/\/www.secumar.com\/fr\/produit\/secu-17-homme-a-la-mer-3\/#breadcrumb\",\"itemListElement\":[{\"@type\":\"ListItem\",\"position\":1,\"name\":\"Startseite\",\"item\":\"https:\/\/www.secumar.com\/fr\/\"},{\"@type\":\"ListItem\",\"position\":2,\"name\":\"Tous Les Articles\",\"item\":\"https:\/\/www.secumar.com\/fr\/boutique\/\"},{\"@type\":\"ListItem\",\"position\":3,\"name\":\"SECU 17\"}]},{\"@type\":\"WebSite\",\"@id\":\"https:\/\/www.secumar.com\/#website\",\"url\":\"https:\/\/www.secumar.com\/\",\"name\":\"SECUMAR\",\"description\":\"Gilets de sauvetage\",\"publisher\":{\"@id\":\"https:\/\/www.secumar.com\/#organization\"},\"potentialAction\":[{\"@type\":\"SearchAction\",\"target\":{\"@type\":\"EntryPoint\",\"urlTemplate\":\"https:\/\/www.secumar.com\/?s={search_term_string}\"},\"query-input\":{\"@type\":\"PropertyValueSpecification\",\"valueRequired\":true,\"valueName\":\"search_term_string\"}}],\"inLanguage\":\"fr-FR\"},{\"@type\":\"Organization\",\"@id\":\"https:\/\/www.secumar.com\/#organization\",\"name\":\"Bernhardt Apparatebau GmbH u. Co.\",\"url\":\"https:\/\/www.secumar.com\/\",\"logo\":{\"@type\":\"ImageObject\",\"inLanguage\":\"fr-FR\",\"@id\":\"https:\/\/www.secumar.com\/#\/schema\/logo\/image\/\",\"url\":\"https:\/\/www.secumar.com\/wp-content\/uploads\/2016\/09\/S-Logo_150px-3.jpg\",\"contentUrl\":\"https:\/\/www.secumar.com\/wp-content\/uploads\/2016\/09\/S-Logo_150px-3.jpg\",\"width\":150,\"height\":150,\"caption\":\"Bernhardt Apparatebau GmbH u. Co.\"},\"image\":{\"@id\":\"https:\/\/www.secumar.com\/#\/schema\/logo\/image\/\"},\"sameAs\":[\"https:\/\/www.facebook.com\/Secumar\/\",\"https:\/\/www.instagram.com\/secumar\/\",\"https:\/\/www.linkedin.com\/company-beta\/8684519\/\",\"https:\/\/www.youtube.com\/user\/BernhardtApparatebau\",\"https:\/\/de.wikipedia.org\/wiki\/Secumar\"]}]}<\/script>\n<!-- \/ Yoast SEO plugin. -->","yoast_head_json":{"title":"SECU 17 - SECUMAR","description":"100N brassiere robuste qui remplace une bou\u00e9e \"fer \u00e0 cheval\".","robots":{"index":"index","follow":"follow","max-snippet":"max-snippet:-1","max-image-preview":"max-image-preview:large","max-video-preview":"max-video-preview:-1"},"canonical":"https:\/\/www.secumar.com\/fr\/produit\/secu-17-homme-a-la-mer-3\/","og_locale":"fr_FR","og_type":"article","og_title":"SECU 17 - SECUMAR","og_description":"100N brassiere robuste qui remplace une bou\u00e9e \"fer \u00e0 cheval\".","og_url":"https:\/\/www.secumar.com\/fr\/produit\/secu-17-homme-a-la-mer-3\/","og_site_name":"SECUMAR","article_publisher":"https:\/\/www.facebook.com\/Secumar\/","article_modified_time":"2021-02-09T13:35:40+00:00","og_image":[{"width":850,"height":850,"url":"https:\/\/www.secumar.com\/wp-content\/uploads\/2015\/03\/SECU-17-850x-850.png","type":"image\/png"}],"twitter_card":"summary_large_image","schema":{"@context":"https:\/\/schema.org","@graph":[{"@type":"WebPage","@id":"https:\/\/www.secumar.com\/fr\/produit\/secu-17-homme-a-la-mer-3\/","url":"https:\/\/www.secumar.com\/fr\/produit\/secu-17-homme-a-la-mer-3\/","name":"SECU 17 - SECUMAR","isPartOf":{"@id":"https:\/\/www.secumar.com\/#website"},"primaryImageOfPage":{"@id":"https:\/\/www.secumar.com\/fr\/produit\/secu-17-homme-a-la-mer-3\/#primaryimage"},"image":{"@id":"https:\/\/www.secumar.com\/fr\/produit\/secu-17-homme-a-la-mer-3\/#primaryimage"},"thumbnailUrl":"https:\/\/www.secumar.com\/wp-content\/uploads\/2015\/03\/SECU-17-850x-850.png","datePublished":"2010-06-09T13:03:32+00:00","dateModified":"2021-02-09T13:35:40+00:00","description":"100N brassiere robuste qui remplace une bou\u00e9e \"fer \u00e0 cheval\".","breadcrumb":{"@id":"https:\/\/www.secumar.com\/fr\/produit\/secu-17-homme-a-la-mer-3\/#breadcrumb"},"inLanguage":"fr-FR","potentialAction":[{"@type":"ReadAction","target":["https:\/\/www.secumar.com\/fr\/produit\/secu-17-homme-a-la-mer-3\/"]}]},{"@type":"ImageObject","inLanguage":"fr-FR","@id":"https:\/\/www.secumar.com\/fr\/produit\/secu-17-homme-a-la-mer-3\/#primaryimage","url":"https:\/\/www.secumar.com\/wp-content\/uploads\/2015\/03\/SECU-17-850x-850.png","contentUrl":"https:\/\/www.secumar.com\/wp-content\/uploads\/2015\/03\/SECU-17-850x-850.png","width":850,"height":850},{"@type":"BreadcrumbList","@id":"https:\/\/www.secumar.com\/fr\/produit\/secu-17-homme-a-la-mer-3\/#breadcrumb","itemListElement":[{"@type":"ListItem","position":1,"name":"Startseite","item":"https:\/\/www.secumar.com\/fr\/"},{"@type":"ListItem","position":2,"name":"Tous Les Articles","item":"https:\/\/www.secumar.com\/fr\/boutique\/"},{"@type":"ListItem","position":3,"name":"SECU 17"}]},{"@type":"WebSite","@id":"https:\/\/www.secumar.com\/#website","url":"https:\/\/www.secumar.com\/","name":"SECUMAR","description":"Gilets de sauvetage","publisher":{"@id":"https:\/\/www.secumar.com\/#organization"},"potentialAction":[{"@type":"SearchAction","target":{"@type":"EntryPoint","urlTemplate":"https:\/\/www.secumar.com\/?s={search_term_string}"},"query-input":{"@type":"PropertyValueSpecification","valueRequired":true,"valueName":"search_term_string"}}],"inLanguage":"fr-FR"},{"@type":"Organization","@id":"https:\/\/www.secumar.com\/#organization","name":"Bernhardt Apparatebau GmbH u. Co.","url":"https:\/\/www.secumar.com\/","logo":{"@type":"ImageObject","inLanguage":"fr-FR","@id":"https:\/\/www.secumar.com\/#\/schema\/logo\/image\/","url":"https:\/\/www.secumar.com\/wp-content\/uploads\/2016\/09\/S-Logo_150px-3.jpg","contentUrl":"https:\/\/www.secumar.com\/wp-content\/uploads\/2016\/09\/S-Logo_150px-3.jpg","width":150,"height":150,"caption":"Bernhardt Apparatebau GmbH u. Co."},"image":{"@id":"https:\/\/www.secumar.com\/#\/schema\/logo\/image\/"},"sameAs":["https:\/\/www.facebook.com\/Secumar\/","https:\/\/www.instagram.com\/secumar\/","https:\/\/www.linkedin.com\/company-beta\/8684519\/","https:\/\/www.youtube.com\/user\/BernhardtApparatebau","https:\/\/de.wikipedia.org\/wiki\/Secumar"]}]}},"_links":{"self":[{"href":"https:\/\/www.secumar.com\/fr\/wp-json\/wp\/v2\/product\/16398","targetHints":{"allow":["GET"]}}],"collection":[{"href":"https:\/\/www.secumar.com\/fr\/wp-json\/wp\/v2\/product"}],"about":[{"href":"https:\/\/www.secumar.com\/fr\/wp-json\/wp\/v2\/types\/product"}],"replies":[{"embeddable":true,"href":"https:\/\/www.secumar.com\/fr\/wp-json\/wp\/v2\/comments?post=16398"}],"version-history":[{"count":4,"href":"https:\/\/www.secumar.com\/fr\/wp-json\/wp\/v2\/product\/16398\/revisions"}],"predecessor-version":[{"id":44241,"href":"https:\/\/www.secumar.com\/fr\/wp-json\/wp\/v2\/product\/16398\/revisions\/44241"}],"wp:featuredmedia":[{"embeddable":true,"href":"https:\/\/www.secumar.com\/fr\/wp-json\/wp\/v2\/media\/57553"}],"wp:attachment":[{"href":"https:\/\/www.secumar.com\/fr\/wp-json\/wp\/v2\/media?parent=16398"}],"wp:term":[{"taxonomy":"product_brand","embeddable":true,"href":"https:\/\/www.secumar.com\/fr\/wp-json\/wp\/v2\/product_brand?post=16398"},{"taxonomy":"product_cat","embeddable":true,"href":"https:\/\/www.secumar.com\/fr\/wp-json\/wp\/v2\/product_cat?post=16398"},{"taxonomy":"product_tag","embeddable":true,"href":"https:\/\/www.secumar.com\/fr\/wp-json\/wp\/v2\/product_tag?post=16398"}],"curies":[{"name":"wp","href":"https:\/\/api.w.org\/{rel}","templated":true}]}}