{"id":16389,"date":"2015-06-15T11:52:17","date_gmt":"2015-06-15T09:52:17","guid":{"rendered":"http:\/\/testumgebung.eureka-konzepte.de\/fr\/product\/ultra-ax-harness\/"},"modified":"2024-10-07T12:21:26","modified_gmt":"2024-10-07T10:21:26","slug":"ultra-170-harness","status":"publish","type":"product","link":"https:\/\/www.secumar.com\/fr\/produit\/ultra-170-harness\/","title":{"rendered":"ULTRA 170 Harness"},"content":{"rendered":"<p>Le confort est am\u00e9lior\u00e9, au niveau de la nuque, par la pr\u00e9sence de laine polaire douce. La ligne ULTRA 170 newtons, est munie en s\u00e9rie d&rsquo;une sous-cutale.<\/p>\n<ul>\n<li>Id\u00e9al pour les activit\u00e9s nautiques en conditions normales, par exemple avec des v\u00eatements d\u2018\u00e9t\u00e9.<\/li>\n<li>Tr\u00e9s plat et tr\u00e8s l\u00e9ger<\/li>\n<li>Syst\u00e8me de fermeture \u201eClic\u201c (50 mm) avec boucle de harnais int\u00e9gr\u00e9<\/li>\n<li>\u00c9galement disponible dans la version <a href=\"https:\/\/www.secumar.com\/fr\/produit\/ultra-170\/\">ULTRA 170 <\/a><a>(sans harnais, avec sous-cutale)<\/a><\/li>\n<li>Possibilit\u00e9 de l&rsquo;\u00e9quiper ult\u00e9rieurement d&rsquo;une capuche prot\u00e8ge-t\u00eate et d&rsquo;un feu de survie SECULUX LED-II\u00a0= <a href=\"https:\/\/www.secumar.com\/fr\/produit\/ultra-170-pack\/\">Pack ULTRA 170<\/a><\/li>\n<\/ul>\n<p>&nbsp;<\/p>\n<p>&nbsp;<\/p>\n","protected":false},"excerpt":{"rendered":"<p>Plus plat qu&rsquo;un calendrier de poche: voici \u00e0 quoi ressemble le SECUMAR ULTRA 170. Gr\u00e2ce au pliage \u00e0 plat du flotteur, il \u00e9pouse parfaitement la forme du corps et s\u00e9duit par sa libert\u00e9 de mouvement maximale.<\/p>\n","protected":false},"featured_media":37821,"comment_status":"closed","ping_status":"closed","template":"","meta":{"_acf_changed":false,"_searchwp_excluded":"","editor_plus_copied_stylings":"{}","footnotes":"","_links_to":"","_links_to_target":""},"product_brand":[],"product_cat":[3875,716,2294],"product_tag":[],"class_list":{"0":"post-16389","1":"product","2":"type-product","3":"status-publish","4":"has-post-thumbnail","6":"product_cat-promo-seculux-fr","7":"product_cat-voilier","8":"product_cat-gilets-de-sauvetage-gonflables","9":"pa_auftrieb-165-n-fr","10":"pa_auftriebsklasse-ce-150-n-fr","11":"pa_bergegurt-oui","12":"pa_ce-ce-fr-2","13":"pa_co2-patrone-32-g-co2-dock-fr","14":"pa_fenster-oui","15":"pa_harness-ja-fr","16":"pa_notlicht-optional-fr","17":"pa_schrittgurt-ja-fr","18":"pa_sendervorbereitung-nein-fr","19":"pa_sk-form-classic-fr","20":"pa_spraycap-optionnel","21":"pa_verschluss-boucle-de-fermeture-frontale-click","23":"first","24":"instock","25":"taxable","26":"shipping-taxable","27":"purchasable","28":"product-type-variable"},"acf":[],"yoast_head":"<!-- This site is optimized with the Yoast SEO plugin v24.6 - https:\/\/yoast.com\/wordpress\/plugins\/seo\/ -->\n<title>ULTRA 170 Harness - SECUMAR<\/title>\n<meta name=\"description\" content=\"Le gilet de sauvetage gonflable ULTRA 170 Harness: harnais int\u00e9gr\u00e9, sous-cutale, 170 N.\" \/>\n<meta name=\"robots\" content=\"index, follow, max-snippet:-1, max-image-preview:large, max-video-preview:-1\" \/>\n<link rel=\"canonical\" href=\"https:\/\/www.secumar.com\/fr\/produit\/ultra-170-harness\/\" \/>\n<meta property=\"og:locale\" content=\"fr_FR\" \/>\n<meta property=\"og:type\" content=\"article\" \/>\n<meta property=\"og:title\" content=\"ULTRA 170 Harness - SECUMAR\" \/>\n<meta property=\"og:description\" content=\"Le gilet de sauvetage gonflable ULTRA 170 Harness: harnais int\u00e9gr\u00e9, sous-cutale, 170 N.\" \/>\n<meta property=\"og:url\" content=\"https:\/\/www.secumar.com\/fr\/produit\/ultra-170-harness\/\" \/>\n<meta property=\"og:site_name\" content=\"SECUMAR\" \/>\n<meta property=\"article:publisher\" content=\"https:\/\/www.facebook.com\/Secumar\/\" \/>\n<meta property=\"article:modified_time\" content=\"2024-10-07T10:21:26+00:00\" \/>\n<meta property=\"og:image\" content=\"https:\/\/www.secumar.com\/wp-content\/uploads\/2018\/11\/ULTRA-170-Harness-PNR16707.jpg\" \/>\n\t<meta property=\"og:image:width\" content=\"900\" \/>\n\t<meta property=\"og:image:height\" content=\"900\" \/>\n\t<meta property=\"og:image:type\" content=\"image\/jpeg\" \/>\n<meta name=\"twitter:card\" content=\"summary_large_image\" \/>\n<meta name=\"twitter:label1\" content=\"Dur\u00e9e de lecture estim\u00e9e\" \/>\n\t<meta name=\"twitter:data1\" content=\"1 minute\" \/>\n<script type=\"application\/ld+json\" class=\"yoast-schema-graph\">{\"@context\":\"https:\/\/schema.org\",\"@graph\":[{\"@type\":\"WebPage\",\"@id\":\"https:\/\/www.secumar.com\/fr\/produit\/ultra-170-harness\/\",\"url\":\"https:\/\/www.secumar.com\/fr\/produit\/ultra-170-harness\/\",\"name\":\"ULTRA 170 Harness - SECUMAR\",\"isPartOf\":{\"@id\":\"https:\/\/www.secumar.com\/#website\"},\"primaryImageOfPage\":{\"@id\":\"https:\/\/www.secumar.com\/fr\/produit\/ultra-170-harness\/#primaryimage\"},\"image\":{\"@id\":\"https:\/\/www.secumar.com\/fr\/produit\/ultra-170-harness\/#primaryimage\"},\"thumbnailUrl\":\"https:\/\/www.secumar.com\/wp-content\/uploads\/2018\/11\/ULTRA-170-Harness-PNR16707.jpg\",\"datePublished\":\"2015-06-15T09:52:17+00:00\",\"dateModified\":\"2024-10-07T10:21:26+00:00\",\"description\":\"Le gilet de sauvetage gonflable ULTRA 170 Harness: harnais int\u00e9gr\u00e9, sous-cutale, 170 N.\",\"breadcrumb\":{\"@id\":\"https:\/\/www.secumar.com\/fr\/produit\/ultra-170-harness\/#breadcrumb\"},\"inLanguage\":\"fr-FR\",\"potentialAction\":[{\"@type\":\"ReadAction\",\"target\":[\"https:\/\/www.secumar.com\/fr\/produit\/ultra-170-harness\/\"]}]},{\"@type\":\"ImageObject\",\"inLanguage\":\"fr-FR\",\"@id\":\"https:\/\/www.secumar.com\/fr\/produit\/ultra-170-harness\/#primaryimage\",\"url\":\"https:\/\/www.secumar.com\/wp-content\/uploads\/2018\/11\/ULTRA-170-Harness-PNR16707.jpg\",\"contentUrl\":\"https:\/\/www.secumar.com\/wp-content\/uploads\/2018\/11\/ULTRA-170-Harness-PNR16707.jpg\",\"width\":900,\"height\":900},{\"@type\":\"BreadcrumbList\",\"@id\":\"https:\/\/www.secumar.com\/fr\/produit\/ultra-170-harness\/#breadcrumb\",\"itemListElement\":[{\"@type\":\"ListItem\",\"position\":1,\"name\":\"Startseite\",\"item\":\"https:\/\/www.secumar.com\/fr\/\"},{\"@type\":\"ListItem\",\"position\":2,\"name\":\"Tous Les Articles\",\"item\":\"https:\/\/www.secumar.com\/fr\/boutique\/\"},{\"@type\":\"ListItem\",\"position\":3,\"name\":\"ULTRA 170 Harness\"}]},{\"@type\":\"WebSite\",\"@id\":\"https:\/\/www.secumar.com\/#website\",\"url\":\"https:\/\/www.secumar.com\/\",\"name\":\"SECUMAR\",\"description\":\"Gilets de sauvetage\",\"publisher\":{\"@id\":\"https:\/\/www.secumar.com\/#organization\"},\"potentialAction\":[{\"@type\":\"SearchAction\",\"target\":{\"@type\":\"EntryPoint\",\"urlTemplate\":\"https:\/\/www.secumar.com\/?s={search_term_string}\"},\"query-input\":{\"@type\":\"PropertyValueSpecification\",\"valueRequired\":true,\"valueName\":\"search_term_string\"}}],\"inLanguage\":\"fr-FR\"},{\"@type\":\"Organization\",\"@id\":\"https:\/\/www.secumar.com\/#organization\",\"name\":\"Bernhardt Apparatebau GmbH u. Co.\",\"url\":\"https:\/\/www.secumar.com\/\",\"logo\":{\"@type\":\"ImageObject\",\"inLanguage\":\"fr-FR\",\"@id\":\"https:\/\/www.secumar.com\/#\/schema\/logo\/image\/\",\"url\":\"https:\/\/www.secumar.com\/wp-content\/uploads\/2016\/09\/S-Logo_150px-3.jpg\",\"contentUrl\":\"https:\/\/www.secumar.com\/wp-content\/uploads\/2016\/09\/S-Logo_150px-3.jpg\",\"width\":150,\"height\":150,\"caption\":\"Bernhardt Apparatebau GmbH u. Co.\"},\"image\":{\"@id\":\"https:\/\/www.secumar.com\/#\/schema\/logo\/image\/\"},\"sameAs\":[\"https:\/\/www.facebook.com\/Secumar\/\",\"https:\/\/www.instagram.com\/secumar\/\",\"https:\/\/www.linkedin.com\/company-beta\/8684519\/\",\"https:\/\/www.youtube.com\/user\/BernhardtApparatebau\",\"https:\/\/de.wikipedia.org\/wiki\/Secumar\"]}]}<\/script>\n<!-- \/ Yoast SEO plugin. -->","yoast_head_json":{"title":"ULTRA 170 Harness - SECUMAR","description":"Le gilet de sauvetage gonflable ULTRA 170 Harness: harnais int\u00e9gr\u00e9, sous-cutale, 170 N.","robots":{"index":"index","follow":"follow","max-snippet":"max-snippet:-1","max-image-preview":"max-image-preview:large","max-video-preview":"max-video-preview:-1"},"canonical":"https:\/\/www.secumar.com\/fr\/produit\/ultra-170-harness\/","og_locale":"fr_FR","og_type":"article","og_title":"ULTRA 170 Harness - SECUMAR","og_description":"Le gilet de sauvetage gonflable ULTRA 170 Harness: harnais int\u00e9gr\u00e9, sous-cutale, 170 N.","og_url":"https:\/\/www.secumar.com\/fr\/produit\/ultra-170-harness\/","og_site_name":"SECUMAR","article_publisher":"https:\/\/www.facebook.com\/Secumar\/","article_modified_time":"2024-10-07T10:21:26+00:00","og_image":[{"width":900,"height":900,"url":"https:\/\/www.secumar.com\/wp-content\/uploads\/2018\/11\/ULTRA-170-Harness-PNR16707.jpg","type":"image\/jpeg"}],"twitter_card":"summary_large_image","twitter_misc":{"Dur\u00e9e de lecture estim\u00e9e":"1 minute"},"schema":{"@context":"https:\/\/schema.org","@graph":[{"@type":"WebPage","@id":"https:\/\/www.secumar.com\/fr\/produit\/ultra-170-harness\/","url":"https:\/\/www.secumar.com\/fr\/produit\/ultra-170-harness\/","name":"ULTRA 170 Harness - SECUMAR","isPartOf":{"@id":"https:\/\/www.secumar.com\/#website"},"primaryImageOfPage":{"@id":"https:\/\/www.secumar.com\/fr\/produit\/ultra-170-harness\/#primaryimage"},"image":{"@id":"https:\/\/www.secumar.com\/fr\/produit\/ultra-170-harness\/#primaryimage"},"thumbnailUrl":"https:\/\/www.secumar.com\/wp-content\/uploads\/2018\/11\/ULTRA-170-Harness-PNR16707.jpg","datePublished":"2015-06-15T09:52:17+00:00","dateModified":"2024-10-07T10:21:26+00:00","description":"Le gilet de sauvetage gonflable ULTRA 170 Harness: harnais int\u00e9gr\u00e9, sous-cutale, 170 N.","breadcrumb":{"@id":"https:\/\/www.secumar.com\/fr\/produit\/ultra-170-harness\/#breadcrumb"},"inLanguage":"fr-FR","potentialAction":[{"@type":"ReadAction","target":["https:\/\/www.secumar.com\/fr\/produit\/ultra-170-harness\/"]}]},{"@type":"ImageObject","inLanguage":"fr-FR","@id":"https:\/\/www.secumar.com\/fr\/produit\/ultra-170-harness\/#primaryimage","url":"https:\/\/www.secumar.com\/wp-content\/uploads\/2018\/11\/ULTRA-170-Harness-PNR16707.jpg","contentUrl":"https:\/\/www.secumar.com\/wp-content\/uploads\/2018\/11\/ULTRA-170-Harness-PNR16707.jpg","width":900,"height":900},{"@type":"BreadcrumbList","@id":"https:\/\/www.secumar.com\/fr\/produit\/ultra-170-harness\/#breadcrumb","itemListElement":[{"@type":"ListItem","position":1,"name":"Startseite","item":"https:\/\/www.secumar.com\/fr\/"},{"@type":"ListItem","position":2,"name":"Tous Les Articles","item":"https:\/\/www.secumar.com\/fr\/boutique\/"},{"@type":"ListItem","position":3,"name":"ULTRA 170 Harness"}]},{"@type":"WebSite","@id":"https:\/\/www.secumar.com\/#website","url":"https:\/\/www.secumar.com\/","name":"SECUMAR","description":"Gilets de sauvetage","publisher":{"@id":"https:\/\/www.secumar.com\/#organization"},"potentialAction":[{"@type":"SearchAction","target":{"@type":"EntryPoint","urlTemplate":"https:\/\/www.secumar.com\/?s={search_term_string}"},"query-input":{"@type":"PropertyValueSpecification","valueRequired":true,"valueName":"search_term_string"}}],"inLanguage":"fr-FR"},{"@type":"Organization","@id":"https:\/\/www.secumar.com\/#organization","name":"Bernhardt Apparatebau GmbH u. Co.","url":"https:\/\/www.secumar.com\/","logo":{"@type":"ImageObject","inLanguage":"fr-FR","@id":"https:\/\/www.secumar.com\/#\/schema\/logo\/image\/","url":"https:\/\/www.secumar.com\/wp-content\/uploads\/2016\/09\/S-Logo_150px-3.jpg","contentUrl":"https:\/\/www.secumar.com\/wp-content\/uploads\/2016\/09\/S-Logo_150px-3.jpg","width":150,"height":150,"caption":"Bernhardt Apparatebau GmbH u. Co."},"image":{"@id":"https:\/\/www.secumar.com\/#\/schema\/logo\/image\/"},"sameAs":["https:\/\/www.facebook.com\/Secumar\/","https:\/\/www.instagram.com\/secumar\/","https:\/\/www.linkedin.com\/company-beta\/8684519\/","https:\/\/www.youtube.com\/user\/BernhardtApparatebau","https:\/\/de.wikipedia.org\/wiki\/Secumar"]}]}},"_links":{"self":[{"href":"https:\/\/www.secumar.com\/fr\/wp-json\/wp\/v2\/product\/16389","targetHints":{"allow":["GET"]}}],"collection":[{"href":"https:\/\/www.secumar.com\/fr\/wp-json\/wp\/v2\/product"}],"about":[{"href":"https:\/\/www.secumar.com\/fr\/wp-json\/wp\/v2\/types\/product"}],"replies":[{"embeddable":true,"href":"https:\/\/www.secumar.com\/fr\/wp-json\/wp\/v2\/comments?post=16389"}],"version-history":[{"count":11,"href":"https:\/\/www.secumar.com\/fr\/wp-json\/wp\/v2\/product\/16389\/revisions"}],"predecessor-version":[{"id":55242,"href":"https:\/\/www.secumar.com\/fr\/wp-json\/wp\/v2\/product\/16389\/revisions\/55242"}],"wp:featuredmedia":[{"embeddable":true,"href":"https:\/\/www.secumar.com\/fr\/wp-json\/wp\/v2\/media\/37821"}],"wp:attachment":[{"href":"https:\/\/www.secumar.com\/fr\/wp-json\/wp\/v2\/media?parent=16389"}],"wp:term":[{"taxonomy":"product_brand","embeddable":true,"href":"https:\/\/www.secumar.com\/fr\/wp-json\/wp\/v2\/product_brand?post=16389"},{"taxonomy":"product_cat","embeddable":true,"href":"https:\/\/www.secumar.com\/fr\/wp-json\/wp\/v2\/product_cat?post=16389"},{"taxonomy":"product_tag","embeddable":true,"href":"https:\/\/www.secumar.com\/fr\/wp-json\/wp\/v2\/product_tag?post=16389"}],"curies":[{"name":"wp","href":"https:\/\/api.w.org\/{rel}","templated":true}]}}