{"id":16386,"date":"2015-03-04T23:23:35","date_gmt":"2014-11-13T13:05:45","guid":{"rendered":"http:\/\/testumgebung.eureka-konzepte.de\/fr\/product\/junior\/"},"modified":"2024-10-07T12:12:20","modified_gmt":"2024-10-07T10:12:20","slug":"junior","status":"publish","type":"product","link":"https:\/\/www.secumar.com\/fr\/produit\/junior\/","title":{"rendered":"Junior"},"content":{"rendered":"<ul>\n<li>Un confort in\u00e9gal\u00e9 gr\u00e2ce \u00e0 une coupe ergonomique au niveau des \u00e9paules.<\/li>\n<li>Libert\u00e9 de mouvement optimale et franc-bord \u00e9lev\u00e9 gr\u00e2ce \u00e0\u00a0la nouvelle enveloppe gonflable SECUMAR Winglet.<\/li>\n<li>Enveloppe gonflable \u00e0 double membrane, hautement s\u00e9curisante lors de dommages m\u00e9caniques.<\/li>\n<li>Boucle de harnais int\u00e9gr\u00e9\u00a0pour s&rsquo;attacher.<\/li>\n<\/ul>\n<p>&nbsp;<\/p>\n<p>&nbsp;<\/p>\n<h2>Norme:<\/h2>\n<ul>\n<li>DIN EN ISO 12402-3<\/li>\n<li>R\u00e8glementation francaise (Division 240): flottabilit\u00e9 minimum requise pour la zone de navigation de plus de 6 milles d&rsquo;un abri.<\/li>\n<\/ul>\n","protected":false},"excerpt":{"rendered":"<p>Ce sont surtout les petits marins qui ont besoin d&rsquo;un degr\u00e9 \u00e9lev\u00e9 de s\u00e9curit\u00e9. SECUMAR propose avec avec son gilet de sauvetage JUNIOR, un gilet de sauvetage adapt\u00e9 aux jeunes enfants.<\/p>\n","protected":false},"featured_media":37765,"comment_status":"closed","ping_status":"closed","template":"","meta":{"_acf_changed":false,"_searchwp_excluded":"","editor_plus_copied_stylings":"{}","footnotes":"","_links_to":"","_links_to_target":""},"product_brand":[],"product_cat":[3875,720],"product_tag":[],"class_list":{"0":"post-16386","1":"product","2":"type-product","3":"status-publish","4":"has-post-thumbnail","6":"product_cat-promo-seculux-fr","7":"product_cat-gilets-de-sauvetage-enfants-fr","8":"pa_auftrieb-110-n-fr","9":"pa_auftriebsklasse-ce-150-n-fr","10":"pa_bergegurt-oui","11":"pa_ce-ce-fr-2","12":"pa_co2-patrone-22-g-fr-2","13":"pa_fenster-non","14":"pa_harness-ja-fr","15":"pa_notlicht-optional-fr","16":"pa_schrittgurt-ja-fr","17":"pa_schutzsystem-duo-protect-fr","18":"pa_sendervorbereitung-nein-fr","19":"pa_sk-form-winglet-fr","20":"pa_spraycap-non","21":"pa_verschluss-boucle-de-fermeture-frontale-click","23":"first","24":"instock","25":"featured","26":"taxable","27":"shipping-taxable","28":"purchasable","29":"product-type-simple"},"acf":[],"yoast_head":"<!-- This site is optimized with the Yoast SEO plugin v24.6 - https:\/\/yoast.com\/wordpress\/plugins\/seo\/ -->\n<title>Junior - SECUMAR<\/title>\n<meta name=\"robots\" content=\"index, follow, max-snippet:-1, max-image-preview:large, max-video-preview:-1\" \/>\n<link rel=\"canonical\" href=\"https:\/\/www.secumar.com\/fr\/produit\/junior\/\" \/>\n<meta property=\"og:locale\" content=\"fr_FR\" \/>\n<meta property=\"og:type\" content=\"article\" \/>\n<meta property=\"og:title\" content=\"Junior - SECUMAR\" \/>\n<meta property=\"og:description\" content=\"Ce sont surtout les petits marins qui ont besoin d&#039;un degr\u00e9 \u00e9lev\u00e9 de s\u00e9curit\u00e9. SECUMAR propose avec avec son gilet de sauvetage JUNIOR, un gilet de sauvetage adapt\u00e9 aux jeunes enfants.\" \/>\n<meta property=\"og:url\" content=\"https:\/\/www.secumar.com\/fr\/produit\/junior\/\" \/>\n<meta property=\"og:site_name\" content=\"SECUMAR\" \/>\n<meta property=\"article:publisher\" content=\"https:\/\/www.facebook.com\/Secumar\/\" \/>\n<meta property=\"article:modified_time\" content=\"2024-10-07T10:12:20+00:00\" \/>\n<meta property=\"og:image\" content=\"https:\/\/www.secumar.com\/wp-content\/uploads\/2018\/11\/SECUMAR-JUNIOR-left-PNR15471.jpg\" \/>\n\t<meta property=\"og:image:width\" content=\"900\" \/>\n\t<meta property=\"og:image:height\" content=\"900\" \/>\n\t<meta property=\"og:image:type\" content=\"image\/jpeg\" \/>\n<meta name=\"twitter:card\" content=\"summary_large_image\" \/>\n<meta name=\"twitter:label1\" content=\"Dur\u00e9e de lecture estim\u00e9e\" \/>\n\t<meta name=\"twitter:data1\" content=\"1 minute\" \/>\n<script type=\"application\/ld+json\" class=\"yoast-schema-graph\">{\"@context\":\"https:\/\/schema.org\",\"@graph\":[{\"@type\":\"WebPage\",\"@id\":\"https:\/\/www.secumar.com\/fr\/produit\/junior\/\",\"url\":\"https:\/\/www.secumar.com\/fr\/produit\/junior\/\",\"name\":\"Junior - SECUMAR\",\"isPartOf\":{\"@id\":\"https:\/\/www.secumar.com\/#website\"},\"primaryImageOfPage\":{\"@id\":\"https:\/\/www.secumar.com\/fr\/produit\/junior\/#primaryimage\"},\"image\":{\"@id\":\"https:\/\/www.secumar.com\/fr\/produit\/junior\/#primaryimage\"},\"thumbnailUrl\":\"https:\/\/www.secumar.com\/wp-content\/uploads\/2018\/11\/SECUMAR-JUNIOR-left-PNR15471.jpg\",\"datePublished\":\"2014-11-13T13:05:45+00:00\",\"dateModified\":\"2024-10-07T10:12:20+00:00\",\"breadcrumb\":{\"@id\":\"https:\/\/www.secumar.com\/fr\/produit\/junior\/#breadcrumb\"},\"inLanguage\":\"fr-FR\",\"potentialAction\":[{\"@type\":\"ReadAction\",\"target\":[\"https:\/\/www.secumar.com\/fr\/produit\/junior\/\"]}]},{\"@type\":\"ImageObject\",\"inLanguage\":\"fr-FR\",\"@id\":\"https:\/\/www.secumar.com\/fr\/produit\/junior\/#primaryimage\",\"url\":\"https:\/\/www.secumar.com\/wp-content\/uploads\/2018\/11\/SECUMAR-JUNIOR-left-PNR15471.jpg\",\"contentUrl\":\"https:\/\/www.secumar.com\/wp-content\/uploads\/2018\/11\/SECUMAR-JUNIOR-left-PNR15471.jpg\",\"width\":900,\"height\":900,\"caption\":\"JUNIOR left PNR15471\"},{\"@type\":\"BreadcrumbList\",\"@id\":\"https:\/\/www.secumar.com\/fr\/produit\/junior\/#breadcrumb\",\"itemListElement\":[{\"@type\":\"ListItem\",\"position\":1,\"name\":\"Startseite\",\"item\":\"https:\/\/www.secumar.com\/fr\/\"},{\"@type\":\"ListItem\",\"position\":2,\"name\":\"Tous Les Articles\",\"item\":\"https:\/\/www.secumar.com\/fr\/boutique\/\"},{\"@type\":\"ListItem\",\"position\":3,\"name\":\"Junior\"}]},{\"@type\":\"WebSite\",\"@id\":\"https:\/\/www.secumar.com\/#website\",\"url\":\"https:\/\/www.secumar.com\/\",\"name\":\"SECUMAR\",\"description\":\"Gilets de sauvetage\",\"publisher\":{\"@id\":\"https:\/\/www.secumar.com\/#organization\"},\"potentialAction\":[{\"@type\":\"SearchAction\",\"target\":{\"@type\":\"EntryPoint\",\"urlTemplate\":\"https:\/\/www.secumar.com\/?s={search_term_string}\"},\"query-input\":{\"@type\":\"PropertyValueSpecification\",\"valueRequired\":true,\"valueName\":\"search_term_string\"}}],\"inLanguage\":\"fr-FR\"},{\"@type\":\"Organization\",\"@id\":\"https:\/\/www.secumar.com\/#organization\",\"name\":\"Bernhardt Apparatebau GmbH u. Co.\",\"url\":\"https:\/\/www.secumar.com\/\",\"logo\":{\"@type\":\"ImageObject\",\"inLanguage\":\"fr-FR\",\"@id\":\"https:\/\/www.secumar.com\/#\/schema\/logo\/image\/\",\"url\":\"https:\/\/www.secumar.com\/wp-content\/uploads\/2016\/09\/S-Logo_150px-3.jpg\",\"contentUrl\":\"https:\/\/www.secumar.com\/wp-content\/uploads\/2016\/09\/S-Logo_150px-3.jpg\",\"width\":150,\"height\":150,\"caption\":\"Bernhardt Apparatebau GmbH u. Co.\"},\"image\":{\"@id\":\"https:\/\/www.secumar.com\/#\/schema\/logo\/image\/\"},\"sameAs\":[\"https:\/\/www.facebook.com\/Secumar\/\",\"https:\/\/www.instagram.com\/secumar\/\",\"https:\/\/www.linkedin.com\/company-beta\/8684519\/\",\"https:\/\/www.youtube.com\/user\/BernhardtApparatebau\",\"https:\/\/de.wikipedia.org\/wiki\/Secumar\"]}]}<\/script>\n<!-- \/ Yoast SEO plugin. -->","yoast_head_json":{"title":"Junior - SECUMAR","robots":{"index":"index","follow":"follow","max-snippet":"max-snippet:-1","max-image-preview":"max-image-preview:large","max-video-preview":"max-video-preview:-1"},"canonical":"https:\/\/www.secumar.com\/fr\/produit\/junior\/","og_locale":"fr_FR","og_type":"article","og_title":"Junior - SECUMAR","og_description":"Ce sont surtout les petits marins qui ont besoin d'un degr\u00e9 \u00e9lev\u00e9 de s\u00e9curit\u00e9. SECUMAR propose avec avec son gilet de sauvetage JUNIOR, un gilet de sauvetage adapt\u00e9 aux jeunes enfants.","og_url":"https:\/\/www.secumar.com\/fr\/produit\/junior\/","og_site_name":"SECUMAR","article_publisher":"https:\/\/www.facebook.com\/Secumar\/","article_modified_time":"2024-10-07T10:12:20+00:00","og_image":[{"width":900,"height":900,"url":"https:\/\/www.secumar.com\/wp-content\/uploads\/2018\/11\/SECUMAR-JUNIOR-left-PNR15471.jpg","type":"image\/jpeg"}],"twitter_card":"summary_large_image","twitter_misc":{"Dur\u00e9e de lecture estim\u00e9e":"1 minute"},"schema":{"@context":"https:\/\/schema.org","@graph":[{"@type":"WebPage","@id":"https:\/\/www.secumar.com\/fr\/produit\/junior\/","url":"https:\/\/www.secumar.com\/fr\/produit\/junior\/","name":"Junior - SECUMAR","isPartOf":{"@id":"https:\/\/www.secumar.com\/#website"},"primaryImageOfPage":{"@id":"https:\/\/www.secumar.com\/fr\/produit\/junior\/#primaryimage"},"image":{"@id":"https:\/\/www.secumar.com\/fr\/produit\/junior\/#primaryimage"},"thumbnailUrl":"https:\/\/www.secumar.com\/wp-content\/uploads\/2018\/11\/SECUMAR-JUNIOR-left-PNR15471.jpg","datePublished":"2014-11-13T13:05:45+00:00","dateModified":"2024-10-07T10:12:20+00:00","breadcrumb":{"@id":"https:\/\/www.secumar.com\/fr\/produit\/junior\/#breadcrumb"},"inLanguage":"fr-FR","potentialAction":[{"@type":"ReadAction","target":["https:\/\/www.secumar.com\/fr\/produit\/junior\/"]}]},{"@type":"ImageObject","inLanguage":"fr-FR","@id":"https:\/\/www.secumar.com\/fr\/produit\/junior\/#primaryimage","url":"https:\/\/www.secumar.com\/wp-content\/uploads\/2018\/11\/SECUMAR-JUNIOR-left-PNR15471.jpg","contentUrl":"https:\/\/www.secumar.com\/wp-content\/uploads\/2018\/11\/SECUMAR-JUNIOR-left-PNR15471.jpg","width":900,"height":900,"caption":"JUNIOR left PNR15471"},{"@type":"BreadcrumbList","@id":"https:\/\/www.secumar.com\/fr\/produit\/junior\/#breadcrumb","itemListElement":[{"@type":"ListItem","position":1,"name":"Startseite","item":"https:\/\/www.secumar.com\/fr\/"},{"@type":"ListItem","position":2,"name":"Tous Les Articles","item":"https:\/\/www.secumar.com\/fr\/boutique\/"},{"@type":"ListItem","position":3,"name":"Junior"}]},{"@type":"WebSite","@id":"https:\/\/www.secumar.com\/#website","url":"https:\/\/www.secumar.com\/","name":"SECUMAR","description":"Gilets de sauvetage","publisher":{"@id":"https:\/\/www.secumar.com\/#organization"},"potentialAction":[{"@type":"SearchAction","target":{"@type":"EntryPoint","urlTemplate":"https:\/\/www.secumar.com\/?s={search_term_string}"},"query-input":{"@type":"PropertyValueSpecification","valueRequired":true,"valueName":"search_term_string"}}],"inLanguage":"fr-FR"},{"@type":"Organization","@id":"https:\/\/www.secumar.com\/#organization","name":"Bernhardt Apparatebau GmbH u. Co.","url":"https:\/\/www.secumar.com\/","logo":{"@type":"ImageObject","inLanguage":"fr-FR","@id":"https:\/\/www.secumar.com\/#\/schema\/logo\/image\/","url":"https:\/\/www.secumar.com\/wp-content\/uploads\/2016\/09\/S-Logo_150px-3.jpg","contentUrl":"https:\/\/www.secumar.com\/wp-content\/uploads\/2016\/09\/S-Logo_150px-3.jpg","width":150,"height":150,"caption":"Bernhardt Apparatebau GmbH u. Co."},"image":{"@id":"https:\/\/www.secumar.com\/#\/schema\/logo\/image\/"},"sameAs":["https:\/\/www.facebook.com\/Secumar\/","https:\/\/www.instagram.com\/secumar\/","https:\/\/www.linkedin.com\/company-beta\/8684519\/","https:\/\/www.youtube.com\/user\/BernhardtApparatebau","https:\/\/de.wikipedia.org\/wiki\/Secumar"]}]}},"_links":{"self":[{"href":"https:\/\/www.secumar.com\/fr\/wp-json\/wp\/v2\/product\/16386","targetHints":{"allow":["GET"]}}],"collection":[{"href":"https:\/\/www.secumar.com\/fr\/wp-json\/wp\/v2\/product"}],"about":[{"href":"https:\/\/www.secumar.com\/fr\/wp-json\/wp\/v2\/types\/product"}],"replies":[{"embeddable":true,"href":"https:\/\/www.secumar.com\/fr\/wp-json\/wp\/v2\/comments?post=16386"}],"version-history":[{"count":8,"href":"https:\/\/www.secumar.com\/fr\/wp-json\/wp\/v2\/product\/16386\/revisions"}],"predecessor-version":[{"id":55226,"href":"https:\/\/www.secumar.com\/fr\/wp-json\/wp\/v2\/product\/16386\/revisions\/55226"}],"wp:featuredmedia":[{"embeddable":true,"href":"https:\/\/www.secumar.com\/fr\/wp-json\/wp\/v2\/media\/37765"}],"wp:attachment":[{"href":"https:\/\/www.secumar.com\/fr\/wp-json\/wp\/v2\/media?parent=16386"}],"wp:term":[{"taxonomy":"product_brand","embeddable":true,"href":"https:\/\/www.secumar.com\/fr\/wp-json\/wp\/v2\/product_brand?post=16386"},{"taxonomy":"product_cat","embeddable":true,"href":"https:\/\/www.secumar.com\/fr\/wp-json\/wp\/v2\/product_cat?post=16386"},{"taxonomy":"product_tag","embeddable":true,"href":"https:\/\/www.secumar.com\/fr\/wp-json\/wp\/v2\/product_tag?post=16386"}],"curies":[{"name":"wp","href":"https:\/\/api.w.org\/{rel}","templated":true}]}}