{"id":16364,"date":"2015-03-04T23:23:54","date_gmt":"2010-11-10T11:30:57","guid":{"rendered":"http:\/\/testumgebung.eureka-konzepte.de\/fr\/product\/arkona-220-harnais-3\/"},"modified":"2024-10-07T12:30:16","modified_gmt":"2024-10-07T10:30:16","slug":"arkona-220-harnais-3","status":"publish","type":"product","link":"https:\/\/www.secumar.com\/fr\/produit\/arkona-220-harnais-3\/","title":{"rendered":"ARKONA 220"},"content":{"rendered":"<p>Pour son 50\u00e8me anniversaire, SECUMAR a lanc\u00e9 une \u00e9dition sp\u00e9ciale du gilet ARKONA 220: avec un volume suppl\u00e9mentaire. Bien que ce gilet de sauvetage gonflable surpasse les exigences de la classe de flottabilit\u00e9 de 150 newtons, le flotteur est \u00e0 pr\u00e9sent am\u00e9lior\u00e9, et \u00e9quip\u00e9 d&rsquo;une cartouche de CO2 plus grande. Ainsi, une flottabilit\u00e9 de 220 newtons maintient la victime \u00e0 la surface de l\u2018eau, dans une position tr\u00e8s stable. Plus de flottabilit\u00e9 est \u00e9galement synonyme de plus de s\u00e9curit\u00e9.<\/p>\n<h3>Arkona 220 &#8211; Points forts<\/h3>\n<ul>\n<li>Design classique<\/li>\n<li>Flottabilit\u00e9 maximale dans la cat\u00e9gorie de 150N<\/li>\n<li>Ajusteur lat\u00e9ral avec sangle de d\u00e9ss\u00e9rage rapide<\/li>\n<li>Syst\u00e8me de fermeture \u201eClic\u201c avec boucle de harnais<\/li>\n<li>Liser\u00e9 r\u00e9fll\u00e9chissant blanc<\/li>\n<li>Entr\u00e9e de gamme \u00e9prouv\u00e9e<\/li>\n<\/ul>\n<p>&nbsp;<\/p>\n","protected":false},"excerpt":{"rendered":"<p>Gilet de sauvetage gonflable de 220N avec harnais int\u00e9gr\u00e9. DIN EN ISO 12402-3. Id\u00e9al pour les d\u00e9butants, design sportif. Flottabilit\u00e9 maximale dans la cat\u00e9gorie de 150 N.<\/p>\n","protected":false},"featured_media":36429,"comment_status":"closed","ping_status":"closed","template":"","meta":{"_acf_changed":false,"_searchwp_excluded":"","editor_plus_copied_stylings":"{}","footnotes":"","_links_to":"","_links_to_target":""},"product_brand":[],"product_cat":[3875,706,716,2294],"product_tag":[],"class_list":{"0":"post-16364","1":"product","2":"type-product","3":"status-publish","4":"has-post-thumbnail","6":"product_cat-promo-seculux-fr","7":"product_cat-peche","8":"product_cat-voilier","9":"product_cat-gilets-de-sauvetage-gonflables","10":"pa_auftrieb-220-n-fr","11":"pa_auftriebsklasse-ce-150-n-fr","12":"pa_bergegurt-oui","13":"pa_ce-ce-fr-2","14":"pa_co2-patrone-43-g-fr","15":"pa_fenster-non","16":"pa_harness-ja-fr","17":"pa_notlicht-optional-fr","18":"pa_schrittgurt-ja-fr","19":"pa_sendervorbereitung-nein-fr","20":"pa_sk-form-classic-fr","21":"pa_spraycap-non","22":"pa_verschluss-boucle-de-fermeture-frontale-click","24":"first","25":"instock","26":"taxable","27":"shipping-taxable","28":"purchasable","29":"product-type-simple"},"acf":[],"yoast_head":"<!-- This site is optimized with the Yoast SEO plugin v24.6 - https:\/\/yoast.com\/wordpress\/plugins\/seo\/ -->\n<title>ARKONA 220 - SECUMAR<\/title>\n<meta name=\"description\" content=\"Gilet de sauvetage gonflable de 220N avec harnais int\u00e9gr\u00e9. ISO 12402-3. Id\u00e9al pour les d\u00e9butants, design sportif.\" \/>\n<meta name=\"robots\" content=\"index, follow, max-snippet:-1, max-image-preview:large, max-video-preview:-1\" \/>\n<link rel=\"canonical\" href=\"https:\/\/www.secumar.com\/fr\/produit\/arkona-220-harnais-3\/\" \/>\n<meta property=\"og:locale\" content=\"fr_FR\" \/>\n<meta property=\"og:type\" content=\"article\" \/>\n<meta property=\"og:title\" content=\"ARKONA 220 - SECUMAR\" \/>\n<meta property=\"og:description\" content=\"Gilet de sauvetage gonflable de 220N avec harnais int\u00e9gr\u00e9. ISO 12402-3. Id\u00e9al pour les d\u00e9butants, design sportif.\" \/>\n<meta property=\"og:url\" content=\"https:\/\/www.secumar.com\/fr\/produit\/arkona-220-harnais-3\/\" \/>\n<meta property=\"og:site_name\" content=\"SECUMAR\" \/>\n<meta property=\"article:publisher\" content=\"https:\/\/www.facebook.com\/Secumar\/\" \/>\n<meta property=\"article:modified_time\" content=\"2024-10-07T10:30:16+00:00\" \/>\n<meta property=\"og:image\" content=\"https:\/\/www.secumar.com\/wp-content\/uploads\/2018\/01\/Arkona-220.jpg\" \/>\n\t<meta property=\"og:image:width\" content=\"900\" \/>\n\t<meta property=\"og:image:height\" content=\"900\" \/>\n\t<meta property=\"og:image:type\" content=\"image\/jpeg\" \/>\n<meta name=\"twitter:card\" content=\"summary_large_image\" \/>\n<meta name=\"twitter:label1\" content=\"Dur\u00e9e de lecture estim\u00e9e\" \/>\n\t<meta name=\"twitter:data1\" content=\"1 minute\" \/>\n<script type=\"application\/ld+json\" class=\"yoast-schema-graph\">{\"@context\":\"https:\/\/schema.org\",\"@graph\":[{\"@type\":\"WebPage\",\"@id\":\"https:\/\/www.secumar.com\/fr\/produit\/arkona-220-harnais-3\/\",\"url\":\"https:\/\/www.secumar.com\/fr\/produit\/arkona-220-harnais-3\/\",\"name\":\"ARKONA 220 - SECUMAR\",\"isPartOf\":{\"@id\":\"https:\/\/www.secumar.com\/#website\"},\"primaryImageOfPage\":{\"@id\":\"https:\/\/www.secumar.com\/fr\/produit\/arkona-220-harnais-3\/#primaryimage\"},\"image\":{\"@id\":\"https:\/\/www.secumar.com\/fr\/produit\/arkona-220-harnais-3\/#primaryimage\"},\"thumbnailUrl\":\"https:\/\/www.secumar.com\/wp-content\/uploads\/2018\/01\/Arkona-220.jpg\",\"datePublished\":\"2010-11-10T11:30:57+00:00\",\"dateModified\":\"2024-10-07T10:30:16+00:00\",\"description\":\"Gilet de sauvetage gonflable de 220N avec harnais int\u00e9gr\u00e9. ISO 12402-3. Id\u00e9al pour les d\u00e9butants, design sportif.\",\"breadcrumb\":{\"@id\":\"https:\/\/www.secumar.com\/fr\/produit\/arkona-220-harnais-3\/#breadcrumb\"},\"inLanguage\":\"fr-FR\",\"potentialAction\":[{\"@type\":\"ReadAction\",\"target\":[\"https:\/\/www.secumar.com\/fr\/produit\/arkona-220-harnais-3\/\"]}]},{\"@type\":\"ImageObject\",\"inLanguage\":\"fr-FR\",\"@id\":\"https:\/\/www.secumar.com\/fr\/produit\/arkona-220-harnais-3\/#primaryimage\",\"url\":\"https:\/\/www.secumar.com\/wp-content\/uploads\/2018\/01\/Arkona-220.jpg\",\"contentUrl\":\"https:\/\/www.secumar.com\/wp-content\/uploads\/2018\/01\/Arkona-220.jpg\",\"width\":900,\"height\":900},{\"@type\":\"BreadcrumbList\",\"@id\":\"https:\/\/www.secumar.com\/fr\/produit\/arkona-220-harnais-3\/#breadcrumb\",\"itemListElement\":[{\"@type\":\"ListItem\",\"position\":1,\"name\":\"Startseite\",\"item\":\"https:\/\/www.secumar.com\/fr\/\"},{\"@type\":\"ListItem\",\"position\":2,\"name\":\"Tous Les Articles\",\"item\":\"https:\/\/www.secumar.com\/fr\/boutique\/\"},{\"@type\":\"ListItem\",\"position\":3,\"name\":\"ARKONA 220\"}]},{\"@type\":\"WebSite\",\"@id\":\"https:\/\/www.secumar.com\/#website\",\"url\":\"https:\/\/www.secumar.com\/\",\"name\":\"SECUMAR\",\"description\":\"Gilets de sauvetage\",\"publisher\":{\"@id\":\"https:\/\/www.secumar.com\/#organization\"},\"potentialAction\":[{\"@type\":\"SearchAction\",\"target\":{\"@type\":\"EntryPoint\",\"urlTemplate\":\"https:\/\/www.secumar.com\/?s={search_term_string}\"},\"query-input\":{\"@type\":\"PropertyValueSpecification\",\"valueRequired\":true,\"valueName\":\"search_term_string\"}}],\"inLanguage\":\"fr-FR\"},{\"@type\":\"Organization\",\"@id\":\"https:\/\/www.secumar.com\/#organization\",\"name\":\"Bernhardt Apparatebau GmbH u. Co.\",\"url\":\"https:\/\/www.secumar.com\/\",\"logo\":{\"@type\":\"ImageObject\",\"inLanguage\":\"fr-FR\",\"@id\":\"https:\/\/www.secumar.com\/#\/schema\/logo\/image\/\",\"url\":\"https:\/\/www.secumar.com\/wp-content\/uploads\/2016\/09\/S-Logo_150px-3.jpg\",\"contentUrl\":\"https:\/\/www.secumar.com\/wp-content\/uploads\/2016\/09\/S-Logo_150px-3.jpg\",\"width\":150,\"height\":150,\"caption\":\"Bernhardt Apparatebau GmbH u. Co.\"},\"image\":{\"@id\":\"https:\/\/www.secumar.com\/#\/schema\/logo\/image\/\"},\"sameAs\":[\"https:\/\/www.facebook.com\/Secumar\/\",\"https:\/\/www.instagram.com\/secumar\/\",\"https:\/\/www.linkedin.com\/company-beta\/8684519\/\",\"https:\/\/www.youtube.com\/user\/BernhardtApparatebau\",\"https:\/\/de.wikipedia.org\/wiki\/Secumar\"]}]}<\/script>\n<!-- \/ Yoast SEO plugin. -->","yoast_head_json":{"title":"ARKONA 220 - SECUMAR","description":"Gilet de sauvetage gonflable de 220N avec harnais int\u00e9gr\u00e9. ISO 12402-3. Id\u00e9al pour les d\u00e9butants, design sportif.","robots":{"index":"index","follow":"follow","max-snippet":"max-snippet:-1","max-image-preview":"max-image-preview:large","max-video-preview":"max-video-preview:-1"},"canonical":"https:\/\/www.secumar.com\/fr\/produit\/arkona-220-harnais-3\/","og_locale":"fr_FR","og_type":"article","og_title":"ARKONA 220 - SECUMAR","og_description":"Gilet de sauvetage gonflable de 220N avec harnais int\u00e9gr\u00e9. ISO 12402-3. Id\u00e9al pour les d\u00e9butants, design sportif.","og_url":"https:\/\/www.secumar.com\/fr\/produit\/arkona-220-harnais-3\/","og_site_name":"SECUMAR","article_publisher":"https:\/\/www.facebook.com\/Secumar\/","article_modified_time":"2024-10-07T10:30:16+00:00","og_image":[{"width":900,"height":900,"url":"https:\/\/www.secumar.com\/wp-content\/uploads\/2018\/01\/Arkona-220.jpg","type":"image\/jpeg"}],"twitter_card":"summary_large_image","twitter_misc":{"Dur\u00e9e de lecture estim\u00e9e":"1 minute"},"schema":{"@context":"https:\/\/schema.org","@graph":[{"@type":"WebPage","@id":"https:\/\/www.secumar.com\/fr\/produit\/arkona-220-harnais-3\/","url":"https:\/\/www.secumar.com\/fr\/produit\/arkona-220-harnais-3\/","name":"ARKONA 220 - SECUMAR","isPartOf":{"@id":"https:\/\/www.secumar.com\/#website"},"primaryImageOfPage":{"@id":"https:\/\/www.secumar.com\/fr\/produit\/arkona-220-harnais-3\/#primaryimage"},"image":{"@id":"https:\/\/www.secumar.com\/fr\/produit\/arkona-220-harnais-3\/#primaryimage"},"thumbnailUrl":"https:\/\/www.secumar.com\/wp-content\/uploads\/2018\/01\/Arkona-220.jpg","datePublished":"2010-11-10T11:30:57+00:00","dateModified":"2024-10-07T10:30:16+00:00","description":"Gilet de sauvetage gonflable de 220N avec harnais int\u00e9gr\u00e9. ISO 12402-3. Id\u00e9al pour les d\u00e9butants, design sportif.","breadcrumb":{"@id":"https:\/\/www.secumar.com\/fr\/produit\/arkona-220-harnais-3\/#breadcrumb"},"inLanguage":"fr-FR","potentialAction":[{"@type":"ReadAction","target":["https:\/\/www.secumar.com\/fr\/produit\/arkona-220-harnais-3\/"]}]},{"@type":"ImageObject","inLanguage":"fr-FR","@id":"https:\/\/www.secumar.com\/fr\/produit\/arkona-220-harnais-3\/#primaryimage","url":"https:\/\/www.secumar.com\/wp-content\/uploads\/2018\/01\/Arkona-220.jpg","contentUrl":"https:\/\/www.secumar.com\/wp-content\/uploads\/2018\/01\/Arkona-220.jpg","width":900,"height":900},{"@type":"BreadcrumbList","@id":"https:\/\/www.secumar.com\/fr\/produit\/arkona-220-harnais-3\/#breadcrumb","itemListElement":[{"@type":"ListItem","position":1,"name":"Startseite","item":"https:\/\/www.secumar.com\/fr\/"},{"@type":"ListItem","position":2,"name":"Tous Les Articles","item":"https:\/\/www.secumar.com\/fr\/boutique\/"},{"@type":"ListItem","position":3,"name":"ARKONA 220"}]},{"@type":"WebSite","@id":"https:\/\/www.secumar.com\/#website","url":"https:\/\/www.secumar.com\/","name":"SECUMAR","description":"Gilets de sauvetage","publisher":{"@id":"https:\/\/www.secumar.com\/#organization"},"potentialAction":[{"@type":"SearchAction","target":{"@type":"EntryPoint","urlTemplate":"https:\/\/www.secumar.com\/?s={search_term_string}"},"query-input":{"@type":"PropertyValueSpecification","valueRequired":true,"valueName":"search_term_string"}}],"inLanguage":"fr-FR"},{"@type":"Organization","@id":"https:\/\/www.secumar.com\/#organization","name":"Bernhardt Apparatebau GmbH u. Co.","url":"https:\/\/www.secumar.com\/","logo":{"@type":"ImageObject","inLanguage":"fr-FR","@id":"https:\/\/www.secumar.com\/#\/schema\/logo\/image\/","url":"https:\/\/www.secumar.com\/wp-content\/uploads\/2016\/09\/S-Logo_150px-3.jpg","contentUrl":"https:\/\/www.secumar.com\/wp-content\/uploads\/2016\/09\/S-Logo_150px-3.jpg","width":150,"height":150,"caption":"Bernhardt Apparatebau GmbH u. Co."},"image":{"@id":"https:\/\/www.secumar.com\/#\/schema\/logo\/image\/"},"sameAs":["https:\/\/www.facebook.com\/Secumar\/","https:\/\/www.instagram.com\/secumar\/","https:\/\/www.linkedin.com\/company-beta\/8684519\/","https:\/\/www.youtube.com\/user\/BernhardtApparatebau","https:\/\/de.wikipedia.org\/wiki\/Secumar"]}]}},"_links":{"self":[{"href":"https:\/\/www.secumar.com\/fr\/wp-json\/wp\/v2\/product\/16364","targetHints":{"allow":["GET"]}}],"collection":[{"href":"https:\/\/www.secumar.com\/fr\/wp-json\/wp\/v2\/product"}],"about":[{"href":"https:\/\/www.secumar.com\/fr\/wp-json\/wp\/v2\/types\/product"}],"replies":[{"embeddable":true,"href":"https:\/\/www.secumar.com\/fr\/wp-json\/wp\/v2\/comments?post=16364"}],"version-history":[{"count":12,"href":"https:\/\/www.secumar.com\/fr\/wp-json\/wp\/v2\/product\/16364\/revisions"}],"predecessor-version":[{"id":55269,"href":"https:\/\/www.secumar.com\/fr\/wp-json\/wp\/v2\/product\/16364\/revisions\/55269"}],"wp:featuredmedia":[{"embeddable":true,"href":"https:\/\/www.secumar.com\/fr\/wp-json\/wp\/v2\/media\/36429"}],"wp:attachment":[{"href":"https:\/\/www.secumar.com\/fr\/wp-json\/wp\/v2\/media?parent=16364"}],"wp:term":[{"taxonomy":"product_brand","embeddable":true,"href":"https:\/\/www.secumar.com\/fr\/wp-json\/wp\/v2\/product_brand?post=16364"},{"taxonomy":"product_cat","embeddable":true,"href":"https:\/\/www.secumar.com\/fr\/wp-json\/wp\/v2\/product_cat?post=16364"},{"taxonomy":"product_tag","embeddable":true,"href":"https:\/\/www.secumar.com\/fr\/wp-json\/wp\/v2\/product_tag?post=16364"}],"curies":[{"name":"wp","href":"https:\/\/api.w.org\/{rel}","templated":true}]}}