{"id":16338,"date":"2015-03-04T23:23:09","date_gmt":"2010-06-09T13:02:17","guid":{"rendered":"http:\/\/testumgebung.eureka-konzepte.de\/fr\/product\/delta-150-ferry-twin-3\/"},"modified":"2023-07-17T12:11:33","modified_gmt":"2023-07-17T10:11:33","slug":"delta-150-ferry-twin-3","status":"publish","type":"product","link":"https:\/\/www.secumar.com\/fr\/produit\/delta-150-ferry-twin-3\/","title":{"rendered":"Delta 150 Ferry SOLAS"},"content":{"rendered":"<p>R\u00e9glage simple et facile du gilet de sauvetage pour une utilisation sur les bateaux \u00e0 passagers et ferries avec une boucle de fermeture lat\u00e9rale.<\/p>\n<p>&nbsp;<\/p>\n","protected":false},"excerpt":{"rendered":"<p>Sp\u00e9cialement d\u00e9velopp\u00e9 pour une utilisation sur les bateaux \u00e0 passagers et ferries. Emball\u00e9 dans une poche plastique transparente sous-vide avec syst\u00e8me d&rsquo;ouverture rapide. Pour stockage sous les si\u00e8ges.<\/p>\n<p>&nbsp;<\/p>\n","protected":false},"featured_media":19008,"comment_status":"closed","ping_status":"closed","template":"","meta":{"_acf_changed":false,"_searchwp_excluded":"","editor_plus_copied_stylings":"{}","footnotes":"","_links_to":"","_links_to_target":""},"product_brand":[],"product_cat":[733,738,744,2362],"product_tag":[],"class_list":{"0":"post-16338","1":"product","2":"type-product","3":"status-publish","4":"has-post-thumbnail","6":"product_cat-transport-maritime-de-passagers","7":"product_cat-navigation-maritime-solas","8":"product_cat-gilets-de-sauvetage-gonflables-industrie-fr","9":"product_cat-catalogue","10":"pa_auftrieb-165-n-fr","11":"pa_auftriebsklasse-ce-150-n-fr","12":"pa_bergegurt-oui","13":"pa_ce-solas-fr","14":"pa_co2-patrone-2-x-32-g-fr-2","15":"pa_fenster-non","16":"pa_harness-non","17":"pa_notlicht-oui","18":"pa_schrittgurt-non","19":"pa_sendervorbereitung-nein-fr","20":"pa_sk-form-classic-fr","21":"pa_spraycap-non","22":"pa_verschluss-fermature-laterale","24":"first","25":"outofstock","26":"product-type-simple"},"acf":[],"yoast_head":"<!-- This site is optimized with the Yoast SEO plugin v24.6 - https:\/\/yoast.com\/wordpress\/plugins\/seo\/ -->\n<title>Delta 150 Ferry SOLAS - SECUMAR<\/title>\n<meta name=\"description\" content=\"Sp\u00e9cialement d\u00e9velopp\u00e9 pour une utilisation sur les bateaux \u00e0 passagers et ferries. Pour stockage sous les si\u00e8ges.\" \/>\n<meta name=\"robots\" content=\"index, follow, max-snippet:-1, max-image-preview:large, max-video-preview:-1\" \/>\n<link rel=\"canonical\" href=\"https:\/\/www.secumar.com\/fr\/produit\/delta-150-ferry-twin-3\/\" \/>\n<meta property=\"og:locale\" content=\"fr_FR\" \/>\n<meta property=\"og:type\" content=\"article\" \/>\n<meta property=\"og:title\" content=\"Delta 150 Ferry SOLAS - SECUMAR\" \/>\n<meta property=\"og:description\" content=\"Sp\u00e9cialement d\u00e9velopp\u00e9 pour une utilisation sur les bateaux \u00e0 passagers et ferries. Pour stockage sous les si\u00e8ges.\" \/>\n<meta property=\"og:url\" content=\"https:\/\/www.secumar.com\/fr\/produit\/delta-150-ferry-twin-3\/\" \/>\n<meta property=\"og:site_name\" content=\"SECUMAR\" \/>\n<meta property=\"article:publisher\" content=\"https:\/\/www.facebook.com\/Secumar\/\" \/>\n<meta property=\"article:modified_time\" content=\"2023-07-17T10:11:33+00:00\" \/>\n<meta property=\"og:image\" content=\"https:\/\/www.secumar.com\/wp-content\/uploads\/2015\/03\/Delta-150-Ferry.jpg\" \/>\n\t<meta property=\"og:image:width\" content=\"900\" \/>\n\t<meta property=\"og:image:height\" content=\"900\" \/>\n\t<meta property=\"og:image:type\" content=\"image\/jpeg\" \/>\n<meta name=\"twitter:card\" content=\"summary_large_image\" \/>\n<meta name=\"twitter:label1\" content=\"Dur\u00e9e de lecture estim\u00e9e\" \/>\n\t<meta name=\"twitter:data1\" content=\"1 minute\" \/>\n<script type=\"application\/ld+json\" class=\"yoast-schema-graph\">{\"@context\":\"https:\/\/schema.org\",\"@graph\":[{\"@type\":\"WebPage\",\"@id\":\"https:\/\/www.secumar.com\/fr\/produit\/delta-150-ferry-twin-3\/\",\"url\":\"https:\/\/www.secumar.com\/fr\/produit\/delta-150-ferry-twin-3\/\",\"name\":\"Delta 150 Ferry SOLAS - SECUMAR\",\"isPartOf\":{\"@id\":\"https:\/\/www.secumar.com\/#website\"},\"primaryImageOfPage\":{\"@id\":\"https:\/\/www.secumar.com\/fr\/produit\/delta-150-ferry-twin-3\/#primaryimage\"},\"image\":{\"@id\":\"https:\/\/www.secumar.com\/fr\/produit\/delta-150-ferry-twin-3\/#primaryimage\"},\"thumbnailUrl\":\"https:\/\/www.secumar.com\/wp-content\/uploads\/2015\/03\/Delta-150-Ferry.jpg\",\"datePublished\":\"2010-06-09T13:02:17+00:00\",\"dateModified\":\"2023-07-17T10:11:33+00:00\",\"description\":\"Sp\u00e9cialement d\u00e9velopp\u00e9 pour une utilisation sur les bateaux \u00e0 passagers et ferries. Pour stockage sous les si\u00e8ges.\",\"breadcrumb\":{\"@id\":\"https:\/\/www.secumar.com\/fr\/produit\/delta-150-ferry-twin-3\/#breadcrumb\"},\"inLanguage\":\"fr-FR\",\"potentialAction\":[{\"@type\":\"ReadAction\",\"target\":[\"https:\/\/www.secumar.com\/fr\/produit\/delta-150-ferry-twin-3\/\"]}]},{\"@type\":\"ImageObject\",\"inLanguage\":\"fr-FR\",\"@id\":\"https:\/\/www.secumar.com\/fr\/produit\/delta-150-ferry-twin-3\/#primaryimage\",\"url\":\"https:\/\/www.secumar.com\/wp-content\/uploads\/2015\/03\/Delta-150-Ferry.jpg\",\"contentUrl\":\"https:\/\/www.secumar.com\/wp-content\/uploads\/2015\/03\/Delta-150-Ferry.jpg\",\"width\":900,\"height\":900,\"caption\":\"Delta 150 Ferry Twin\"},{\"@type\":\"BreadcrumbList\",\"@id\":\"https:\/\/www.secumar.com\/fr\/produit\/delta-150-ferry-twin-3\/#breadcrumb\",\"itemListElement\":[{\"@type\":\"ListItem\",\"position\":1,\"name\":\"Startseite\",\"item\":\"https:\/\/www.secumar.com\/fr\/\"},{\"@type\":\"ListItem\",\"position\":2,\"name\":\"Tous Les Articles\",\"item\":\"https:\/\/www.secumar.com\/fr\/boutique\/\"},{\"@type\":\"ListItem\",\"position\":3,\"name\":\"Delta 150 Ferry SOLAS\"}]},{\"@type\":\"WebSite\",\"@id\":\"https:\/\/www.secumar.com\/#website\",\"url\":\"https:\/\/www.secumar.com\/\",\"name\":\"SECUMAR\",\"description\":\"Gilets de sauvetage\",\"publisher\":{\"@id\":\"https:\/\/www.secumar.com\/#organization\"},\"potentialAction\":[{\"@type\":\"SearchAction\",\"target\":{\"@type\":\"EntryPoint\",\"urlTemplate\":\"https:\/\/www.secumar.com\/?s={search_term_string}\"},\"query-input\":{\"@type\":\"PropertyValueSpecification\",\"valueRequired\":true,\"valueName\":\"search_term_string\"}}],\"inLanguage\":\"fr-FR\"},{\"@type\":\"Organization\",\"@id\":\"https:\/\/www.secumar.com\/#organization\",\"name\":\"Bernhardt Apparatebau GmbH u. Co.\",\"url\":\"https:\/\/www.secumar.com\/\",\"logo\":{\"@type\":\"ImageObject\",\"inLanguage\":\"fr-FR\",\"@id\":\"https:\/\/www.secumar.com\/#\/schema\/logo\/image\/\",\"url\":\"https:\/\/www.secumar.com\/wp-content\/uploads\/2016\/09\/S-Logo_150px-3.jpg\",\"contentUrl\":\"https:\/\/www.secumar.com\/wp-content\/uploads\/2016\/09\/S-Logo_150px-3.jpg\",\"width\":150,\"height\":150,\"caption\":\"Bernhardt Apparatebau GmbH u. Co.\"},\"image\":{\"@id\":\"https:\/\/www.secumar.com\/#\/schema\/logo\/image\/\"},\"sameAs\":[\"https:\/\/www.facebook.com\/Secumar\/\",\"https:\/\/www.instagram.com\/secumar\/\",\"https:\/\/www.linkedin.com\/company-beta\/8684519\/\",\"https:\/\/www.youtube.com\/user\/BernhardtApparatebau\",\"https:\/\/de.wikipedia.org\/wiki\/Secumar\"]}]}<\/script>\n<!-- \/ Yoast SEO plugin. -->","yoast_head_json":{"title":"Delta 150 Ferry SOLAS - SECUMAR","description":"Sp\u00e9cialement d\u00e9velopp\u00e9 pour une utilisation sur les bateaux \u00e0 passagers et ferries. Pour stockage sous les si\u00e8ges.","robots":{"index":"index","follow":"follow","max-snippet":"max-snippet:-1","max-image-preview":"max-image-preview:large","max-video-preview":"max-video-preview:-1"},"canonical":"https:\/\/www.secumar.com\/fr\/produit\/delta-150-ferry-twin-3\/","og_locale":"fr_FR","og_type":"article","og_title":"Delta 150 Ferry SOLAS - SECUMAR","og_description":"Sp\u00e9cialement d\u00e9velopp\u00e9 pour une utilisation sur les bateaux \u00e0 passagers et ferries. Pour stockage sous les si\u00e8ges.","og_url":"https:\/\/www.secumar.com\/fr\/produit\/delta-150-ferry-twin-3\/","og_site_name":"SECUMAR","article_publisher":"https:\/\/www.facebook.com\/Secumar\/","article_modified_time":"2023-07-17T10:11:33+00:00","og_image":[{"width":900,"height":900,"url":"https:\/\/www.secumar.com\/wp-content\/uploads\/2015\/03\/Delta-150-Ferry.jpg","type":"image\/jpeg"}],"twitter_card":"summary_large_image","twitter_misc":{"Dur\u00e9e de lecture estim\u00e9e":"1 minute"},"schema":{"@context":"https:\/\/schema.org","@graph":[{"@type":"WebPage","@id":"https:\/\/www.secumar.com\/fr\/produit\/delta-150-ferry-twin-3\/","url":"https:\/\/www.secumar.com\/fr\/produit\/delta-150-ferry-twin-3\/","name":"Delta 150 Ferry SOLAS - SECUMAR","isPartOf":{"@id":"https:\/\/www.secumar.com\/#website"},"primaryImageOfPage":{"@id":"https:\/\/www.secumar.com\/fr\/produit\/delta-150-ferry-twin-3\/#primaryimage"},"image":{"@id":"https:\/\/www.secumar.com\/fr\/produit\/delta-150-ferry-twin-3\/#primaryimage"},"thumbnailUrl":"https:\/\/www.secumar.com\/wp-content\/uploads\/2015\/03\/Delta-150-Ferry.jpg","datePublished":"2010-06-09T13:02:17+00:00","dateModified":"2023-07-17T10:11:33+00:00","description":"Sp\u00e9cialement d\u00e9velopp\u00e9 pour une utilisation sur les bateaux \u00e0 passagers et ferries. Pour stockage sous les si\u00e8ges.","breadcrumb":{"@id":"https:\/\/www.secumar.com\/fr\/produit\/delta-150-ferry-twin-3\/#breadcrumb"},"inLanguage":"fr-FR","potentialAction":[{"@type":"ReadAction","target":["https:\/\/www.secumar.com\/fr\/produit\/delta-150-ferry-twin-3\/"]}]},{"@type":"ImageObject","inLanguage":"fr-FR","@id":"https:\/\/www.secumar.com\/fr\/produit\/delta-150-ferry-twin-3\/#primaryimage","url":"https:\/\/www.secumar.com\/wp-content\/uploads\/2015\/03\/Delta-150-Ferry.jpg","contentUrl":"https:\/\/www.secumar.com\/wp-content\/uploads\/2015\/03\/Delta-150-Ferry.jpg","width":900,"height":900,"caption":"Delta 150 Ferry Twin"},{"@type":"BreadcrumbList","@id":"https:\/\/www.secumar.com\/fr\/produit\/delta-150-ferry-twin-3\/#breadcrumb","itemListElement":[{"@type":"ListItem","position":1,"name":"Startseite","item":"https:\/\/www.secumar.com\/fr\/"},{"@type":"ListItem","position":2,"name":"Tous Les Articles","item":"https:\/\/www.secumar.com\/fr\/boutique\/"},{"@type":"ListItem","position":3,"name":"Delta 150 Ferry SOLAS"}]},{"@type":"WebSite","@id":"https:\/\/www.secumar.com\/#website","url":"https:\/\/www.secumar.com\/","name":"SECUMAR","description":"Gilets de sauvetage","publisher":{"@id":"https:\/\/www.secumar.com\/#organization"},"potentialAction":[{"@type":"SearchAction","target":{"@type":"EntryPoint","urlTemplate":"https:\/\/www.secumar.com\/?s={search_term_string}"},"query-input":{"@type":"PropertyValueSpecification","valueRequired":true,"valueName":"search_term_string"}}],"inLanguage":"fr-FR"},{"@type":"Organization","@id":"https:\/\/www.secumar.com\/#organization","name":"Bernhardt Apparatebau GmbH u. Co.","url":"https:\/\/www.secumar.com\/","logo":{"@type":"ImageObject","inLanguage":"fr-FR","@id":"https:\/\/www.secumar.com\/#\/schema\/logo\/image\/","url":"https:\/\/www.secumar.com\/wp-content\/uploads\/2016\/09\/S-Logo_150px-3.jpg","contentUrl":"https:\/\/www.secumar.com\/wp-content\/uploads\/2016\/09\/S-Logo_150px-3.jpg","width":150,"height":150,"caption":"Bernhardt Apparatebau GmbH u. Co."},"image":{"@id":"https:\/\/www.secumar.com\/#\/schema\/logo\/image\/"},"sameAs":["https:\/\/www.facebook.com\/Secumar\/","https:\/\/www.instagram.com\/secumar\/","https:\/\/www.linkedin.com\/company-beta\/8684519\/","https:\/\/www.youtube.com\/user\/BernhardtApparatebau","https:\/\/de.wikipedia.org\/wiki\/Secumar"]}]}},"_links":{"self":[{"href":"https:\/\/www.secumar.com\/fr\/wp-json\/wp\/v2\/product\/16338","targetHints":{"allow":["GET"]}}],"collection":[{"href":"https:\/\/www.secumar.com\/fr\/wp-json\/wp\/v2\/product"}],"about":[{"href":"https:\/\/www.secumar.com\/fr\/wp-json\/wp\/v2\/types\/product"}],"replies":[{"embeddable":true,"href":"https:\/\/www.secumar.com\/fr\/wp-json\/wp\/v2\/comments?post=16338"}],"version-history":[{"count":8,"href":"https:\/\/www.secumar.com\/fr\/wp-json\/wp\/v2\/product\/16338\/revisions"}],"predecessor-version":[{"id":51876,"href":"https:\/\/www.secumar.com\/fr\/wp-json\/wp\/v2\/product\/16338\/revisions\/51876"}],"wp:featuredmedia":[{"embeddable":true,"href":"https:\/\/www.secumar.com\/fr\/wp-json\/wp\/v2\/media\/19008"}],"wp:attachment":[{"href":"https:\/\/www.secumar.com\/fr\/wp-json\/wp\/v2\/media?parent=16338"}],"wp:term":[{"taxonomy":"product_brand","embeddable":true,"href":"https:\/\/www.secumar.com\/fr\/wp-json\/wp\/v2\/product_brand?post=16338"},{"taxonomy":"product_cat","embeddable":true,"href":"https:\/\/www.secumar.com\/fr\/wp-json\/wp\/v2\/product_cat?post=16338"},{"taxonomy":"product_tag","embeddable":true,"href":"https:\/\/www.secumar.com\/fr\/wp-json\/wp\/v2\/product_tag?post=16338"}],"curies":[{"name":"wp","href":"https:\/\/api.w.org\/{rel}","templated":true}]}}