{"id":16335,"date":"2015-03-04T23:23:54","date_gmt":"2010-06-09T13:02:45","guid":{"rendered":"http:\/\/testumgebung.eureka-konzepte.de\/fr\/product\/tetra-275-3d-3\/"},"modified":"2010-06-09T15:02:45","modified_gmt":"2010-06-09T13:02:45","slug":"tetra-275-3d-3","status":"publish","type":"product","link":"https:\/\/www.secumar.com\/fr\/produit\/tetra-275-3d-3\/","title":{"rendered":"Tetra 275 3D"},"content":{"rendered":"<h2>Norme:<\/h2>\n<li>DIN EN ISO 12402-2<\/li>\n<li>R\u00e9glementation francaise (Division 240): r\u00e8glementaire pour toutes zones de navigation.<\/li>\n<\/ul>\n<p><\/p>\n","protected":false},"excerpt":{"rendered":"<p>La chambre \u00e0 air \u00e0 une forme en 3D: 2 grands coussins triangulaire plac\u00e9s sur l&#039;avant permettent un meilleur retournement vers la position dorsale; particuli\u00e8rement n\u00e9cessaire lors du port de combinaisons s\u00e8ches et de survie, car ces v\u00eatements renferment de l&#039;air et offrent une flottabilit\u00e9 aux mauvais endroits. <br \/>La forme en 3D de la chambre \u00e0 air permet \u00e9galement de fixer un feu de survie dans une position la plus haute possible.<\/p>\n<p>Points forts:<br \/>&#8211; Retournement en position dorsale, rapide et s\u00fbre.<br \/>&#8211; Coupe ergonomique au niveau des \u00e9paules et du cou.<\/p>\n","protected":false},"featured_media":18803,"comment_status":"closed","ping_status":"closed","template":"","meta":{"_acf_changed":false,"_searchwp_excluded":"","editor_plus_copied_stylings":"{}","footnotes":"","_links_to":"","_links_to_target":""},"product_brand":[],"product_cat":[722,2362],"product_tag":[],"class_list":{"0":"post-16335","1":"product","2":"type-product","3":"status-publish","4":"has-post-thumbnail","6":"product_cat-produits-historique-fr","7":"product_cat-catalogue","8":"pa_auftrieb-290-n-fr","9":"pa_auftriebsklasse-ce-275-n-fr","10":"pa_bergegurt-oui","11":"pa_ce-ce-fr-2","12":"pa_co2-patrone-60-g-co2-dock-fr","13":"pa_fenster-oui","14":"pa_harness-ja-fr","15":"pa_notlicht-optional-fr","16":"pa_schrittgurt-ja-fr","17":"pa_sendervorbereitung-nein-fr","18":"pa_sk-form-3d-fr-2","19":"pa_spraycap-oui","20":"pa_verschluss-boucle-de-fermeture-frontale-click","22":"first","23":"instock","24":"product-type-simple"},"acf":[],"yoast_head":"<!-- This site is optimized with the Yoast SEO plugin v24.6 - https:\/\/yoast.com\/wordpress\/plugins\/seo\/ -->\n<title>Tetra 275 3D - SECUMAR<\/title>\n<meta name=\"robots\" content=\"index, follow, max-snippet:-1, max-image-preview:large, max-video-preview:-1\" \/>\n<link rel=\"canonical\" href=\"https:\/\/www.secumar.com\/fr\/produit\/tetra-275-3d-3\/\" \/>\n<meta property=\"og:locale\" content=\"fr_FR\" \/>\n<meta property=\"og:type\" content=\"article\" \/>\n<meta property=\"og:title\" content=\"Tetra 275 3D - SECUMAR\" \/>\n<meta property=\"og:description\" content=\"La chambre \u00e0 air \u00e0 une forme en 3D: 2 grands coussins triangulaire plac\u00e9s sur l&#039;avant permettent un meilleur retournement vers la position dorsale; particuli\u00e8rement n\u00e9cessaire lors du port de combinaisons s\u00e8ches et de survie, car ces v\u00eatements renferment de l&#039;air et offrent une flottabilit\u00e9 aux mauvais endroits. La forme en 3D de la chambre \u00e0 air permet \u00e9galement de fixer un feu de survie dans une position la plus haute possible.Points forts:- Retournement en position dorsale, rapide et s\u00fbre.- Coupe ergonomique au niveau des \u00e9paules et du cou.\" \/>\n<meta property=\"og:url\" content=\"https:\/\/www.secumar.com\/fr\/produit\/tetra-275-3d-3\/\" \/>\n<meta property=\"og:site_name\" content=\"SECUMAR\" \/>\n<meta property=\"article:publisher\" content=\"https:\/\/www.facebook.com\/Secumar\/\" \/>\n<meta property=\"og:image\" content=\"https:\/\/www.secumar.com\/wp-content\/uploads\/2015\/03\/Tetra-275-3D.jpg\" \/>\n\t<meta property=\"og:image:width\" content=\"398\" \/>\n\t<meta property=\"og:image:height\" content=\"400\" \/>\n\t<meta property=\"og:image:type\" content=\"image\/jpeg\" \/>\n<meta name=\"twitter:card\" content=\"summary_large_image\" \/>\n<script type=\"application\/ld+json\" class=\"yoast-schema-graph\">{\"@context\":\"https:\/\/schema.org\",\"@graph\":[{\"@type\":\"WebPage\",\"@id\":\"https:\/\/www.secumar.com\/fr\/produit\/tetra-275-3d-3\/\",\"url\":\"https:\/\/www.secumar.com\/fr\/produit\/tetra-275-3d-3\/\",\"name\":\"Tetra 275 3D - SECUMAR\",\"isPartOf\":{\"@id\":\"https:\/\/www.secumar.com\/#website\"},\"primaryImageOfPage\":{\"@id\":\"https:\/\/www.secumar.com\/fr\/produit\/tetra-275-3d-3\/#primaryimage\"},\"image\":{\"@id\":\"https:\/\/www.secumar.com\/fr\/produit\/tetra-275-3d-3\/#primaryimage\"},\"thumbnailUrl\":\"https:\/\/www.secumar.com\/wp-content\/uploads\/2015\/03\/Tetra-275-3D.jpg\",\"datePublished\":\"2010-06-09T13:02:45+00:00\",\"breadcrumb\":{\"@id\":\"https:\/\/www.secumar.com\/fr\/produit\/tetra-275-3d-3\/#breadcrumb\"},\"inLanguage\":\"fr-FR\",\"potentialAction\":[{\"@type\":\"ReadAction\",\"target\":[\"https:\/\/www.secumar.com\/fr\/produit\/tetra-275-3d-3\/\"]}]},{\"@type\":\"ImageObject\",\"inLanguage\":\"fr-FR\",\"@id\":\"https:\/\/www.secumar.com\/fr\/produit\/tetra-275-3d-3\/#primaryimage\",\"url\":\"https:\/\/www.secumar.com\/wp-content\/uploads\/2015\/03\/Tetra-275-3D.jpg\",\"contentUrl\":\"https:\/\/www.secumar.com\/wp-content\/uploads\/2015\/03\/Tetra-275-3D.jpg\",\"width\":398,\"height\":400,\"caption\":\"Tetra 275 3D\"},{\"@type\":\"BreadcrumbList\",\"@id\":\"https:\/\/www.secumar.com\/fr\/produit\/tetra-275-3d-3\/#breadcrumb\",\"itemListElement\":[{\"@type\":\"ListItem\",\"position\":1,\"name\":\"Startseite\",\"item\":\"https:\/\/www.secumar.com\/fr\/\"},{\"@type\":\"ListItem\",\"position\":2,\"name\":\"Tous Les Articles\",\"item\":\"https:\/\/www.secumar.com\/fr\/boutique\/\"},{\"@type\":\"ListItem\",\"position\":3,\"name\":\"Tetra 275 3D\"}]},{\"@type\":\"WebSite\",\"@id\":\"https:\/\/www.secumar.com\/#website\",\"url\":\"https:\/\/www.secumar.com\/\",\"name\":\"SECUMAR\",\"description\":\"Gilets de sauvetage\",\"publisher\":{\"@id\":\"https:\/\/www.secumar.com\/#organization\"},\"potentialAction\":[{\"@type\":\"SearchAction\",\"target\":{\"@type\":\"EntryPoint\",\"urlTemplate\":\"https:\/\/www.secumar.com\/?s={search_term_string}\"},\"query-input\":{\"@type\":\"PropertyValueSpecification\",\"valueRequired\":true,\"valueName\":\"search_term_string\"}}],\"inLanguage\":\"fr-FR\"},{\"@type\":\"Organization\",\"@id\":\"https:\/\/www.secumar.com\/#organization\",\"name\":\"Bernhardt Apparatebau GmbH u. Co.\",\"url\":\"https:\/\/www.secumar.com\/\",\"logo\":{\"@type\":\"ImageObject\",\"inLanguage\":\"fr-FR\",\"@id\":\"https:\/\/www.secumar.com\/#\/schema\/logo\/image\/\",\"url\":\"https:\/\/www.secumar.com\/wp-content\/uploads\/2016\/09\/S-Logo_150px-3.jpg\",\"contentUrl\":\"https:\/\/www.secumar.com\/wp-content\/uploads\/2016\/09\/S-Logo_150px-3.jpg\",\"width\":150,\"height\":150,\"caption\":\"Bernhardt Apparatebau GmbH u. Co.\"},\"image\":{\"@id\":\"https:\/\/www.secumar.com\/#\/schema\/logo\/image\/\"},\"sameAs\":[\"https:\/\/www.facebook.com\/Secumar\/\",\"https:\/\/www.instagram.com\/secumar\/\",\"https:\/\/www.linkedin.com\/company-beta\/8684519\/\",\"https:\/\/www.youtube.com\/user\/BernhardtApparatebau\",\"https:\/\/de.wikipedia.org\/wiki\/Secumar\"]}]}<\/script>\n<!-- \/ Yoast SEO plugin. -->","yoast_head_json":{"title":"Tetra 275 3D - SECUMAR","robots":{"index":"index","follow":"follow","max-snippet":"max-snippet:-1","max-image-preview":"max-image-preview:large","max-video-preview":"max-video-preview:-1"},"canonical":"https:\/\/www.secumar.com\/fr\/produit\/tetra-275-3d-3\/","og_locale":"fr_FR","og_type":"article","og_title":"Tetra 275 3D - SECUMAR","og_description":"La chambre \u00e0 air \u00e0 une forme en 3D: 2 grands coussins triangulaire plac\u00e9s sur l&#039;avant permettent un meilleur retournement vers la position dorsale; particuli\u00e8rement n\u00e9cessaire lors du port de combinaisons s\u00e8ches et de survie, car ces v\u00eatements renferment de l&#039;air et offrent une flottabilit\u00e9 aux mauvais endroits. La forme en 3D de la chambre \u00e0 air permet \u00e9galement de fixer un feu de survie dans une position la plus haute possible.Points forts:- Retournement en position dorsale, rapide et s\u00fbre.- Coupe ergonomique au niveau des \u00e9paules et du cou.","og_url":"https:\/\/www.secumar.com\/fr\/produit\/tetra-275-3d-3\/","og_site_name":"SECUMAR","article_publisher":"https:\/\/www.facebook.com\/Secumar\/","og_image":[{"width":398,"height":400,"url":"https:\/\/www.secumar.com\/wp-content\/uploads\/2015\/03\/Tetra-275-3D.jpg","type":"image\/jpeg"}],"twitter_card":"summary_large_image","schema":{"@context":"https:\/\/schema.org","@graph":[{"@type":"WebPage","@id":"https:\/\/www.secumar.com\/fr\/produit\/tetra-275-3d-3\/","url":"https:\/\/www.secumar.com\/fr\/produit\/tetra-275-3d-3\/","name":"Tetra 275 3D - SECUMAR","isPartOf":{"@id":"https:\/\/www.secumar.com\/#website"},"primaryImageOfPage":{"@id":"https:\/\/www.secumar.com\/fr\/produit\/tetra-275-3d-3\/#primaryimage"},"image":{"@id":"https:\/\/www.secumar.com\/fr\/produit\/tetra-275-3d-3\/#primaryimage"},"thumbnailUrl":"https:\/\/www.secumar.com\/wp-content\/uploads\/2015\/03\/Tetra-275-3D.jpg","datePublished":"2010-06-09T13:02:45+00:00","breadcrumb":{"@id":"https:\/\/www.secumar.com\/fr\/produit\/tetra-275-3d-3\/#breadcrumb"},"inLanguage":"fr-FR","potentialAction":[{"@type":"ReadAction","target":["https:\/\/www.secumar.com\/fr\/produit\/tetra-275-3d-3\/"]}]},{"@type":"ImageObject","inLanguage":"fr-FR","@id":"https:\/\/www.secumar.com\/fr\/produit\/tetra-275-3d-3\/#primaryimage","url":"https:\/\/www.secumar.com\/wp-content\/uploads\/2015\/03\/Tetra-275-3D.jpg","contentUrl":"https:\/\/www.secumar.com\/wp-content\/uploads\/2015\/03\/Tetra-275-3D.jpg","width":398,"height":400,"caption":"Tetra 275 3D"},{"@type":"BreadcrumbList","@id":"https:\/\/www.secumar.com\/fr\/produit\/tetra-275-3d-3\/#breadcrumb","itemListElement":[{"@type":"ListItem","position":1,"name":"Startseite","item":"https:\/\/www.secumar.com\/fr\/"},{"@type":"ListItem","position":2,"name":"Tous Les Articles","item":"https:\/\/www.secumar.com\/fr\/boutique\/"},{"@type":"ListItem","position":3,"name":"Tetra 275 3D"}]},{"@type":"WebSite","@id":"https:\/\/www.secumar.com\/#website","url":"https:\/\/www.secumar.com\/","name":"SECUMAR","description":"Gilets de sauvetage","publisher":{"@id":"https:\/\/www.secumar.com\/#organization"},"potentialAction":[{"@type":"SearchAction","target":{"@type":"EntryPoint","urlTemplate":"https:\/\/www.secumar.com\/?s={search_term_string}"},"query-input":{"@type":"PropertyValueSpecification","valueRequired":true,"valueName":"search_term_string"}}],"inLanguage":"fr-FR"},{"@type":"Organization","@id":"https:\/\/www.secumar.com\/#organization","name":"Bernhardt Apparatebau GmbH u. Co.","url":"https:\/\/www.secumar.com\/","logo":{"@type":"ImageObject","inLanguage":"fr-FR","@id":"https:\/\/www.secumar.com\/#\/schema\/logo\/image\/","url":"https:\/\/www.secumar.com\/wp-content\/uploads\/2016\/09\/S-Logo_150px-3.jpg","contentUrl":"https:\/\/www.secumar.com\/wp-content\/uploads\/2016\/09\/S-Logo_150px-3.jpg","width":150,"height":150,"caption":"Bernhardt Apparatebau GmbH u. Co."},"image":{"@id":"https:\/\/www.secumar.com\/#\/schema\/logo\/image\/"},"sameAs":["https:\/\/www.facebook.com\/Secumar\/","https:\/\/www.instagram.com\/secumar\/","https:\/\/www.linkedin.com\/company-beta\/8684519\/","https:\/\/www.youtube.com\/user\/BernhardtApparatebau","https:\/\/de.wikipedia.org\/wiki\/Secumar"]}]}},"_links":{"self":[{"href":"https:\/\/www.secumar.com\/fr\/wp-json\/wp\/v2\/product\/16335","targetHints":{"allow":["GET"]}}],"collection":[{"href":"https:\/\/www.secumar.com\/fr\/wp-json\/wp\/v2\/product"}],"about":[{"href":"https:\/\/www.secumar.com\/fr\/wp-json\/wp\/v2\/types\/product"}],"replies":[{"embeddable":true,"href":"https:\/\/www.secumar.com\/fr\/wp-json\/wp\/v2\/comments?post=16335"}],"version-history":[{"count":0,"href":"https:\/\/www.secumar.com\/fr\/wp-json\/wp\/v2\/product\/16335\/revisions"}],"wp:featuredmedia":[{"embeddable":true,"href":"https:\/\/www.secumar.com\/fr\/wp-json\/wp\/v2\/media\/18803"}],"wp:attachment":[{"href":"https:\/\/www.secumar.com\/fr\/wp-json\/wp\/v2\/media?parent=16335"}],"wp:term":[{"taxonomy":"product_brand","embeddable":true,"href":"https:\/\/www.secumar.com\/fr\/wp-json\/wp\/v2\/product_brand?post=16335"},{"taxonomy":"product_cat","embeddable":true,"href":"https:\/\/www.secumar.com\/fr\/wp-json\/wp\/v2\/product_cat?post=16335"},{"taxonomy":"product_tag","embeddable":true,"href":"https:\/\/www.secumar.com\/fr\/wp-json\/wp\/v2\/product_tag?post=16335"}],"curies":[{"name":"wp","href":"https:\/\/api.w.org\/{rel}","templated":true}]}}