{"id":16333,"date":"2015-03-04T23:23:09","date_gmt":"2010-06-11T11:28:55","guid":{"rendered":"http:\/\/testumgebung.eureka-konzepte.de\/fr\/product\/housse-de-protection-pour-travaux-durs-spr-3\/"},"modified":"2019-09-20T13:05:53","modified_gmt":"2019-09-20T11:05:53","slug":"housse-de-protection-pour-travaux-durs-spr-3","status":"publish","type":"product","link":"https:\/\/www.secumar.com\/fr\/produit\/housse-de-protection-pour-travaux-durs-spr-3\/","title":{"rendered":"Housse de protection pour travaux durs SPR"},"content":{"rendered":"<p>Mais aussi par exemple pour des travaux de soudures. Les soudeurs ont des exigences particuli\u00e8res sur leurs \u00e9quipements de s\u00e9curit\u00e9.<br \/>\nCette housse de protection SPR est amovile et disponible en option. Elle permet de prot\u00e9ger le gilet de sauvetage contre l&rsquo;exposition \u00e0 la chaleur, les salissures de peinture et d&rsquo;huile, les \u00e9tincelles et projections de m\u00e9tal chaud.<\/p>\n<p>Compatible seulement avec les gilets de sauvetage SECUMAR ALPHA 275 et SECUMAR ALPHA 275 3D.<\/p>\n","protected":false},"excerpt":{"rendered":"<p>Housse de protection amovible pour travaux ne relevant pas d&rsquo;une utilisation professionnelle standard.<\/p>\n<p>Applications:<br \/>\npompiers, organismes de secours, compagnie de navigation, p\u00eache, administrations portuaires, offshore, manutentionnaires, dragage, TP, remorquage.<\/p>\n","protected":false},"featured_media":42714,"comment_status":"closed","ping_status":"closed","template":"","meta":{"_acf_changed":false,"_searchwp_excluded":"","editor_plus_copied_stylings":"{}","footnotes":"","_links_to":"","_links_to_target":""},"product_brand":[],"product_cat":[737,2531,2362],"product_tag":[],"class_list":{"0":"post-16333","1":"product","2":"type-product","3":"status-publish","4":"has-post-thumbnail","6":"product_cat-travaux-de-soudures-fr","7":"product_cat-accessoires-fr","8":"product_cat-catalogue","10":"first","11":"outofstock","12":"product-type-simple"},"acf":[],"yoast_head":"<!-- This site is optimized with the Yoast SEO plugin v24.6 - https:\/\/yoast.com\/wordpress\/plugins\/seo\/ -->\n<title>Housse de protection pour travaux durs SPR - SECUMAR<\/title>\n<meta name=\"robots\" content=\"index, follow, max-snippet:-1, max-image-preview:large, max-video-preview:-1\" \/>\n<link rel=\"canonical\" href=\"https:\/\/www.secumar.com\/fr\/produit\/housse-de-protection-pour-travaux-durs-spr-3\/\" \/>\n<meta property=\"og:locale\" content=\"fr_FR\" \/>\n<meta property=\"og:type\" content=\"article\" \/>\n<meta property=\"og:title\" content=\"Housse de protection pour travaux durs SPR - SECUMAR\" \/>\n<meta property=\"og:description\" content=\"Housse de protection amovible pour travaux ne relevant pas d&#039;une utilisation professionnelle standard.  Applications: pompiers, organismes de secours, compagnie de navigation, p\u00eache, administrations portuaires, offshore, manutentionnaires, dragage, TP, remorquage.\" \/>\n<meta property=\"og:url\" content=\"https:\/\/www.secumar.com\/fr\/produit\/housse-de-protection-pour-travaux-durs-spr-3\/\" \/>\n<meta property=\"og:site_name\" content=\"SECUMAR\" \/>\n<meta property=\"article:publisher\" content=\"https:\/\/www.facebook.com\/Secumar\/\" \/>\n<meta property=\"article:modified_time\" content=\"2019-09-20T11:05:53+00:00\" \/>\n<meta property=\"og:image\" content=\"https:\/\/www.secumar.com\/wp-content\/uploads\/2020\/04\/Schutzh\u00fclle-SPR-TN-13041_WEB.jpg\" \/>\n\t<meta property=\"og:image:width\" content=\"900\" \/>\n\t<meta property=\"og:image:height\" content=\"900\" \/>\n\t<meta property=\"og:image:type\" content=\"image\/jpeg\" \/>\n<meta name=\"twitter:card\" content=\"summary_large_image\" \/>\n<script type=\"application\/ld+json\" class=\"yoast-schema-graph\">{\"@context\":\"https:\/\/schema.org\",\"@graph\":[{\"@type\":\"WebPage\",\"@id\":\"https:\/\/www.secumar.com\/fr\/produit\/housse-de-protection-pour-travaux-durs-spr-3\/\",\"url\":\"https:\/\/www.secumar.com\/fr\/produit\/housse-de-protection-pour-travaux-durs-spr-3\/\",\"name\":\"Housse de protection pour travaux durs SPR - SECUMAR\",\"isPartOf\":{\"@id\":\"https:\/\/www.secumar.com\/#website\"},\"primaryImageOfPage\":{\"@id\":\"https:\/\/www.secumar.com\/fr\/produit\/housse-de-protection-pour-travaux-durs-spr-3\/#primaryimage\"},\"image\":{\"@id\":\"https:\/\/www.secumar.com\/fr\/produit\/housse-de-protection-pour-travaux-durs-spr-3\/#primaryimage\"},\"thumbnailUrl\":\"https:\/\/www.secumar.com\/wp-content\/uploads\/2020\/04\/Schutzh\u00fclle-SPR-TN-13041_WEB.jpg\",\"datePublished\":\"2010-06-11T11:28:55+00:00\",\"dateModified\":\"2019-09-20T11:05:53+00:00\",\"breadcrumb\":{\"@id\":\"https:\/\/www.secumar.com\/fr\/produit\/housse-de-protection-pour-travaux-durs-spr-3\/#breadcrumb\"},\"inLanguage\":\"fr-FR\",\"potentialAction\":[{\"@type\":\"ReadAction\",\"target\":[\"https:\/\/www.secumar.com\/fr\/produit\/housse-de-protection-pour-travaux-durs-spr-3\/\"]}]},{\"@type\":\"ImageObject\",\"inLanguage\":\"fr-FR\",\"@id\":\"https:\/\/www.secumar.com\/fr\/produit\/housse-de-protection-pour-travaux-durs-spr-3\/#primaryimage\",\"url\":\"https:\/\/www.secumar.com\/wp-content\/uploads\/2020\/04\/Schutzh\u00fclle-SPR-TN-13041_WEB.jpg\",\"contentUrl\":\"https:\/\/www.secumar.com\/wp-content\/uploads\/2020\/04\/Schutzh\u00fclle-SPR-TN-13041_WEB.jpg\",\"width\":900,\"height\":900},{\"@type\":\"BreadcrumbList\",\"@id\":\"https:\/\/www.secumar.com\/fr\/produit\/housse-de-protection-pour-travaux-durs-spr-3\/#breadcrumb\",\"itemListElement\":[{\"@type\":\"ListItem\",\"position\":1,\"name\":\"Startseite\",\"item\":\"https:\/\/www.secumar.com\/fr\/\"},{\"@type\":\"ListItem\",\"position\":2,\"name\":\"Tous Les Articles\",\"item\":\"https:\/\/www.secumar.com\/fr\/boutique\/\"},{\"@type\":\"ListItem\",\"position\":3,\"name\":\"Housse de protection pour travaux durs SPR\"}]},{\"@type\":\"WebSite\",\"@id\":\"https:\/\/www.secumar.com\/#website\",\"url\":\"https:\/\/www.secumar.com\/\",\"name\":\"SECUMAR\",\"description\":\"Gilets de sauvetage\",\"publisher\":{\"@id\":\"https:\/\/www.secumar.com\/#organization\"},\"potentialAction\":[{\"@type\":\"SearchAction\",\"target\":{\"@type\":\"EntryPoint\",\"urlTemplate\":\"https:\/\/www.secumar.com\/?s={search_term_string}\"},\"query-input\":{\"@type\":\"PropertyValueSpecification\",\"valueRequired\":true,\"valueName\":\"search_term_string\"}}],\"inLanguage\":\"fr-FR\"},{\"@type\":\"Organization\",\"@id\":\"https:\/\/www.secumar.com\/#organization\",\"name\":\"Bernhardt Apparatebau GmbH u. Co.\",\"url\":\"https:\/\/www.secumar.com\/\",\"logo\":{\"@type\":\"ImageObject\",\"inLanguage\":\"fr-FR\",\"@id\":\"https:\/\/www.secumar.com\/#\/schema\/logo\/image\/\",\"url\":\"https:\/\/www.secumar.com\/wp-content\/uploads\/2016\/09\/S-Logo_150px-3.jpg\",\"contentUrl\":\"https:\/\/www.secumar.com\/wp-content\/uploads\/2016\/09\/S-Logo_150px-3.jpg\",\"width\":150,\"height\":150,\"caption\":\"Bernhardt Apparatebau GmbH u. Co.\"},\"image\":{\"@id\":\"https:\/\/www.secumar.com\/#\/schema\/logo\/image\/\"},\"sameAs\":[\"https:\/\/www.facebook.com\/Secumar\/\",\"https:\/\/www.instagram.com\/secumar\/\",\"https:\/\/www.linkedin.com\/company-beta\/8684519\/\",\"https:\/\/www.youtube.com\/user\/BernhardtApparatebau\",\"https:\/\/de.wikipedia.org\/wiki\/Secumar\"]}]}<\/script>\n<!-- \/ Yoast SEO plugin. -->","yoast_head_json":{"title":"Housse de protection pour travaux durs SPR - SECUMAR","robots":{"index":"index","follow":"follow","max-snippet":"max-snippet:-1","max-image-preview":"max-image-preview:large","max-video-preview":"max-video-preview:-1"},"canonical":"https:\/\/www.secumar.com\/fr\/produit\/housse-de-protection-pour-travaux-durs-spr-3\/","og_locale":"fr_FR","og_type":"article","og_title":"Housse de protection pour travaux durs SPR - SECUMAR","og_description":"Housse de protection amovible pour travaux ne relevant pas d'une utilisation professionnelle standard.  Applications: pompiers, organismes de secours, compagnie de navigation, p\u00eache, administrations portuaires, offshore, manutentionnaires, dragage, TP, remorquage.","og_url":"https:\/\/www.secumar.com\/fr\/produit\/housse-de-protection-pour-travaux-durs-spr-3\/","og_site_name":"SECUMAR","article_publisher":"https:\/\/www.facebook.com\/Secumar\/","article_modified_time":"2019-09-20T11:05:53+00:00","og_image":[{"width":900,"height":900,"url":"https:\/\/www.secumar.com\/wp-content\/uploads\/2020\/04\/Schutzh\u00fclle-SPR-TN-13041_WEB.jpg","type":"image\/jpeg"}],"twitter_card":"summary_large_image","schema":{"@context":"https:\/\/schema.org","@graph":[{"@type":"WebPage","@id":"https:\/\/www.secumar.com\/fr\/produit\/housse-de-protection-pour-travaux-durs-spr-3\/","url":"https:\/\/www.secumar.com\/fr\/produit\/housse-de-protection-pour-travaux-durs-spr-3\/","name":"Housse de protection pour travaux durs SPR - SECUMAR","isPartOf":{"@id":"https:\/\/www.secumar.com\/#website"},"primaryImageOfPage":{"@id":"https:\/\/www.secumar.com\/fr\/produit\/housse-de-protection-pour-travaux-durs-spr-3\/#primaryimage"},"image":{"@id":"https:\/\/www.secumar.com\/fr\/produit\/housse-de-protection-pour-travaux-durs-spr-3\/#primaryimage"},"thumbnailUrl":"https:\/\/www.secumar.com\/wp-content\/uploads\/2020\/04\/Schutzh\u00fclle-SPR-TN-13041_WEB.jpg","datePublished":"2010-06-11T11:28:55+00:00","dateModified":"2019-09-20T11:05:53+00:00","breadcrumb":{"@id":"https:\/\/www.secumar.com\/fr\/produit\/housse-de-protection-pour-travaux-durs-spr-3\/#breadcrumb"},"inLanguage":"fr-FR","potentialAction":[{"@type":"ReadAction","target":["https:\/\/www.secumar.com\/fr\/produit\/housse-de-protection-pour-travaux-durs-spr-3\/"]}]},{"@type":"ImageObject","inLanguage":"fr-FR","@id":"https:\/\/www.secumar.com\/fr\/produit\/housse-de-protection-pour-travaux-durs-spr-3\/#primaryimage","url":"https:\/\/www.secumar.com\/wp-content\/uploads\/2020\/04\/Schutzh\u00fclle-SPR-TN-13041_WEB.jpg","contentUrl":"https:\/\/www.secumar.com\/wp-content\/uploads\/2020\/04\/Schutzh\u00fclle-SPR-TN-13041_WEB.jpg","width":900,"height":900},{"@type":"BreadcrumbList","@id":"https:\/\/www.secumar.com\/fr\/produit\/housse-de-protection-pour-travaux-durs-spr-3\/#breadcrumb","itemListElement":[{"@type":"ListItem","position":1,"name":"Startseite","item":"https:\/\/www.secumar.com\/fr\/"},{"@type":"ListItem","position":2,"name":"Tous Les Articles","item":"https:\/\/www.secumar.com\/fr\/boutique\/"},{"@type":"ListItem","position":3,"name":"Housse de protection pour travaux durs SPR"}]},{"@type":"WebSite","@id":"https:\/\/www.secumar.com\/#website","url":"https:\/\/www.secumar.com\/","name":"SECUMAR","description":"Gilets de sauvetage","publisher":{"@id":"https:\/\/www.secumar.com\/#organization"},"potentialAction":[{"@type":"SearchAction","target":{"@type":"EntryPoint","urlTemplate":"https:\/\/www.secumar.com\/?s={search_term_string}"},"query-input":{"@type":"PropertyValueSpecification","valueRequired":true,"valueName":"search_term_string"}}],"inLanguage":"fr-FR"},{"@type":"Organization","@id":"https:\/\/www.secumar.com\/#organization","name":"Bernhardt Apparatebau GmbH u. Co.","url":"https:\/\/www.secumar.com\/","logo":{"@type":"ImageObject","inLanguage":"fr-FR","@id":"https:\/\/www.secumar.com\/#\/schema\/logo\/image\/","url":"https:\/\/www.secumar.com\/wp-content\/uploads\/2016\/09\/S-Logo_150px-3.jpg","contentUrl":"https:\/\/www.secumar.com\/wp-content\/uploads\/2016\/09\/S-Logo_150px-3.jpg","width":150,"height":150,"caption":"Bernhardt Apparatebau GmbH u. Co."},"image":{"@id":"https:\/\/www.secumar.com\/#\/schema\/logo\/image\/"},"sameAs":["https:\/\/www.facebook.com\/Secumar\/","https:\/\/www.instagram.com\/secumar\/","https:\/\/www.linkedin.com\/company-beta\/8684519\/","https:\/\/www.youtube.com\/user\/BernhardtApparatebau","https:\/\/de.wikipedia.org\/wiki\/Secumar"]}]}},"_links":{"self":[{"href":"https:\/\/www.secumar.com\/fr\/wp-json\/wp\/v2\/product\/16333","targetHints":{"allow":["GET"]}}],"collection":[{"href":"https:\/\/www.secumar.com\/fr\/wp-json\/wp\/v2\/product"}],"about":[{"href":"https:\/\/www.secumar.com\/fr\/wp-json\/wp\/v2\/types\/product"}],"replies":[{"embeddable":true,"href":"https:\/\/www.secumar.com\/fr\/wp-json\/wp\/v2\/comments?post=16333"}],"version-history":[{"count":1,"href":"https:\/\/www.secumar.com\/fr\/wp-json\/wp\/v2\/product\/16333\/revisions"}],"predecessor-version":[{"id":40312,"href":"https:\/\/www.secumar.com\/fr\/wp-json\/wp\/v2\/product\/16333\/revisions\/40312"}],"wp:featuredmedia":[{"embeddable":true,"href":"https:\/\/www.secumar.com\/fr\/wp-json\/wp\/v2\/media\/42714"}],"wp:attachment":[{"href":"https:\/\/www.secumar.com\/fr\/wp-json\/wp\/v2\/media?parent=16333"}],"wp:term":[{"taxonomy":"product_brand","embeddable":true,"href":"https:\/\/www.secumar.com\/fr\/wp-json\/wp\/v2\/product_brand?post=16333"},{"taxonomy":"product_cat","embeddable":true,"href":"https:\/\/www.secumar.com\/fr\/wp-json\/wp\/v2\/product_cat?post=16333"},{"taxonomy":"product_tag","embeddable":true,"href":"https:\/\/www.secumar.com\/fr\/wp-json\/wp\/v2\/product_tag?post=16333"}],"curies":[{"name":"wp","href":"https:\/\/api.w.org\/{rel}","templated":true}]}}