{"id":16327,"date":"2015-03-04T23:23:35","date_gmt":"2010-06-11T11:29:01","guid":{"rendered":"http:\/\/testumgebung.eureka-konzepte.de\/fr\/product\/golf-150-spr-3\/"},"modified":"2023-07-13T15:40:21","modified_gmt":"2023-07-13T13:40:21","slug":"golf-150-spr-3","status":"publish","type":"product","link":"https:\/\/www.secumar.com\/fr\/produit\/golf-150-spr-3\/","title":{"rendered":"Golf 150 SPR"},"content":{"rendered":"<p>Ce gilet de sauvetage compact avec housse de protection amovible dispose d&rsquo;une enveloppe gonflable unique. Le pliage \u00e0 plat permet de le rendre \u00e0 peine perceptible et maximise la libert\u00e9 de mouvement de l&rsquo;utilisateur. Le gilet \u00e9pouse automatiquement la forme des \u00e9paules apr\u00e8s d\u00e9clenchement et reste parfaitement pr\u00e8s du corps.<\/p>\n","protected":false},"excerpt":{"rendered":"<p>Gilet de sauvetage gonflable automatique de la cat\u00e9gorie 150N pour usage professionnel sp\u00e9cialement concu pour les travaux \u00ab\u00a0durs\u00a0\u00bb et de soudures. Gr\u00e2ce \u00e0 un rev\u00eatement sp\u00e9cial, la housse de protection est extr\u00eamement r\u00e9sistante \u00e0 la d\u00e9chirure, \u00e0 l&rsquo;abrasion, aux petites projections de m\u00e9tal et aux perles de soudures.<\/p>\n","protected":false},"featured_media":41486,"comment_status":"closed","ping_status":"closed","template":"","meta":{"_acf_changed":false,"_searchwp_excluded":"","editor_plus_copied_stylings":"{}","footnotes":"","_links_to":"","_links_to_target":""},"product_brand":[],"product_cat":[737,744,2362],"product_tag":[],"class_list":{"0":"post-16327","1":"product","2":"type-product","3":"status-publish","4":"has-post-thumbnail","6":"product_cat-travaux-de-soudures-fr","7":"product_cat-gilets-de-sauvetage-gonflables-industrie-fr","8":"product_cat-catalogue","9":"pa_auftrieb-160-n-fr","10":"pa_auftriebsklasse-ce-150-n-fr","11":"pa_bergegurt-oui","12":"pa_ce-ce-fr-2","13":"pa_co2-patrone-32-g-fr-2","14":"pa_fenster-non","15":"pa_harness-non","16":"pa_notlicht-optional-fr","17":"pa_schrittgurt-en-option","18":"pa_sendervorbereitung-nein-fr","19":"pa_sk-form-classic-fr","20":"pa_spraycap-non","21":"pa_verschluss-boucle-de-fermeture-frontale-click","23":"first","24":"outofstock","25":"product-type-simple"},"acf":[],"yoast_head":"<!-- This site is optimized with the Yoast SEO plugin v24.6 - https:\/\/yoast.com\/wordpress\/plugins\/seo\/ -->\n<title>Golf 150 SPR - SECUMAR<\/title>\n<meta name=\"description\" content=\"Gilet de sauvetage gonflable automatique de la cat\u00e9gorie 150N pour usage professionnel sp\u00e9cialement concu pour les travaux &quot;durs&quot; et de soudures.\" \/>\n<meta name=\"robots\" content=\"index, follow, max-snippet:-1, max-image-preview:large, max-video-preview:-1\" \/>\n<link rel=\"canonical\" href=\"https:\/\/www.secumar.com\/fr\/produit\/golf-150-spr-3\/\" \/>\n<meta property=\"og:locale\" content=\"fr_FR\" \/>\n<meta property=\"og:type\" content=\"article\" \/>\n<meta property=\"og:title\" content=\"Golf 150 SPR - SECUMAR\" \/>\n<meta property=\"og:description\" content=\"Gilet de sauvetage gonflable automatique de la cat\u00e9gorie 150N pour usage professionnel sp\u00e9cialement concu pour les travaux &quot;durs&quot; et de soudures.\" \/>\n<meta property=\"og:url\" content=\"https:\/\/www.secumar.com\/fr\/produit\/golf-150-spr-3\/\" \/>\n<meta property=\"og:site_name\" content=\"SECUMAR\" \/>\n<meta property=\"article:publisher\" content=\"https:\/\/www.facebook.com\/Secumar\/\" \/>\n<meta property=\"article:modified_time\" content=\"2023-07-13T13:40:21+00:00\" \/>\n<meta property=\"og:image\" content=\"https:\/\/www.secumar.com\/wp-content\/uploads\/2015\/03\/GOLF-150-SPR.jpg\" \/>\n\t<meta property=\"og:image:width\" content=\"2593\" \/>\n\t<meta property=\"og:image:height\" content=\"2592\" \/>\n\t<meta property=\"og:image:type\" content=\"image\/jpeg\" \/>\n<meta name=\"twitter:card\" content=\"summary_large_image\" \/>\n<meta name=\"twitter:label1\" content=\"Dur\u00e9e de lecture estim\u00e9e\" \/>\n\t<meta name=\"twitter:data1\" content=\"1 minute\" \/>\n<script type=\"application\/ld+json\" class=\"yoast-schema-graph\">{\"@context\":\"https:\/\/schema.org\",\"@graph\":[{\"@type\":\"WebPage\",\"@id\":\"https:\/\/www.secumar.com\/fr\/produit\/golf-150-spr-3\/\",\"url\":\"https:\/\/www.secumar.com\/fr\/produit\/golf-150-spr-3\/\",\"name\":\"Golf 150 SPR - SECUMAR\",\"isPartOf\":{\"@id\":\"https:\/\/www.secumar.com\/#website\"},\"primaryImageOfPage\":{\"@id\":\"https:\/\/www.secumar.com\/fr\/produit\/golf-150-spr-3\/#primaryimage\"},\"image\":{\"@id\":\"https:\/\/www.secumar.com\/fr\/produit\/golf-150-spr-3\/#primaryimage\"},\"thumbnailUrl\":\"https:\/\/www.secumar.com\/wp-content\/uploads\/2015\/03\/GOLF-150-SPR.jpg\",\"datePublished\":\"2010-06-11T11:29:01+00:00\",\"dateModified\":\"2023-07-13T13:40:21+00:00\",\"description\":\"Gilet de sauvetage gonflable automatique de la cat\u00e9gorie 150N pour usage professionnel sp\u00e9cialement concu pour les travaux \\\"durs\\\" et de soudures.\",\"breadcrumb\":{\"@id\":\"https:\/\/www.secumar.com\/fr\/produit\/golf-150-spr-3\/#breadcrumb\"},\"inLanguage\":\"fr-FR\",\"potentialAction\":[{\"@type\":\"ReadAction\",\"target\":[\"https:\/\/www.secumar.com\/fr\/produit\/golf-150-spr-3\/\"]}]},{\"@type\":\"ImageObject\",\"inLanguage\":\"fr-FR\",\"@id\":\"https:\/\/www.secumar.com\/fr\/produit\/golf-150-spr-3\/#primaryimage\",\"url\":\"https:\/\/www.secumar.com\/wp-content\/uploads\/2015\/03\/GOLF-150-SPR.jpg\",\"contentUrl\":\"https:\/\/www.secumar.com\/wp-content\/uploads\/2015\/03\/GOLF-150-SPR.jpg\",\"width\":2593,\"height\":2592},{\"@type\":\"BreadcrumbList\",\"@id\":\"https:\/\/www.secumar.com\/fr\/produit\/golf-150-spr-3\/#breadcrumb\",\"itemListElement\":[{\"@type\":\"ListItem\",\"position\":1,\"name\":\"Startseite\",\"item\":\"https:\/\/www.secumar.com\/fr\/\"},{\"@type\":\"ListItem\",\"position\":2,\"name\":\"Tous Les Articles\",\"item\":\"https:\/\/www.secumar.com\/fr\/boutique\/\"},{\"@type\":\"ListItem\",\"position\":3,\"name\":\"Golf 150 SPR\"}]},{\"@type\":\"WebSite\",\"@id\":\"https:\/\/www.secumar.com\/#website\",\"url\":\"https:\/\/www.secumar.com\/\",\"name\":\"SECUMAR\",\"description\":\"Gilets de sauvetage\",\"publisher\":{\"@id\":\"https:\/\/www.secumar.com\/#organization\"},\"potentialAction\":[{\"@type\":\"SearchAction\",\"target\":{\"@type\":\"EntryPoint\",\"urlTemplate\":\"https:\/\/www.secumar.com\/?s={search_term_string}\"},\"query-input\":{\"@type\":\"PropertyValueSpecification\",\"valueRequired\":true,\"valueName\":\"search_term_string\"}}],\"inLanguage\":\"fr-FR\"},{\"@type\":\"Organization\",\"@id\":\"https:\/\/www.secumar.com\/#organization\",\"name\":\"Bernhardt Apparatebau GmbH u. Co.\",\"url\":\"https:\/\/www.secumar.com\/\",\"logo\":{\"@type\":\"ImageObject\",\"inLanguage\":\"fr-FR\",\"@id\":\"https:\/\/www.secumar.com\/#\/schema\/logo\/image\/\",\"url\":\"https:\/\/www.secumar.com\/wp-content\/uploads\/2016\/09\/S-Logo_150px-3.jpg\",\"contentUrl\":\"https:\/\/www.secumar.com\/wp-content\/uploads\/2016\/09\/S-Logo_150px-3.jpg\",\"width\":150,\"height\":150,\"caption\":\"Bernhardt Apparatebau GmbH u. Co.\"},\"image\":{\"@id\":\"https:\/\/www.secumar.com\/#\/schema\/logo\/image\/\"},\"sameAs\":[\"https:\/\/www.facebook.com\/Secumar\/\",\"https:\/\/www.instagram.com\/secumar\/\",\"https:\/\/www.linkedin.com\/company-beta\/8684519\/\",\"https:\/\/www.youtube.com\/user\/BernhardtApparatebau\",\"https:\/\/de.wikipedia.org\/wiki\/Secumar\"]}]}<\/script>\n<!-- \/ Yoast SEO plugin. -->","yoast_head_json":{"title":"Golf 150 SPR - SECUMAR","description":"Gilet de sauvetage gonflable automatique de la cat\u00e9gorie 150N pour usage professionnel sp\u00e9cialement concu pour les travaux \"durs\" et de soudures.","robots":{"index":"index","follow":"follow","max-snippet":"max-snippet:-1","max-image-preview":"max-image-preview:large","max-video-preview":"max-video-preview:-1"},"canonical":"https:\/\/www.secumar.com\/fr\/produit\/golf-150-spr-3\/","og_locale":"fr_FR","og_type":"article","og_title":"Golf 150 SPR - SECUMAR","og_description":"Gilet de sauvetage gonflable automatique de la cat\u00e9gorie 150N pour usage professionnel sp\u00e9cialement concu pour les travaux \"durs\" et de soudures.","og_url":"https:\/\/www.secumar.com\/fr\/produit\/golf-150-spr-3\/","og_site_name":"SECUMAR","article_publisher":"https:\/\/www.facebook.com\/Secumar\/","article_modified_time":"2023-07-13T13:40:21+00:00","og_image":[{"width":2593,"height":2592,"url":"https:\/\/www.secumar.com\/wp-content\/uploads\/2015\/03\/GOLF-150-SPR.jpg","type":"image\/jpeg"}],"twitter_card":"summary_large_image","twitter_misc":{"Dur\u00e9e de lecture estim\u00e9e":"1 minute"},"schema":{"@context":"https:\/\/schema.org","@graph":[{"@type":"WebPage","@id":"https:\/\/www.secumar.com\/fr\/produit\/golf-150-spr-3\/","url":"https:\/\/www.secumar.com\/fr\/produit\/golf-150-spr-3\/","name":"Golf 150 SPR - SECUMAR","isPartOf":{"@id":"https:\/\/www.secumar.com\/#website"},"primaryImageOfPage":{"@id":"https:\/\/www.secumar.com\/fr\/produit\/golf-150-spr-3\/#primaryimage"},"image":{"@id":"https:\/\/www.secumar.com\/fr\/produit\/golf-150-spr-3\/#primaryimage"},"thumbnailUrl":"https:\/\/www.secumar.com\/wp-content\/uploads\/2015\/03\/GOLF-150-SPR.jpg","datePublished":"2010-06-11T11:29:01+00:00","dateModified":"2023-07-13T13:40:21+00:00","description":"Gilet de sauvetage gonflable automatique de la cat\u00e9gorie 150N pour usage professionnel sp\u00e9cialement concu pour les travaux \"durs\" et de soudures.","breadcrumb":{"@id":"https:\/\/www.secumar.com\/fr\/produit\/golf-150-spr-3\/#breadcrumb"},"inLanguage":"fr-FR","potentialAction":[{"@type":"ReadAction","target":["https:\/\/www.secumar.com\/fr\/produit\/golf-150-spr-3\/"]}]},{"@type":"ImageObject","inLanguage":"fr-FR","@id":"https:\/\/www.secumar.com\/fr\/produit\/golf-150-spr-3\/#primaryimage","url":"https:\/\/www.secumar.com\/wp-content\/uploads\/2015\/03\/GOLF-150-SPR.jpg","contentUrl":"https:\/\/www.secumar.com\/wp-content\/uploads\/2015\/03\/GOLF-150-SPR.jpg","width":2593,"height":2592},{"@type":"BreadcrumbList","@id":"https:\/\/www.secumar.com\/fr\/produit\/golf-150-spr-3\/#breadcrumb","itemListElement":[{"@type":"ListItem","position":1,"name":"Startseite","item":"https:\/\/www.secumar.com\/fr\/"},{"@type":"ListItem","position":2,"name":"Tous Les Articles","item":"https:\/\/www.secumar.com\/fr\/boutique\/"},{"@type":"ListItem","position":3,"name":"Golf 150 SPR"}]},{"@type":"WebSite","@id":"https:\/\/www.secumar.com\/#website","url":"https:\/\/www.secumar.com\/","name":"SECUMAR","description":"Gilets de sauvetage","publisher":{"@id":"https:\/\/www.secumar.com\/#organization"},"potentialAction":[{"@type":"SearchAction","target":{"@type":"EntryPoint","urlTemplate":"https:\/\/www.secumar.com\/?s={search_term_string}"},"query-input":{"@type":"PropertyValueSpecification","valueRequired":true,"valueName":"search_term_string"}}],"inLanguage":"fr-FR"},{"@type":"Organization","@id":"https:\/\/www.secumar.com\/#organization","name":"Bernhardt Apparatebau GmbH u. Co.","url":"https:\/\/www.secumar.com\/","logo":{"@type":"ImageObject","inLanguage":"fr-FR","@id":"https:\/\/www.secumar.com\/#\/schema\/logo\/image\/","url":"https:\/\/www.secumar.com\/wp-content\/uploads\/2016\/09\/S-Logo_150px-3.jpg","contentUrl":"https:\/\/www.secumar.com\/wp-content\/uploads\/2016\/09\/S-Logo_150px-3.jpg","width":150,"height":150,"caption":"Bernhardt Apparatebau GmbH u. Co."},"image":{"@id":"https:\/\/www.secumar.com\/#\/schema\/logo\/image\/"},"sameAs":["https:\/\/www.facebook.com\/Secumar\/","https:\/\/www.instagram.com\/secumar\/","https:\/\/www.linkedin.com\/company-beta\/8684519\/","https:\/\/www.youtube.com\/user\/BernhardtApparatebau","https:\/\/de.wikipedia.org\/wiki\/Secumar"]}]}},"_links":{"self":[{"href":"https:\/\/www.secumar.com\/fr\/wp-json\/wp\/v2\/product\/16327","targetHints":{"allow":["GET"]}}],"collection":[{"href":"https:\/\/www.secumar.com\/fr\/wp-json\/wp\/v2\/product"}],"about":[{"href":"https:\/\/www.secumar.com\/fr\/wp-json\/wp\/v2\/types\/product"}],"replies":[{"embeddable":true,"href":"https:\/\/www.secumar.com\/fr\/wp-json\/wp\/v2\/comments?post=16327"}],"version-history":[{"count":6,"href":"https:\/\/www.secumar.com\/fr\/wp-json\/wp\/v2\/product\/16327\/revisions"}],"predecessor-version":[{"id":51843,"href":"https:\/\/www.secumar.com\/fr\/wp-json\/wp\/v2\/product\/16327\/revisions\/51843"}],"wp:featuredmedia":[{"embeddable":true,"href":"https:\/\/www.secumar.com\/fr\/wp-json\/wp\/v2\/media\/41486"}],"wp:attachment":[{"href":"https:\/\/www.secumar.com\/fr\/wp-json\/wp\/v2\/media?parent=16327"}],"wp:term":[{"taxonomy":"product_brand","embeddable":true,"href":"https:\/\/www.secumar.com\/fr\/wp-json\/wp\/v2\/product_brand?post=16327"},{"taxonomy":"product_cat","embeddable":true,"href":"https:\/\/www.secumar.com\/fr\/wp-json\/wp\/v2\/product_cat?post=16327"},{"taxonomy":"product_tag","embeddable":true,"href":"https:\/\/www.secumar.com\/fr\/wp-json\/wp\/v2\/product_tag?post=16327"}],"curies":[{"name":"wp","href":"https:\/\/api.w.org\/{rel}","templated":true}]}}