{"id":16305,"date":"2015-03-04T23:23:09","date_gmt":"2010-06-09T13:03:11","guid":{"rendered":"http:\/\/testumgebung.eureka-konzepte.de\/fr\/product\/golf-275-3\/"},"modified":"2023-07-17T12:01:03","modified_gmt":"2023-07-17T10:01:03","slug":"golf-275-3","status":"publish","type":"product","link":"https:\/\/www.secumar.com\/fr\/produit\/golf-275-3\/","title":{"rendered":"Golf 275"},"content":{"rendered":"<p>Ce gilet de sauvetage est \u00e9galement disponible dans une version pour utilisation \u00ab\u00a0travaux durs\/soudures\u00a0\u00bb avec une housse de protection renforc\u00e9e SPR (cf.<a href=\"https:\/\/www.secumar.com\/fr\/produit\/golf-275-spr-3\/\"> GOLF 275 SPR<\/a>)<\/p>\n","protected":false},"excerpt":{"rendered":"<p>Gilet de sauvetage gonflable automatique de la cat\u00e9gorie 275N concu pour usage professionnel. Entr\u00e9e de gamme.<\/p>\n<p>Enveloppe de protection en tissu de nylon robuste.<\/p>\n<p>Tr\u00e8s l\u00e9ger et compact.<\/p>\n","protected":false},"featured_media":18992,"comment_status":"closed","ping_status":"closed","template":"","meta":{"_acf_changed":false,"_searchwp_excluded":"","editor_plus_copied_stylings":"{}","footnotes":"","_links_to":"","_links_to_target":""},"product_brand":[],"product_cat":[735,736,739,740,744,2362],"product_tag":[],"class_list":{"0":"post-16305","1":"product","2":"type-product","3":"status-publish","4":"has-post-thumbnail","6":"product_cat-police-fr","7":"product_cat-secours","8":"product_cat-epi-usage-professionnel","9":"product_cat-autorites-maritimes-portuaires","10":"product_cat-gilets-de-sauvetage-gonflables-industrie-fr","11":"product_cat-catalogue","12":"pa_auftrieb-280-n-fr","13":"pa_auftriebsklasse-ce-275-n-fr","14":"pa_bergegurt-oui","15":"pa_ce-ce-fr-2","16":"pa_co2-patrone-56-g-fr-2","17":"pa_fenster-non","18":"pa_harness-non","19":"pa_notlicht-optional-fr","20":"pa_schrittgurt-en-option","21":"pa_sendervorbereitung-nein-fr","22":"pa_sk-form-classic-fr","23":"pa_spraycap-non","24":"pa_verschluss-boucle-de-fermeture-frontale-click","26":"first","27":"outofstock","28":"taxable","29":"shipping-taxable","30":"product-type-variable"},"acf":[],"yoast_head":"<!-- This site is optimized with the Yoast SEO plugin v24.6 - https:\/\/yoast.com\/wordpress\/plugins\/seo\/ -->\n<title>Golf 275 - SECUMAR<\/title>\n<meta name=\"description\" content=\"Gilet de sauvetage gonflable automatique de la cat\u00e9gorie 275N concus pour usage professionnel. Entr\u00e9e de gamme. Tr\u00e8s l\u00e9ger et compact.\" \/>\n<meta name=\"robots\" content=\"index, follow, max-snippet:-1, max-image-preview:large, max-video-preview:-1\" \/>\n<link rel=\"canonical\" href=\"https:\/\/www.secumar.com\/fr\/produit\/golf-275-3\/\" \/>\n<meta property=\"og:locale\" content=\"fr_FR\" \/>\n<meta property=\"og:type\" content=\"article\" \/>\n<meta property=\"og:title\" content=\"Golf 275 - SECUMAR\" \/>\n<meta property=\"og:description\" content=\"Gilet de sauvetage gonflable automatique de la cat\u00e9gorie 275N concus pour usage professionnel. Entr\u00e9e de gamme. Tr\u00e8s l\u00e9ger et compact.\" \/>\n<meta property=\"og:url\" content=\"https:\/\/www.secumar.com\/fr\/produit\/golf-275-3\/\" \/>\n<meta property=\"og:site_name\" content=\"SECUMAR\" \/>\n<meta property=\"article:publisher\" content=\"https:\/\/www.facebook.com\/Secumar\/\" \/>\n<meta property=\"article:modified_time\" content=\"2023-07-17T10:01:03+00:00\" \/>\n<meta property=\"og:image\" content=\"https:\/\/www.secumar.com\/wp-content\/uploads\/2015\/03\/Golf-275-F-.jpg\" \/>\n\t<meta property=\"og:image:width\" content=\"900\" \/>\n\t<meta property=\"og:image:height\" content=\"900\" \/>\n\t<meta property=\"og:image:type\" content=\"image\/jpeg\" \/>\n<meta name=\"twitter:card\" content=\"summary_large_image\" \/>\n<meta name=\"twitter:label1\" content=\"Dur\u00e9e de lecture estim\u00e9e\" \/>\n\t<meta name=\"twitter:data1\" content=\"1 minute\" \/>\n<script type=\"application\/ld+json\" class=\"yoast-schema-graph\">{\"@context\":\"https:\/\/schema.org\",\"@graph\":[{\"@type\":\"WebPage\",\"@id\":\"https:\/\/www.secumar.com\/fr\/produit\/golf-275-3\/\",\"url\":\"https:\/\/www.secumar.com\/fr\/produit\/golf-275-3\/\",\"name\":\"Golf 275 - SECUMAR\",\"isPartOf\":{\"@id\":\"https:\/\/www.secumar.com\/#website\"},\"primaryImageOfPage\":{\"@id\":\"https:\/\/www.secumar.com\/fr\/produit\/golf-275-3\/#primaryimage\"},\"image\":{\"@id\":\"https:\/\/www.secumar.com\/fr\/produit\/golf-275-3\/#primaryimage\"},\"thumbnailUrl\":\"https:\/\/www.secumar.com\/wp-content\/uploads\/2015\/03\/Golf-275-F-.jpg\",\"datePublished\":\"2010-06-09T13:03:11+00:00\",\"dateModified\":\"2023-07-17T10:01:03+00:00\",\"description\":\"Gilet de sauvetage gonflable automatique de la cat\u00e9gorie 275N concus pour usage professionnel. Entr\u00e9e de gamme. Tr\u00e8s l\u00e9ger et compact.\",\"breadcrumb\":{\"@id\":\"https:\/\/www.secumar.com\/fr\/produit\/golf-275-3\/#breadcrumb\"},\"inLanguage\":\"fr-FR\",\"potentialAction\":[{\"@type\":\"ReadAction\",\"target\":[\"https:\/\/www.secumar.com\/fr\/produit\/golf-275-3\/\"]}]},{\"@type\":\"ImageObject\",\"inLanguage\":\"fr-FR\",\"@id\":\"https:\/\/www.secumar.com\/fr\/produit\/golf-275-3\/#primaryimage\",\"url\":\"https:\/\/www.secumar.com\/wp-content\/uploads\/2015\/03\/Golf-275-F-.jpg\",\"contentUrl\":\"https:\/\/www.secumar.com\/wp-content\/uploads\/2015\/03\/Golf-275-F-.jpg\",\"width\":900,\"height\":900,\"caption\":\"Golf 275\"},{\"@type\":\"BreadcrumbList\",\"@id\":\"https:\/\/www.secumar.com\/fr\/produit\/golf-275-3\/#breadcrumb\",\"itemListElement\":[{\"@type\":\"ListItem\",\"position\":1,\"name\":\"Startseite\",\"item\":\"https:\/\/www.secumar.com\/fr\/\"},{\"@type\":\"ListItem\",\"position\":2,\"name\":\"Tous Les Articles\",\"item\":\"https:\/\/www.secumar.com\/fr\/boutique\/\"},{\"@type\":\"ListItem\",\"position\":3,\"name\":\"Golf 275\"}]},{\"@type\":\"WebSite\",\"@id\":\"https:\/\/www.secumar.com\/#website\",\"url\":\"https:\/\/www.secumar.com\/\",\"name\":\"SECUMAR\",\"description\":\"Gilets de sauvetage\",\"publisher\":{\"@id\":\"https:\/\/www.secumar.com\/#organization\"},\"potentialAction\":[{\"@type\":\"SearchAction\",\"target\":{\"@type\":\"EntryPoint\",\"urlTemplate\":\"https:\/\/www.secumar.com\/?s={search_term_string}\"},\"query-input\":{\"@type\":\"PropertyValueSpecification\",\"valueRequired\":true,\"valueName\":\"search_term_string\"}}],\"inLanguage\":\"fr-FR\"},{\"@type\":\"Organization\",\"@id\":\"https:\/\/www.secumar.com\/#organization\",\"name\":\"Bernhardt Apparatebau GmbH u. Co.\",\"url\":\"https:\/\/www.secumar.com\/\",\"logo\":{\"@type\":\"ImageObject\",\"inLanguage\":\"fr-FR\",\"@id\":\"https:\/\/www.secumar.com\/#\/schema\/logo\/image\/\",\"url\":\"https:\/\/www.secumar.com\/wp-content\/uploads\/2016\/09\/S-Logo_150px-3.jpg\",\"contentUrl\":\"https:\/\/www.secumar.com\/wp-content\/uploads\/2016\/09\/S-Logo_150px-3.jpg\",\"width\":150,\"height\":150,\"caption\":\"Bernhardt Apparatebau GmbH u. Co.\"},\"image\":{\"@id\":\"https:\/\/www.secumar.com\/#\/schema\/logo\/image\/\"},\"sameAs\":[\"https:\/\/www.facebook.com\/Secumar\/\",\"https:\/\/www.instagram.com\/secumar\/\",\"https:\/\/www.linkedin.com\/company-beta\/8684519\/\",\"https:\/\/www.youtube.com\/user\/BernhardtApparatebau\",\"https:\/\/de.wikipedia.org\/wiki\/Secumar\"]}]}<\/script>\n<!-- \/ Yoast SEO plugin. -->","yoast_head_json":{"title":"Golf 275 - SECUMAR","description":"Gilet de sauvetage gonflable automatique de la cat\u00e9gorie 275N concus pour usage professionnel. Entr\u00e9e de gamme. Tr\u00e8s l\u00e9ger et compact.","robots":{"index":"index","follow":"follow","max-snippet":"max-snippet:-1","max-image-preview":"max-image-preview:large","max-video-preview":"max-video-preview:-1"},"canonical":"https:\/\/www.secumar.com\/fr\/produit\/golf-275-3\/","og_locale":"fr_FR","og_type":"article","og_title":"Golf 275 - SECUMAR","og_description":"Gilet de sauvetage gonflable automatique de la cat\u00e9gorie 275N concus pour usage professionnel. Entr\u00e9e de gamme. Tr\u00e8s l\u00e9ger et compact.","og_url":"https:\/\/www.secumar.com\/fr\/produit\/golf-275-3\/","og_site_name":"SECUMAR","article_publisher":"https:\/\/www.facebook.com\/Secumar\/","article_modified_time":"2023-07-17T10:01:03+00:00","og_image":[{"width":900,"height":900,"url":"https:\/\/www.secumar.com\/wp-content\/uploads\/2015\/03\/Golf-275-F-.jpg","type":"image\/jpeg"}],"twitter_card":"summary_large_image","twitter_misc":{"Dur\u00e9e de lecture estim\u00e9e":"1 minute"},"schema":{"@context":"https:\/\/schema.org","@graph":[{"@type":"WebPage","@id":"https:\/\/www.secumar.com\/fr\/produit\/golf-275-3\/","url":"https:\/\/www.secumar.com\/fr\/produit\/golf-275-3\/","name":"Golf 275 - SECUMAR","isPartOf":{"@id":"https:\/\/www.secumar.com\/#website"},"primaryImageOfPage":{"@id":"https:\/\/www.secumar.com\/fr\/produit\/golf-275-3\/#primaryimage"},"image":{"@id":"https:\/\/www.secumar.com\/fr\/produit\/golf-275-3\/#primaryimage"},"thumbnailUrl":"https:\/\/www.secumar.com\/wp-content\/uploads\/2015\/03\/Golf-275-F-.jpg","datePublished":"2010-06-09T13:03:11+00:00","dateModified":"2023-07-17T10:01:03+00:00","description":"Gilet de sauvetage gonflable automatique de la cat\u00e9gorie 275N concus pour usage professionnel. Entr\u00e9e de gamme. Tr\u00e8s l\u00e9ger et compact.","breadcrumb":{"@id":"https:\/\/www.secumar.com\/fr\/produit\/golf-275-3\/#breadcrumb"},"inLanguage":"fr-FR","potentialAction":[{"@type":"ReadAction","target":["https:\/\/www.secumar.com\/fr\/produit\/golf-275-3\/"]}]},{"@type":"ImageObject","inLanguage":"fr-FR","@id":"https:\/\/www.secumar.com\/fr\/produit\/golf-275-3\/#primaryimage","url":"https:\/\/www.secumar.com\/wp-content\/uploads\/2015\/03\/Golf-275-F-.jpg","contentUrl":"https:\/\/www.secumar.com\/wp-content\/uploads\/2015\/03\/Golf-275-F-.jpg","width":900,"height":900,"caption":"Golf 275"},{"@type":"BreadcrumbList","@id":"https:\/\/www.secumar.com\/fr\/produit\/golf-275-3\/#breadcrumb","itemListElement":[{"@type":"ListItem","position":1,"name":"Startseite","item":"https:\/\/www.secumar.com\/fr\/"},{"@type":"ListItem","position":2,"name":"Tous Les Articles","item":"https:\/\/www.secumar.com\/fr\/boutique\/"},{"@type":"ListItem","position":3,"name":"Golf 275"}]},{"@type":"WebSite","@id":"https:\/\/www.secumar.com\/#website","url":"https:\/\/www.secumar.com\/","name":"SECUMAR","description":"Gilets de sauvetage","publisher":{"@id":"https:\/\/www.secumar.com\/#organization"},"potentialAction":[{"@type":"SearchAction","target":{"@type":"EntryPoint","urlTemplate":"https:\/\/www.secumar.com\/?s={search_term_string}"},"query-input":{"@type":"PropertyValueSpecification","valueRequired":true,"valueName":"search_term_string"}}],"inLanguage":"fr-FR"},{"@type":"Organization","@id":"https:\/\/www.secumar.com\/#organization","name":"Bernhardt Apparatebau GmbH u. Co.","url":"https:\/\/www.secumar.com\/","logo":{"@type":"ImageObject","inLanguage":"fr-FR","@id":"https:\/\/www.secumar.com\/#\/schema\/logo\/image\/","url":"https:\/\/www.secumar.com\/wp-content\/uploads\/2016\/09\/S-Logo_150px-3.jpg","contentUrl":"https:\/\/www.secumar.com\/wp-content\/uploads\/2016\/09\/S-Logo_150px-3.jpg","width":150,"height":150,"caption":"Bernhardt Apparatebau GmbH u. Co."},"image":{"@id":"https:\/\/www.secumar.com\/#\/schema\/logo\/image\/"},"sameAs":["https:\/\/www.facebook.com\/Secumar\/","https:\/\/www.instagram.com\/secumar\/","https:\/\/www.linkedin.com\/company-beta\/8684519\/","https:\/\/www.youtube.com\/user\/BernhardtApparatebau","https:\/\/de.wikipedia.org\/wiki\/Secumar"]}]}},"_links":{"self":[{"href":"https:\/\/www.secumar.com\/fr\/wp-json\/wp\/v2\/product\/16305","targetHints":{"allow":["GET"]}}],"collection":[{"href":"https:\/\/www.secumar.com\/fr\/wp-json\/wp\/v2\/product"}],"about":[{"href":"https:\/\/www.secumar.com\/fr\/wp-json\/wp\/v2\/types\/product"}],"replies":[{"embeddable":true,"href":"https:\/\/www.secumar.com\/fr\/wp-json\/wp\/v2\/comments?post=16305"}],"version-history":[{"count":9,"href":"https:\/\/www.secumar.com\/fr\/wp-json\/wp\/v2\/product\/16305\/revisions"}],"predecessor-version":[{"id":51867,"href":"https:\/\/www.secumar.com\/fr\/wp-json\/wp\/v2\/product\/16305\/revisions\/51867"}],"wp:featuredmedia":[{"embeddable":true,"href":"https:\/\/www.secumar.com\/fr\/wp-json\/wp\/v2\/media\/18992"}],"wp:attachment":[{"href":"https:\/\/www.secumar.com\/fr\/wp-json\/wp\/v2\/media?parent=16305"}],"wp:term":[{"taxonomy":"product_brand","embeddable":true,"href":"https:\/\/www.secumar.com\/fr\/wp-json\/wp\/v2\/product_brand?post=16305"},{"taxonomy":"product_cat","embeddable":true,"href":"https:\/\/www.secumar.com\/fr\/wp-json\/wp\/v2\/product_cat?post=16305"},{"taxonomy":"product_tag","embeddable":true,"href":"https:\/\/www.secumar.com\/fr\/wp-json\/wp\/v2\/product_tag?post=16305"}],"curies":[{"name":"wp","href":"https:\/\/api.w.org\/{rel}","templated":true}]}}