{"id":16303,"date":"2014-06-05T23:38:46","date_gmt":"2010-06-09T13:04:01","guid":{"rendered":"http:\/\/testumgebung.eureka-konzepte.de\/fr\/product\/pastilles-de-rechange-4001s-pill-box-4-3\/"},"modified":"2016-09-08T14:02:00","modified_gmt":"2016-09-08T12:02:00","slug":"pastilles-de-rechange-4001s-pill-box-4-3","status":"publish","type":"product","link":"https:\/\/www.secumar.com\/fr\/produit\/pastilles-de-rechange-4001s-pill-box-4-3\/","title":{"rendered":"Pastilles de rechange 4001S: PILL-BOX 4"},"content":{"rendered":"","protected":false},"excerpt":{"rendered":"<p>Plaquette de 4 pastilles de rechange pour percuteur SECUMATIC 4001S. Chaque pastille est positionn\u00e9e dans une petite cage en plastique protectrice.<\/p>\n<p>Les pastilles de celluloses SECUMAR sont mesur\u00e9es et control\u00e9es une \u00e0 une. Une diff\u00e9rence de poids de 0,03gr. par pastille est le seuil de tol\u00e9rance maximum admissible.<\/p>\n<p>Une divergence de densit\u00e9 par rapport au cahier des charges impliquerait un retardement du d\u00e9clenchement, ou une non-activation du gilet de sauvetage.<\/p>\n","protected":false},"featured_media":18681,"comment_status":"closed","ping_status":"closed","template":"","meta":{"_acf_changed":false,"_searchwp_excluded":"","editor_plus_copied_stylings":"{}","footnotes":"","_links_to":"","_links_to_target":""},"product_brand":[],"product_cat":[755,2531],"product_tag":[],"class_list":{"0":"post-16303","1":"product","2":"type-product","3":"status-publish","4":"has-post-thumbnail","6":"product_cat-accessoires","7":"product_cat-accessoires-fr","9":"first","10":"instock","11":"taxable","12":"shipping-taxable","13":"purchasable","14":"product-type-simple"},"acf":[],"yoast_head":"<!-- This site is optimized with the Yoast SEO plugin v24.6 - https:\/\/yoast.com\/wordpress\/plugins\/seo\/ -->\n<title>Pastilles de rechange 4001S: PILL-BOX 4 - SECUMAR<\/title>\n<meta name=\"robots\" content=\"index, follow, max-snippet:-1, max-image-preview:large, max-video-preview:-1\" \/>\n<link rel=\"canonical\" href=\"https:\/\/www.secumar.com\/fr\/produit\/pastilles-de-rechange-4001s-pill-box-4-3\/\" \/>\n<meta property=\"og:locale\" content=\"fr_FR\" \/>\n<meta property=\"og:type\" content=\"article\" \/>\n<meta property=\"og:title\" content=\"Pastilles de rechange 4001S: PILL-BOX 4 - SECUMAR\" \/>\n<meta property=\"og:description\" content=\"Plaquette de 4 pastilles de rechange pour percuteur SECUMATIC 4001S. Chaque pastille est positionn\u00e9e dans une petite cage en plastique protectrice.  Les pastilles de celluloses SECUMAR sont mesur\u00e9es et control\u00e9es une \u00e0 une. Une diff\u00e9rence de poids de 0,03gr. par pastille est le seuil de tol\u00e9rance maximum admissible.  Une divergence de densit\u00e9 par rapport au cahier des charges impliquerait un retardement du d\u00e9clenchement, ou une non-activation du gilet de sauvetage.\" \/>\n<meta property=\"og:url\" content=\"https:\/\/www.secumar.com\/fr\/produit\/pastilles-de-rechange-4001s-pill-box-4-3\/\" \/>\n<meta property=\"og:site_name\" content=\"SECUMAR\" \/>\n<meta property=\"article:publisher\" content=\"https:\/\/www.facebook.com\/Secumar\/\" \/>\n<meta property=\"article:modified_time\" content=\"2016-09-08T12:02:00+00:00\" \/>\n<meta property=\"og:image\" content=\"https:\/\/www.secumar.com\/wp-content\/uploads\/2016\/06\/Blisterpack-mit-4-Pillen-f\u00fcr-SECUMATIC-4001.jpg\" \/>\n\t<meta property=\"og:image:width\" content=\"900\" \/>\n\t<meta property=\"og:image:height\" content=\"900\" \/>\n\t<meta property=\"og:image:type\" content=\"image\/jpeg\" \/>\n<meta name=\"twitter:card\" content=\"summary_large_image\" \/>\n<script type=\"application\/ld+json\" class=\"yoast-schema-graph\">{\"@context\":\"https:\/\/schema.org\",\"@graph\":[{\"@type\":\"WebPage\",\"@id\":\"https:\/\/www.secumar.com\/fr\/produit\/pastilles-de-rechange-4001s-pill-box-4-3\/\",\"url\":\"https:\/\/www.secumar.com\/fr\/produit\/pastilles-de-rechange-4001s-pill-box-4-3\/\",\"name\":\"Pastilles de rechange 4001S: PILL-BOX 4 - SECUMAR\",\"isPartOf\":{\"@id\":\"https:\/\/www.secumar.com\/#website\"},\"primaryImageOfPage\":{\"@id\":\"https:\/\/www.secumar.com\/fr\/produit\/pastilles-de-rechange-4001s-pill-box-4-3\/#primaryimage\"},\"image\":{\"@id\":\"https:\/\/www.secumar.com\/fr\/produit\/pastilles-de-rechange-4001s-pill-box-4-3\/#primaryimage\"},\"thumbnailUrl\":\"https:\/\/www.secumar.com\/wp-content\/uploads\/2016\/06\/Blisterpack-mit-4-Pillen-f\u00fcr-SECUMATIC-4001.jpg\",\"datePublished\":\"2010-06-09T13:04:01+00:00\",\"dateModified\":\"2016-09-08T12:02:00+00:00\",\"breadcrumb\":{\"@id\":\"https:\/\/www.secumar.com\/fr\/produit\/pastilles-de-rechange-4001s-pill-box-4-3\/#breadcrumb\"},\"inLanguage\":\"fr-FR\",\"potentialAction\":[{\"@type\":\"ReadAction\",\"target\":[\"https:\/\/www.secumar.com\/fr\/produit\/pastilles-de-rechange-4001s-pill-box-4-3\/\"]}]},{\"@type\":\"ImageObject\",\"inLanguage\":\"fr-FR\",\"@id\":\"https:\/\/www.secumar.com\/fr\/produit\/pastilles-de-rechange-4001s-pill-box-4-3\/#primaryimage\",\"url\":\"https:\/\/www.secumar.com\/wp-content\/uploads\/2016\/06\/Blisterpack-mit-4-Pillen-f\u00fcr-SECUMATIC-4001.jpg\",\"contentUrl\":\"https:\/\/www.secumar.com\/wp-content\/uploads\/2016\/06\/Blisterpack-mit-4-Pillen-f\u00fcr-SECUMATIC-4001.jpg\",\"width\":900,\"height\":900,\"caption\":\"Blisterpack mit 4 Pillen f\u00fcr SECUMATIC 4001\"},{\"@type\":\"BreadcrumbList\",\"@id\":\"https:\/\/www.secumar.com\/fr\/produit\/pastilles-de-rechange-4001s-pill-box-4-3\/#breadcrumb\",\"itemListElement\":[{\"@type\":\"ListItem\",\"position\":1,\"name\":\"Startseite\",\"item\":\"https:\/\/www.secumar.com\/fr\/\"},{\"@type\":\"ListItem\",\"position\":2,\"name\":\"Tous Les Articles\",\"item\":\"https:\/\/www.secumar.com\/fr\/boutique\/\"},{\"@type\":\"ListItem\",\"position\":3,\"name\":\"Pastilles de rechange 4001S: PILL-BOX 4\"}]},{\"@type\":\"WebSite\",\"@id\":\"https:\/\/www.secumar.com\/#website\",\"url\":\"https:\/\/www.secumar.com\/\",\"name\":\"SECUMAR\",\"description\":\"Gilets de sauvetage\",\"publisher\":{\"@id\":\"https:\/\/www.secumar.com\/#organization\"},\"potentialAction\":[{\"@type\":\"SearchAction\",\"target\":{\"@type\":\"EntryPoint\",\"urlTemplate\":\"https:\/\/www.secumar.com\/?s={search_term_string}\"},\"query-input\":{\"@type\":\"PropertyValueSpecification\",\"valueRequired\":true,\"valueName\":\"search_term_string\"}}],\"inLanguage\":\"fr-FR\"},{\"@type\":\"Organization\",\"@id\":\"https:\/\/www.secumar.com\/#organization\",\"name\":\"Bernhardt Apparatebau GmbH u. Co.\",\"url\":\"https:\/\/www.secumar.com\/\",\"logo\":{\"@type\":\"ImageObject\",\"inLanguage\":\"fr-FR\",\"@id\":\"https:\/\/www.secumar.com\/#\/schema\/logo\/image\/\",\"url\":\"https:\/\/www.secumar.com\/wp-content\/uploads\/2016\/09\/S-Logo_150px-3.jpg\",\"contentUrl\":\"https:\/\/www.secumar.com\/wp-content\/uploads\/2016\/09\/S-Logo_150px-3.jpg\",\"width\":150,\"height\":150,\"caption\":\"Bernhardt Apparatebau GmbH u. Co.\"},\"image\":{\"@id\":\"https:\/\/www.secumar.com\/#\/schema\/logo\/image\/\"},\"sameAs\":[\"https:\/\/www.facebook.com\/Secumar\/\",\"https:\/\/www.instagram.com\/secumar\/\",\"https:\/\/www.linkedin.com\/company-beta\/8684519\/\",\"https:\/\/www.youtube.com\/user\/BernhardtApparatebau\",\"https:\/\/de.wikipedia.org\/wiki\/Secumar\"]}]}<\/script>\n<!-- \/ Yoast SEO plugin. -->","yoast_head_json":{"title":"Pastilles de rechange 4001S: PILL-BOX 4 - SECUMAR","robots":{"index":"index","follow":"follow","max-snippet":"max-snippet:-1","max-image-preview":"max-image-preview:large","max-video-preview":"max-video-preview:-1"},"canonical":"https:\/\/www.secumar.com\/fr\/produit\/pastilles-de-rechange-4001s-pill-box-4-3\/","og_locale":"fr_FR","og_type":"article","og_title":"Pastilles de rechange 4001S: PILL-BOX 4 - SECUMAR","og_description":"Plaquette de 4 pastilles de rechange pour percuteur SECUMATIC 4001S. Chaque pastille est positionn\u00e9e dans une petite cage en plastique protectrice.  Les pastilles de celluloses SECUMAR sont mesur\u00e9es et control\u00e9es une \u00e0 une. Une diff\u00e9rence de poids de 0,03gr. par pastille est le seuil de tol\u00e9rance maximum admissible.  Une divergence de densit\u00e9 par rapport au cahier des charges impliquerait un retardement du d\u00e9clenchement, ou une non-activation du gilet de sauvetage.","og_url":"https:\/\/www.secumar.com\/fr\/produit\/pastilles-de-rechange-4001s-pill-box-4-3\/","og_site_name":"SECUMAR","article_publisher":"https:\/\/www.facebook.com\/Secumar\/","article_modified_time":"2016-09-08T12:02:00+00:00","og_image":[{"width":900,"height":900,"url":"https:\/\/www.secumar.com\/wp-content\/uploads\/2016\/06\/Blisterpack-mit-4-Pillen-f\u00fcr-SECUMATIC-4001.jpg","type":"image\/jpeg"}],"twitter_card":"summary_large_image","schema":{"@context":"https:\/\/schema.org","@graph":[{"@type":"WebPage","@id":"https:\/\/www.secumar.com\/fr\/produit\/pastilles-de-rechange-4001s-pill-box-4-3\/","url":"https:\/\/www.secumar.com\/fr\/produit\/pastilles-de-rechange-4001s-pill-box-4-3\/","name":"Pastilles de rechange 4001S: PILL-BOX 4 - SECUMAR","isPartOf":{"@id":"https:\/\/www.secumar.com\/#website"},"primaryImageOfPage":{"@id":"https:\/\/www.secumar.com\/fr\/produit\/pastilles-de-rechange-4001s-pill-box-4-3\/#primaryimage"},"image":{"@id":"https:\/\/www.secumar.com\/fr\/produit\/pastilles-de-rechange-4001s-pill-box-4-3\/#primaryimage"},"thumbnailUrl":"https:\/\/www.secumar.com\/wp-content\/uploads\/2016\/06\/Blisterpack-mit-4-Pillen-f\u00fcr-SECUMATIC-4001.jpg","datePublished":"2010-06-09T13:04:01+00:00","dateModified":"2016-09-08T12:02:00+00:00","breadcrumb":{"@id":"https:\/\/www.secumar.com\/fr\/produit\/pastilles-de-rechange-4001s-pill-box-4-3\/#breadcrumb"},"inLanguage":"fr-FR","potentialAction":[{"@type":"ReadAction","target":["https:\/\/www.secumar.com\/fr\/produit\/pastilles-de-rechange-4001s-pill-box-4-3\/"]}]},{"@type":"ImageObject","inLanguage":"fr-FR","@id":"https:\/\/www.secumar.com\/fr\/produit\/pastilles-de-rechange-4001s-pill-box-4-3\/#primaryimage","url":"https:\/\/www.secumar.com\/wp-content\/uploads\/2016\/06\/Blisterpack-mit-4-Pillen-f\u00fcr-SECUMATIC-4001.jpg","contentUrl":"https:\/\/www.secumar.com\/wp-content\/uploads\/2016\/06\/Blisterpack-mit-4-Pillen-f\u00fcr-SECUMATIC-4001.jpg","width":900,"height":900,"caption":"Blisterpack mit 4 Pillen f\u00fcr SECUMATIC 4001"},{"@type":"BreadcrumbList","@id":"https:\/\/www.secumar.com\/fr\/produit\/pastilles-de-rechange-4001s-pill-box-4-3\/#breadcrumb","itemListElement":[{"@type":"ListItem","position":1,"name":"Startseite","item":"https:\/\/www.secumar.com\/fr\/"},{"@type":"ListItem","position":2,"name":"Tous Les Articles","item":"https:\/\/www.secumar.com\/fr\/boutique\/"},{"@type":"ListItem","position":3,"name":"Pastilles de rechange 4001S: PILL-BOX 4"}]},{"@type":"WebSite","@id":"https:\/\/www.secumar.com\/#website","url":"https:\/\/www.secumar.com\/","name":"SECUMAR","description":"Gilets de sauvetage","publisher":{"@id":"https:\/\/www.secumar.com\/#organization"},"potentialAction":[{"@type":"SearchAction","target":{"@type":"EntryPoint","urlTemplate":"https:\/\/www.secumar.com\/?s={search_term_string}"},"query-input":{"@type":"PropertyValueSpecification","valueRequired":true,"valueName":"search_term_string"}}],"inLanguage":"fr-FR"},{"@type":"Organization","@id":"https:\/\/www.secumar.com\/#organization","name":"Bernhardt Apparatebau GmbH u. Co.","url":"https:\/\/www.secumar.com\/","logo":{"@type":"ImageObject","inLanguage":"fr-FR","@id":"https:\/\/www.secumar.com\/#\/schema\/logo\/image\/","url":"https:\/\/www.secumar.com\/wp-content\/uploads\/2016\/09\/S-Logo_150px-3.jpg","contentUrl":"https:\/\/www.secumar.com\/wp-content\/uploads\/2016\/09\/S-Logo_150px-3.jpg","width":150,"height":150,"caption":"Bernhardt Apparatebau GmbH u. Co."},"image":{"@id":"https:\/\/www.secumar.com\/#\/schema\/logo\/image\/"},"sameAs":["https:\/\/www.facebook.com\/Secumar\/","https:\/\/www.instagram.com\/secumar\/","https:\/\/www.linkedin.com\/company-beta\/8684519\/","https:\/\/www.youtube.com\/user\/BernhardtApparatebau","https:\/\/de.wikipedia.org\/wiki\/Secumar"]}]}},"_links":{"self":[{"href":"https:\/\/www.secumar.com\/fr\/wp-json\/wp\/v2\/product\/16303","targetHints":{"allow":["GET"]}}],"collection":[{"href":"https:\/\/www.secumar.com\/fr\/wp-json\/wp\/v2\/product"}],"about":[{"href":"https:\/\/www.secumar.com\/fr\/wp-json\/wp\/v2\/types\/product"}],"replies":[{"embeddable":true,"href":"https:\/\/www.secumar.com\/fr\/wp-json\/wp\/v2\/comments?post=16303"}],"version-history":[{"count":0,"href":"https:\/\/www.secumar.com\/fr\/wp-json\/wp\/v2\/product\/16303\/revisions"}],"wp:featuredmedia":[{"embeddable":true,"href":"https:\/\/www.secumar.com\/fr\/wp-json\/wp\/v2\/media\/18681"}],"wp:attachment":[{"href":"https:\/\/www.secumar.com\/fr\/wp-json\/wp\/v2\/media?parent=16303"}],"wp:term":[{"taxonomy":"product_brand","embeddable":true,"href":"https:\/\/www.secumar.com\/fr\/wp-json\/wp\/v2\/product_brand?post=16303"},{"taxonomy":"product_cat","embeddable":true,"href":"https:\/\/www.secumar.com\/fr\/wp-json\/wp\/v2\/product_cat?post=16303"},{"taxonomy":"product_tag","embeddable":true,"href":"https:\/\/www.secumar.com\/fr\/wp-json\/wp\/v2\/product_tag?post=16303"}],"curies":[{"name":"wp","href":"https:\/\/api.w.org\/{rel}","templated":true}]}}