{"id":16300,"date":"2015-03-04T23:23:34","date_gmt":"2010-06-09T13:03:34","guid":{"rendered":"http:\/\/testumgebung.eureka-konzepte.de\/fr\/product\/mob-kit-homme-a-la-mer-3\/"},"modified":"2019-02-07T11:24:49","modified_gmt":"2019-02-07T10:24:49","slug":"mob-kit-homme-a-la-mer-3","status":"publish","type":"product","link":"https:\/\/www.secumar.com\/fr\/produit\/mob-kit-homme-a-la-mer-3\/","title":{"rendered":"MOB-KIT, Homme \u00e0 la mer"},"content":{"rendered":"<p>Sac en toile enduite (54x42x15 cm) avec rabat et sangles de fixation au verso. Contenu: SECU 17 et 30m de filin jaune flottant.<\/p>\n<p>Nous recommandons le MOB-KIT avec les \u00e9lements suivants: la SECU 17 avec le filin de r\u00e9cup\u00e9ration flottant, le syst\u00e8me SECULIFT et le feu de survie SECULUX. Le tout stock\u00e9 dans un sac pour la r\u00e9cup\u00e9ration d\u2018un homme \u00e0 la mer. Cette combinaison est bien plus efficace que les syst\u00e8mes \u00e0 ceinture flottante.<\/p>\n<p>Equipements conseill\u00e9s pour le MOB-KIT: feu de survie clignotant SECULUX L92, syst\u00e8me de r\u00e9cup\u00e9ration SECULIFT LWS25.<\/p>\n<p>&nbsp;<\/p>\n<h2>Norme:<\/h2>\n<ul>\n<li>DIN EN 395<\/li>\n<\/ul>\n","protected":false},"excerpt":{"rendered":"<p>Syst\u00e8me de r\u00e9cup\u00e9ration d&rsquo;homme \u00e0 la mer int\u00e9grant le gilet de sauvetage de type \u00ab\u00a0bou\u00e9e\u00a0\u00bb SECU 17 et 30m de filin jaune flottant.<\/p>\n","protected":false},"featured_media":57557,"comment_status":"closed","ping_status":"closed","template":"","meta":{"_acf_changed":false,"_searchwp_excluded":"","editor_plus_copied_stylings":"{}","footnotes":"","_links_to":"","_links_to_target":""},"product_brand":[],"product_cat":[1209,714],"product_tag":[],"class_list":{"0":"post-16300","1":"product","2":"type-product","3":"status-publish","4":"has-post-thumbnail","6":"product_cat-brassieres-loisir-fr","7":"product_cat-homme-a-la-mer-fr","8":"pa_auftrieb-145-n-fr-2","9":"pa_bergegurt-non","10":"pa_notlicht-optional-fr","11":"pa_schrittgurt-non","12":"pa_sendervorbereitung-nein-fr","13":"pa_spraycap-non","14":"pa_verschluss-sangles","16":"first","17":"instock","18":"taxable","19":"shipping-taxable","20":"purchasable","21":"product-type-simple"},"acf":[],"yoast_head":"<!-- This site is optimized with the Yoast SEO plugin v24.6 - https:\/\/yoast.com\/wordpress\/plugins\/seo\/ -->\n<title>MOB-KIT, Homme \u00e0 la mer - SECUMAR<\/title>\n<meta name=\"robots\" content=\"index, follow, max-snippet:-1, max-image-preview:large, max-video-preview:-1\" \/>\n<link rel=\"canonical\" href=\"https:\/\/www.secumar.com\/fr\/produit\/mob-kit-homme-a-la-mer-3\/\" \/>\n<meta property=\"og:locale\" content=\"fr_FR\" \/>\n<meta property=\"og:type\" content=\"article\" \/>\n<meta property=\"og:title\" content=\"MOB-KIT, Homme \u00e0 la mer - SECUMAR\" \/>\n<meta property=\"og:description\" content=\"Syst\u00e8me de r\u00e9cup\u00e9ration d&#039;homme \u00e0 la mer int\u00e9grant le gilet de sauvetage de type &quot;bou\u00e9e&quot; SECU 17 et 30m de filin jaune flottant.\" \/>\n<meta property=\"og:url\" content=\"https:\/\/www.secumar.com\/fr\/produit\/mob-kit-homme-a-la-mer-3\/\" \/>\n<meta property=\"og:site_name\" content=\"SECUMAR\" \/>\n<meta property=\"article:publisher\" content=\"https:\/\/www.facebook.com\/Secumar\/\" \/>\n<meta property=\"article:modified_time\" content=\"2019-02-07T10:24:49+00:00\" \/>\n<meta property=\"og:image\" content=\"https:\/\/www.secumar.com\/wp-content\/uploads\/2015\/03\/MOB-Paket-850x850-1.png\" \/>\n\t<meta property=\"og:image:width\" content=\"850\" \/>\n\t<meta property=\"og:image:height\" content=\"850\" \/>\n\t<meta property=\"og:image:type\" content=\"image\/png\" \/>\n<meta name=\"twitter:card\" content=\"summary_large_image\" \/>\n<meta name=\"twitter:label1\" content=\"Dur\u00e9e de lecture estim\u00e9e\" \/>\n\t<meta name=\"twitter:data1\" content=\"1 minute\" \/>\n<script type=\"application\/ld+json\" class=\"yoast-schema-graph\">{\"@context\":\"https:\/\/schema.org\",\"@graph\":[{\"@type\":\"WebPage\",\"@id\":\"https:\/\/www.secumar.com\/fr\/produit\/mob-kit-homme-a-la-mer-3\/\",\"url\":\"https:\/\/www.secumar.com\/fr\/produit\/mob-kit-homme-a-la-mer-3\/\",\"name\":\"MOB-KIT, Homme \u00e0 la mer - SECUMAR\",\"isPartOf\":{\"@id\":\"https:\/\/www.secumar.com\/#website\"},\"primaryImageOfPage\":{\"@id\":\"https:\/\/www.secumar.com\/fr\/produit\/mob-kit-homme-a-la-mer-3\/#primaryimage\"},\"image\":{\"@id\":\"https:\/\/www.secumar.com\/fr\/produit\/mob-kit-homme-a-la-mer-3\/#primaryimage\"},\"thumbnailUrl\":\"https:\/\/www.secumar.com\/wp-content\/uploads\/2015\/03\/MOB-Paket-800x800-1.png\",\"datePublished\":\"2010-06-09T13:03:34+00:00\",\"dateModified\":\"2019-02-07T10:24:49+00:00\",\"breadcrumb\":{\"@id\":\"https:\/\/www.secumar.com\/fr\/produit\/mob-kit-homme-a-la-mer-3\/#breadcrumb\"},\"inLanguage\":\"fr-FR\",\"potentialAction\":[{\"@type\":\"ReadAction\",\"target\":[\"https:\/\/www.secumar.com\/fr\/produit\/mob-kit-homme-a-la-mer-3\/\"]}]},{\"@type\":\"ImageObject\",\"inLanguage\":\"fr-FR\",\"@id\":\"https:\/\/www.secumar.com\/fr\/produit\/mob-kit-homme-a-la-mer-3\/#primaryimage\",\"url\":\"https:\/\/www.secumar.com\/wp-content\/uploads\/2015\/03\/MOB-Paket-800x800-1.png\",\"contentUrl\":\"https:\/\/www.secumar.com\/wp-content\/uploads\/2015\/03\/MOB-Paket-800x800-1.png\",\"width\":800,\"height\":801},{\"@type\":\"BreadcrumbList\",\"@id\":\"https:\/\/www.secumar.com\/fr\/produit\/mob-kit-homme-a-la-mer-3\/#breadcrumb\",\"itemListElement\":[{\"@type\":\"ListItem\",\"position\":1,\"name\":\"Startseite\",\"item\":\"https:\/\/www.secumar.com\/fr\/\"},{\"@type\":\"ListItem\",\"position\":2,\"name\":\"Tous Les Articles\",\"item\":\"https:\/\/www.secumar.com\/fr\/boutique\/\"},{\"@type\":\"ListItem\",\"position\":3,\"name\":\"MOB-KIT, Homme \u00e0 la mer\"}]},{\"@type\":\"WebSite\",\"@id\":\"https:\/\/www.secumar.com\/#website\",\"url\":\"https:\/\/www.secumar.com\/\",\"name\":\"SECUMAR\",\"description\":\"Gilets de sauvetage\",\"publisher\":{\"@id\":\"https:\/\/www.secumar.com\/#organization\"},\"potentialAction\":[{\"@type\":\"SearchAction\",\"target\":{\"@type\":\"EntryPoint\",\"urlTemplate\":\"https:\/\/www.secumar.com\/?s={search_term_string}\"},\"query-input\":{\"@type\":\"PropertyValueSpecification\",\"valueRequired\":true,\"valueName\":\"search_term_string\"}}],\"inLanguage\":\"fr-FR\"},{\"@type\":\"Organization\",\"@id\":\"https:\/\/www.secumar.com\/#organization\",\"name\":\"Bernhardt Apparatebau GmbH u. Co.\",\"url\":\"https:\/\/www.secumar.com\/\",\"logo\":{\"@type\":\"ImageObject\",\"inLanguage\":\"fr-FR\",\"@id\":\"https:\/\/www.secumar.com\/#\/schema\/logo\/image\/\",\"url\":\"https:\/\/www.secumar.com\/wp-content\/uploads\/2016\/09\/S-Logo_150px-3.jpg\",\"contentUrl\":\"https:\/\/www.secumar.com\/wp-content\/uploads\/2016\/09\/S-Logo_150px-3.jpg\",\"width\":150,\"height\":150,\"caption\":\"Bernhardt Apparatebau GmbH u. Co.\"},\"image\":{\"@id\":\"https:\/\/www.secumar.com\/#\/schema\/logo\/image\/\"},\"sameAs\":[\"https:\/\/www.facebook.com\/Secumar\/\",\"https:\/\/www.instagram.com\/secumar\/\",\"https:\/\/www.linkedin.com\/company-beta\/8684519\/\",\"https:\/\/www.youtube.com\/user\/BernhardtApparatebau\",\"https:\/\/de.wikipedia.org\/wiki\/Secumar\"]}]}<\/script>\n<!-- \/ Yoast SEO plugin. -->","yoast_head_json":{"title":"MOB-KIT, Homme \u00e0 la mer - SECUMAR","robots":{"index":"index","follow":"follow","max-snippet":"max-snippet:-1","max-image-preview":"max-image-preview:large","max-video-preview":"max-video-preview:-1"},"canonical":"https:\/\/www.secumar.com\/fr\/produit\/mob-kit-homme-a-la-mer-3\/","og_locale":"fr_FR","og_type":"article","og_title":"MOB-KIT, Homme \u00e0 la mer - SECUMAR","og_description":"Syst\u00e8me de r\u00e9cup\u00e9ration d'homme \u00e0 la mer int\u00e9grant le gilet de sauvetage de type \"bou\u00e9e\" SECU 17 et 30m de filin jaune flottant.","og_url":"https:\/\/www.secumar.com\/fr\/produit\/mob-kit-homme-a-la-mer-3\/","og_site_name":"SECUMAR","article_publisher":"https:\/\/www.facebook.com\/Secumar\/","article_modified_time":"2019-02-07T10:24:49+00:00","og_image":[{"width":850,"height":850,"url":"https:\/\/www.secumar.com\/wp-content\/uploads\/2015\/03\/MOB-Paket-850x850-1.png","type":"image\/png"}],"twitter_card":"summary_large_image","twitter_misc":{"Dur\u00e9e de lecture estim\u00e9e":"1 minute"},"schema":{"@context":"https:\/\/schema.org","@graph":[{"@type":"WebPage","@id":"https:\/\/www.secumar.com\/fr\/produit\/mob-kit-homme-a-la-mer-3\/","url":"https:\/\/www.secumar.com\/fr\/produit\/mob-kit-homme-a-la-mer-3\/","name":"MOB-KIT, Homme \u00e0 la mer - SECUMAR","isPartOf":{"@id":"https:\/\/www.secumar.com\/#website"},"primaryImageOfPage":{"@id":"https:\/\/www.secumar.com\/fr\/produit\/mob-kit-homme-a-la-mer-3\/#primaryimage"},"image":{"@id":"https:\/\/www.secumar.com\/fr\/produit\/mob-kit-homme-a-la-mer-3\/#primaryimage"},"thumbnailUrl":"https:\/\/www.secumar.com\/wp-content\/uploads\/2015\/03\/MOB-Paket-800x800-1.png","datePublished":"2010-06-09T13:03:34+00:00","dateModified":"2019-02-07T10:24:49+00:00","breadcrumb":{"@id":"https:\/\/www.secumar.com\/fr\/produit\/mob-kit-homme-a-la-mer-3\/#breadcrumb"},"inLanguage":"fr-FR","potentialAction":[{"@type":"ReadAction","target":["https:\/\/www.secumar.com\/fr\/produit\/mob-kit-homme-a-la-mer-3\/"]}]},{"@type":"ImageObject","inLanguage":"fr-FR","@id":"https:\/\/www.secumar.com\/fr\/produit\/mob-kit-homme-a-la-mer-3\/#primaryimage","url":"https:\/\/www.secumar.com\/wp-content\/uploads\/2015\/03\/MOB-Paket-800x800-1.png","contentUrl":"https:\/\/www.secumar.com\/wp-content\/uploads\/2015\/03\/MOB-Paket-800x800-1.png","width":800,"height":801},{"@type":"BreadcrumbList","@id":"https:\/\/www.secumar.com\/fr\/produit\/mob-kit-homme-a-la-mer-3\/#breadcrumb","itemListElement":[{"@type":"ListItem","position":1,"name":"Startseite","item":"https:\/\/www.secumar.com\/fr\/"},{"@type":"ListItem","position":2,"name":"Tous Les Articles","item":"https:\/\/www.secumar.com\/fr\/boutique\/"},{"@type":"ListItem","position":3,"name":"MOB-KIT, Homme \u00e0 la mer"}]},{"@type":"WebSite","@id":"https:\/\/www.secumar.com\/#website","url":"https:\/\/www.secumar.com\/","name":"SECUMAR","description":"Gilets de sauvetage","publisher":{"@id":"https:\/\/www.secumar.com\/#organization"},"potentialAction":[{"@type":"SearchAction","target":{"@type":"EntryPoint","urlTemplate":"https:\/\/www.secumar.com\/?s={search_term_string}"},"query-input":{"@type":"PropertyValueSpecification","valueRequired":true,"valueName":"search_term_string"}}],"inLanguage":"fr-FR"},{"@type":"Organization","@id":"https:\/\/www.secumar.com\/#organization","name":"Bernhardt Apparatebau GmbH u. Co.","url":"https:\/\/www.secumar.com\/","logo":{"@type":"ImageObject","inLanguage":"fr-FR","@id":"https:\/\/www.secumar.com\/#\/schema\/logo\/image\/","url":"https:\/\/www.secumar.com\/wp-content\/uploads\/2016\/09\/S-Logo_150px-3.jpg","contentUrl":"https:\/\/www.secumar.com\/wp-content\/uploads\/2016\/09\/S-Logo_150px-3.jpg","width":150,"height":150,"caption":"Bernhardt Apparatebau GmbH u. Co."},"image":{"@id":"https:\/\/www.secumar.com\/#\/schema\/logo\/image\/"},"sameAs":["https:\/\/www.facebook.com\/Secumar\/","https:\/\/www.instagram.com\/secumar\/","https:\/\/www.linkedin.com\/company-beta\/8684519\/","https:\/\/www.youtube.com\/user\/BernhardtApparatebau","https:\/\/de.wikipedia.org\/wiki\/Secumar"]}]}},"_links":{"self":[{"href":"https:\/\/www.secumar.com\/fr\/wp-json\/wp\/v2\/product\/16300","targetHints":{"allow":["GET"]}}],"collection":[{"href":"https:\/\/www.secumar.com\/fr\/wp-json\/wp\/v2\/product"}],"about":[{"href":"https:\/\/www.secumar.com\/fr\/wp-json\/wp\/v2\/types\/product"}],"replies":[{"embeddable":true,"href":"https:\/\/www.secumar.com\/fr\/wp-json\/wp\/v2\/comments?post=16300"}],"version-history":[{"count":1,"href":"https:\/\/www.secumar.com\/fr\/wp-json\/wp\/v2\/product\/16300\/revisions"}],"predecessor-version":[{"id":39318,"href":"https:\/\/www.secumar.com\/fr\/wp-json\/wp\/v2\/product\/16300\/revisions\/39318"}],"wp:featuredmedia":[{"embeddable":true,"href":"https:\/\/www.secumar.com\/fr\/wp-json\/wp\/v2\/media\/57557"}],"wp:attachment":[{"href":"https:\/\/www.secumar.com\/fr\/wp-json\/wp\/v2\/media?parent=16300"}],"wp:term":[{"taxonomy":"product_brand","embeddable":true,"href":"https:\/\/www.secumar.com\/fr\/wp-json\/wp\/v2\/product_brand?post=16300"},{"taxonomy":"product_cat","embeddable":true,"href":"https:\/\/www.secumar.com\/fr\/wp-json\/wp\/v2\/product_cat?post=16300"},{"taxonomy":"product_tag","embeddable":true,"href":"https:\/\/www.secumar.com\/fr\/wp-json\/wp\/v2\/product_tag?post=16300"}],"curies":[{"name":"wp","href":"https:\/\/api.w.org\/{rel}","templated":true}]}}