{"id":60279,"date":"2026-03-24T19:21:06","date_gmt":"2026-03-24T18:21:06","guid":{"rendered":"https:\/\/www.secumar.com\/?page_id=60279"},"modified":"2026-03-25T14:49:21","modified_gmt":"2026-03-25T13:49:21","slug":"instructions-dinstallation-du-seculux-led-ii","status":"publish","type":"page","link":"https:\/\/www.secumar.com\/fr\/instructions-dinstallation-du-seculux-led-ii\/","title":{"rendered":"Instructions d\u2019installation du SECULUX LED-II"},"content":{"rendered":"<p class=\" eplus-wrapper\">Dans ces vid\u00e9os, nous vous montrons \u00e9tape par \u00e9tape comment installer correctement le feu de survie de d\u00e9tresse <a href=\"https:\/\/www.secumar.com\/fr\/das-rettungswestenlicht-rettet-leben\/seculux-led-ii-2\/\">SECULUX LED-II<\/a> dans les <a href=\"https:\/\/www.secumar.com\/fr\/categorie-produit\/loisir-sport-fr\/categorie-de-produits-loisirs-fr\/gilets-de-sauvetage-gonflables\/\">gilets de sauvetage gonflables loisirs SECUMAR<\/a>. Dans les trois vid\u00e9os ci-dessous, vous apprendrez comment installer le feu de survie dans les mod\u00e8les les plus courants :<\/p><h2 class=\" wp-block-heading eplus-wrapper\">Enveloppe gonflable WINGLET<\/h2><div class=\"my-video-container eplus-styles-uid-1915c0\"> <div class=\"brlbs-cmpnt-container brlbs-cmpnt-content-blocker brlbs-cmpnt-with-individual-styles\" data-borlabs-cookie-content-blocker-id=\"youtube-content-blocker\" data-borlabs-cookie-content=\"PGlmcmFtZSBjbGFzcz0ibXktdmlkZW8iIHRpdGxlPSJZb3VUdWJlIHZpZGVvIHBsYXllciIgc3JjPSJodHRwczovL3d3dy55b3V0dWJlLW5vY29va2llLmNvbS9lbWJlZC9HZ1pYNGc0NndWayIgZnJhbWVib3JkZXI9IjAiIGFsbG93ZnVsbHNjcmVlbj0iYWxsb3dmdWxsc2NyZWVuIj48L2lmcmFtZT4=\"><div class=\"brlbs-cmpnt-cb-preset-c brlbs-cmpnt-cb-youtube\"> <div class=\"brlbs-cmpnt-cb-thumbnail\" style=\"background-image: url('https:\/\/www.secumar.com\/wp-content\/uploads\/borlabs-cookie\/1\/yt_GgZX4g46wVk_hqdefault.jpg')\"><\/div> <div class=\"brlbs-cmpnt-cb-main\"> <div class=\"brlbs-cmpnt-cb-play-button\"><\/div> <div class=\"brlbs-cmpnt-cb-content\"> <p class=\"brlbs-cmpnt-cb-description\">Vous \u00eates actuellement en train de consulter le contenu d&rsquo;un espace r\u00e9serv\u00e9 de <strong>YouTube<\/strong>. Pour acc\u00e9der au contenu r\u00e9el, cliquez sur le bouton ci-dessous. Veuillez noter que ce faisant, des donn\u00e9es seront partag\u00e9es avec des providers tiers.<\/p> <a class=\"brlbs-cmpnt-cb-provider-toggle\" href=\"#\" data-borlabs-cookie-show-provider-information role=\"button\">Plus d&rsquo;informations<\/a> <\/div> <div class=\"brlbs-cmpnt-cb-buttons\"> <a class=\"brlbs-cmpnt-cb-btn\" href=\"#\" data-borlabs-cookie-unblock role=\"button\">D\u00e9bloquer le contenu<\/a> <a class=\"brlbs-cmpnt-cb-btn\" href=\"#\" data-borlabs-cookie-accept-service role=\"button\" style=\"display: inherit\">Accepter le service requis et d\u00e9bloquer les contenus<\/a> <\/div> <\/div> <\/div><\/div><\/div><h2 class=\" wp-block-heading eplus-wrapper\">Enveloppe gonflable CLASSIC<\/h2><div class=\"my-video-container eplus-styles-uid-64d7cc\"> <div class=\"brlbs-cmpnt-container brlbs-cmpnt-content-blocker brlbs-cmpnt-with-individual-styles\" data-borlabs-cookie-content-blocker-id=\"youtube-content-blocker\" data-borlabs-cookie-content=\"PGlmcmFtZSBjbGFzcz0ibXktdmlkZW8iIHRpdGxlPSJZb3VUdWJlIHZpZGVvIHBsYXllciIgc3JjPSJodHRwczovL3d3dy55b3V0dWJlLW5vY29va2llLmNvbS9lbWJlZC9uUHFJOW50bmllSSIgZnJhbWVib3JkZXI9IjAiIGFsbG93ZnVsbHNjcmVlbj0iYWxsb3dmdWxsc2NyZWVuIj48L2lmcmFtZT4=\"><div class=\"brlbs-cmpnt-cb-preset-c brlbs-cmpnt-cb-youtube\"> <div class=\"brlbs-cmpnt-cb-thumbnail\" style=\"background-image: url('https:\/\/www.secumar.com\/wp-content\/uploads\/borlabs-cookie\/1\/yt_nPqI9ntnieI_hqdefault.jpg')\"><\/div> <div class=\"brlbs-cmpnt-cb-main\"> <div class=\"brlbs-cmpnt-cb-play-button\"><\/div> <div class=\"brlbs-cmpnt-cb-content\"> <p class=\"brlbs-cmpnt-cb-description\">Vous \u00eates actuellement en train de consulter le contenu d&rsquo;un espace r\u00e9serv\u00e9 de <strong>YouTube<\/strong>. Pour acc\u00e9der au contenu r\u00e9el, cliquez sur le bouton ci-dessous. Veuillez noter que ce faisant, des donn\u00e9es seront partag\u00e9es avec des providers tiers.<\/p> <a class=\"brlbs-cmpnt-cb-provider-toggle\" href=\"#\" data-borlabs-cookie-show-provider-information role=\"button\">Plus d&rsquo;informations<\/a> <\/div> <div class=\"brlbs-cmpnt-cb-buttons\"> <a class=\"brlbs-cmpnt-cb-btn\" href=\"#\" data-borlabs-cookie-unblock role=\"button\">D\u00e9bloquer le contenu<\/a> <a class=\"brlbs-cmpnt-cb-btn\" href=\"#\" data-borlabs-cookie-accept-service role=\"button\" style=\"display: inherit\">Accepter le service requis et d\u00e9bloquer les contenus<\/a> <\/div> <\/div> <\/div><\/div><\/div><h2 class=\" wp-block-heading eplus-wrapper\">SECUFIT<\/h2><div class=\"my-video-container eplus-styles-uid-64d7cc\"> <div class=\"brlbs-cmpnt-container brlbs-cmpnt-content-blocker brlbs-cmpnt-with-individual-styles\" data-borlabs-cookie-content-blocker-id=\"youtube-content-blocker\" data-borlabs-cookie-content=\"PGlmcmFtZSBjbGFzcz0ibXktdmlkZW8iIHRpdGxlPSJZb3VUdWJlIHZpZGVvIHBsYXllciIgc3JjPSJodHRwczovL3d3dy55b3V0dWJlLW5vY29va2llLmNvbS9lbWJlZC9CSmU4WU1ac1c1TSIgZnJhbWVib3JkZXI9IjAiIGFsbG93ZnVsbHNjcmVlbj0iYWxsb3dmdWxsc2NyZWVuIj48L2lmcmFtZT4=\"><div class=\"brlbs-cmpnt-cb-preset-c brlbs-cmpnt-cb-youtube\"> <div class=\"brlbs-cmpnt-cb-thumbnail\" style=\"background-image: url('https:\/\/www.secumar.com\/wp-content\/uploads\/borlabs-cookie\/1\/yt_BJe8YMZsW5M_hqdefault.jpg')\"><\/div> <div class=\"brlbs-cmpnt-cb-main\"> <div class=\"brlbs-cmpnt-cb-play-button\"><\/div> <div class=\"brlbs-cmpnt-cb-content\"> <p class=\"brlbs-cmpnt-cb-description\">Vous \u00eates actuellement en train de consulter le contenu d&rsquo;un espace r\u00e9serv\u00e9 de <strong>YouTube<\/strong>. Pour acc\u00e9der au contenu r\u00e9el, cliquez sur le bouton ci-dessous. Veuillez noter que ce faisant, des donn\u00e9es seront partag\u00e9es avec des providers tiers.<\/p> <a class=\"brlbs-cmpnt-cb-provider-toggle\" href=\"#\" data-borlabs-cookie-show-provider-information role=\"button\">Plus d&rsquo;informations<\/a> <\/div> <div class=\"brlbs-cmpnt-cb-buttons\"> <a class=\"brlbs-cmpnt-cb-btn\" href=\"#\" data-borlabs-cookie-unblock role=\"button\">D\u00e9bloquer le contenu<\/a> <a class=\"brlbs-cmpnt-cb-btn\" href=\"#\" data-borlabs-cookie-accept-service role=\"button\" style=\"display: inherit\">Accepter le service requis et d\u00e9bloquer les contenus<\/a> <\/div> <\/div> <\/div><\/div><\/div>","protected":false},"excerpt":{"rendered":"<p>Dans ces vid\u00e9os, nous vous montrons \u00e9tape par \u00e9tape comment installer correctement le feu de survie de d\u00e9tresse SECULUX LED-II dans les gilets de sauvetage gonflables loisirs SECUMAR. Dans les trois vid\u00e9os ci-dessous, vous apprendrez comment installer le feu de survie dans les mod\u00e8les les plus courants : Enveloppe gonflable WINGLET Vous \u00eates actuellement en [&hellip;]<\/p>\n","protected":false},"author":782,"featured_media":0,"parent":0,"menu_order":0,"comment_status":"closed","ping_status":"closed","template":"","meta":{"_acf_changed":false,"_searchwp_excluded":"","editor_plus_copied_stylings":"{}","footnotes":"","_links_to":"","_links_to_target":""},"class_list":["post-60279","page","type-page","status-publish","hentry"],"acf":[],"yoast_head":"<!-- This site is optimized with the Yoast SEO plugin v24.6 - https:\/\/yoast.com\/wordpress\/plugins\/seo\/ -->\n<title>Instructions d\u2019installation du SECULUX LED-II - SECUMAR<\/title>\n<meta name=\"robots\" content=\"index, follow, max-snippet:-1, max-image-preview:large, max-video-preview:-1\" \/>\n<link rel=\"canonical\" href=\"https:\/\/www.secumar.com\/fr\/instructions-dinstallation-du-seculux-led-ii\/\" \/>\n<meta property=\"og:locale\" content=\"fr_FR\" \/>\n<meta property=\"og:type\" content=\"article\" \/>\n<meta property=\"og:title\" content=\"Instructions d\u2019installation du SECULUX LED-II - SECUMAR\" \/>\n<meta property=\"og:description\" content=\"Dans ces vid\u00e9os, nous vous montrons \u00e9tape par \u00e9tape comment installer correctement le feu de survie de d\u00e9tresse SECULUX LED-II dans les gilets de sauvetage gonflables loisirs SECUMAR. Dans les trois vid\u00e9os ci-dessous, vous apprendrez comment installer le feu de survie dans les mod\u00e8les les plus courants : Enveloppe gonflable WINGLET Vous \u00eates actuellement en [&hellip;]\" \/>\n<meta property=\"og:url\" content=\"https:\/\/www.secumar.com\/fr\/instructions-dinstallation-du-seculux-led-ii\/\" \/>\n<meta property=\"og:site_name\" content=\"SECUMAR\" \/>\n<meta property=\"article:publisher\" content=\"https:\/\/www.facebook.com\/Secumar\/\" \/>\n<meta property=\"article:modified_time\" content=\"2026-03-25T13:49:21+00:00\" \/>\n<meta property=\"og:image\" content=\"https:\/\/www.secumar.com\/wp-content\/uploads\/2016\/09\/S-Logo_150px.jpg\" \/>\n\t<meta property=\"og:image:width\" content=\"150\" \/>\n\t<meta property=\"og:image:height\" content=\"150\" \/>\n\t<meta property=\"og:image:type\" content=\"image\/jpeg\" \/>\n<meta name=\"twitter:card\" content=\"summary_large_image\" \/>\n<meta name=\"twitter:label1\" content=\"Dur\u00e9e de lecture estim\u00e9e\" \/>\n\t<meta name=\"twitter:data1\" content=\"1 minute\" \/>\n<script type=\"application\/ld+json\" class=\"yoast-schema-graph\">{\"@context\":\"https:\/\/schema.org\",\"@graph\":[{\"@type\":\"WebPage\",\"@id\":\"https:\/\/www.secumar.com\/fr\/instructions-dinstallation-du-seculux-led-ii\/\",\"url\":\"https:\/\/www.secumar.com\/fr\/instructions-dinstallation-du-seculux-led-ii\/\",\"name\":\"Instructions d\u2019installation du SECULUX LED-II - SECUMAR\",\"isPartOf\":{\"@id\":\"https:\/\/www.secumar.com\/#website\"},\"datePublished\":\"2026-03-24T18:21:06+00:00\",\"dateModified\":\"2026-03-25T13:49:21+00:00\",\"breadcrumb\":{\"@id\":\"https:\/\/www.secumar.com\/fr\/instructions-dinstallation-du-seculux-led-ii\/#breadcrumb\"},\"inLanguage\":\"fr-FR\",\"potentialAction\":[{\"@type\":\"ReadAction\",\"target\":[\"https:\/\/www.secumar.com\/fr\/instructions-dinstallation-du-seculux-led-ii\/\"]}]},{\"@type\":\"BreadcrumbList\",\"@id\":\"https:\/\/www.secumar.com\/fr\/instructions-dinstallation-du-seculux-led-ii\/#breadcrumb\",\"itemListElement\":[{\"@type\":\"ListItem\",\"position\":1,\"name\":\"Startseite\",\"item\":\"https:\/\/www.secumar.com\/fr\/\"},{\"@type\":\"ListItem\",\"position\":2,\"name\":\"Instructions d\u2019installation du SECULUX LED-II\"}]},{\"@type\":\"WebSite\",\"@id\":\"https:\/\/www.secumar.com\/#website\",\"url\":\"https:\/\/www.secumar.com\/\",\"name\":\"SECUMAR\",\"description\":\"Gilets de sauvetage\",\"publisher\":{\"@id\":\"https:\/\/www.secumar.com\/#organization\"},\"potentialAction\":[{\"@type\":\"SearchAction\",\"target\":{\"@type\":\"EntryPoint\",\"urlTemplate\":\"https:\/\/www.secumar.com\/?s={search_term_string}\"},\"query-input\":{\"@type\":\"PropertyValueSpecification\",\"valueRequired\":true,\"valueName\":\"search_term_string\"}}],\"inLanguage\":\"fr-FR\"},{\"@type\":\"Organization\",\"@id\":\"https:\/\/www.secumar.com\/#organization\",\"name\":\"Bernhardt Apparatebau GmbH u. Co.\",\"url\":\"https:\/\/www.secumar.com\/\",\"logo\":{\"@type\":\"ImageObject\",\"inLanguage\":\"fr-FR\",\"@id\":\"https:\/\/www.secumar.com\/#\/schema\/logo\/image\/\",\"url\":\"https:\/\/www.secumar.com\/wp-content\/uploads\/2016\/09\/S-Logo_150px-3.jpg\",\"contentUrl\":\"https:\/\/www.secumar.com\/wp-content\/uploads\/2016\/09\/S-Logo_150px-3.jpg\",\"width\":150,\"height\":150,\"caption\":\"Bernhardt Apparatebau GmbH u. Co.\"},\"image\":{\"@id\":\"https:\/\/www.secumar.com\/#\/schema\/logo\/image\/\"},\"sameAs\":[\"https:\/\/www.facebook.com\/Secumar\/\",\"https:\/\/www.instagram.com\/secumar\/\",\"https:\/\/www.linkedin.com\/company-beta\/8684519\/\",\"https:\/\/www.youtube.com\/user\/BernhardtApparatebau\",\"https:\/\/de.wikipedia.org\/wiki\/Secumar\"]}]}<\/script>\n<!-- \/ Yoast SEO plugin. -->","yoast_head_json":{"title":"Instructions d\u2019installation du SECULUX LED-II - SECUMAR","robots":{"index":"index","follow":"follow","max-snippet":"max-snippet:-1","max-image-preview":"max-image-preview:large","max-video-preview":"max-video-preview:-1"},"canonical":"https:\/\/www.secumar.com\/fr\/instructions-dinstallation-du-seculux-led-ii\/","og_locale":"fr_FR","og_type":"article","og_title":"Instructions d\u2019installation du SECULUX LED-II - SECUMAR","og_description":"Dans ces vid\u00e9os, nous vous montrons \u00e9tape par \u00e9tape comment installer correctement le feu de survie de d\u00e9tresse SECULUX LED-II dans les gilets de sauvetage gonflables loisirs SECUMAR. Dans les trois vid\u00e9os ci-dessous, vous apprendrez comment installer le feu de survie dans les mod\u00e8les les plus courants : Enveloppe gonflable WINGLET Vous \u00eates actuellement en [&hellip;]","og_url":"https:\/\/www.secumar.com\/fr\/instructions-dinstallation-du-seculux-led-ii\/","og_site_name":"SECUMAR","article_publisher":"https:\/\/www.facebook.com\/Secumar\/","article_modified_time":"2026-03-25T13:49:21+00:00","og_image":[{"width":150,"height":150,"url":"https:\/\/www.secumar.com\/wp-content\/uploads\/2016\/09\/S-Logo_150px.jpg","type":"image\/jpeg"}],"twitter_card":"summary_large_image","twitter_misc":{"Dur\u00e9e de lecture estim\u00e9e":"1 minute"},"schema":{"@context":"https:\/\/schema.org","@graph":[{"@type":"WebPage","@id":"https:\/\/www.secumar.com\/fr\/instructions-dinstallation-du-seculux-led-ii\/","url":"https:\/\/www.secumar.com\/fr\/instructions-dinstallation-du-seculux-led-ii\/","name":"Instructions d\u2019installation du SECULUX LED-II - SECUMAR","isPartOf":{"@id":"https:\/\/www.secumar.com\/#website"},"datePublished":"2026-03-24T18:21:06+00:00","dateModified":"2026-03-25T13:49:21+00:00","breadcrumb":{"@id":"https:\/\/www.secumar.com\/fr\/instructions-dinstallation-du-seculux-led-ii\/#breadcrumb"},"inLanguage":"fr-FR","potentialAction":[{"@type":"ReadAction","target":["https:\/\/www.secumar.com\/fr\/instructions-dinstallation-du-seculux-led-ii\/"]}]},{"@type":"BreadcrumbList","@id":"https:\/\/www.secumar.com\/fr\/instructions-dinstallation-du-seculux-led-ii\/#breadcrumb","itemListElement":[{"@type":"ListItem","position":1,"name":"Startseite","item":"https:\/\/www.secumar.com\/fr\/"},{"@type":"ListItem","position":2,"name":"Instructions d\u2019installation du SECULUX LED-II"}]},{"@type":"WebSite","@id":"https:\/\/www.secumar.com\/#website","url":"https:\/\/www.secumar.com\/","name":"SECUMAR","description":"Gilets de sauvetage","publisher":{"@id":"https:\/\/www.secumar.com\/#organization"},"potentialAction":[{"@type":"SearchAction","target":{"@type":"EntryPoint","urlTemplate":"https:\/\/www.secumar.com\/?s={search_term_string}"},"query-input":{"@type":"PropertyValueSpecification","valueRequired":true,"valueName":"search_term_string"}}],"inLanguage":"fr-FR"},{"@type":"Organization","@id":"https:\/\/www.secumar.com\/#organization","name":"Bernhardt Apparatebau GmbH u. Co.","url":"https:\/\/www.secumar.com\/","logo":{"@type":"ImageObject","inLanguage":"fr-FR","@id":"https:\/\/www.secumar.com\/#\/schema\/logo\/image\/","url":"https:\/\/www.secumar.com\/wp-content\/uploads\/2016\/09\/S-Logo_150px-3.jpg","contentUrl":"https:\/\/www.secumar.com\/wp-content\/uploads\/2016\/09\/S-Logo_150px-3.jpg","width":150,"height":150,"caption":"Bernhardt Apparatebau GmbH u. Co."},"image":{"@id":"https:\/\/www.secumar.com\/#\/schema\/logo\/image\/"},"sameAs":["https:\/\/www.facebook.com\/Secumar\/","https:\/\/www.instagram.com\/secumar\/","https:\/\/www.linkedin.com\/company-beta\/8684519\/","https:\/\/www.youtube.com\/user\/BernhardtApparatebau","https:\/\/de.wikipedia.org\/wiki\/Secumar"]}]}},"_links":{"self":[{"href":"https:\/\/www.secumar.com\/fr\/wp-json\/wp\/v2\/pages\/60279","targetHints":{"allow":["GET"]}}],"collection":[{"href":"https:\/\/www.secumar.com\/fr\/wp-json\/wp\/v2\/pages"}],"about":[{"href":"https:\/\/www.secumar.com\/fr\/wp-json\/wp\/v2\/types\/page"}],"author":[{"embeddable":true,"href":"https:\/\/www.secumar.com\/fr\/wp-json\/wp\/v2\/users\/782"}],"replies":[{"embeddable":true,"href":"https:\/\/www.secumar.com\/fr\/wp-json\/wp\/v2\/comments?post=60279"}],"version-history":[{"count":5,"href":"https:\/\/www.secumar.com\/fr\/wp-json\/wp\/v2\/pages\/60279\/revisions"}],"predecessor-version":[{"id":60295,"href":"https:\/\/www.secumar.com\/fr\/wp-json\/wp\/v2\/pages\/60279\/revisions\/60295"}],"wp:attachment":[{"href":"https:\/\/www.secumar.com\/fr\/wp-json\/wp\/v2\/media?parent=60279"}],"curies":[{"name":"wp","href":"https:\/\/api.w.org\/{rel}","templated":true}]}}