{"id":38760,"date":"2019-01-31T12:32:07","date_gmt":"2019-01-31T11:32:07","guid":{"rendered":"https:\/\/www.secumar.com\/?page_id=38760"},"modified":"2020-01-07T14:10:24","modified_gmt":"2020-01-07T13:10:24","slug":"service-apres-vente","status":"publish","type":"page","link":"https:\/\/www.secumar.com\/fr\/service-apres-vente\/","title":{"rendered":"Service apr\u00e8s-vente"},"content":{"rendered":"<div class=\"sec-help-board\">\n<div class=\"col-sm-8 col-xs-12 kachel\" title=\"Recherche dans l\u2019assistance produit SECUMAR\"><a href=\"https:\/\/www.secumar.com\/fr\/support-de-produit\/\"><img decoding=\"async\" src=\"https:\/\/www.secumar.com\/wp-content\/uploads\/2016\/08\/produktsupport.png\" alt=\"Recherche dans l\u2019assistance produit SECUMAR\" \/><strong>Assistance technique<\/strong><\/a><\/div>\n<div class=\"col-sm-4 col-xs-6 kachel\" title=\"Comment choisir son gilet de sauvetage?\"><a href=\"https:\/\/www.secumar.com\/fr\/comment-choisir-son-gilet-de-sauvetage\/\"><img decoding=\"async\" src=\"https:\/\/www.secumar.com\/wp-content\/uploads\/2016\/08\/berater.png\" alt=\"Comment choisir son gilet de sauvetage?\" \/><strong>Guide gilets de sauvetage<\/strong><\/a><\/div>\n<div class=\"col-sm-4 col-xs-6 kachel\" title=\"Stations de r\u00e9vision agr\u00e9\u00e9es\"><a href=\"https:\/\/www.secumar.com\/fr\/secumar-store-locator\/?cat=entretien\"><img decoding=\"async\" src=\"https:\/\/www.secumar.com\/wp-content\/uploads\/2016\/08\/wartung.png\" alt=\"Stations de r\u00e9vision agr\u00e9\u00e9es\" \/><strong>Stations de r\u00e9vision<\/strong><\/a><\/div>\n<div class=\"col-sm-4 col-xs-12 kachel\" title=\"A-t-on le droit de transporter son gilet de sauvetage gonflable \u00e0 bord d\u2018un avion?\"><a href=\"https:\/\/www.secumar.com\/fr\/a-t-on-le-droit-de-transporter-son-gilet-de-sauvetage-gonflable-a-bord-dun-avion\/\"><img decoding=\"async\" src=\"https:\/\/www.secumar.com\/wp-content\/uploads\/2017\/05\/flugzeug-1.png\" alt=\"Transport en avion\" \/><strong>Transport en avion<\/strong><\/a><\/div>\n<div class=\"col-sm-4 col-xs-6 kachel\" title=\"Rubrique des r\u00e9ponses aux questions les plus fr\u00e9quemment pos\u00e9es\"><a href=\"https:\/\/www.secumar.com\/fr\/foire-aux-questions\/\"><img decoding=\"async\" src=\"https:\/\/www.secumar.com\/wp-content\/uploads\/2016\/08\/faq.png\" alt=\"FAQ\" \/><strong>Foire aux questions<\/strong><\/a><\/div>\n<div class=\"col-sm-4 col-xs-6 kachel\" title=\"E-Mail \u00e0 la Crew de SECUMAR\"><a href=\"https:\/\/www.secumar.com\/fr\/kontakt\/\"><img decoding=\"async\" src=\"https:\/\/www.secumar.com\/wp-content\/uploads\/2016\/08\/kontakt.png\" alt=\"Contact\" \/><strong>Contact<\/strong><\/a><\/div>\n<div class=\"col-sm-4 col-xs-6 kachel\" title=\"Informations de s\u00e9curit\u00e9\"><a href=\"https:\/\/www.secumar.com\/fr\/category\/information-de-securite\/\"><img decoding=\"async\" src=\"https:\/\/www.secumar.com\/wp-content\/uploads\/2016\/08\/sicherheit.png\" alt=\"Informations de s\u00e9curit\u00e9\" \/><strong>Consignes de s\u00e9curit\u00e9<\/strong><\/a><\/div>\n<div class=\"col-sm-4 col-xs-6 kachel\" title=\"Glossaire maritime\"><a href=\"https:\/\/www.secumar.com\/fr\/glossaire-maritime\/\"><img decoding=\"async\" src=\"https:\/\/www.secumar.com\/wp-content\/uploads\/2016\/08\/glossar.png\" alt=\"Glossaire maritime\" \/><strong>Lexique<\/strong><\/a><\/div>\n<\/div>\n<div class=\"clear\"><\/div>\n","protected":false},"excerpt":{"rendered":"<p>Assistance technique Guide gilets de sauvetage Stations de r\u00e9vision Transport en avion Foire aux questions Contact Consignes de s\u00e9curit\u00e9 Lexique<\/p>\n","protected":false},"author":5,"featured_media":0,"parent":0,"menu_order":0,"comment_status":"closed","ping_status":"closed","template":"","meta":{"_acf_changed":false,"_searchwp_excluded":"","editor_plus_copied_stylings":"{}","footnotes":"","_links_to":"","_links_to_target":""},"class_list":["post-38760","page","type-page","status-publish","hentry"],"acf":[],"yoast_head":"<!-- This site is optimized with the Yoast SEO plugin v24.6 - https:\/\/yoast.com\/wordpress\/plugins\/seo\/ -->\n<title>Service apr\u00e8s-vente - SECUMAR<\/title>\n<meta name=\"robots\" content=\"index, follow, max-snippet:-1, max-image-preview:large, max-video-preview:-1\" \/>\n<link rel=\"canonical\" href=\"https:\/\/www.secumar.com\/fr\/service-apres-vente\/\" \/>\n<meta property=\"og:locale\" content=\"fr_FR\" \/>\n<meta property=\"og:type\" content=\"article\" \/>\n<meta property=\"og:title\" content=\"Service apr\u00e8s-vente - SECUMAR\" \/>\n<meta property=\"og:description\" content=\"Assistance technique Guide gilets de sauvetage Stations de r\u00e9vision Transport en avion Foire aux questions Contact Consignes de s\u00e9curit\u00e9 Lexique\" \/>\n<meta property=\"og:url\" content=\"https:\/\/www.secumar.com\/fr\/service-apres-vente\/\" \/>\n<meta property=\"og:site_name\" content=\"SECUMAR\" \/>\n<meta property=\"article:publisher\" content=\"https:\/\/www.facebook.com\/Secumar\/\" \/>\n<meta property=\"article:modified_time\" content=\"2020-01-07T13:10:24+00:00\" \/>\n<meta property=\"og:image\" content=\"https:\/\/www.secumar.com\/wp-content\/uploads\/2016\/08\/produktsupport.png\" \/>\n<meta name=\"twitter:card\" content=\"summary_large_image\" \/>\n<script type=\"application\/ld+json\" class=\"yoast-schema-graph\">{\"@context\":\"https:\/\/schema.org\",\"@graph\":[{\"@type\":\"WebPage\",\"@id\":\"https:\/\/www.secumar.com\/fr\/service-apres-vente\/\",\"url\":\"https:\/\/www.secumar.com\/fr\/service-apres-vente\/\",\"name\":\"Service apr\u00e8s-vente - SECUMAR\",\"isPartOf\":{\"@id\":\"https:\/\/www.secumar.com\/#website\"},\"primaryImageOfPage\":{\"@id\":\"https:\/\/www.secumar.com\/fr\/service-apres-vente\/#primaryimage\"},\"image\":{\"@id\":\"https:\/\/www.secumar.com\/fr\/service-apres-vente\/#primaryimage\"},\"thumbnailUrl\":\"https:\/\/www.secumar.com\/wp-content\/uploads\/2016\/08\/produktsupport.png\",\"datePublished\":\"2019-01-31T11:32:07+00:00\",\"dateModified\":\"2020-01-07T13:10:24+00:00\",\"breadcrumb\":{\"@id\":\"https:\/\/www.secumar.com\/fr\/service-apres-vente\/#breadcrumb\"},\"inLanguage\":\"fr-FR\",\"potentialAction\":[{\"@type\":\"ReadAction\",\"target\":[\"https:\/\/www.secumar.com\/fr\/service-apres-vente\/\"]}]},{\"@type\":\"ImageObject\",\"inLanguage\":\"fr-FR\",\"@id\":\"https:\/\/www.secumar.com\/fr\/service-apres-vente\/#primaryimage\",\"url\":\"https:\/\/www.secumar.com\/wp-content\/uploads\/2016\/08\/produktsupport.png\",\"contentUrl\":\"https:\/\/www.secumar.com\/wp-content\/uploads\/2016\/08\/produktsupport.png\"},{\"@type\":\"BreadcrumbList\",\"@id\":\"https:\/\/www.secumar.com\/fr\/service-apres-vente\/#breadcrumb\",\"itemListElement\":[{\"@type\":\"ListItem\",\"position\":1,\"name\":\"Startseite\",\"item\":\"https:\/\/www.secumar.com\/fr\/\"},{\"@type\":\"ListItem\",\"position\":2,\"name\":\"Service apr\u00e8s-vente\"}]},{\"@type\":\"WebSite\",\"@id\":\"https:\/\/www.secumar.com\/#website\",\"url\":\"https:\/\/www.secumar.com\/\",\"name\":\"SECUMAR\",\"description\":\"Gilets de sauvetage\",\"publisher\":{\"@id\":\"https:\/\/www.secumar.com\/#organization\"},\"potentialAction\":[{\"@type\":\"SearchAction\",\"target\":{\"@type\":\"EntryPoint\",\"urlTemplate\":\"https:\/\/www.secumar.com\/?s={search_term_string}\"},\"query-input\":{\"@type\":\"PropertyValueSpecification\",\"valueRequired\":true,\"valueName\":\"search_term_string\"}}],\"inLanguage\":\"fr-FR\"},{\"@type\":\"Organization\",\"@id\":\"https:\/\/www.secumar.com\/#organization\",\"name\":\"Bernhardt Apparatebau GmbH u. Co.\",\"url\":\"https:\/\/www.secumar.com\/\",\"logo\":{\"@type\":\"ImageObject\",\"inLanguage\":\"fr-FR\",\"@id\":\"https:\/\/www.secumar.com\/#\/schema\/logo\/image\/\",\"url\":\"https:\/\/www.secumar.com\/wp-content\/uploads\/2016\/09\/S-Logo_150px-3.jpg\",\"contentUrl\":\"https:\/\/www.secumar.com\/wp-content\/uploads\/2016\/09\/S-Logo_150px-3.jpg\",\"width\":150,\"height\":150,\"caption\":\"Bernhardt Apparatebau GmbH u. Co.\"},\"image\":{\"@id\":\"https:\/\/www.secumar.com\/#\/schema\/logo\/image\/\"},\"sameAs\":[\"https:\/\/www.facebook.com\/Secumar\/\",\"https:\/\/www.instagram.com\/secumar\/\",\"https:\/\/www.linkedin.com\/company-beta\/8684519\/\",\"https:\/\/www.youtube.com\/user\/BernhardtApparatebau\",\"https:\/\/de.wikipedia.org\/wiki\/Secumar\"]}]}<\/script>\n<!-- \/ Yoast SEO plugin. -->","yoast_head_json":{"title":"Service apr\u00e8s-vente - SECUMAR","robots":{"index":"index","follow":"follow","max-snippet":"max-snippet:-1","max-image-preview":"max-image-preview:large","max-video-preview":"max-video-preview:-1"},"canonical":"https:\/\/www.secumar.com\/fr\/service-apres-vente\/","og_locale":"fr_FR","og_type":"article","og_title":"Service apr\u00e8s-vente - SECUMAR","og_description":"Assistance technique Guide gilets de sauvetage Stations de r\u00e9vision Transport en avion Foire aux questions Contact Consignes de s\u00e9curit\u00e9 Lexique","og_url":"https:\/\/www.secumar.com\/fr\/service-apres-vente\/","og_site_name":"SECUMAR","article_publisher":"https:\/\/www.facebook.com\/Secumar\/","article_modified_time":"2020-01-07T13:10:24+00:00","og_image":[{"url":"https:\/\/www.secumar.com\/wp-content\/uploads\/2016\/08\/produktsupport.png","type":"","width":"","height":""}],"twitter_card":"summary_large_image","schema":{"@context":"https:\/\/schema.org","@graph":[{"@type":"WebPage","@id":"https:\/\/www.secumar.com\/fr\/service-apres-vente\/","url":"https:\/\/www.secumar.com\/fr\/service-apres-vente\/","name":"Service apr\u00e8s-vente - SECUMAR","isPartOf":{"@id":"https:\/\/www.secumar.com\/#website"},"primaryImageOfPage":{"@id":"https:\/\/www.secumar.com\/fr\/service-apres-vente\/#primaryimage"},"image":{"@id":"https:\/\/www.secumar.com\/fr\/service-apres-vente\/#primaryimage"},"thumbnailUrl":"https:\/\/www.secumar.com\/wp-content\/uploads\/2016\/08\/produktsupport.png","datePublished":"2019-01-31T11:32:07+00:00","dateModified":"2020-01-07T13:10:24+00:00","breadcrumb":{"@id":"https:\/\/www.secumar.com\/fr\/service-apres-vente\/#breadcrumb"},"inLanguage":"fr-FR","potentialAction":[{"@type":"ReadAction","target":["https:\/\/www.secumar.com\/fr\/service-apres-vente\/"]}]},{"@type":"ImageObject","inLanguage":"fr-FR","@id":"https:\/\/www.secumar.com\/fr\/service-apres-vente\/#primaryimage","url":"https:\/\/www.secumar.com\/wp-content\/uploads\/2016\/08\/produktsupport.png","contentUrl":"https:\/\/www.secumar.com\/wp-content\/uploads\/2016\/08\/produktsupport.png"},{"@type":"BreadcrumbList","@id":"https:\/\/www.secumar.com\/fr\/service-apres-vente\/#breadcrumb","itemListElement":[{"@type":"ListItem","position":1,"name":"Startseite","item":"https:\/\/www.secumar.com\/fr\/"},{"@type":"ListItem","position":2,"name":"Service apr\u00e8s-vente"}]},{"@type":"WebSite","@id":"https:\/\/www.secumar.com\/#website","url":"https:\/\/www.secumar.com\/","name":"SECUMAR","description":"Gilets de sauvetage","publisher":{"@id":"https:\/\/www.secumar.com\/#organization"},"potentialAction":[{"@type":"SearchAction","target":{"@type":"EntryPoint","urlTemplate":"https:\/\/www.secumar.com\/?s={search_term_string}"},"query-input":{"@type":"PropertyValueSpecification","valueRequired":true,"valueName":"search_term_string"}}],"inLanguage":"fr-FR"},{"@type":"Organization","@id":"https:\/\/www.secumar.com\/#organization","name":"Bernhardt Apparatebau GmbH u. Co.","url":"https:\/\/www.secumar.com\/","logo":{"@type":"ImageObject","inLanguage":"fr-FR","@id":"https:\/\/www.secumar.com\/#\/schema\/logo\/image\/","url":"https:\/\/www.secumar.com\/wp-content\/uploads\/2016\/09\/S-Logo_150px-3.jpg","contentUrl":"https:\/\/www.secumar.com\/wp-content\/uploads\/2016\/09\/S-Logo_150px-3.jpg","width":150,"height":150,"caption":"Bernhardt Apparatebau GmbH u. Co."},"image":{"@id":"https:\/\/www.secumar.com\/#\/schema\/logo\/image\/"},"sameAs":["https:\/\/www.facebook.com\/Secumar\/","https:\/\/www.instagram.com\/secumar\/","https:\/\/www.linkedin.com\/company-beta\/8684519\/","https:\/\/www.youtube.com\/user\/BernhardtApparatebau","https:\/\/de.wikipedia.org\/wiki\/Secumar"]}]}},"_links":{"self":[{"href":"https:\/\/www.secumar.com\/fr\/wp-json\/wp\/v2\/pages\/38760","targetHints":{"allow":["GET"]}}],"collection":[{"href":"https:\/\/www.secumar.com\/fr\/wp-json\/wp\/v2\/pages"}],"about":[{"href":"https:\/\/www.secumar.com\/fr\/wp-json\/wp\/v2\/types\/page"}],"author":[{"embeddable":true,"href":"https:\/\/www.secumar.com\/fr\/wp-json\/wp\/v2\/users\/5"}],"replies":[{"embeddable":true,"href":"https:\/\/www.secumar.com\/fr\/wp-json\/wp\/v2\/comments?post=38760"}],"version-history":[{"count":4,"href":"https:\/\/www.secumar.com\/fr\/wp-json\/wp\/v2\/pages\/38760\/revisions"}],"predecessor-version":[{"id":41816,"href":"https:\/\/www.secumar.com\/fr\/wp-json\/wp\/v2\/pages\/38760\/revisions\/41816"}],"wp:attachment":[{"href":"https:\/\/www.secumar.com\/fr\/wp-json\/wp\/v2\/media?parent=38760"}],"curies":[{"name":"wp","href":"https:\/\/api.w.org\/{rel}","templated":true}]}}