{"id":33849,"date":"2017-02-14T17:12:55","date_gmt":"2017-02-14T16:12:55","guid":{"rendered":"https:\/\/www.secumar.com\/?page_id=33849\/"},"modified":"2017-02-14T17:12:55","modified_gmt":"2017-02-14T16:12:55","slug":"free-100-votre-securite-a-portee-de-main","status":"publish","type":"page","link":"https:\/\/www.secumar.com\/fr\/free-100-votre-securite-a-portee-de-main\/","title":{"rendered":"FREE 100 &#8211; Votre s\u00e9curit\u00e9 \u00e0 port\u00e9e de main!"},"content":{"rendered":"<p>Syst\u00e8me de s\u00e9curit\u00e9 gonflable pour nageurs, pratiquants de stand up paddle et sports de glisse nautique.<\/p>\n<p><!--more--><\/p>\n<p>&nbsp;<\/p>\n<div id=\"metaslider-id-30792\" style=\"width: 100%; margin: 0 auto;\" class=\"ml-slider-3-107-0 metaslider metaslider-flex metaslider-30792 ml-slider ms-theme-default nav-hidden\" role=\"region\" aria-label=\"FREE 100\" data-height=\"610\" data-width=\"1140\">\n    <div id=\"metaslider_container_30792\">\n        <div id=\"metaslider_30792\" class=\"flexslider\">\n            <ul class='slides'>\n                <li style=\"display: block; width: 100%;\" class=\"slide-30797 ms-image \" aria-roledescription=\"slide\" data-date=\"2016-12-09 14:57:34\" data-filename=\"free100_action_01x1140-1140x610.jpg\" data-slide-type=\"image\"><img decoding=\"async\" src=\"https:\/\/www.secumar.com\/wp-content\/uploads\/2016\/12\/free100_action_01x1140-1140x610.jpg\" height=\"610\" width=\"1140\" alt=\"Free 100 - Your Lifesaver in a Pocket\" class=\"slider-30792 slide-30797 msDefaultImage\" \/><div class=\"caption-wrap\"><div class=\"caption\">Free 100 - Your Lifesaver in a Pocket<\/div><\/div><\/li>\n                <li style=\"display: none; width: 100%;\" class=\"slide-30801 ms-image \" aria-roledescription=\"slide\" data-date=\"2016-12-09 14:57:38\" data-filename=\"free100_action_02x1140-1140x610.jpg\" data-slide-type=\"image\"><img decoding=\"async\" src=\"https:\/\/www.secumar.com\/wp-content\/uploads\/2016\/12\/free100_action_02x1140-1140x610.jpg\" height=\"610\" width=\"1140\" alt=\"Free 100 - Your Lifesaver in a Pocket\" class=\"slider-30792 slide-30801 msDefaultImage\" \/><div class=\"caption-wrap\"><div class=\"caption\">Free 100 - Your Lifesaver in a Pocket<\/div><\/div><\/li>\n                <li style=\"display: none; width: 100%;\" class=\"slide-30809 ms-image \" aria-roledescription=\"slide\" data-date=\"2016-12-09 14:57:45\" data-filename=\"free100_action_04x1140-1140x610.jpg\" data-slide-type=\"image\"><img decoding=\"async\" src=\"https:\/\/www.secumar.com\/wp-content\/uploads\/2016\/12\/free100_action_04x1140-1140x610.jpg\" height=\"610\" width=\"1140\" alt=\"Free 100 - Your Lifesaver in a Pocket\" class=\"slider-30792 slide-30809 msDefaultImage\" \/><div class=\"caption-wrap\"><div class=\"caption\">Free 100 - Your Lifesaver in a Pocket<\/div><\/div><\/li>\n                <li style=\"display: none; width: 100%;\" class=\"slide-30813 ms-image \" aria-roledescription=\"slide\" data-date=\"2016-12-09 14:57:48\" data-filename=\"free100_action_05x1140-1140x610.jpg\" data-slide-type=\"image\"><img decoding=\"async\" src=\"https:\/\/www.secumar.com\/wp-content\/uploads\/2016\/12\/free100_action_05x1140-1140x610.jpg\" height=\"610\" width=\"1140\" alt=\"Free 100 Your Lifesaver in a Pocket\" class=\"slider-30792 slide-30813 msDefaultImage\" \/><div class=\"caption-wrap\"><div class=\"caption\">Free 100 Your Lifesaver in a Pocket<\/div><\/div><\/li>\n                <li style=\"display: none; width: 100%;\" class=\"slide-30817 ms-image \" aria-roledescription=\"slide\" data-date=\"2016-12-09 14:57:52\" data-filename=\"free100_action_06x1140-1140x610.jpg\" data-slide-type=\"image\"><img decoding=\"async\" src=\"https:\/\/www.secumar.com\/wp-content\/uploads\/2016\/12\/free100_action_06x1140-1140x610.jpg\" height=\"610\" width=\"1140\" alt=\"Free 100 - Your Lifesaver in a Pocket\" class=\"slider-30792 slide-30817 msDefaultImage\" \/><div class=\"caption-wrap\"><div class=\"caption\">Free 100 - Your Lifesaver in a Pocket<\/div><\/div><\/li>\n                <li style=\"display: none; width: 100%;\" class=\"slide-30805 ms-image \" aria-roledescription=\"slide\" data-date=\"2016-12-09 14:57:41\" data-filename=\"free100_action_03x1140-1140x610.jpg\" data-slide-type=\"image\"><img decoding=\"async\" src=\"https:\/\/www.secumar.com\/wp-content\/uploads\/2016\/12\/free100_action_03x1140-1140x610.jpg\" height=\"610\" width=\"1140\" alt=\"Free 100 - Your Lifesaver in a Pocket\" class=\"slider-30792 slide-30805 msDefaultImage\" \/><div class=\"caption-wrap\"><div class=\"caption\">Free 100 - Your Lifesaver in a Pocket<\/div><\/div><\/li>\n            <\/ul>\n        <\/div>\n        \n    <\/div>\n<\/div>\n<h1><\/h1>\n<h1>Une s\u00e9curit\u00e9 accrue. Une utilisation simple.<\/h1>\n<p><strong>INCREASED SAFETY, EASY TO USE<\/strong><\/p>\n<p>&nbsp;<\/p>\n<div id=\"attachment_30825\" style=\"width: 652px\" class=\"wp-caption aligncenter\"><img decoding=\"async\" aria-describedby=\"caption-attachment-30825\" class=\"size-full wp-image-30825\" src=\"https:\/\/www.secumar.com\/wp-content\/uploads\/2016\/12\/free100_anlegeanleitung.jpg\" alt=\"Free 100 - Anlegeanleitung\" width=\"642\" height=\"107\" srcset=\"https:\/\/www.secumar.com\/wp-content\/uploads\/2016\/12\/free100_anlegeanleitung.jpg 642w, https:\/\/www.secumar.com\/wp-content\/uploads\/2016\/12\/free100_anlegeanleitung-600x100.jpg 600w, https:\/\/www.secumar.com\/wp-content\/uploads\/2016\/12\/free100_anlegeanleitung-300x50.jpg 300w, https:\/\/www.secumar.com\/wp-content\/uploads\/2016\/12\/free100_anlegeanleitung-220x37.jpg 220w\" sizes=\"(max-width: 642px) 100vw, 642px\" \/><p id=\"caption-attachment-30825\" class=\"wp-caption-text\">Free 100 &#8211;\u00a0Mise en place de l&rsquo;aide \u00e0 la flottabilit\u00e9<\/p><\/div>\n<p>&nbsp;<\/p>\n<p><img decoding=\"async\" class=\"aligncenter size-full wp-image-30829\" src=\"https:\/\/www.secumar.com\/wp-content\/uploads\/2016\/12\/Free-100-Daten.jpg\" alt=\"Free 100 - Daten\" width=\"1140\" height=\"249\" srcset=\"https:\/\/www.secumar.com\/wp-content\/uploads\/2016\/12\/Free-100-Daten.jpg 1140w, https:\/\/www.secumar.com\/wp-content\/uploads\/2016\/12\/Free-100-Daten-600x131.jpg 600w, https:\/\/www.secumar.com\/wp-content\/uploads\/2016\/12\/Free-100-Daten-300x66.jpg 300w, https:\/\/www.secumar.com\/wp-content\/uploads\/2016\/12\/Free-100-Daten-1024x224.jpg 1024w, https:\/\/www.secumar.com\/wp-content\/uploads\/2016\/12\/Free-100-Daten-220x48.jpg 220w\" sizes=\"(max-width: 1140px) 100vw, 1140px\" \/><\/p>\n<h2 style=\"text-align: center;\"><\/h2>\n<h2 style=\"text-align: center;\"><a href=\"https:\/\/www.secumar.com\/produkt\/free-100\/\">Free 100 &#8211; Acheter ici<\/a><\/h2>\n<h1><\/h1>\n<h1>En bref<\/h1>\n<p>En eau libre, les nageurs, surfeurs et pratiquants de stand up paddle peuvent rencontrer des difficult\u00e9s\u00a0: crampes, fatigues, etc. D\u00e9sormais le SECUMAR FREE 100 avec sa flottabilit\u00e9 de 110N vous s\u00e9curisera. Port\u00e9e \u00e0 la ceinture, cette poche renferme une enveloppe gonflable minutieusement pli\u00e9e. Elle est peu perceptible lors de la nage ou du sport pratiqu\u00e9.<\/p>\n<p>En cas de situation d&rsquo;urgence, il suffit de sortir l\u2019enveloppe gonflable hors de la poche au-devant du torse et de l\u2019enfiler ensuite facilement par-dessus la t\u00eate. La cartouche de CO<sub>2<\/sub> est activ\u00e9e par d\u00e9clenchement manuel et permet de gonfler rapidement l\u2018enveloppe gonflable. La flottabilit\u00e9 g\u00e9n\u00e9r\u00e9e permet de stabiliser la personne en difficult\u00e9, sa t\u00eate maintenue au-dessus de la surface l\u2019eau.<\/p>\n<p>&nbsp;<\/p>\n<p>&nbsp;<\/p>\n<h2 style=\"text-align: center;\"><a href=\"https:\/\/www.secumar.com\/produkt\/free-100\/\">Free 100 &#8211; Acheter ici<\/a><\/h2>\n<p>&nbsp;<\/p>\n<h1>Enveloppe gonflable FREE 100<\/h1>\n<p><strong>Flottabilit\u00e9 de 110 N.<br \/>\n<\/strong><strong> R\u00e9utilisable avec l&rsquo;aide d&rsquo;une nouvelle cartouche de CO2.<\/strong><\/p>\n<p><img decoding=\"async\" class=\"aligncenter size-full wp-image-30833\" src=\"https:\/\/www.secumar.com\/wp-content\/uploads\/2016\/12\/free100_igel.jpg\" alt=\"Free 100 - Igel\" width=\"589\" height=\"441\" srcset=\"https:\/\/www.secumar.com\/wp-content\/uploads\/2016\/12\/free100_igel.jpg 589w, https:\/\/www.secumar.com\/wp-content\/uploads\/2016\/12\/free100_igel-300x225.jpg 300w, https:\/\/www.secumar.com\/wp-content\/uploads\/2016\/12\/free100_igel-206x154.jpg 206w\" sizes=\"(max-width: 589px) 100vw, 589px\" \/><\/p>\n<h2 style=\"text-align: center;\"><\/h2>\n<h2 style=\"text-align: center;\"><a href=\"https:\/\/www.secumar.com\/produkt\/free-100\/\">Free 100 &#8211; Acheter ici<\/a><\/h2>\n<h1>Sacoche FREE 100<\/h1>\n<p><strong>L\u00e9ger : Seulement\u00a0500 g<\/strong><\/p>\n<p><img decoding=\"async\" class=\"aligncenter size-full wp-image-30837\" src=\"https:\/\/www.secumar.com\/wp-content\/uploads\/2016\/12\/free100_igel_2.jpg\" alt=\"Free 100 - Igel 2\" width=\"660\" height=\"384\" srcset=\"https:\/\/www.secumar.com\/wp-content\/uploads\/2016\/12\/free100_igel_2.jpg 660w, https:\/\/www.secumar.com\/wp-content\/uploads\/2016\/12\/free100_igel_2-600x349.jpg 600w, https:\/\/www.secumar.com\/wp-content\/uploads\/2016\/12\/free100_igel_2-300x175.jpg 300w, https:\/\/www.secumar.com\/wp-content\/uploads\/2016\/12\/free100_igel_2-220x128.jpg 220w\" sizes=\"(max-width: 660px) 100vw, 660px\" \/><\/p>\n<h2 style=\"text-align: center;\"><\/h2>\n<h2 style=\"text-align: center;\"><a href=\"https:\/\/www.secumar.com\/produkt\/free-100\/\">Free 100 &#8211; Acheter ici<\/a><\/h2>\n<h1><\/h1>\n<p>&nbsp;<\/p>\n","protected":false},"excerpt":{"rendered":"<p>Syst\u00e8me de s\u00e9curit\u00e9 gonflable pour nageurs, pratiquants de stand up paddle et sports de glisse nautique.<\/p>\n","protected":false},"author":5,"featured_media":19239,"parent":0,"menu_order":0,"comment_status":"closed","ping_status":"closed","template":"","meta":{"_acf_changed":false,"_searchwp_excluded":"","editor_plus_copied_stylings":"{}","footnotes":"","_links_to":"","_links_to_target":""},"class_list":["post-33849","page","type-page","status-publish","has-post-thumbnail","hentry"],"acf":[],"yoast_head":"<!-- This site is optimized with the Yoast SEO plugin v24.6 - https:\/\/yoast.com\/wordpress\/plugins\/seo\/ -->\n<title>FREE 100 - Votre s\u00e9curit\u00e9 \u00e0 port\u00e9e de main! - SECUMAR<\/title>\n<meta name=\"robots\" content=\"index, follow, max-snippet:-1, max-image-preview:large, max-video-preview:-1\" \/>\n<link rel=\"canonical\" href=\"https:\/\/www.secumar.com\/fr\/free-100-votre-securite-a-portee-de-main\/\" \/>\n<meta property=\"og:locale\" content=\"fr_FR\" \/>\n<meta property=\"og:type\" content=\"article\" \/>\n<meta property=\"og:title\" content=\"FREE 100 - Votre s\u00e9curit\u00e9 \u00e0 port\u00e9e de main! - SECUMAR\" \/>\n<meta property=\"og:description\" content=\"Syst\u00e8me de s\u00e9curit\u00e9 gonflable pour nageurs, pratiquants de stand up paddle et sports de glisse nautique.\" \/>\n<meta property=\"og:url\" content=\"https:\/\/www.secumar.com\/fr\/free-100-votre-securite-a-portee-de-main\/\" \/>\n<meta property=\"og:site_name\" content=\"SECUMAR\" \/>\n<meta property=\"article:publisher\" content=\"https:\/\/www.facebook.com\/Secumar\/\" \/>\n<meta property=\"og:image\" content=\"https:\/\/www.secumar.com\/wp-content\/uploads\/2015\/11\/Free-100x350.jpg\" \/>\n\t<meta property=\"og:image:width\" content=\"350\" \/>\n\t<meta property=\"og:image:height\" content=\"350\" \/>\n\t<meta property=\"og:image:type\" content=\"image\/jpeg\" \/>\n<meta name=\"twitter:card\" content=\"summary_large_image\" \/>\n<meta name=\"twitter:label1\" content=\"Dur\u00e9e de lecture estim\u00e9e\" \/>\n\t<meta name=\"twitter:data1\" content=\"1 minute\" \/>\n<script type=\"application\/ld+json\" class=\"yoast-schema-graph\">{\"@context\":\"https:\/\/schema.org\",\"@graph\":[{\"@type\":\"WebPage\",\"@id\":\"https:\/\/www.secumar.com\/fr\/free-100-votre-securite-a-portee-de-main\/\",\"url\":\"https:\/\/www.secumar.com\/fr\/free-100-votre-securite-a-portee-de-main\/\",\"name\":\"FREE 100 - Votre s\u00e9curit\u00e9 \u00e0 port\u00e9e de main! - SECUMAR\",\"isPartOf\":{\"@id\":\"https:\/\/www.secumar.com\/#website\"},\"primaryImageOfPage\":{\"@id\":\"https:\/\/www.secumar.com\/fr\/free-100-votre-securite-a-portee-de-main\/#primaryimage\"},\"image\":{\"@id\":\"https:\/\/www.secumar.com\/fr\/free-100-votre-securite-a-portee-de-main\/#primaryimage\"},\"thumbnailUrl\":\"https:\/\/www.secumar.com\/wp-content\/uploads\/2015\/11\/Free-100x350.jpg\",\"datePublished\":\"2017-02-14T16:12:55+00:00\",\"breadcrumb\":{\"@id\":\"https:\/\/www.secumar.com\/fr\/free-100-votre-securite-a-portee-de-main\/#breadcrumb\"},\"inLanguage\":\"fr-FR\",\"potentialAction\":[{\"@type\":\"ReadAction\",\"target\":[\"https:\/\/www.secumar.com\/fr\/free-100-votre-securite-a-portee-de-main\/\"]}]},{\"@type\":\"ImageObject\",\"inLanguage\":\"fr-FR\",\"@id\":\"https:\/\/www.secumar.com\/fr\/free-100-votre-securite-a-portee-de-main\/#primaryimage\",\"url\":\"https:\/\/www.secumar.com\/wp-content\/uploads\/2015\/11\/Free-100x350.jpg\",\"contentUrl\":\"https:\/\/www.secumar.com\/wp-content\/uploads\/2015\/11\/Free-100x350.jpg\",\"width\":350,\"height\":350,\"caption\":\"Free 100 - Your Lifesaver in a Pocket\"},{\"@type\":\"BreadcrumbList\",\"@id\":\"https:\/\/www.secumar.com\/fr\/free-100-votre-securite-a-portee-de-main\/#breadcrumb\",\"itemListElement\":[{\"@type\":\"ListItem\",\"position\":1,\"name\":\"Startseite\",\"item\":\"https:\/\/www.secumar.com\/fr\/\"},{\"@type\":\"ListItem\",\"position\":2,\"name\":\"FREE 100 &#8211; Votre s\u00e9curit\u00e9 \u00e0 port\u00e9e de main!\"}]},{\"@type\":\"WebSite\",\"@id\":\"https:\/\/www.secumar.com\/#website\",\"url\":\"https:\/\/www.secumar.com\/\",\"name\":\"SECUMAR\",\"description\":\"Gilets de sauvetage\",\"publisher\":{\"@id\":\"https:\/\/www.secumar.com\/#organization\"},\"potentialAction\":[{\"@type\":\"SearchAction\",\"target\":{\"@type\":\"EntryPoint\",\"urlTemplate\":\"https:\/\/www.secumar.com\/?s={search_term_string}\"},\"query-input\":{\"@type\":\"PropertyValueSpecification\",\"valueRequired\":true,\"valueName\":\"search_term_string\"}}],\"inLanguage\":\"fr-FR\"},{\"@type\":\"Organization\",\"@id\":\"https:\/\/www.secumar.com\/#organization\",\"name\":\"Bernhardt Apparatebau GmbH u. Co.\",\"url\":\"https:\/\/www.secumar.com\/\",\"logo\":{\"@type\":\"ImageObject\",\"inLanguage\":\"fr-FR\",\"@id\":\"https:\/\/www.secumar.com\/#\/schema\/logo\/image\/\",\"url\":\"https:\/\/www.secumar.com\/wp-content\/uploads\/2016\/09\/S-Logo_150px-3.jpg\",\"contentUrl\":\"https:\/\/www.secumar.com\/wp-content\/uploads\/2016\/09\/S-Logo_150px-3.jpg\",\"width\":150,\"height\":150,\"caption\":\"Bernhardt Apparatebau GmbH u. Co.\"},\"image\":{\"@id\":\"https:\/\/www.secumar.com\/#\/schema\/logo\/image\/\"},\"sameAs\":[\"https:\/\/www.facebook.com\/Secumar\/\",\"https:\/\/www.instagram.com\/secumar\/\",\"https:\/\/www.linkedin.com\/company-beta\/8684519\/\",\"https:\/\/www.youtube.com\/user\/BernhardtApparatebau\",\"https:\/\/de.wikipedia.org\/wiki\/Secumar\"]}]}<\/script>\n<!-- \/ Yoast SEO plugin. -->","yoast_head_json":{"title":"FREE 100 - Votre s\u00e9curit\u00e9 \u00e0 port\u00e9e de main! - SECUMAR","robots":{"index":"index","follow":"follow","max-snippet":"max-snippet:-1","max-image-preview":"max-image-preview:large","max-video-preview":"max-video-preview:-1"},"canonical":"https:\/\/www.secumar.com\/fr\/free-100-votre-securite-a-portee-de-main\/","og_locale":"fr_FR","og_type":"article","og_title":"FREE 100 - Votre s\u00e9curit\u00e9 \u00e0 port\u00e9e de main! - SECUMAR","og_description":"Syst\u00e8me de s\u00e9curit\u00e9 gonflable pour nageurs, pratiquants de stand up paddle et sports de glisse nautique.","og_url":"https:\/\/www.secumar.com\/fr\/free-100-votre-securite-a-portee-de-main\/","og_site_name":"SECUMAR","article_publisher":"https:\/\/www.facebook.com\/Secumar\/","og_image":[{"width":350,"height":350,"url":"https:\/\/www.secumar.com\/wp-content\/uploads\/2015\/11\/Free-100x350.jpg","type":"image\/jpeg"}],"twitter_card":"summary_large_image","twitter_misc":{"Dur\u00e9e de lecture estim\u00e9e":"1 minute"},"schema":{"@context":"https:\/\/schema.org","@graph":[{"@type":"WebPage","@id":"https:\/\/www.secumar.com\/fr\/free-100-votre-securite-a-portee-de-main\/","url":"https:\/\/www.secumar.com\/fr\/free-100-votre-securite-a-portee-de-main\/","name":"FREE 100 - Votre s\u00e9curit\u00e9 \u00e0 port\u00e9e de main! - SECUMAR","isPartOf":{"@id":"https:\/\/www.secumar.com\/#website"},"primaryImageOfPage":{"@id":"https:\/\/www.secumar.com\/fr\/free-100-votre-securite-a-portee-de-main\/#primaryimage"},"image":{"@id":"https:\/\/www.secumar.com\/fr\/free-100-votre-securite-a-portee-de-main\/#primaryimage"},"thumbnailUrl":"https:\/\/www.secumar.com\/wp-content\/uploads\/2015\/11\/Free-100x350.jpg","datePublished":"2017-02-14T16:12:55+00:00","breadcrumb":{"@id":"https:\/\/www.secumar.com\/fr\/free-100-votre-securite-a-portee-de-main\/#breadcrumb"},"inLanguage":"fr-FR","potentialAction":[{"@type":"ReadAction","target":["https:\/\/www.secumar.com\/fr\/free-100-votre-securite-a-portee-de-main\/"]}]},{"@type":"ImageObject","inLanguage":"fr-FR","@id":"https:\/\/www.secumar.com\/fr\/free-100-votre-securite-a-portee-de-main\/#primaryimage","url":"https:\/\/www.secumar.com\/wp-content\/uploads\/2015\/11\/Free-100x350.jpg","contentUrl":"https:\/\/www.secumar.com\/wp-content\/uploads\/2015\/11\/Free-100x350.jpg","width":350,"height":350,"caption":"Free 100 - Your Lifesaver in a Pocket"},{"@type":"BreadcrumbList","@id":"https:\/\/www.secumar.com\/fr\/free-100-votre-securite-a-portee-de-main\/#breadcrumb","itemListElement":[{"@type":"ListItem","position":1,"name":"Startseite","item":"https:\/\/www.secumar.com\/fr\/"},{"@type":"ListItem","position":2,"name":"FREE 100 &#8211; Votre s\u00e9curit\u00e9 \u00e0 port\u00e9e de main!"}]},{"@type":"WebSite","@id":"https:\/\/www.secumar.com\/#website","url":"https:\/\/www.secumar.com\/","name":"SECUMAR","description":"Gilets de sauvetage","publisher":{"@id":"https:\/\/www.secumar.com\/#organization"},"potentialAction":[{"@type":"SearchAction","target":{"@type":"EntryPoint","urlTemplate":"https:\/\/www.secumar.com\/?s={search_term_string}"},"query-input":{"@type":"PropertyValueSpecification","valueRequired":true,"valueName":"search_term_string"}}],"inLanguage":"fr-FR"},{"@type":"Organization","@id":"https:\/\/www.secumar.com\/#organization","name":"Bernhardt Apparatebau GmbH u. Co.","url":"https:\/\/www.secumar.com\/","logo":{"@type":"ImageObject","inLanguage":"fr-FR","@id":"https:\/\/www.secumar.com\/#\/schema\/logo\/image\/","url":"https:\/\/www.secumar.com\/wp-content\/uploads\/2016\/09\/S-Logo_150px-3.jpg","contentUrl":"https:\/\/www.secumar.com\/wp-content\/uploads\/2016\/09\/S-Logo_150px-3.jpg","width":150,"height":150,"caption":"Bernhardt Apparatebau GmbH u. Co."},"image":{"@id":"https:\/\/www.secumar.com\/#\/schema\/logo\/image\/"},"sameAs":["https:\/\/www.facebook.com\/Secumar\/","https:\/\/www.instagram.com\/secumar\/","https:\/\/www.linkedin.com\/company-beta\/8684519\/","https:\/\/www.youtube.com\/user\/BernhardtApparatebau","https:\/\/de.wikipedia.org\/wiki\/Secumar"]}]}},"_links":{"self":[{"href":"https:\/\/www.secumar.com\/fr\/wp-json\/wp\/v2\/pages\/33849","targetHints":{"allow":["GET"]}}],"collection":[{"href":"https:\/\/www.secumar.com\/fr\/wp-json\/wp\/v2\/pages"}],"about":[{"href":"https:\/\/www.secumar.com\/fr\/wp-json\/wp\/v2\/types\/page"}],"author":[{"embeddable":true,"href":"https:\/\/www.secumar.com\/fr\/wp-json\/wp\/v2\/users\/5"}],"replies":[{"embeddable":true,"href":"https:\/\/www.secumar.com\/fr\/wp-json\/wp\/v2\/comments?post=33849"}],"version-history":[{"count":0,"href":"https:\/\/www.secumar.com\/fr\/wp-json\/wp\/v2\/pages\/33849\/revisions"}],"wp:featuredmedia":[{"embeddable":true,"href":"https:\/\/www.secumar.com\/fr\/wp-json\/wp\/v2\/media\/19239"}],"wp:attachment":[{"href":"https:\/\/www.secumar.com\/fr\/wp-json\/wp\/v2\/media?parent=33849"}],"curies":[{"name":"wp","href":"https:\/\/api.w.org\/{rel}","templated":true}]}}