{"id":30732,"date":"2016-12-02T14:32:28","date_gmt":"2016-12-02T13:32:28","guid":{"rendered":"https:\/\/www.secumar.com\/?page_id=30732\/"},"modified":"2021-04-12T13:02:23","modified_gmt":"2021-04-12T11:02:23","slug":"kontakt","status":"publish","type":"page","link":"https:\/\/www.secumar.com\/fr\/kontakt\/","title":{"rendered":"Contact"},"content":{"rendered":"<div class=\"col-sm-6\"><div id=\"quform-117f15\" class=\"quform quform-5 quform-support-page-caching\"><form id=\"quform-form-117f15\" class=\"quform-form quform-form-5\" action=\"\/fr\/wp-json\/wp\/v2\/pages\/30732#quform-117f15\" method=\"post\" enctype=\"multipart\/form-data\" novalidate=\"novalidate\" data-options=\"{&quot;id&quot;:5,&quot;uniqueId&quot;:&quot;117f15&quot;,&quot;theme&quot;:&quot;&quot;,&quot;ajax&quot;:true,&quot;logic&quot;:{&quot;logic&quot;:[],&quot;dependents&quot;:[],&quot;elementIds&quot;:[],&quot;dependentElementIds&quot;:[],&quot;animate&quot;:true},&quot;currentPageId&quot;:7,&quot;errorsIcon&quot;:&quot;&quot;,&quot;updateFancybox&quot;:true,&quot;hasPages&quot;:false,&quot;pages&quot;:[7],&quot;pageProgressType&quot;:&quot;numbers&quot;,&quot;tooltipsEnabled&quot;:true,&quot;tooltipClasses&quot;:&quot;qtip-plain qtip-shadow&quot;,&quot;tooltipMy&quot;:&quot;left center&quot;,&quot;tooltipAt&quot;:&quot;right center&quot;,&quot;isRtl&quot;:false,&quot;scrollOffset&quot;:-50,&quot;scrollSpeed&quot;:800}\"><button class=\"quform-default-submit\" name=\"quform_submit\" type=\"submit\" value=\"submit\" aria-hidden=\"true\" tabindex=\"-1\"><\/button><div class=\"quform-form-inner quform-form-inner-5\"><input type=\"hidden\" name=\"quform_form_id\" value=\"5\" \/><input type=\"hidden\" name=\"quform_form_uid\" value=\"117f15\" \/><input type=\"hidden\" name=\"quform_count\" value=\"1\" \/><input type=\"hidden\" name=\"form_url\" value=\"https:\/\/www.secumar.com\/fr\/wp-json\/wp\/v2\/pages\/30732\" \/><input type=\"hidden\" name=\"referring_url\" value=\"\" \/><input type=\"hidden\" name=\"post_id\" value=\"\" \/><input type=\"hidden\" name=\"post_title\" value=\"\" \/><input type=\"hidden\" name=\"quform_current_page_id\" value=\"7\" \/><input type=\"hidden\" name=\"quform_loaded\" value=\"1778261669|c9dfbe170b609f035df25e9b2cafc3d7\" \/><div class=\"quform-form-title-description\"><h2 class=\"quform-form-title\">E-Mail \u00e0 la Crew de SECUMAR<\/h2><\/div><div class=\"quform-elements quform-elements-5 quform-cf quform-responsive-elements-phone-landscape\"><div class=\"quform-element quform-element-page quform-page-7 quform-page-5_7 quform-cf quform-group-style-plain quform-first-page quform-last-page quform-current-page\"><div class=\"quform-child-elements\"><div class=\"quform-element quform-element-text quform-element-5_1 quform-cf quform-element-required\"><div class=\"quform-spacer\"><div class=\"quform-label quform-label-5_1\"><label class=\"quform-label-text\" for=\"quform_5_1_117f15\">Nombre<span class=\"quform-required\">(Pflichtfeld)<\/span><\/label><\/div><div class=\"quform-inner quform-inner-text quform-inner-5_1\"><div class=\"quform-input quform-input-text quform-input-5_1 quform-cf\"><input type=\"text\" id=\"quform_5_1_117f15\" name=\"quform_5_1\" class=\"quform-field quform-field-text quform-field-5_1\" \/><\/div><\/div><\/div><\/div><div class=\"quform-element quform-element-email quform-element-5_2 quform-cf quform-element-required\"><div class=\"quform-spacer\"><div class=\"quform-label quform-label-5_2\"><label class=\"quform-label-text\" for=\"quform_5_2_117f15\">Votre adresse email<span class=\"quform-required\">(Pflichtfeld)<\/span><\/label><\/div><div class=\"quform-inner quform-inner-email quform-inner-5_2\"><div class=\"quform-input quform-input-email quform-input-5_2 quform-cf\"><input type=\"email\" id=\"quform_5_2_117f15\" name=\"quform_5_2\" class=\"quform-field quform-field-email quform-field-5_2\" \/><\/div><\/div><\/div><\/div><div class=\"quform-element quform-element-text quform-element-5_3 quform-cf quform-element-required\"><div class=\"quform-spacer\"><div class=\"quform-label quform-label-5_3\"><label class=\"quform-label-text\" for=\"quform_5_3_117f15\">Num\u00e9ro de t\u00e9l\u00e9phone<span class=\"quform-required\">(Pflichtfeld)<\/span><\/label><\/div><div class=\"quform-inner quform-inner-text quform-inner-5_3\"><div class=\"quform-input quform-input-text quform-input-5_3 quform-cf\"><input type=\"text\" id=\"quform_5_3_117f15\" name=\"quform_5_3\" class=\"quform-field quform-field-text quform-field-5_3\" \/><\/div><\/div><\/div><\/div><div class=\"quform-element quform-element-text quform-element-5_4 quform-cf quform-element-optional\"><div class=\"quform-spacer\"><div class=\"quform-label quform-label-5_4\"><label class=\"quform-label-text\" for=\"quform_5_4_117f15\">Objet<\/label><\/div><div class=\"quform-inner quform-inner-text quform-inner-5_4\"><div class=\"quform-input quform-input-text quform-input-5_4 quform-cf\"><input type=\"text\" id=\"quform_5_4_117f15\" name=\"quform_5_4\" class=\"quform-field quform-field-text quform-field-5_4\" \/><\/div><\/div><\/div><\/div><div class=\"quform-element quform-element-textarea quform-element-5_5 quform-cf quform-element-required\"><div class=\"quform-spacer\"><div class=\"quform-label quform-label-5_5\"><label class=\"quform-label-text\" for=\"quform_5_5_117f15\">Message<span class=\"quform-required\">(Pflichtfeld)<\/span><\/label><\/div><div class=\"quform-inner quform-inner-textarea quform-inner-5_5\"><div class=\"quform-input quform-input-textarea quform-input-5_5 quform-cf\"><textarea id=\"quform_5_5_117f15\" name=\"quform_5_5\" class=\"quform-field quform-field-textarea quform-field-5_5\"><\/textarea><\/div><\/div><\/div><\/div><div class=\"quform-element quform-element-recaptcha quform-element-5_6 quform-cf quform-element-required\"><div class=\"quform-spacer\"><div class=\"quform-label quform-label-5_6\"><label class=\"quform-label-text\">\u00cates-vous humain?<span class=\"quform-required\">(Pflichtfeld)<\/span><\/label><\/div><div class=\"quform-inner quform-inner-recaptcha quform-inner-5_6\"><div class=\"quform-input quform-input-recaptcha quform-input-5_6 quform-cf\"><div class=\"quform-recaptcha\" data-config=\"{&quot;sitekey&quot;:&quot;6LerZsMSAAAAAMOYWK8ose38MJWbDMlq1FCHt6Dq&quot;,&quot;_version&quot;:&quot;v2&quot;,&quot;size&quot;:&quot;normal&quot;,&quot;type&quot;:&quot;image&quot;,&quot;theme&quot;:&quot;light&quot;,&quot;badge&quot;:&quot;bottomright&quot;}\"><\/div><noscript><div><div style=\"width: 302px; height: 422px; position: relative;\"><div style=\"width: 302px; height: 422px; position: absolute;\"><iframe src=\"https:\/\/www.google.com\/recaptcha\/api\/fallback?k=6LerZsMSAAAAAMOYWK8ose38MJWbDMlq1FCHt6Dq\" frameborder=\"0\" scrolling=\"no\" style=\"width: 302px; height:422px; border-style: none;\"><\/iframe><\/div><\/div><div style=\"width: 300px; height: 60px; border-style: none; bottom: 12px; left: 25px; margin: 0px; padding: 0px; right: 25px; background: #f9f9f9; border: 1px solid #c1c1c1; border-radius: 3px;\"><textarea name=\"g-recaptcha-response\" class=\"g-recaptcha-response\" style=\"width: 250px; height: 40px; border: 1px solid #c1c1c1; margin: 10px 25px; padding: 0px; resize: none;\" aria-hidden=\"true\"><\/textarea><\/div><\/div><\/noscript><\/div><\/div><\/div><\/div><div class=\"quform-element quform-element-submit quform-element-5_8 quform-cf quform-button-style-theme\"><div class=\"quform-button-submit quform-button-submit-default quform-button-submit-5_8\"><button name=\"quform_submit\" type=\"submit\" class=\"quform-submit\" value=\"submit\"><span class=\"quform-button-text quform-button-submit-text\">Envoyer<\/span><\/button><\/div><div class=\"quform-loading quform-loading-position-left quform-loading-type-spinner-1\"><div class=\"quform-loading-inner\"><div class=\"quform-loading-spinner\"><div class=\"quform-loading-spinner-inner\"><\/div><\/div><\/div><\/div><\/div><div class=\"quform-element quform-element-textarea quform-element-5_250409 quform-sr-only quform-cf\" style=\"clip: rect(1px, 1px, 1px, 1px); clip-path: inset(50%); position: absolute !important; height: 1px; width: 1px; overflow: hidden;\"><div class=\"quform-spacer\"><div class=\"quform-label quform-label-5_250409\"><label class=\"quform-label-text\" for=\"quform_5_250409_117f15\">Your Website<span class=\"quform-required\">(Pflichtfeld)<\/span><\/label><\/div><div class=\"quform-inner quform-inner-5_250409\"><textarea id=\"quform_5_250409_117f15\" name=\"quform_5_250409\" class=\"quform-field quform-field-textarea quform-field-5_250409\" tabindex=\"-1\" autocomplete=\"new-password\"><\/textarea><\/div><\/div><\/div><\/div><\/div><\/div><\/div><\/form><\/div><\/div>\n<div class=\"col-sm-6\">\n<h3 class=\"iphorm-title\">Contact<\/h3>\n<p>Bernhardt Apparatebau GmbH u. Co.<br \/>\nEquipements de sauvetage pour la navigation et l&rsquo;aviation<\/p>\n<div id=\"attachment_21642\" style=\"width: 148px\" class=\"wp-caption alignright\"><img decoding=\"async\" aria-describedby=\"caption-attachment-21642\" class=\"size-full wp-image-21642\" src=\"https:\/\/www.secumar.com\/wp-content\/uploads\/2016\/07\/secutel.png\" alt=\"SECUMAR Telefonnummer als QR-Code\" width=\"138\" height=\"138\" srcset=\"https:\/\/www.secumar.com\/wp-content\/uploads\/2016\/07\/secutel.png 138w, https:\/\/www.secumar.com\/wp-content\/uploads\/2016\/07\/secutel-100x100.png 100w\" sizes=\"(max-width: 138px) 100vw, 138px\" \/><p id=\"caption-attachment-21642\" class=\"wp-caption-text\">SECUMAR sous la forme d\u2019un code QR pour votre t\u00e9l\u00e9phone mobile<\/p><\/div>\n<address>Bredhornweg 39<br \/>\nD-25488 HolmPostfach 1190<br \/>\nD-25487 Holm<\/p>\n<\/address>\n<p>&nbsp;<\/p>\n<p>Tel. <a href=\"tel:+4941031250\">+49-4103-125 0<\/a><br \/>\nFax: <a href=\"fax:+494103125100\">+49-4103-125 100<\/a><br \/>\nE-Mail: <a href=\"mailto:info@secumar.com\">info@secumar.com<\/a><\/p>\n<\/div>\n","protected":false},"excerpt":{"rendered":"<p>Contact Bernhardt Apparatebau GmbH u. Co. Equipements de sauvetage pour la navigation et l&rsquo;aviation Bredhornweg 39 D-25488 HolmPostfach 1190 D-25487 Holm &nbsp; Tel. +49-4103-125 0 Fax: +49-4103-125 100 E-Mail: info@secumar.com<\/p>\n","protected":false},"author":5,"featured_media":0,"parent":0,"menu_order":0,"comment_status":"closed","ping_status":"closed","template":"","meta":{"_acf_changed":false,"_searchwp_excluded":"","editor_plus_copied_stylings":"{}","footnotes":"","_links_to":"","_links_to_target":""},"class_list":["post-30732","page","type-page","status-publish","hentry"],"acf":[],"yoast_head":"<!-- This site is optimized with the Yoast SEO plugin v24.6 - https:\/\/yoast.com\/wordpress\/plugins\/seo\/ -->\n<title>Contact - SECUMAR<\/title>\n<meta name=\"robots\" content=\"index, follow, max-snippet:-1, max-image-preview:large, max-video-preview:-1\" \/>\n<link rel=\"canonical\" href=\"https:\/\/www.secumar.com\/fr\/kontakt\/\" \/>\n<meta property=\"og:locale\" content=\"fr_FR\" \/>\n<meta property=\"og:type\" content=\"article\" \/>\n<meta property=\"og:title\" content=\"Contact - SECUMAR\" \/>\n<meta property=\"og:description\" content=\"Contact Bernhardt Apparatebau GmbH u. Co. Equipements de sauvetage pour la navigation et l&rsquo;aviation Bredhornweg 39 D-25488 HolmPostfach 1190 D-25487 Holm &nbsp; Tel. +49-4103-125 0 Fax: +49-4103-125 100 E-Mail: info@secumar.com\" \/>\n<meta property=\"og:url\" content=\"https:\/\/www.secumar.com\/fr\/kontakt\/\" \/>\n<meta property=\"og:site_name\" content=\"SECUMAR\" \/>\n<meta property=\"article:publisher\" content=\"https:\/\/www.facebook.com\/Secumar\/\" \/>\n<meta property=\"article:modified_time\" content=\"2021-04-12T11:02:23+00:00\" \/>\n<meta property=\"og:image\" content=\"https:\/\/www.secumar.com\/wp-content\/uploads\/2016\/07\/secutel.png\" \/>\n<meta name=\"twitter:card\" content=\"summary_large_image\" \/>\n<script type=\"application\/ld+json\" class=\"yoast-schema-graph\">{\"@context\":\"https:\/\/schema.org\",\"@graph\":[{\"@type\":\"WebPage\",\"@id\":\"https:\/\/www.secumar.com\/fr\/kontakt\/\",\"url\":\"https:\/\/www.secumar.com\/fr\/kontakt\/\",\"name\":\"Contact - SECUMAR\",\"isPartOf\":{\"@id\":\"https:\/\/www.secumar.com\/#website\"},\"primaryImageOfPage\":{\"@id\":\"https:\/\/www.secumar.com\/fr\/kontakt\/#primaryimage\"},\"image\":{\"@id\":\"https:\/\/www.secumar.com\/fr\/kontakt\/#primaryimage\"},\"thumbnailUrl\":\"https:\/\/www.secumar.com\/wp-content\/uploads\/2016\/07\/secutel.png\",\"datePublished\":\"2016-12-02T13:32:28+00:00\",\"dateModified\":\"2021-04-12T11:02:23+00:00\",\"breadcrumb\":{\"@id\":\"https:\/\/www.secumar.com\/fr\/kontakt\/#breadcrumb\"},\"inLanguage\":\"fr-FR\",\"potentialAction\":[{\"@type\":\"ReadAction\",\"target\":[\"https:\/\/www.secumar.com\/fr\/kontakt\/\"]}]},{\"@type\":\"ImageObject\",\"inLanguage\":\"fr-FR\",\"@id\":\"https:\/\/www.secumar.com\/fr\/kontakt\/#primaryimage\",\"url\":\"https:\/\/www.secumar.com\/wp-content\/uploads\/2016\/07\/secutel.png\",\"contentUrl\":\"https:\/\/www.secumar.com\/wp-content\/uploads\/2016\/07\/secutel.png\"},{\"@type\":\"BreadcrumbList\",\"@id\":\"https:\/\/www.secumar.com\/fr\/kontakt\/#breadcrumb\",\"itemListElement\":[{\"@type\":\"ListItem\",\"position\":1,\"name\":\"Startseite\",\"item\":\"https:\/\/www.secumar.com\/fr\/\"},{\"@type\":\"ListItem\",\"position\":2,\"name\":\"Contact\"}]},{\"@type\":\"WebSite\",\"@id\":\"https:\/\/www.secumar.com\/#website\",\"url\":\"https:\/\/www.secumar.com\/\",\"name\":\"SECUMAR\",\"description\":\"Gilets de sauvetage\",\"publisher\":{\"@id\":\"https:\/\/www.secumar.com\/#organization\"},\"potentialAction\":[{\"@type\":\"SearchAction\",\"target\":{\"@type\":\"EntryPoint\",\"urlTemplate\":\"https:\/\/www.secumar.com\/?s={search_term_string}\"},\"query-input\":{\"@type\":\"PropertyValueSpecification\",\"valueRequired\":true,\"valueName\":\"search_term_string\"}}],\"inLanguage\":\"fr-FR\"},{\"@type\":\"Organization\",\"@id\":\"https:\/\/www.secumar.com\/#organization\",\"name\":\"Bernhardt Apparatebau GmbH u. Co.\",\"url\":\"https:\/\/www.secumar.com\/\",\"logo\":{\"@type\":\"ImageObject\",\"inLanguage\":\"fr-FR\",\"@id\":\"https:\/\/www.secumar.com\/#\/schema\/logo\/image\/\",\"url\":\"https:\/\/www.secumar.com\/wp-content\/uploads\/2016\/09\/S-Logo_150px-3.jpg\",\"contentUrl\":\"https:\/\/www.secumar.com\/wp-content\/uploads\/2016\/09\/S-Logo_150px-3.jpg\",\"width\":150,\"height\":150,\"caption\":\"Bernhardt Apparatebau GmbH u. Co.\"},\"image\":{\"@id\":\"https:\/\/www.secumar.com\/#\/schema\/logo\/image\/\"},\"sameAs\":[\"https:\/\/www.facebook.com\/Secumar\/\",\"https:\/\/www.instagram.com\/secumar\/\",\"https:\/\/www.linkedin.com\/company-beta\/8684519\/\",\"https:\/\/www.youtube.com\/user\/BernhardtApparatebau\",\"https:\/\/de.wikipedia.org\/wiki\/Secumar\"]}]}<\/script>\n<!-- \/ Yoast SEO plugin. -->","yoast_head_json":{"title":"Contact - SECUMAR","robots":{"index":"index","follow":"follow","max-snippet":"max-snippet:-1","max-image-preview":"max-image-preview:large","max-video-preview":"max-video-preview:-1"},"canonical":"https:\/\/www.secumar.com\/fr\/kontakt\/","og_locale":"fr_FR","og_type":"article","og_title":"Contact - SECUMAR","og_description":"Contact Bernhardt Apparatebau GmbH u. Co. Equipements de sauvetage pour la navigation et l&rsquo;aviation Bredhornweg 39 D-25488 HolmPostfach 1190 D-25487 Holm &nbsp; Tel. +49-4103-125 0 Fax: +49-4103-125 100 E-Mail: info@secumar.com","og_url":"https:\/\/www.secumar.com\/fr\/kontakt\/","og_site_name":"SECUMAR","article_publisher":"https:\/\/www.facebook.com\/Secumar\/","article_modified_time":"2021-04-12T11:02:23+00:00","og_image":[{"url":"https:\/\/www.secumar.com\/wp-content\/uploads\/2016\/07\/secutel.png","type":"","width":"","height":""}],"twitter_card":"summary_large_image","schema":{"@context":"https:\/\/schema.org","@graph":[{"@type":"WebPage","@id":"https:\/\/www.secumar.com\/fr\/kontakt\/","url":"https:\/\/www.secumar.com\/fr\/kontakt\/","name":"Contact - SECUMAR","isPartOf":{"@id":"https:\/\/www.secumar.com\/#website"},"primaryImageOfPage":{"@id":"https:\/\/www.secumar.com\/fr\/kontakt\/#primaryimage"},"image":{"@id":"https:\/\/www.secumar.com\/fr\/kontakt\/#primaryimage"},"thumbnailUrl":"https:\/\/www.secumar.com\/wp-content\/uploads\/2016\/07\/secutel.png","datePublished":"2016-12-02T13:32:28+00:00","dateModified":"2021-04-12T11:02:23+00:00","breadcrumb":{"@id":"https:\/\/www.secumar.com\/fr\/kontakt\/#breadcrumb"},"inLanguage":"fr-FR","potentialAction":[{"@type":"ReadAction","target":["https:\/\/www.secumar.com\/fr\/kontakt\/"]}]},{"@type":"ImageObject","inLanguage":"fr-FR","@id":"https:\/\/www.secumar.com\/fr\/kontakt\/#primaryimage","url":"https:\/\/www.secumar.com\/wp-content\/uploads\/2016\/07\/secutel.png","contentUrl":"https:\/\/www.secumar.com\/wp-content\/uploads\/2016\/07\/secutel.png"},{"@type":"BreadcrumbList","@id":"https:\/\/www.secumar.com\/fr\/kontakt\/#breadcrumb","itemListElement":[{"@type":"ListItem","position":1,"name":"Startseite","item":"https:\/\/www.secumar.com\/fr\/"},{"@type":"ListItem","position":2,"name":"Contact"}]},{"@type":"WebSite","@id":"https:\/\/www.secumar.com\/#website","url":"https:\/\/www.secumar.com\/","name":"SECUMAR","description":"Gilets de sauvetage","publisher":{"@id":"https:\/\/www.secumar.com\/#organization"},"potentialAction":[{"@type":"SearchAction","target":{"@type":"EntryPoint","urlTemplate":"https:\/\/www.secumar.com\/?s={search_term_string}"},"query-input":{"@type":"PropertyValueSpecification","valueRequired":true,"valueName":"search_term_string"}}],"inLanguage":"fr-FR"},{"@type":"Organization","@id":"https:\/\/www.secumar.com\/#organization","name":"Bernhardt Apparatebau GmbH u. Co.","url":"https:\/\/www.secumar.com\/","logo":{"@type":"ImageObject","inLanguage":"fr-FR","@id":"https:\/\/www.secumar.com\/#\/schema\/logo\/image\/","url":"https:\/\/www.secumar.com\/wp-content\/uploads\/2016\/09\/S-Logo_150px-3.jpg","contentUrl":"https:\/\/www.secumar.com\/wp-content\/uploads\/2016\/09\/S-Logo_150px-3.jpg","width":150,"height":150,"caption":"Bernhardt Apparatebau GmbH u. Co."},"image":{"@id":"https:\/\/www.secumar.com\/#\/schema\/logo\/image\/"},"sameAs":["https:\/\/www.facebook.com\/Secumar\/","https:\/\/www.instagram.com\/secumar\/","https:\/\/www.linkedin.com\/company-beta\/8684519\/","https:\/\/www.youtube.com\/user\/BernhardtApparatebau","https:\/\/de.wikipedia.org\/wiki\/Secumar"]}]}},"_links":{"self":[{"href":"https:\/\/www.secumar.com\/fr\/wp-json\/wp\/v2\/pages\/30732","targetHints":{"allow":["GET"]}}],"collection":[{"href":"https:\/\/www.secumar.com\/fr\/wp-json\/wp\/v2\/pages"}],"about":[{"href":"https:\/\/www.secumar.com\/fr\/wp-json\/wp\/v2\/types\/page"}],"author":[{"embeddable":true,"href":"https:\/\/www.secumar.com\/fr\/wp-json\/wp\/v2\/users\/5"}],"replies":[{"embeddable":true,"href":"https:\/\/www.secumar.com\/fr\/wp-json\/wp\/v2\/comments?post=30732"}],"version-history":[{"count":3,"href":"https:\/\/www.secumar.com\/fr\/wp-json\/wp\/v2\/pages\/30732\/revisions"}],"predecessor-version":[{"id":44495,"href":"https:\/\/www.secumar.com\/fr\/wp-json\/wp\/v2\/pages\/30732\/revisions\/44495"}],"wp:attachment":[{"href":"https:\/\/www.secumar.com\/fr\/wp-json\/wp\/v2\/media?parent=30732"}],"curies":[{"name":"wp","href":"https:\/\/api.w.org\/{rel}","templated":true}]}}