{"id":30704,"date":"2016-12-02T12:37:59","date_gmt":"2016-12-02T11:37:59","guid":{"rendered":"https:\/\/www.secumar.com\/fr\/?page_id=30704"},"modified":"2026-01-12T08:09:51","modified_gmt":"2026-01-12T07:09:51","slug":"freizeit-sport","status":"publish","type":"page","link":"https:\/\/www.secumar.com\/fr\/","title":{"rendered":"Accueil"},"content":{"rendered":"<p><!-- Zeile 1 1\/3 --><\/p>\n<div class=\"col-lg-4 col-md-4 col-sm-4\"><a href=\"https:\/\/www.secumar.com\/en\/secudogs\/\">\r\n\r\n    <div class=\"sec_content_box no-padding no-margin\">\r\n    <div class=\"sec_innerbox\"><div class=\"ins_title\">NEU<\/div><div class=\"sec_a_alternative\"><img decoding=\"async\" width=\"750\" height=\"750\" src=\"https:\/\/www.secumar.com\/wp-content\/uploads\/2024\/11\/secudogs-product-shot_clean-750x750-1.png\" class=\"attachment-post-thumbnail-tile size-post-thumbnail-tile\" alt=\"\" srcset=\"https:\/\/www.secumar.com\/wp-content\/uploads\/2024\/11\/secudogs-product-shot_clean-750x750-1.png 750w, https:\/\/www.secumar.com\/wp-content\/uploads\/2024\/11\/secudogs-product-shot_clean-750x750-1-300x300.png 300w, https:\/\/www.secumar.com\/wp-content\/uploads\/2024\/11\/secudogs-product-shot_clean-750x750-1-600x600.png 600w, https:\/\/www.secumar.com\/wp-content\/uploads\/2024\/11\/secudogs-product-shot_clean-750x750-1-100x100.png 100w\" sizes=\"(max-width: 750px) 100vw, 750px\" \/><\/div><\/div>\r\n    <div class=\"sec_titlebox table_like\"><div class=\"sec_title_center\">\r\n        <strong>SECUDOGS<\/strong>\r\n        Gilet pour chiens\r\n    <\/div><\/div><\/div><\/a><\/div>\n<p><!-- Zeile 1 2\/3 versteckt auf klein und sehr klein--><\/p>\n<div class=\"col-lg-4 col-md-4 col-sm-4 hidden-xs\"><a href=\"https:\/\/www.secumar.com\/fr\/produit\/survival-220\/\">\r\n\r\n    <div class=\"sec_content_box no-padding no-margin\">\r\n    <div class=\"sec_innerbox\"><div class=\"ins_title\"><\/div><div class=\"sec_a_alternative\"><img decoding=\"async\" width=\"750\" height=\"750\" src=\"https:\/\/www.secumar.com\/wp-content\/uploads\/2018\/11\/SURVIVAL-220-blue-right-PNR16696.jpg\" class=\"attachment-post-thumbnail-tile size-post-thumbnail-tile\" alt=\"SURVIVAL 220\" srcset=\"https:\/\/www.secumar.com\/wp-content\/uploads\/2018\/11\/SURVIVAL-220-blue-right-PNR16696.jpg 900w, https:\/\/www.secumar.com\/wp-content\/uploads\/2018\/11\/SURVIVAL-220-blue-right-PNR16696-300x300.jpg 300w, https:\/\/www.secumar.com\/wp-content\/uploads\/2018\/11\/SURVIVAL-220-blue-right-PNR16696-100x100.jpg 100w, https:\/\/www.secumar.com\/wp-content\/uploads\/2018\/11\/SURVIVAL-220-blue-right-PNR16696-600x600.jpg 600w\" sizes=\"(max-width: 750px) 100vw, 750px\" \/><\/div><\/div>\r\n    <div class=\"sec_titlebox table_like\"><div class=\"sec_title_center\">\r\n        <strong>SURVIVAL 220<\/strong>\r\n        Gilet de sauvetage gonflable\r\n    <\/div><\/div><\/div><\/a><\/div>\n<p><!-- Zeile 1 3\/3 versteckt auf klein und sehr klein--><\/p>\n<div class=\"col-lg-4 col-md-4 col-sm-4\"><a href=\"https:\/\/www.secumar.com\/fr\/events\/interschutz\/\">\r\n\r\n    <div class=\"sec_content_box sec_content_box_events no-padding no-margin\">\r\n    <div class=\"sec_innerbox\"><div class=\"ins_title\">Stand Halle 15, Stand J47<\/div><div class=\"sec_a_alternative\"><img decoding=\"async\" width=\"750\" height=\"750\" src=\"https:\/\/www.secumar.com\/wp-content\/uploads\/2015\/11\/Nautic-Paris.jpg\" class=\"attachment-post-thumbnail-tile size-post-thumbnail-tile\" alt=\"Messe Paris\" srcset=\"https:\/\/www.secumar.com\/wp-content\/uploads\/2015\/11\/Nautic-Paris.jpg 900w, https:\/\/www.secumar.com\/wp-content\/uploads\/2015\/11\/Nautic-Paris-300x300.jpg 300w, https:\/\/www.secumar.com\/wp-content\/uploads\/2015\/11\/Nautic-Paris-100x100.jpg 100w, https:\/\/www.secumar.com\/wp-content\/uploads\/2015\/11\/Nautic-Paris-600x600.jpg 600w, https:\/\/www.secumar.com\/wp-content\/uploads\/2015\/11\/Nautic-Paris-154x154.jpg 154w\" sizes=\"(max-width: 750px) 100vw, 750px\" \/><div class=\"secumarimage_events\" style='background-image:url(\"https:\/\/www.secumar.com\/wp-content\/uploads\/2020\/02\/INTERSCHUTZ-Logo-300px.jpg\")'><\/div><\/div><\/div>\r\n        <div class=\"sec_titlebox table_like\"><div class=\"sec_title_center\">\r\n            <strong>Interschutz 2026<\/strong>\r\n             (apd 1. juin)\r\n        <\/div><\/div><\/div><\/a><\/div>\n<div class=\"clearfix\"><\/div>\n<p><!-- Zeile 2 --><br \/>\n<!-- Zeile 2 1\/3 --><\/p>\n<div class=\"col-lg-4 col-md-4\"><a class=\"sec_cta_a\" href=\"https:\/\/www.secumar.com\/fr\/secumar-store-locator\/\"><p class=\"sec_cta_btn\">Trouver un revendeur<\/p><\/a><a class=\"sec_cta_a\" href=\"https:\/\/www.secumar.com\/fr\/support-de-produit\/\"><p class=\"sec_cta_btn\">Service Clients<\/p><\/a><a class=\"sec_cta_a\" href=\"https:\/\/www.secumar.com\/fr\/foire-aux-questions\/\"><p class=\"sec_cta_btn\">Questions &amp; R\u00e9ponses<\/p><\/a><\/div>\n<p><!-- Zeile 2 2\/3 --><\/p>\n<div class=\"col-lg-8 col-md-8 bluegradient\"><a href=\"https:\/\/www.secumar.com\/fr\/comment-choisir-son-gilet-de-sauvetage\/\">\r\n\r\n    <div class=\"sec_content_box no-padding no-margin\" style=\"height: 383px;\">\r\n    <div class=\"img_box\"><div class=\"box\"><img decoding=\"async\" src=\"https:\/\/www.secumar.com\/wp-content\/uploads\/2018\/11\/Rettungwesten-Reihe.png\" alt=\"\" \/><\/div><\/div>\r\n    <div class=\"sec_title_2018C\">Notre conseiller en ligne:<div class=\"sec_subline_2018C\">Comment choisir son gilet de sauvetage?<\/div><\/div><\/div><\/a><\/div>\n<div class=\"clearfix\"><\/div>\n<p><!-- Zeile 3 --><br \/>\n<div class=\"secumar_cta_banner_2018C right\" style=\"height=400px;\">  <div class='col-sm-12 col-xs-12 col-lg-6 col-md-6 no-padding secumar_cta_banner_img'>    <img src='https:\/\/www.secumar.com\/wp-content\/uploads\/2020\/08\/Kinder-Westen-Mini.jpg' alt=''><\/img>  <\/div>  <div class='col-sm-12 col-xs-12 col-lg-6 col-md-6 no-padding secumar_cta_banner_text'>    <div class=\"sec_content_ctabox no-padding blue\">      <div class=\"sec_cta_message\">        <div class=\"sec_title_2018C\">Le choix du parfait gilet pour mon enfant<\/div>        <div class=\"sec_text\">Quel gilet de sauvetage dois-je choisir pour mon enfant? \u00c0 quoi dois-je pr\u00eater particuli\u00e8rement attention?<\/div>      <a href=\"https:\/\/www.secumar.com\/fr\/le-choix-du-parfait-gilet-pour-mon-enfant\/\">        <div class=\"sec_btn\">En savoir plus<\/div>      <\/a>      <\/div>    <\/div>  <\/div><\/div><\/p>\n<p><!-- ### Licht rettet Leben ### BB 25.02.17 ### --><br \/>\n<div class=\"secumar_cta_banner_2018C left\" style=\"height=375px;\">  <div class='col-sm-12 col-xs-12 col-lg-6 col-md-6 no-padding secumar_cta_banner_img'>    <img src='https:\/\/www.secumar.com\/wp-content\/uploads\/2021\/02\/SOLAS-LED-540x342-3.gif' alt=''><\/img>  <\/div>  <div class='col-sm-12 col-xs-12 col-lg-6 col-md-6 no-padding secumar_cta_banner_text'>    <div class=\"sec_content_ctabox no-padding gray\">      <div class=\"sec_cta_message\">        <div class=\"sec_title_2018C\">La lumi\u00e8re sauve des vies<\/div>        <div class=\"sec_text\">long fil de 75 cm entre la pile alcaline et la lampe,<br \/>\nautononomie de 10,5 heures min., intensit\u00e9 lumineuse 1,5 cd.<\/div>      <a href=\"https:\/\/www.secumar.com\/fr\/das-rettungswestenlicht-rettet-leben\/\">        <div class=\"sec_btn\">En savoir plus<\/div>      <\/a>      <\/div>    <\/div>  <\/div><\/div><\/p>\n<div class=\"clearfix\"><\/div>\n<p><!-- Zeile 4 --><br \/>\n<div class='sec_products_container_headline'>SECUMAR Bestseller<\/div><div class='sec_divider'><\/div><div class=\"woocommerce secumar_bestseller_slider columns-3\">\r\n\r\n            \r\n\r\n                <a href=\"https:\/\/www.secumar.com\/fr\/produit\/alpha-275-3d-nouveau\/\">\r\n                    <div class=\"sec_content_box sec_content_product_box no-padding\">\r\n                        <div class=\"sec_innerbox\"><img decoding=\"async\" width=\"300\" height=\"300\" src=\"https:\/\/www.secumar.com\/wp-content\/uploads\/2023\/02\/ALPHA-275-2023.jpg\" class=\"attachment-380x300 size-380x300 wp-post-image\" alt=\"\" srcset=\"https:\/\/www.secumar.com\/wp-content\/uploads\/2023\/02\/ALPHA-275-2023.jpg 900w, https:\/\/www.secumar.com\/wp-content\/uploads\/2023\/02\/ALPHA-275-2023-300x300.jpg 300w, https:\/\/www.secumar.com\/wp-content\/uploads\/2023\/02\/ALPHA-275-2023-750x750.jpg 750w, https:\/\/www.secumar.com\/wp-content\/uploads\/2023\/02\/ALPHA-275-2023-600x600.jpg 600w, https:\/\/www.secumar.com\/wp-content\/uploads\/2023\/02\/ALPHA-275-2023-100x100.jpg 100w\" sizes=\"(max-width: 300px) 100vw, 300px\" \/>                        <\/div>\r\n\r\n                        <div class=\"sec_titlebox\"><span>\r\n                                                        <strong>\r\n                                Alpha 275 3D &#8211; NOUVEAU                            <\/strong><br>\r\n                            Gilet gonflable\r\n                        <\/span><\/div>\r\n                    <\/div>\r\n                <\/a>\r\n\r\n\r\n            \r\n\r\n                <a href=\"https:\/\/www.secumar.com\/fr\/produit\/sierra300\/\">\r\n                    <div class=\"sec_content_box sec_content_product_box no-padding\">\r\n                        <div class=\"sec_innerbox\"><img decoding=\"async\" width=\"300\" height=\"300\" src=\"https:\/\/www.secumar.com\/wp-content\/uploads\/2022\/01\/SIERRA-300.jpg\" class=\"attachment-380x300 size-380x300 wp-post-image\" alt=\"SIERRA 300\" srcset=\"https:\/\/www.secumar.com\/wp-content\/uploads\/2022\/01\/SIERRA-300.jpg 900w, https:\/\/www.secumar.com\/wp-content\/uploads\/2022\/01\/SIERRA-300-300x300.jpg 300w, https:\/\/www.secumar.com\/wp-content\/uploads\/2022\/01\/SIERRA-300-750x750.jpg 750w, https:\/\/www.secumar.com\/wp-content\/uploads\/2022\/01\/SIERRA-300-600x600.jpg 600w, https:\/\/www.secumar.com\/wp-content\/uploads\/2022\/01\/SIERRA-300-100x100.jpg 100w\" sizes=\"(max-width: 300px) 100vw, 300px\" \/>                        <\/div>\r\n\r\n                        <div class=\"sec_titlebox\"><span>\r\n                                                        <strong>\r\n                                SIERRA 300                            <\/strong><br>\r\n                            Gilet de sauvetage gonflable\r\n                        <\/span><\/div>\r\n                    <\/div>\r\n                <\/a>\r\n\r\n\r\n            \r\n\r\n                <a href=\"https:\/\/www.secumar.com\/fr\/produit\/survival-220\/\">\r\n                    <div class=\"sec_content_box sec_content_product_box no-padding\">\r\n                        <div class=\"sec_innerbox\"><img decoding=\"async\" width=\"300\" height=\"300\" src=\"https:\/\/www.secumar.com\/wp-content\/uploads\/2018\/11\/SURVIVAL-220-lightgrey-left-PNR16690.jpg\" class=\"attachment-380x300 size-380x300 wp-post-image\" alt=\"SURVIVAL 220 lightgrey left PNR16690\" srcset=\"https:\/\/www.secumar.com\/wp-content\/uploads\/2018\/11\/SURVIVAL-220-lightgrey-left-PNR16690.jpg 900w, https:\/\/www.secumar.com\/wp-content\/uploads\/2018\/11\/SURVIVAL-220-lightgrey-left-PNR16690-300x300.jpg 300w, https:\/\/www.secumar.com\/wp-content\/uploads\/2018\/11\/SURVIVAL-220-lightgrey-left-PNR16690-100x100.jpg 100w, https:\/\/www.secumar.com\/wp-content\/uploads\/2018\/11\/SURVIVAL-220-lightgrey-left-PNR16690-600x600.jpg 600w\" sizes=\"(max-width: 300px) 100vw, 300px\" \/>                        <\/div>\r\n\r\n                        <div class=\"sec_titlebox\"><span>\r\n                                                        <strong>\r\n                                Survival 220                            <\/strong><br>\r\n                            Gilet gonflable\r\n                        <\/span><\/div>\r\n                    <\/div>\r\n                <\/a>\r\n\r\n\r\n            \r\n\r\n                <a href=\"https:\/\/www.secumar.com\/fr\/produit\/survival-275-duo-protect\/\">\r\n                    <div class=\"sec_content_box sec_content_product_box no-padding\">\r\n                        <div class=\"sec_innerbox\"><img decoding=\"async\" width=\"300\" height=\"300\" src=\"https:\/\/www.secumar.com\/wp-content\/uploads\/2018\/11\/SURVIVAL-275-blue-left-PNR16689.jpg\" class=\"attachment-380x300 size-380x300 wp-post-image\" alt=\"SURVIVAL 275 blue left PNR16689\" srcset=\"https:\/\/www.secumar.com\/wp-content\/uploads\/2018\/11\/SURVIVAL-275-blue-left-PNR16689.jpg 900w, https:\/\/www.secumar.com\/wp-content\/uploads\/2018\/11\/SURVIVAL-275-blue-left-PNR16689-300x300.jpg 300w, https:\/\/www.secumar.com\/wp-content\/uploads\/2018\/11\/SURVIVAL-275-blue-left-PNR16689-100x100.jpg 100w, https:\/\/www.secumar.com\/wp-content\/uploads\/2018\/11\/SURVIVAL-275-blue-left-PNR16689-600x600.jpg 600w\" sizes=\"(max-width: 300px) 100vw, 300px\" \/>                        <\/div>\r\n\r\n                        <div class=\"sec_titlebox\"><span>\r\n                                                        <strong>\r\n                                Survival 275 Duo Protect                            <\/strong><br>\r\n                            Gilet gonflable\r\n                        <\/span><\/div>\r\n                    <\/div>\r\n                <\/a>\r\n\r\n\r\n            \r\n\r\n                <a href=\"https:\/\/www.secumar.com\/fr\/produit\/junior\/\">\r\n                    <div class=\"sec_content_box sec_content_product_box no-padding\">\r\n                        <div class=\"sec_innerbox\"><img decoding=\"async\" width=\"300\" height=\"300\" src=\"https:\/\/www.secumar.com\/wp-content\/uploads\/2018\/11\/SECUMAR-JUNIOR-left-PNR15471.jpg\" class=\"attachment-380x300 size-380x300 wp-post-image\" alt=\"JUNIOR left PNR15471\" srcset=\"https:\/\/www.secumar.com\/wp-content\/uploads\/2018\/11\/SECUMAR-JUNIOR-left-PNR15471.jpg 900w, https:\/\/www.secumar.com\/wp-content\/uploads\/2018\/11\/SECUMAR-JUNIOR-left-PNR15471-300x300.jpg 300w, https:\/\/www.secumar.com\/wp-content\/uploads\/2018\/11\/SECUMAR-JUNIOR-left-PNR15471-100x100.jpg 100w, https:\/\/www.secumar.com\/wp-content\/uploads\/2018\/11\/SECUMAR-JUNIOR-left-PNR15471-600x600.jpg 600w\" sizes=\"(max-width: 300px) 100vw, 300px\" \/>                        <\/div>\r\n\r\n                        <div class=\"sec_titlebox\"><span>\r\n                                                        <strong>\r\n                                Junior                            <\/strong><br>\r\n                            Gilet gonflable pour enfants\r\n                        <\/span><\/div>\r\n                    <\/div>\r\n                <\/a>\r\n\r\n\r\n            \r\n\r\n                <a href=\"https:\/\/www.secumar.com\/fr\/produit\/scout-275-3d-2\/\">\r\n                    <div class=\"sec_content_box sec_content_product_box no-padding\">\r\n                        <div class=\"sec_innerbox\"><img decoding=\"async\" width=\"300\" height=\"300\" src=\"https:\/\/www.secumar.com\/wp-content\/uploads\/2016\/10\/Scout-275-3D.jpg\" class=\"attachment-380x300 size-380x300 wp-post-image\" alt=\"\" srcset=\"https:\/\/www.secumar.com\/wp-content\/uploads\/2016\/10\/Scout-275-3D.jpg 900w, https:\/\/www.secumar.com\/wp-content\/uploads\/2016\/10\/Scout-275-3D-300x300.jpg 300w, https:\/\/www.secumar.com\/wp-content\/uploads\/2016\/10\/Scout-275-3D-100x100.jpg 100w, https:\/\/www.secumar.com\/wp-content\/uploads\/2016\/10\/Scout-275-3D-600x600.jpg 600w, https:\/\/www.secumar.com\/wp-content\/uploads\/2016\/10\/Scout-275-3D-154x154.jpg 154w\" sizes=\"(max-width: 300px) 100vw, 300px\" \/>                        <\/div>\r\n\r\n                        <div class=\"sec_titlebox\"><span>\r\n                                                        <strong>\r\n                                SCOUT                            <\/strong><br>\r\n                            Gilet gonflable\r\n                        <\/span><\/div>\r\n                    <\/div>\r\n                <\/a>\r\n\r\n\r\n            \r\n\r\n        <\/div><script>jQuery(document).ready(function(){\r\n  jQuery(\".secumar_bestseller_slider\").slick({\r\n  infinite: true,\r\n  slidesToShow: 3,\r\n            responsive: [\r\n                {\r\n                    breakpoint: 1024,\r\n                    settings: {\r\n                        slidesToShow: 3,\r\n                        slidesToScroll: 3,\r\n                        infinite: true,\r\n                        dots: true\r\n                    }\r\n                },\r\n                {\r\n                    breakpoint: 991,\r\n                    settings: {\r\n                        slidesToShow: 2,\r\n                        slidesToScroll: 2\r\n                    }\r\n                },\r\n                {\r\n                    breakpoint: 600,\r\n                    settings: {\r\n                        slidesToShow: 1,\r\n                        slidesToScroll: 1\r\n                    }\r\n                }\r\n            ]\r\n   });\r\n});<\/script><\/p>\n","protected":false},"excerpt":{"rendered":"","protected":false},"author":213,"featured_media":0,"parent":0,"menu_order":0,"comment_status":"closed","ping_status":"closed","template":"page-home.php","meta":{"_acf_changed":false,"_searchwp_excluded":"","editor_plus_copied_stylings":"{}","footnotes":"","_links_to":"","_links_to_target":""},"class_list":["post-30704","page","type-page","status-publish","hentry"],"acf":[],"yoast_head":"<!-- This site is optimized with the Yoast SEO plugin v24.6 - https:\/\/yoast.com\/wordpress\/plugins\/seo\/ -->\n<title>Gilets de sauvetage SECUMAR - Bienvenue<\/title>\n<meta name=\"description\" content=\"Bienvenue sur le site officiel de SECUMAR. Nous attendons votre visite.\" \/>\n<meta name=\"robots\" content=\"index, follow, max-snippet:-1, max-image-preview:large, max-video-preview:-1\" \/>\n<link rel=\"canonical\" href=\"https:\/\/www.secumar.com\/fr\/\" \/>\n<meta property=\"og:locale\" content=\"fr_FR\" \/>\n<meta property=\"og:type\" content=\"article\" \/>\n<meta property=\"og:title\" content=\"Gilets de sauvetage SECUMAR - Bienvenue\" \/>\n<meta property=\"og:description\" content=\"Bienvenue sur le site officiel de SECUMAR. Nous attendons votre visite.\" \/>\n<meta property=\"og:url\" content=\"https:\/\/www.secumar.com\/fr\/\" \/>\n<meta property=\"og:site_name\" content=\"SECUMAR\" \/>\n<meta property=\"article:publisher\" content=\"https:\/\/www.facebook.com\/Secumar\/\" \/>\n<meta property=\"article:modified_time\" content=\"2026-01-12T07:09:51+00:00\" \/>\n<meta property=\"og:image\" content=\"https:\/\/www.secumar.com\/wp-content\/uploads\/2016\/09\/S-Logo_150px.jpg\" \/>\n\t<meta property=\"og:image:width\" content=\"150\" \/>\n\t<meta property=\"og:image:height\" content=\"150\" \/>\n\t<meta property=\"og:image:type\" content=\"image\/jpeg\" \/>\n<meta name=\"twitter:card\" content=\"summary_large_image\" \/>\n<meta name=\"twitter:label1\" content=\"Dur\u00e9e de lecture estim\u00e9e\" \/>\n\t<meta name=\"twitter:data1\" content=\"1 minute\" \/>\n<script type=\"application\/ld+json\" class=\"yoast-schema-graph\">{\"@context\":\"https:\/\/schema.org\",\"@graph\":[{\"@type\":\"WebPage\",\"@id\":\"https:\/\/www.secumar.com\/fr\/\",\"url\":\"https:\/\/www.secumar.com\/fr\/\",\"name\":\"Gilets de sauvetage SECUMAR - Bienvenue\",\"isPartOf\":{\"@id\":\"https:\/\/www.secumar.com\/#website\"},\"datePublished\":\"2016-12-02T11:37:59+00:00\",\"dateModified\":\"2026-01-12T07:09:51+00:00\",\"description\":\"Bienvenue sur le site officiel de SECUMAR. Nous attendons votre visite.\",\"breadcrumb\":{\"@id\":\"https:\/\/www.secumar.com\/fr\/#breadcrumb\"},\"inLanguage\":\"fr-FR\",\"potentialAction\":[{\"@type\":\"ReadAction\",\"target\":[\"https:\/\/www.secumar.com\/fr\/\"]}]},{\"@type\":\"BreadcrumbList\",\"@id\":\"https:\/\/www.secumar.com\/fr\/#breadcrumb\",\"itemListElement\":[{\"@type\":\"ListItem\",\"position\":1,\"name\":\"Startseite\",\"item\":\"https:\/\/www.secumar.com\/fr\/\"},{\"@type\":\"ListItem\",\"position\":2,\"name\":\"Accueil\"}]},{\"@type\":\"WebSite\",\"@id\":\"https:\/\/www.secumar.com\/#website\",\"url\":\"https:\/\/www.secumar.com\/\",\"name\":\"SECUMAR\",\"description\":\"Gilets de sauvetage\",\"publisher\":{\"@id\":\"https:\/\/www.secumar.com\/#organization\"},\"potentialAction\":[{\"@type\":\"SearchAction\",\"target\":{\"@type\":\"EntryPoint\",\"urlTemplate\":\"https:\/\/www.secumar.com\/?s={search_term_string}\"},\"query-input\":{\"@type\":\"PropertyValueSpecification\",\"valueRequired\":true,\"valueName\":\"search_term_string\"}}],\"inLanguage\":\"fr-FR\"},{\"@type\":\"Organization\",\"@id\":\"https:\/\/www.secumar.com\/#organization\",\"name\":\"Bernhardt Apparatebau GmbH u. Co.\",\"url\":\"https:\/\/www.secumar.com\/\",\"logo\":{\"@type\":\"ImageObject\",\"inLanguage\":\"fr-FR\",\"@id\":\"https:\/\/www.secumar.com\/#\/schema\/logo\/image\/\",\"url\":\"https:\/\/www.secumar.com\/wp-content\/uploads\/2016\/09\/S-Logo_150px-3.jpg\",\"contentUrl\":\"https:\/\/www.secumar.com\/wp-content\/uploads\/2016\/09\/S-Logo_150px-3.jpg\",\"width\":150,\"height\":150,\"caption\":\"Bernhardt Apparatebau GmbH u. Co.\"},\"image\":{\"@id\":\"https:\/\/www.secumar.com\/#\/schema\/logo\/image\/\"},\"sameAs\":[\"https:\/\/www.facebook.com\/Secumar\/\",\"https:\/\/www.instagram.com\/secumar\/\",\"https:\/\/www.linkedin.com\/company-beta\/8684519\/\",\"https:\/\/www.youtube.com\/user\/BernhardtApparatebau\",\"https:\/\/de.wikipedia.org\/wiki\/Secumar\"]}]}<\/script>\n<!-- \/ Yoast SEO plugin. -->","yoast_head_json":{"title":"Gilets de sauvetage SECUMAR - Bienvenue","description":"Bienvenue sur le site officiel de SECUMAR. Nous attendons votre visite.","robots":{"index":"index","follow":"follow","max-snippet":"max-snippet:-1","max-image-preview":"max-image-preview:large","max-video-preview":"max-video-preview:-1"},"canonical":"https:\/\/www.secumar.com\/fr\/","og_locale":"fr_FR","og_type":"article","og_title":"Gilets de sauvetage SECUMAR - Bienvenue","og_description":"Bienvenue sur le site officiel de SECUMAR. Nous attendons votre visite.","og_url":"https:\/\/www.secumar.com\/fr\/","og_site_name":"SECUMAR","article_publisher":"https:\/\/www.facebook.com\/Secumar\/","article_modified_time":"2026-01-12T07:09:51+00:00","og_image":[{"width":150,"height":150,"url":"https:\/\/www.secumar.com\/wp-content\/uploads\/2016\/09\/S-Logo_150px.jpg","type":"image\/jpeg"}],"twitter_card":"summary_large_image","twitter_misc":{"Dur\u00e9e de lecture estim\u00e9e":"1 minute"},"schema":{"@context":"https:\/\/schema.org","@graph":[{"@type":"WebPage","@id":"https:\/\/www.secumar.com\/fr\/","url":"https:\/\/www.secumar.com\/fr\/","name":"Gilets de sauvetage SECUMAR - Bienvenue","isPartOf":{"@id":"https:\/\/www.secumar.com\/#website"},"datePublished":"2016-12-02T11:37:59+00:00","dateModified":"2026-01-12T07:09:51+00:00","description":"Bienvenue sur le site officiel de SECUMAR. Nous attendons votre visite.","breadcrumb":{"@id":"https:\/\/www.secumar.com\/fr\/#breadcrumb"},"inLanguage":"fr-FR","potentialAction":[{"@type":"ReadAction","target":["https:\/\/www.secumar.com\/fr\/"]}]},{"@type":"BreadcrumbList","@id":"https:\/\/www.secumar.com\/fr\/#breadcrumb","itemListElement":[{"@type":"ListItem","position":1,"name":"Startseite","item":"https:\/\/www.secumar.com\/fr\/"},{"@type":"ListItem","position":2,"name":"Accueil"}]},{"@type":"WebSite","@id":"https:\/\/www.secumar.com\/#website","url":"https:\/\/www.secumar.com\/","name":"SECUMAR","description":"Gilets de sauvetage","publisher":{"@id":"https:\/\/www.secumar.com\/#organization"},"potentialAction":[{"@type":"SearchAction","target":{"@type":"EntryPoint","urlTemplate":"https:\/\/www.secumar.com\/?s={search_term_string}"},"query-input":{"@type":"PropertyValueSpecification","valueRequired":true,"valueName":"search_term_string"}}],"inLanguage":"fr-FR"},{"@type":"Organization","@id":"https:\/\/www.secumar.com\/#organization","name":"Bernhardt Apparatebau GmbH u. Co.","url":"https:\/\/www.secumar.com\/","logo":{"@type":"ImageObject","inLanguage":"fr-FR","@id":"https:\/\/www.secumar.com\/#\/schema\/logo\/image\/","url":"https:\/\/www.secumar.com\/wp-content\/uploads\/2016\/09\/S-Logo_150px-3.jpg","contentUrl":"https:\/\/www.secumar.com\/wp-content\/uploads\/2016\/09\/S-Logo_150px-3.jpg","width":150,"height":150,"caption":"Bernhardt Apparatebau GmbH u. Co."},"image":{"@id":"https:\/\/www.secumar.com\/#\/schema\/logo\/image\/"},"sameAs":["https:\/\/www.facebook.com\/Secumar\/","https:\/\/www.instagram.com\/secumar\/","https:\/\/www.linkedin.com\/company-beta\/8684519\/","https:\/\/www.youtube.com\/user\/BernhardtApparatebau","https:\/\/de.wikipedia.org\/wiki\/Secumar"]}]}},"_links":{"self":[{"href":"https:\/\/www.secumar.com\/fr\/wp-json\/wp\/v2\/pages\/30704","targetHints":{"allow":["GET"]}}],"collection":[{"href":"https:\/\/www.secumar.com\/fr\/wp-json\/wp\/v2\/pages"}],"about":[{"href":"https:\/\/www.secumar.com\/fr\/wp-json\/wp\/v2\/types\/page"}],"author":[{"embeddable":true,"href":"https:\/\/www.secumar.com\/fr\/wp-json\/wp\/v2\/users\/213"}],"replies":[{"embeddable":true,"href":"https:\/\/www.secumar.com\/fr\/wp-json\/wp\/v2\/comments?post=30704"}],"version-history":[{"count":21,"href":"https:\/\/www.secumar.com\/fr\/wp-json\/wp\/v2\/pages\/30704\/revisions"}],"predecessor-version":[{"id":59357,"href":"https:\/\/www.secumar.com\/fr\/wp-json\/wp\/v2\/pages\/30704\/revisions\/59357"}],"wp:attachment":[{"href":"https:\/\/www.secumar.com\/fr\/wp-json\/wp\/v2\/media?parent=30704"}],"curies":[{"name":"wp","href":"https:\/\/api.w.org\/{rel}","templated":true}]}}