{"id":18258,"date":"2015-12-09T16:02:43","date_gmt":"2015-12-09T15:02:43","guid":{"rendered":"http:\/\/testumgebung.eureka-konzepte.de\/fr\/fachhaendler-und-wartungsstationen\/"},"modified":"2026-04-20T20:59:24","modified_gmt":"2026-04-20T18:59:24","slug":"points-de-vente-et-stations-de-revision-agreees","status":"publish","type":"page","link":"https:\/\/www.secumar.com\/fr\/points-de-vente-et-stations-de-revision-agreees\/","title":{"rendered":"Points de vente et stations de r\u00e9vision agr\u00e9\u00e9es"},"content":{"rendered":" <div class=\"brlbs-cmpnt-container brlbs-cmpnt-content-blocker brlbs-cmpnt-with-individual-styles\" data-borlabs-cookie-content-blocker-id=\"agilestorelocator\" data-borlabs-cookie-content=\"PGJyIC8+CjxzdHlsZSB0eXBlPSJ0ZXh0L2NzcyI+CiAgYm9keSAjYXNsLXN0b3JlbG9jYXRvci5hc2wtY29udC5hc2wtdGVtcGxhdGUtMCB7LS1zbC1mb250LXNpemU6IDEzcHg7LS1zbC10aXRsZS1zaXplOiAxNXB4Oy0tc2wtYnRuLXNpemU6IDEzcHg7LS1zbC1wcmltYXJ5OiAjMDY0ODkxOy0tc2wtaGVhZGVyOiAjRjdGN0Y3Oy0tc2wtaGVhZGVyLWNvbG9yOiAjMzIzNzNjOy0tc2wtaW5mb2JveC1jb2xvcjogIzU1NWQ2NjstLXNsLWluZm9ib3gtYmc6ICNGRkZGRkY7LS1zbC1pbmZvYm94LWE6ICMwNjQ4OTE7LS1zbC1hY3Rpb24tYnRuLWNvbG9yOiAjRkZGRkZGOy0tc2wtYWN0aW9uLWJ0bi1iZzogIzA2NDg5MTstLXNsLWNvbG9yOiAjNTU1ZDY2Oy0tc2wtbGlzdC1iZzogI0ZGRkZGRjstLXNsLWxpc3QtdGl0bGU6ICMzMjM3M2M7LS1zbC1saXN0LXN1Yi10aXRsZTogIzZhNmE2YTstLXNsLWhpZ2hsaWdodGVkOiAjRjdGN0Y3O30uYXNsLXAtY29udCAuYXNsLXByaW50LWJ0biwuYXNsLWNvbnQgLmFzbC1wcmludC1idG4ge2Rpc3BsYXk6IG5vbmUgIWltcG9ydGFudDt9ICAuYXNsLWNvbnQgLm9ub2Zmc3dpdGNoIC5vbm9mZnN3aXRjaC1sYWJlbCAub25vZmZzd2l0Y2gtc3dpdGNoOmJlZm9yZSB7Y29udGVudDogIk9QRU4iICFpbXBvcnRhbnQ7fQogIC5hc2wtY29udCAub25vZmZzd2l0Y2ggLm9ub2Zmc3dpdGNoLWxhYmVsIC5vbm9mZnN3aXRjaC1zd2l0Y2g6YWZ0ZXIge2NvbnRlbnQ6ICJBTEwiICFpbXBvcnRhbnQ7fQogIEBtZWRpYSAobWF4LXdpZHRoOiA3NjdweCkgewogICAgI2FzbC1zdG9yZWxvY2F0b3IuYXNsLWNvbnQgLmFzbC1wYW5lbCB7b3JkZXI6IDA7fQogIH0KICAuYXNsLWNvbnQuc2wtc2VhcmNoLW9ubHkgLkZpbHRlcl9zZWN0aW9uICsgLnNsLXJvdyB7ZGlzcGxheTogbm9uZTt9CiAgLmFzbC1jb250IC5zbC1oaWRlLWJyYW5jaGVzLAogIC5hc2wtY29udCAuc2wtaGlkZS1icmFuY2hlczpob3ZlciB7Y29sb3I6ICNGRkYgIWltcG9ydGFudDsgdGV4dC1kZWNvcmF0aW9uOiBub25lICFpbXBvcnRhbnQ7Y3Vyc29yOiBwb2ludGVyO30KPC9zdHlsZT4KPGRpdiBpZD0iYXNsLXN0b3JlbG9jYXRvciIgY2xhc3M9InN0b3JlbG9jYXRvci1tYWluIGFzbC1jb250IGFzbC10ZW1wbGF0ZS0wIGFzbC1sYXlvdXQtMCBhc2wtYmctMyBzbC1jYXRlZ29yeS10YWJzICBhc2wtdGV4dC0xIj4KICA8ZGl2IGNsYXNzPSJhc2wtd3JhcHBlciI+CiAgICA8ZGl2IGNsYXNzPSJzbC1jb250YWluZXIiPgogICAgICAgICAgICAgCiAgICAgIDxkaXYgY2xhc3M9InNsLXJvdyBGaWx0ZXJfc2VjdGlvbiI+CiAgICAgICAgICA8ZGl2IGNsYXNzPSJwb2wtbGctNCBwb2wtbWQtNSBwb2wtc20tMTIgc2VhcmNoX2ZpbHRlciI+CiAgICAgICAgICAgICAgPGxhYmVsIGNsYXNzPSJtYi0yIiBmb3I9ImF1dG8tY29tcGxldGUtc2VhcmNoIj5Mb2NhbGlzYXRpb24gZGUgcmVjaGVyY2hlPC9sYWJlbD4KICAgICAgICAgICAgICA8ZGl2IGNsYXNzPSJzbC1zZWFyY2gtZ3JvdXAgZC1mbGV4Ij4KICAgICAgICAgICAgICAgIDxpbnB1dCB0eXBlPSJ0ZXh0IiB2YWx1ZT0iIiBkYXRhLXN1Ym1pdD0iZGlzYWJsZSIgaWQ9ImF1dG8tY29tcGxldGUtc2VhcmNoIiBwbGFjZWhvbGRlcj0iRW50cmV6IHVuIGVtcGxhY2VtZW50IiAgY2xhc3M9ImFzbC1zZWFyY2gtYWRkcmVzcyBmb3JtLWNvbnRyb2wgaXNwX2lnbm9yZSI+CiAgICAgICAgICAgICAgICA8YnV0dG9uIGFyaWEtbGFiZWw9IkxvY2FsaXNhdGlvbiBkZSByZWNoZXJjaGUiIHRpdGxlPSJMb2NhbGlzYXRpb24gZGUgcmVjaGVyY2hlIiB0eXBlPSJidXR0b24iIGNsYXNzPSJzcGFuLWdlbyI+PGkgY2xhc3M9Imljb24tc2VhcmNoIj48L2k+PC9idXR0b24+CiAgICAgICAgICAgICAgPC9kaXY+CiAgICAgICAgICA8L2Rpdj4KICAgICAgICAgIDxkaXYgY2xhc3M9InBvbC1sZy04IHBvbC1tZC03IHBvbC1zbS0xMiI+CiAgICAgICAgICAgIDxkaXYgY2xhc3M9InNsLXJvdyI+CiAgICAgICAgICAgICAgPGRpdiBjbGFzcz0icG9sLXNtLTEyIGFzbC1hZHZhbmNlLWZpbHRlcnMgaGlkZSI+CiAgICAgICAgICAgICAgICA8ZGl2IGNsYXNzPSJzbC1yb3ciPgogICAgICAgICAgICAgICAgICAgICAgICAgICAgICAgICAgICAgICAgICAgICAgICAgICAgICA8ZGl2IGNsYXNzPSJwb2wtbGctNCBwb2wtbWQtNiBwb2wtc20tMTIgIGFzbC10YWJzLWRkbCBwb2wtMTIgcG9sLWxnLTEyIHBvbC1tZC0xMiBwb2wtc20tMTIgYXNsLWRkbC1maWx0ZXJzIGFzbC1kZGwtZmlsdGVyLWNhdHMiPgogICAgICAgICAgICAgICAgICAgICAgPGRpdiBjbGFzcz0iYXNsLWZpbHRlci1jbnRybCI+CiAgICAgICAgICAgICAgICAgICAgICAgIDxsYWJlbCBjbGFzcz0iYXNsLWNudHJsLWxibCIgZm9yPSJhc2wtY2F0ZWdvcmllcyI+Q2F0w6lnb3JpZTwvbGFiZWw+CiAgICAgICAgICAgICAgICAgICAgICAgIDxkaXYgY2xhc3M9InNsLWRyb3Bkb3duLWNvbnQiIGlkPSJjYXRlZ29yaWVzX2ZpbHRlciI+CiAgICAgICAgICAgICAgICAgICAgICAgIDwvZGl2PgogICAgICAgICAgICAgICAgICAgICAgPC9kaXY+CiAgICAgICAgICAgICAgICAgIDwvZGl2PgogICAgICAgICAgICAgICAgICAgICAgICAgICAgICAgICAgICAgICAgICAgICAgICAgICAgICAgICAgICAgICAgICAgICAgICA8ZGl2IGNsYXNzPSJwb2wtbGctNCBwb2wtbWQtNiBwb2wtc20tMTIgcmFuZ2VfZmlsdGVyIGFzbC1kZGwtZmlsdGVycyBoaWRlIj4KICAgICAgICAgICAgICAgICAgICA8ZGl2IGNsYXNzPSJyYW5nZUZpbHRlciBhc2wtZmlsdGVyLWNudHJsIj4KICAgICAgICAgICAgICAgICAgICAgIDxsYWJlbCBmb3I9ImFzbC1yYWRpdXMtc2xpZGUiIGNsYXNzPSJhc2wtY250cmwtbGJsIj5EaXN0YW5jZSBSYW5nZTwvbGFiZWw+CiAgICAgICAgICAgICAgICAgICAgICA8aW5wdXQgaWQ9ImFzbC1yYWRpdXMtc2xpZGUiIHR5cGU9InRleHQiIGNsYXNzPSJzcGFuMiIgLz4KICAgICAgICAgICAgICAgICAgICAgIDxzcGFuIGNsYXNzPSJyYWQtdW5pdCI+UmF5b246IDxzcGFuIGlkPSJhc2wtcmFkaXVzLWlucHV0Ij48L3NwYW4+IDxzcGFuIGlkPSJhc2wtZGlzdC11bml0Ij5LbTwvc3Bhbj48L3NwYW4+CiAgICAgICAgICAgICAgICAgICAgPC9kaXY+CiAgICAgICAgICAgICAgICAgIDwvZGl2PgogICAgICAgICAgICAgICAgICA8ZGl2IGNsYXNzPSJwb2wtbGctMiBwb2wtbWQtMyBwb2wtc20tMTIgU3RhdHVzX2ZpbHRlciI+CiAgICAgICAgICAgICAgICAgICAgPGRpdiBjbGFzcz0iYXNsLWZpbHRlci1jbnRybCI+CiAgICAgICAgICAgICAgICAgICAgICA8bGFiZWwgY2xhc3M9ImFzbC1jbnRybC1sYmwiPlN0YXR1czwvbGFiZWw+CiAgICAgICAgICAgICAgICAgICAgICA8ZGl2IGNsYXNzPSJvbm9mZnN3aXRjaCI+CiAgICAgICAgICAgICAgICAgICAgICAgIDxpbnB1dCB0eXBlPSJjaGVja2JveCIgbmFtZT0ib25vZmZzd2l0Y2giIGNsYXNzPSJvbm9mZnN3aXRjaC1jaGVja2JveCIgaWQ9ImFzbC1vcGVuLWNsb3NlIiBjaGVja2VkPgogICAgICAgICAgICAgICAgICAgICAgICA8bGFiZWwgYXJpYS1sYWJlbD0iT3BlbmVkIFN0b3JlcyIgdGl0bGU9Ik9wZW5lZCBTdG9yZXMiIGNsYXNzPSJvbm9mZnN3aXRjaC1sYWJlbCIgZm9yPSJhc2wtb3Blbi1jbG9zZSI+CiAgICAgICAgICAgICAgICAgICAgICAgICAgICA8c3BhbiBjbGFzcz0ib25vZmZzd2l0Y2gtaW5uZXIiPjwvc3Bhbj4KICAgICAgICAgICAgICAgICAgICAgICAgICAgIDxzcGFuIGNsYXNzPSJvbm9mZnN3aXRjaC1zd2l0Y2giPjwvc3Bhbj4KICAgICAgICAgICAgICAgICAgICAgICAgPC9sYWJlbD4KICAgICAgICAgICAgICAgICAgICAgIDwvZGl2PgogICAgICAgICAgICAgICAgICAgIDwvZGl2PgogICAgICAgICAgICAgICAgICA8L2Rpdj4KICAgICAgICAgICAgICAgIDwvZGl2PgogICAgICAgICAgICAgIDwvZGl2PgogICAgICAgICAgICA8L2Rpdj4KICAgICAgICAgIDwvZGl2PgogICAgICA8L2Rpdj4KICAgICAgICAgICAgPGRpdiBjbGFzcz0ic2wtcm93Ij4KICAgICAgICA8ZGl2IGNsYXNzPSJwb2wtMTIiPgogICAgICAgICAgICA8ZGl2IGNsYXNzPSJzbC1tYWluLWNvbnQiPgogICAgICAgICAgICAgICAgPGRpdiBjbGFzcz0ic2wtcm93IG5vLWd1dHRlcnMgc2wtbWFpbi1yb3ciPgogICAgICAgICAgICAgICAgICAgIDxkaXYgaWQ9ImFzbC1wYW5lbCIgY2xhc3M9ImFzbC1wYW5lbCBwb2wtbWQtNSBwb2wtbGctNCBhc2xfbG9jYXRvci1wYW5lbCI+CiAgICAgICAgICAgICAgICAgICAgICAgIDxkaXYgY2xhc3M9ImFzbC1vdmVybGF5IiBpZD0ibWFwLWxvYWRpbmciPgogICAgICAgICAgICAgICAgICAgICAgICAgICAgPGRpdiBjbGFzcz0id2hpdGUiPjwvZGl2PgogICAgICAgICAgICAgICAgICAgICAgICAgICAgPGRpdiBjbGFzcz0ic2wtbG9hZGluZyI+CiAgICAgICAgICAgICAgICAgICAgICAgICAgICAgIDxpIGNsYXNzPSJhbmltYXRlLXNsLXNwaW4gaWNvbi1zcGluMyI+PC9pPgogICAgICAgICAgICAgICAgICAgICAgICAgICAgICBDaGFyZ2VtZW50Li4uICAgICAgICAgICAgICAgICAgICAgICAgICAgIDwvZGl2PgogICAgICAgICAgICAgICAgICAgICAgICA8L2Rpdj4KICAgICAgICAgICAgICAgICAgICAgICAgICAgICAgICAgICAgICAgICAgICAgICAgPCEtLSBsaXN0IC0tPgogICAgICAgICAgICAgICAgICAgICAgICA8ZGl2IGNsYXNzPSJhc2wtcGFuZWwtaW5uZXIiPgogICAgICAgICAgICAgICAgICAgICAgICAgICAgPGRpdiBjbGFzcz0idG9wLXRpdGxlIE51bV9vZl9zdG9yZSI+CiAgICAgICAgICAgICAgICAgICAgICAgICAgICAgIDxzcGFuPjxzcGFuIGNsYXNzPSJzbC1oZWFkLXRpdGxlIj5OdW1iZXIgT2YgU2hvcHM8L3NwYW4+OiA8c3BhbiBjbGFzcz0iY291bnQtcmVzdWx0Ij4wPC9zcGFuPjwvc3Bhbj4KICAgICAgICAgICAgICAgICAgICAgICAgICAgICAgICAgICAgICAgICAgICAgICAgICAgICAgICAgICAgICA8YSBjbGFzcz0iYXNsLXByaW50LWJ0biI+PHNwYW4+UFJJTlQ8L3NwYW4+PHNwYW4gY2xhc3M9ImFzbC1wcmludCI+PC9zcGFuPjwvYT4KICAgICAgICAgICAgICAgICAgICAgICAgICAgICAgICAgICAgICAgICAgICAgICAgICAgICAgICAgIDwvZGl2PgogICAgICAgICAgICAgICAgICAgICAgICAgICAgPGRpdiBjbGFzcz0ic2wtbWFpbi1jb250LWJveCI+CiAgICAgICAgICAgICAgICAgICAgICAgICAgICAgIDxkaXYgaWQ9ImFzbC1saXN0IiBjbGFzcz0ic2wtbGlzdC13cmFwcGVyIj4KICAgICAgICAgICAgICAgICAgICAgICAgICAgICAgICA8dWwgaWQ9InAtc3RhdGVsaXN0IiBjbGFzcz0ic2wtbGlzdCI+CiAgICAgICAgICAgICAgICAgICAgICAgICAgICAgICAgPC91bD4KICAgICAgICAgICAgICAgICAgICAgICAgICAgICAgPC9kaXY+CiAgICAgICAgICAgICAgICAgICAgICAgICAgICA8L2Rpdj4KICAgICAgICAgICAgICAgICAgICAgICAgPC9kaXY+CgogICAgICAgICAgICAgICAgICAgICAgICA8ZGl2IGNsYXNzPSJkaXJlY3Rpb25zLWNvbnQgaGlkZSI+CiAgICAgICAgICAgICAgICAgICAgICAgICAgICA8ZGl2IGNsYXNzPSJhZ2lsZS1tb2RhbC1oZWFkZXIiPgogICAgICAgICAgICAgICAgICAgICAgICAgICAgICAgIDxidXR0b24gdHlwZT0iYnV0dG9uIiBjbGFzcz0iY2xvc2UiPjxzcGFuIGFyaWEtaGlkZGVuPSJ0cnVlIj7Dlzwvc3Bhbj48L2J1dHRvbj4KICAgICAgICAgICAgICAgICAgICAgICAgICAgICAgICA8aDQ+RGlyZWN0aW9uIGR1IG1hZ2FzaW48L2g0PgogICAgICAgICAgICAgICAgICAgICAgICAgICAgPC9kaXY+CiAgICAgICAgICAgICAgICAgICAgICAgICAgICA8ZGl2IGNsYXNzPSJyZW5kZXJlZC1kaXJlY3Rpb25zIiBpZD0iYXNsLXJlbmRlcmVkLWRpciIgc3R5bGU9ImRpcmVjdGlvbjogbHRyOyI+PC9kaXY+CiAgICAgICAgICAgICAgICAgICAgICAgIDwvZGl2PgogICAgICAgICAgICAgICAgICAgIDwvZGl2PgogICAgICAgICAgICAgICAgICAgIDxkaXYgY2xhc3M9InBvbC1tZC03IHBvbC1sZy04IGFzbC1tYXAiPgogICAgICAgICAgICAgICAgICAgICAgICA8ZGl2IGNsYXNzPSJtYXAtaW1hZ2UiPgogICAgICAgICAgICAgICAgICAgICAgICAgICAgPGRpdiBpZD0iYXNsLW1hcC1jYW52IiBjbGFzcz0iYXNsLW1hcC1jYW52Ij48L2Rpdj4KICAgICAgICAgICAgICAgICAgICAgICAgICAgIDxkaXYgaWQ9ImFnaWxlLW1vZGFsLWRpcmVjdGlvbiIgY2xhc3M9ImFnaWxlLW1vZGFsIGZhZGUiPgogICAgPGRpdiBjbGFzcz0iYWdpbGUtbW9kYWwtYmFja2Ryb3AtaW4iPjwvZGl2PgogICAgPGRpdiBjbGFzcz0iYWdpbGUtbW9kYWwtZGlhbG9nIGluIj4KICAgICAgICA8ZGl2IGNsYXNzPSJhZ2lsZS1tb2RhbC1jb250ZW50Ij4KICAgICAgICAgICAgPGRpdiBjbGFzcz0ic2wtZm9ybS1ncm91cCBkLWZsZXgganVzdGlmeS1jb250ZW50LWJldHdlZW4iPgogICAgICAgICAgICAgICAgPGg0ID5HRVQgRElSRUNUSU9OUzwvaDQ+CiAgICAgICAgICAgICAgICA8YnV0dG9uIHR5cGU9ImJ1dHRvbiIgY2xhc3M9ImNsb3NlLWRpcmVjdGlvbnMgc2wtY2xvc2UiIGRhdGEtZGlzbWlzcz0iYWdpbGUtbW9kYWwiIGFyaWEtbGFiZWw9IkNsb3NlIj4mdGltZXM7PC9idXR0b24+CiAgICAgICAgICAgIDwvZGl2PgogICAgICAgICAgICA8ZGl2IGNsYXNzPSJzbC1mb3JtLWdyb3VwIj4KICAgICAgICAgICAgICAgIDxsYWJlbCBmb3I9ImZybS1sYmwiPkZyb206PC9sYWJlbD4KICAgICAgICAgICAgICAgIDxpbnB1dCB0eXBlPSJ0ZXh0IiBjbGFzcz0iZm9ybS1jb250cm9sIGZybS1wbGFjZSIgaWQ9ImZybS1sYmwiIHBsYWNlaG9sZGVyPSJFbnRyZXogdW4gZW1wbGFjZW1lbnQiPgogICAgICAgICAgICA8L2Rpdj4KICAgICAgICAgICAgPGRpdiBjbGFzcz0ic2wtZm9ybS1ncm91cCI+CiAgICAgICAgICAgICAgICA8bGFiZWwgZm9yPSJ0by1sYmwiPlRvOjwvbGFiZWw+CiAgICAgICAgICAgICAgICA8aW5wdXQgcmVhZG9ubHk9InRydWUiIHR5cGU9InRleHQiICBjbGFzcz0iZGlyZWN0aW9ucy10byBmb3JtLWNvbnRyb2wiIGlkPSJ0by1sYmwiIHBsYWNlaG9sZGVyPSJQcmVwb3B1bGF0ZWQgRGVzdGluYXRpb24gQWRkcmVzcyI+CiAgICAgICAgICAgIDwvZGl2PgogICAgICAgICAgICA8ZGl2IGNsYXNzPSJzbC1mb3JtLWdyb3VwIG1iLTAiPgogICAgICAgICAgICAgICAgPGxhYmVsIGZvcj0icmJ0bi1rbSIgY2xhc3M9ImNoZWNrYm94LWlubGluZSI+CiAgICAgICAgICAgICAgICAgICAgPGlucHV0IHR5cGU9InJhZGlvIiBuYW1lPSJkaXN0LXR5cGUiICBpZD0icmJ0bi1rbSIgdmFsdWU9IjAiPiBLbSAgICAgICAgICAgICAgICA8L2xhYmVsPgogICAgICAgICAgICAgICAgPGxhYmVsIGZvcj0icmJ0bi1taWxlIiBjbGFzcz0iY2hlY2tib3gtaW5saW5lIj4KICAgICAgICAgICAgICAgICAgICA8aW5wdXQgdHlwZT0icmFkaW8iIG5hbWU9ImRpc3QtdHlwZSIgY2hlY2tlZCBpZD0icmJ0bi1taWxlIiB2YWx1ZT0iMSI+IE1pbGVzICAgICAgICAgICAgICAgIDwvbGFiZWw+CiAgICAgICAgICAgIDwvZGl2PgogICAgICAgICAgICA8ZGl2IGNsYXNzPSJzbC1mb3JtLWdyb3VwIG1iLTAiPgogICAgICAgICAgICAgICAgPGJ1dHRvbiB0eXBlPSJzdWJtaXQiIGNsYXNzPSJidG4gYnRuLWRlZmF1bHQgYnRuLXN1Ym1pdCI+R0VUIERJUkVDVElPTlM8L2J1dHRvbj4KICAgICAgICAgICAgPC9kaXY+CiAgICAgICAgPC9kaXY+CiAgICA8L2Rpdj4KPC9kaXY+Cgo8ZGl2IGlkPSJhc2wtZ2VvbG9jYXRpb24tYWdpbGUtbW9kYWwiIGNsYXNzPSJhZ2lsZS1tb2RhbCBmYWRlIj4KICA8ZGl2IGNsYXNzPSJhZ2lsZS1tb2RhbC1iYWNrZHJvcC1pbiI+PC9kaXY+CiAgPGRpdiBjbGFzcz0iYWdpbGUtbW9kYWwtZGlhbG9nIGluIj4KICAgIDxkaXYgY2xhc3M9ImFnaWxlLW1vZGFsLWNvbnRlbnQiPgogICAgICAgICAgICA8ZGl2IGNsYXNzPSJzbC1mb3JtLWdyb3VwIGQtZmxleCBqdXN0aWZ5LWNvbnRlbnQtYmV0d2VlbiI+CiAgICAgICAgPGg1PlV0aWxpc2VyIG1hIHBvc2l0aW9uIHBvdXIgdHJvdXZlciBsZSBwYXJ0ZW5haXJlIFNFQ1VNQVIgbGUgcGx1cyBwcm9jaGU8L2g1PgogICAgICAgIDxidXR0b24gdHlwZT0iYnV0dG9uIiBjbGFzcz0iY2xvc2UtZGlyZWN0aW9ucyBzbC1jbG9zZSIgZGF0YS1kaXNtaXNzPSJhZ2lsZS1tb2RhbCIgYXJpYS1sYWJlbD0iQ2xvc2UiIGFyaWEtaGlkZGVuPSJ0cnVlIj4mdGltZXM7PC9idXR0b24+CiAgICAgIDwvZGl2PgogICAgICA8ZGl2IGNsYXNzPSJzbC1mb3JtLWdyb3VwIHRleHQtY2VudGVyIG1iLTAiPgogICAgICAgIDxidXR0b24gdHlwZT0iYnV0dG9uIiBpZD0iYXNsLWJ0bi1nZW9sb2NhdGlvbiIgY2xhc3M9ImJ0biBidG4tYmxvY2sgYnRuLWRlZmF1bHQiPlV0aWxpc2VyIG1hIHBvc2l0aW9uPC9idXR0b24+CiAgICAgIDwvZGl2PgogICAgICAgICAgPC9kaXY+CiAgPC9kaXY+CjwvZGl2PgoKPGRpdiBpZD0iYXNsLWRlc2MtYWdpbGUtbW9kYWwiIGNsYXNzPSJhZ2lsZS1tb2RhbCBmYWRlIj4KICA8ZGl2IGNsYXNzPSJhZ2lsZS1tb2RhbC1iYWNrZHJvcC1pbiI+PC9kaXY+CiAgPGRpdiBjbGFzcz0iYWdpbGUtbW9kYWwtZGlhbG9nIGluIj4KICAgIDxkaXYgY2xhc3M9ImFnaWxlLW1vZGFsLWNvbnRlbnQiPgogICAgICA8ZGl2IGNsYXNzPSJzbC1yb3ciPgogICAgICAgIDxkaXYgY2xhc3M9InBvbC1tZC0xMiI+CiAgICAgICAgICA8ZGl2IGNsYXNzPSJzbC1mb3JtLWdyb3VwIGQtZmxleCBqdXN0aWZ5LWNvbnRlbnQtYmV0d2VlbiI+CiAgICAgICAgICAgIDxoNCBjbGFzcz0ic2wtdGl0bGUiPkRlc2NyaXB0aW9uPC9oND4KICAgICAgICAgICAgPGJ1dHRvbiB0eXBlPSJidXR0b24iIGNsYXNzPSJjbG9zZS1kaXJlY3Rpb25zIHNsLWNsb3NlIiBkYXRhLWRpc21pc3M9ImFnaWxlLW1vZGFsIiBhcmlhLWxhYmVsPSJDbG9zZSI+JnRpbWVzOzwvYnV0dG9uPgogICAgICAgICAgPC9kaXY+CiAgICAgICAgICA8ZGl2IGNsYXNzPSJzbC1kZXNjIj48L2Rpdj4KICAgICAgICA8L2Rpdj4KICAgICAgPC9kaXY+CiAgICA8L2Rpdj4KICA8L2Rpdj4KPC9kaXY+ICAgICAgICAgICAgICAgICAgICAgICAgPC9kaXY+CiAgICAgICAgICAgICAgICAgICAgPC9kaXY+CiAgICAgICAgICAgICAgICA8L2Rpdj4KICAgICAgICAgICAgPC9kaXY+CiAgICAgICAgPC9kaXY+CiAgICAgIDwvZGl2PgogICAgPC9kaXY+CiAgICAgIDwvZGl2Pgo8L2Rpdj4KPCEtLSBUaGlzIHBsdWdpbiBpcyBkZXZlbG9wZWQgYnkgIkFnaWxlIFN0b3JlIExvY2F0b3IgZm9yIFdvcmRQcmVzcyIgaHR0cHM6Ly9hZ2lsZXN0b3JlbG9jYXRvci5jb20gLS0+CjxzY3JpcHQgdHlwZT0idGV4dC9qYXZhc2NyaXB0Ij4KZnVuY3Rpb24gYXNsX2V2ZW50X2hvb2soX2V2ZW50KSB7CiAgIAogIGlmKF9ldmVudC50eXBlID09ICdpbml0JykgewogICAgCiAgICAvLyAgWW91IGNhbiByZXBsYWNlIG15LWN1c3RvbS1idXR0b24tY2xhc3Mgd2l0aCB5b3VyIG93biBjbGFzcyBmb3IgdGhlIGJ1dHRvbgogICAgalF1ZXJ5KCcubXktY3VzdG9tLWJ1dHRvbi1jbGFzcycpLmJpbmQoJ2NsaWNrJywgZnVuY3Rpb24oZSkgewoKICAgICAgLy8gIGluaXRpYXRlIGdlb2xvY2F0aW9uCiAgICAgIGFzbF92aWV3Lmdlb2xvY2F0ZV8oKTsKCiAgICB9KTsKICB9Cn0KPC9zY3JpcHQ+PGJyIC8+Cg==\"><div class=\"_brlbs-content-blocker\"> <div class=\"_brlbs-embed _brlbs-store-locator\"> <p class=\"_brlbs-thumbnail\"> <img decoding=\"async\" src=\"https:\/\/secumar.com\/wp-content\/plugins\/agile-store-locator\/public\/images\/google-maps.png\" alt=\"Agile Store Locator WordPress\"> <\/p> <div class=\"_brlbs-caption\"> <p>La carte est int\u00e9gr\u00e9e via Google Maps. La <a href=\"https:\/\/policies.google.com\/privacy?hl=de\" target=\"_blank\">politique de confidentialit\u00e9 de Google Maps<\/a> s&#x27;applique.<\/p> <p><a class=\"_brlbs-btn\" data-borlabs-cookie-unblock role=\"button\">Charger la carte interactive<\/a><\/p> <\/div> <\/div> <\/div><\/div><p class=\" eplus-wrapper\"><\/p>","protected":false},"excerpt":{"rendered":"","protected":false},"author":213,"featured_media":0,"parent":0,"menu_order":0,"comment_status":"closed","ping_status":"closed","template":"","meta":{"_acf_changed":false,"_searchwp_excluded":"","editor_plus_copied_stylings":"{}","footnotes":"","_links_to":"","_links_to_target":""},"class_list":["post-18258","page","type-page","status-publish","hentry"],"acf":[],"yoast_head":"<!-- This site is optimized with the Yoast SEO plugin v24.6 - https:\/\/yoast.com\/wordpress\/plugins\/seo\/ -->\n<title>Points de vente et stations de r\u00e9vision agr\u00e9\u00e9es - SECUMAR<\/title>\n<meta name=\"robots\" content=\"index, follow, max-snippet:-1, max-image-preview:large, max-video-preview:-1\" \/>\n<link rel=\"canonical\" href=\"https:\/\/www.secumar.com\/fr\/points-de-vente-et-stations-de-revision-agreees\/\" \/>\n<meta property=\"og:locale\" content=\"fr_FR\" \/>\n<meta property=\"og:type\" content=\"article\" \/>\n<meta property=\"og:title\" content=\"Points de vente et stations de r\u00e9vision agr\u00e9\u00e9es - SECUMAR\" \/>\n<meta property=\"og:url\" content=\"https:\/\/www.secumar.com\/fr\/points-de-vente-et-stations-de-revision-agreees\/\" \/>\n<meta property=\"og:site_name\" content=\"SECUMAR\" \/>\n<meta property=\"article:publisher\" content=\"https:\/\/www.facebook.com\/Secumar\/\" \/>\n<meta property=\"article:modified_time\" content=\"2026-04-20T18:59:24+00:00\" \/>\n<meta property=\"og:image\" content=\"https:\/\/www.secumar.com\/wp-content\/uploads\/2016\/09\/S-Logo_150px.jpg\" \/>\n\t<meta property=\"og:image:width\" content=\"150\" \/>\n\t<meta property=\"og:image:height\" content=\"150\" \/>\n\t<meta property=\"og:image:type\" content=\"image\/jpeg\" \/>\n<meta name=\"twitter:card\" content=\"summary_large_image\" \/>\n<meta name=\"twitter:label1\" content=\"Dur\u00e9e de lecture estim\u00e9e\" \/>\n\t<meta name=\"twitter:data1\" content=\"1 minute\" \/>\n<script type=\"application\/ld+json\" class=\"yoast-schema-graph\">{\"@context\":\"https:\/\/schema.org\",\"@graph\":[{\"@type\":\"WebPage\",\"@id\":\"https:\/\/www.secumar.com\/fr\/points-de-vente-et-stations-de-revision-agreees\/\",\"url\":\"https:\/\/www.secumar.com\/fr\/points-de-vente-et-stations-de-revision-agreees\/\",\"name\":\"Points de vente et stations de r\u00e9vision agr\u00e9\u00e9es - SECUMAR\",\"isPartOf\":{\"@id\":\"https:\/\/www.secumar.com\/#website\"},\"datePublished\":\"2015-12-09T15:02:43+00:00\",\"dateModified\":\"2026-04-20T18:59:24+00:00\",\"breadcrumb\":{\"@id\":\"https:\/\/www.secumar.com\/fr\/points-de-vente-et-stations-de-revision-agreees\/#breadcrumb\"},\"inLanguage\":\"fr-FR\",\"potentialAction\":[{\"@type\":\"ReadAction\",\"target\":[\"https:\/\/www.secumar.com\/fr\/points-de-vente-et-stations-de-revision-agreees\/\"]}]},{\"@type\":\"BreadcrumbList\",\"@id\":\"https:\/\/www.secumar.com\/fr\/points-de-vente-et-stations-de-revision-agreees\/#breadcrumb\",\"itemListElement\":[{\"@type\":\"ListItem\",\"position\":1,\"name\":\"Startseite\",\"item\":\"https:\/\/www.secumar.com\/fr\/\"},{\"@type\":\"ListItem\",\"position\":2,\"name\":\"Points de vente et stations de r\u00e9vision agr\u00e9\u00e9es\"}]},{\"@type\":\"WebSite\",\"@id\":\"https:\/\/www.secumar.com\/#website\",\"url\":\"https:\/\/www.secumar.com\/\",\"name\":\"SECUMAR\",\"description\":\"Gilets de sauvetage\",\"publisher\":{\"@id\":\"https:\/\/www.secumar.com\/#organization\"},\"potentialAction\":[{\"@type\":\"SearchAction\",\"target\":{\"@type\":\"EntryPoint\",\"urlTemplate\":\"https:\/\/www.secumar.com\/?s={search_term_string}\"},\"query-input\":{\"@type\":\"PropertyValueSpecification\",\"valueRequired\":true,\"valueName\":\"search_term_string\"}}],\"inLanguage\":\"fr-FR\"},{\"@type\":\"Organization\",\"@id\":\"https:\/\/www.secumar.com\/#organization\",\"name\":\"Bernhardt Apparatebau GmbH u. Co.\",\"url\":\"https:\/\/www.secumar.com\/\",\"logo\":{\"@type\":\"ImageObject\",\"inLanguage\":\"fr-FR\",\"@id\":\"https:\/\/www.secumar.com\/#\/schema\/logo\/image\/\",\"url\":\"https:\/\/www.secumar.com\/wp-content\/uploads\/2016\/09\/S-Logo_150px-3.jpg\",\"contentUrl\":\"https:\/\/www.secumar.com\/wp-content\/uploads\/2016\/09\/S-Logo_150px-3.jpg\",\"width\":150,\"height\":150,\"caption\":\"Bernhardt Apparatebau GmbH u. Co.\"},\"image\":{\"@id\":\"https:\/\/www.secumar.com\/#\/schema\/logo\/image\/\"},\"sameAs\":[\"https:\/\/www.facebook.com\/Secumar\/\",\"https:\/\/www.instagram.com\/secumar\/\",\"https:\/\/www.linkedin.com\/company-beta\/8684519\/\",\"https:\/\/www.youtube.com\/user\/BernhardtApparatebau\",\"https:\/\/de.wikipedia.org\/wiki\/Secumar\"]}]}<\/script>\n<!-- \/ Yoast SEO plugin. -->","yoast_head_json":{"title":"Points de vente et stations de r\u00e9vision agr\u00e9\u00e9es - SECUMAR","robots":{"index":"index","follow":"follow","max-snippet":"max-snippet:-1","max-image-preview":"max-image-preview:large","max-video-preview":"max-video-preview:-1"},"canonical":"https:\/\/www.secumar.com\/fr\/points-de-vente-et-stations-de-revision-agreees\/","og_locale":"fr_FR","og_type":"article","og_title":"Points de vente et stations de r\u00e9vision agr\u00e9\u00e9es - SECUMAR","og_url":"https:\/\/www.secumar.com\/fr\/points-de-vente-et-stations-de-revision-agreees\/","og_site_name":"SECUMAR","article_publisher":"https:\/\/www.facebook.com\/Secumar\/","article_modified_time":"2026-04-20T18:59:24+00:00","og_image":[{"width":150,"height":150,"url":"https:\/\/www.secumar.com\/wp-content\/uploads\/2016\/09\/S-Logo_150px.jpg","type":"image\/jpeg"}],"twitter_card":"summary_large_image","twitter_misc":{"Dur\u00e9e de lecture estim\u00e9e":"1 minute"},"schema":{"@context":"https:\/\/schema.org","@graph":[{"@type":"WebPage","@id":"https:\/\/www.secumar.com\/fr\/points-de-vente-et-stations-de-revision-agreees\/","url":"https:\/\/www.secumar.com\/fr\/points-de-vente-et-stations-de-revision-agreees\/","name":"Points de vente et stations de r\u00e9vision agr\u00e9\u00e9es - SECUMAR","isPartOf":{"@id":"https:\/\/www.secumar.com\/#website"},"datePublished":"2015-12-09T15:02:43+00:00","dateModified":"2026-04-20T18:59:24+00:00","breadcrumb":{"@id":"https:\/\/www.secumar.com\/fr\/points-de-vente-et-stations-de-revision-agreees\/#breadcrumb"},"inLanguage":"fr-FR","potentialAction":[{"@type":"ReadAction","target":["https:\/\/www.secumar.com\/fr\/points-de-vente-et-stations-de-revision-agreees\/"]}]},{"@type":"BreadcrumbList","@id":"https:\/\/www.secumar.com\/fr\/points-de-vente-et-stations-de-revision-agreees\/#breadcrumb","itemListElement":[{"@type":"ListItem","position":1,"name":"Startseite","item":"https:\/\/www.secumar.com\/fr\/"},{"@type":"ListItem","position":2,"name":"Points de vente et stations de r\u00e9vision agr\u00e9\u00e9es"}]},{"@type":"WebSite","@id":"https:\/\/www.secumar.com\/#website","url":"https:\/\/www.secumar.com\/","name":"SECUMAR","description":"Gilets de sauvetage","publisher":{"@id":"https:\/\/www.secumar.com\/#organization"},"potentialAction":[{"@type":"SearchAction","target":{"@type":"EntryPoint","urlTemplate":"https:\/\/www.secumar.com\/?s={search_term_string}"},"query-input":{"@type":"PropertyValueSpecification","valueRequired":true,"valueName":"search_term_string"}}],"inLanguage":"fr-FR"},{"@type":"Organization","@id":"https:\/\/www.secumar.com\/#organization","name":"Bernhardt Apparatebau GmbH u. Co.","url":"https:\/\/www.secumar.com\/","logo":{"@type":"ImageObject","inLanguage":"fr-FR","@id":"https:\/\/www.secumar.com\/#\/schema\/logo\/image\/","url":"https:\/\/www.secumar.com\/wp-content\/uploads\/2016\/09\/S-Logo_150px-3.jpg","contentUrl":"https:\/\/www.secumar.com\/wp-content\/uploads\/2016\/09\/S-Logo_150px-3.jpg","width":150,"height":150,"caption":"Bernhardt Apparatebau GmbH u. Co."},"image":{"@id":"https:\/\/www.secumar.com\/#\/schema\/logo\/image\/"},"sameAs":["https:\/\/www.facebook.com\/Secumar\/","https:\/\/www.instagram.com\/secumar\/","https:\/\/www.linkedin.com\/company-beta\/8684519\/","https:\/\/www.youtube.com\/user\/BernhardtApparatebau","https:\/\/de.wikipedia.org\/wiki\/Secumar"]}]}},"_links":{"self":[{"href":"https:\/\/www.secumar.com\/fr\/wp-json\/wp\/v2\/pages\/18258","targetHints":{"allow":["GET"]}}],"collection":[{"href":"https:\/\/www.secumar.com\/fr\/wp-json\/wp\/v2\/pages"}],"about":[{"href":"https:\/\/www.secumar.com\/fr\/wp-json\/wp\/v2\/types\/page"}],"author":[{"embeddable":true,"href":"https:\/\/www.secumar.com\/fr\/wp-json\/wp\/v2\/users\/213"}],"replies":[{"embeddable":true,"href":"https:\/\/www.secumar.com\/fr\/wp-json\/wp\/v2\/comments?post=18258"}],"version-history":[{"count":9,"href":"https:\/\/www.secumar.com\/fr\/wp-json\/wp\/v2\/pages\/18258\/revisions"}],"predecessor-version":[{"id":60471,"href":"https:\/\/www.secumar.com\/fr\/wp-json\/wp\/v2\/pages\/18258\/revisions\/60471"}],"wp:attachment":[{"href":"https:\/\/www.secumar.com\/fr\/wp-json\/wp\/v2\/media?parent=18258"}],"curies":[{"name":"wp","href":"https:\/\/api.w.org\/{rel}","templated":true}]}}